{"id":9467,"date":"2025-03-20T22:15:22","date_gmt":"2025-03-20T18:15:22","guid":{"rendered":"https:\/\/axtarstore.com\/?post_type=product&#038;p=9467"},"modified":"2026-02-19T22:30:58","modified_gmt":"2026-02-19T18:30:58","slug":"frizz-control-sac-serumu-trichup-hair-serum","status":"publish","type":"product","link":"https:\/\/axtarstore.com\/ru\/product\/frizz-control-sac-serumu-trichup-hair-serum\/","title":{"rendered":"Sa\u00e7 Serumu Trichup Hair Serum- Frizz control"},"content":{"rendered":"<p><strong>Trichup Hair Serum Frizz Control<\/strong><\/p>\n<h2 data-section-id=\"6xzsz2\" data-start=\"872\" data-end=\"882\">Problem<\/h2>\n<p data-start=\"884\" data-end=\"1103\">Elektrikl\u0259nm\u0259 v\u0259 frizz problemi x\u00fcsusil\u0259 quru, z\u0259d\u0259l\u0259nmi\u015f v\u0259 ya kimy\u0259vi prosedur g\u00f6rm\u00fc\u015f sa\u00e7larda daha \u00e7ox m\u00fc\u015fahid\u0259 olunur. R\u00fctub\u0259tli hava, istilik al\u0259tl\u0259ri v\u0259 yanl\u0131\u015f qulluq m\u0259hsullar\u0131 sa\u00e7\u0131n n\u0259mini itirm\u0259sin\u0259 s\u0259b\u0259b olur.<\/p>\n<p data-start=\"1105\" data-end=\"1114\">N\u0259tic\u0259d\u0259:<\/p>\n<ul data-start=\"1116\" data-end=\"1249\">\n<li data-section-id=\"1rabsey\" data-start=\"1116\" data-end=\"1154\">\n<p data-start=\"1118\" data-end=\"1154\">Sa\u00e7lar qabar\u0131q v\u0259 nizams\u0131z g\u00f6r\u00fcn\u00fcr<\/p>\n<\/li>\n<li data-section-id=\"1pu7x8g\" data-start=\"1155\" data-end=\"1178\">\n<p data-start=\"1157\" data-end=\"1178\">Elektrikl\u0259nm\u0259 art\u0131r<\/p>\n<\/li>\n<li data-section-id=\"2npem3\" data-start=\"1179\" data-end=\"1201\">\n<p data-start=\"1181\" data-end=\"1201\">Dola\u015f\u0131ql\u0131q yaran\u0131r<\/p>\n<\/li>\n<li data-section-id=\"13ahru6\" data-start=\"1202\" data-end=\"1222\">\n<p data-start=\"1204\" data-end=\"1222\">Parlaql\u0131q azal\u0131r<\/p>\n<\/li>\n<li data-section-id=\"32xste\" data-start=\"1223\" data-end=\"1249\">\n<p data-start=\"1225\" data-end=\"1249\">Sa\u00e7 d\u00fcz\u00fcm\u00fc tez pozulur<\/p>\n<\/li>\n<\/ul>\n<p data-start=\"1251\" data-end=\"1431\">Frizz control sa\u00e7 serumu istifad\u0259 etm\u0259d\u0259n bu problemi tam n\u0259zar\u0259td\u0259 saxlamaq \u00e7\u0259tin olur. X\u00fcsusil\u0259 hamar v\u0259 s\u0259liq\u0259li sa\u00e7 g\u00f6r\u00fcn\u00fc\u015f\u00fc ist\u0259y\u0259nl\u0259r \u00fc\u00e7\u00fcn m\u0259qs\u0259dy\u00f6nl\u00fc m\u0259hsul se\u00e7imi vacibdir.<\/p>\n<h2 data-section-id=\"1xwjg8k\" data-start=\"1433\" data-end=\"1440\">H\u0259ll<\/h2>\n<p data-start=\"1442\" data-end=\"1624\">Trichup Hair Serum Frizz Control y\u00fcng\u00fcl tekstural\u0131 v\u0259 effektiv formulaya malikdir. M\u0259hsul sa\u00e7 telinin \u00fcz\u0259rind\u0259 nazik qoruyucu qat yaradaraq n\u0259m itkisinin qar\u015f\u0131s\u0131n\u0131 alma\u011fa k\u00f6m\u0259k edir.<\/p>\n<p data-start=\"1626\" data-end=\"1643\">\u018fsas \u00fcst\u00fcnl\u00fckl\u0259r:<\/p>\n<ul data-start=\"1645\" data-end=\"1806\">\n<li data-section-id=\"o37oq1\" data-start=\"1645\" data-end=\"1690\">\n<p data-start=\"1647\" data-end=\"1690\">Frizz v\u0259 elektrikl\u0259nm\u0259ni azaltma\u011fa d\u0259st\u0259k<\/p>\n<\/li>\n<li data-section-id=\"1ehwljf\" data-start=\"1691\" data-end=\"1720\">\n<p data-start=\"1693\" data-end=\"1720\">Sa\u00e7 s\u0259thini hamarla\u015fd\u0131rma<\/p>\n<\/li>\n<li data-section-id=\"6yo4py\" data-start=\"1721\" data-end=\"1750\">\n<p data-start=\"1723\" data-end=\"1750\">Q\u0131r\u0131lman\u0131 azaltma\u011fa k\u00f6m\u0259k<\/p>\n<\/li>\n<li data-section-id=\"m0hyss\" data-start=\"1751\" data-end=\"1773\">\n<p data-start=\"1753\" data-end=\"1773\">Parlaql\u0131\u011f\u0131 art\u0131rma<\/p>\n<\/li>\n<li data-section-id=\"18an72t\" data-start=\"1774\" data-end=\"1806\">\n<p data-start=\"1776\" data-end=\"1806\">Dola\u015f\u0131ql\u0131\u011f\u0131 minimuma endirm\u0259<\/p>\n<\/li>\n<\/ul>\n<p data-start=\"1808\" data-end=\"1945\">Frizz control sa\u00e7 serumu sa\u00e7\u0131n t\u0259bii strukturunu a\u011f\u0131rla\u015fd\u0131rmadan n\u0259zar\u0259td\u0259 saxlay\u0131r. Sa\u00e7 daha ip\u0259kvari hiss olunur v\u0259 daha rahat daran\u0131r.<\/p>\n<p data-start=\"1947\" data-end=\"1987\">X\u00fcsusil\u0259 a\u015fa\u011f\u0131dak\u0131 hallar \u00fc\u00e7\u00fcn uy\u011fundur:<\/p>\n<ul data-start=\"1989\" data-end=\"2151\">\n<li data-section-id=\"84yx7p\" data-start=\"1989\" data-end=\"2014\">\n<p data-start=\"1991\" data-end=\"2014\">Quru v\u0259 k\u00f6vr\u0259k sa\u00e7lar<\/p>\n<\/li>\n<li data-section-id=\"12a7f0d\" data-start=\"2015\" data-end=\"2064\">\n<p data-start=\"2017\" data-end=\"2064\">Kimy\u0259vi prosedurlardan sonra z\u0259ifl\u0259mi\u015f sa\u00e7lar<\/p>\n<\/li>\n<li data-section-id=\"11yi2yb\" data-start=\"2065\" data-end=\"2106\">\n<p data-start=\"2067\" data-end=\"2106\">R\u00fctub\u0259tli havada elektrikl\u0259n\u0259n sa\u00e7lar<\/p>\n<\/li>\n<li data-section-id=\"1nuytzm\" data-start=\"2107\" data-end=\"2151\">\n<p data-start=\"2109\" data-end=\"2151\">D\u00fcz\u00fcm\u00fcn uzun m\u00fcdd\u0259t qalmas\u0131n\u0131 ist\u0259y\u0259nl\u0259r<\/p>\n<\/li>\n<\/ul>\n<p data-start=\"2153\" data-end=\"2259\">Serum h\u0259m n\u0259m, h\u0259m d\u0259 quru sa\u00e7da istifad\u0259 oluna bil\u0259r v\u0259 g\u00fcnd\u0259lik sa\u00e7 bax\u0131m rutinin\u0259 uy\u011funla\u015fd\u0131r\u0131la bil\u0259r.<\/p>\n<h2 data-section-id=\"1bfdbjp\" data-start=\"2261\" data-end=\"2270\">N\u0259tic\u0259<\/h2>\n<p data-start=\"2272\" data-end=\"2326\">Trichup Hair Serum Frizz Control istifad\u0259sind\u0259n sonra:<\/p>\n<ul data-start=\"2328\" data-end=\"2472\">\n<li data-section-id=\"1sjkmmx\" data-start=\"2328\" data-end=\"2354\">\n<p data-start=\"2330\" data-end=\"2354\">Sa\u00e7 daha hamar g\u00f6r\u00fcn\u00fcr<\/p>\n<\/li>\n<li data-section-id=\"ntc301\" data-start=\"2355\" data-end=\"2379\">\n<p data-start=\"2357\" data-end=\"2379\">Elektrikl\u0259nm\u0259 azal\u0131r<\/p>\n<\/li>\n<li data-section-id=\"17h1sqn\" data-start=\"2380\" data-end=\"2399\">\n<p data-start=\"2382\" data-end=\"2399\">Parlaql\u0131q art\u0131r<\/p>\n<\/li>\n<li data-section-id=\"o8iulm\" data-start=\"2400\" data-end=\"2429\">\n<p data-start=\"2402\" data-end=\"2429\">D\u00fcz\u00fcm daha s\u0259liq\u0259li qal\u0131r<\/p>\n<\/li>\n<li data-section-id=\"pq7jp0\" data-start=\"2430\" data-end=\"2472\">\n<p data-start=\"2432\" data-end=\"2472\">Sa\u00e7 daha bax\u0131ml\u0131 v\u0259 yum\u015faq hiss olunur<\/p>\n<\/li>\n<\/ul>\n<p data-start=\"2474\" data-end=\"2580\">M\u00fcnt\u0259z\u0259m istifad\u0259 sa\u00e7\u0131n \u00fcmumi g\u00f6r\u00fcn\u00fc\u015f\u00fcn\u00fc yax\u015f\u0131la\u015fd\u0131r\u0131r v\u0259 frizz problemini n\u0259zar\u0259td\u0259 saxlama\u011fa k\u00f6m\u0259k edir.<\/p>\n<hr data-start=\"2582\" data-end=\"2585\" \/>\n<h1 data-section-id=\"i6u0mb\" data-start=\"2587\" data-end=\"2615\">Niy\u0259 bu m\u0259hsulu almal\u0131yam?<\/h1>\n<ul data-start=\"2617\" data-end=\"2868\">\n<li data-section-id=\"18het54\" data-start=\"2617\" data-end=\"2665\">\n<p data-start=\"2619\" data-end=\"2665\">Frizz control sa\u00e7 serumu kimi h\u0259d\u0259fli formul<\/p>\n<\/li>\n<li data-section-id=\"r6haff\" data-start=\"2666\" data-end=\"2706\">\n<p data-start=\"2668\" data-end=\"2706\">Elektrikl\u0259nm\u0259ni azaltma\u011fa k\u00f6m\u0259k edir<\/p>\n<\/li>\n<li data-section-id=\"132775u\" data-start=\"2707\" data-end=\"2745\">\n<p data-start=\"2709\" data-end=\"2745\">Sa\u00e7\u0131 a\u011f\u0131rla\u015fd\u0131rmadan hamarla\u015fd\u0131r\u0131r<\/p>\n<\/li>\n<li data-section-id=\"1wprm25\" data-start=\"2746\" data-end=\"2787\">\n<p data-start=\"2748\" data-end=\"2787\">Parlaql\u0131q v\u0259 ip\u0259kvari g\u00f6r\u00fcn\u00fc\u015f yarad\u0131r<\/p>\n<\/li>\n<li data-section-id=\"1diq1a0\" data-start=\"2788\" data-end=\"2820\">\n<p data-start=\"2790\" data-end=\"2820\">G\u00fcnd\u0259lik istifad\u0259y\u0259 uy\u011fundur<\/p>\n<\/li>\n<li data-section-id=\"169zhrm\" data-start=\"2821\" data-end=\"2868\">\n<p data-start=\"2823\" data-end=\"2868\">Professional sa\u00e7 bax\u0131m\u0131 \u00fc\u00e7\u00fcn balansl\u0131 se\u00e7im<\/p>\n<\/li>\n<\/ul>\n<p data-start=\"2870\" data-end=\"3004\">\u018fg\u0259r sa\u00e7lar\u0131n\u0131z tez elektrikl\u0259nir v\u0259 nizams\u0131z g\u00f6r\u00fcn\u00fcrs\u0259, bu m\u0259hsul daha hamar v\u0259 s\u0259liq\u0259li sa\u00e7 g\u00f6r\u00fcn\u00fc\u015f\u00fc \u00fc\u00e7\u00fcn effektiv h\u0259ll t\u0259qdim edir.<\/p>\n<hr data-start=\"3006\" data-end=\"3009\" \/>\n<h1 data-section-id=\"8rcmto\" data-start=\"3011\" data-end=\"3029\">\u0130stifad\u0259 qaydas\u0131<\/h1>\n<ol data-start=\"3031\" data-end=\"3169\">\n<li data-section-id=\"1xop9z6\" data-start=\"3031\" data-end=\"3073\">\n<p data-start=\"3034\" data-end=\"3073\">Az miqdarda serumu ovucunuza g\u00f6t\u00fcr\u00fcn.<\/p>\n<\/li>\n<li data-section-id=\"1qe6yrv\" data-start=\"3074\" data-end=\"3126\">\n<p data-start=\"3077\" data-end=\"3126\">N\u0259m v\u0259 ya quru sa\u00e7\u0131n uzunluqlar\u0131na t\u0259tbiq edin.<\/p>\n<\/li>\n<li data-section-id=\"cemnp8\" data-start=\"3127\" data-end=\"3154\">\n<p data-start=\"3130\" data-end=\"3154\">B\u0259rab\u0259r \u015f\u0259kild\u0259 yay\u0131n.<\/p>\n<\/li>\n<li data-section-id=\"1umjoif\" data-start=\"3155\" data-end=\"3169\">\n<p data-start=\"3158\" data-end=\"3169\">Yuyulmur.<\/p>\n<\/li>\n<\/ol>\n<p data-start=\"3171\" data-end=\"3218\">Art\u0131q miqdarda istifad\u0259 etm\u0259m\u0259k t\u00f6vsiy\u0259 olunur.<\/p>\n<hr data-start=\"3220\" data-end=\"3223\" \/>\n<h1 data-section-id=\"1htqakv\" data-start=\"3225\" data-end=\"3231\">Qeyd<\/h1>\n<ul data-start=\"3233\" data-end=\"3401\">\n<li data-section-id=\"p2wq1c\" data-start=\"3233\" data-end=\"3261\">\n<p data-start=\"3235\" data-end=\"3261\">Xarici istifad\u0259 \u00fc\u00e7\u00fcnd\u00fcr.<\/p>\n<\/li>\n<li data-section-id=\"18go3e\" data-start=\"3262\" data-end=\"3289\">\n<p data-start=\"3264\" data-end=\"3289\">G\u00f6zl\u0259 t\u0259masdan qoruyun.<\/p>\n<\/li>\n<li data-section-id=\"md5ph7\" data-start=\"3290\" data-end=\"3358\">\n<p data-start=\"3292\" data-end=\"3358\">H\u0259ddind\u0259n art\u0131q istifad\u0259 sa\u00e7\u0131n a\u011f\u0131r g\u00f6r\u00fcnm\u0259sin\u0259 s\u0259b\u0259b ola bil\u0259r.<\/p>\n<\/li>\n<li data-section-id=\"2ufj0a\" data-start=\"3359\" data-end=\"3401\">\n<p data-start=\"3361\" data-end=\"3401\">U\u015faqlar\u0131n \u0259li \u00e7atmayan yerd\u0259 saxlay\u0131n.<\/p>\n<\/li>\n<\/ul>","protected":false},"excerpt":{"rendered":"<p>Trichup Hair Serum Frizz Control sa\u00e7larda elektrikl\u0259nm\u0259 v\u0259 qabar\u0131ql\u0131\u011f\u0131 azaltmaq \u00fc\u00e7\u00fcn haz\u0131rlanm\u0131\u015fd\u0131r. Sa\u00e7lar\u0131 hamarla\u015fd\u0131r\u0131r, dola\u015f\u0131ql\u0131\u011f\u0131 aradan qald\u0131rma\u011fa k\u00f6m\u0259k edir v\u0259 daha parlaq, bax\u0131ml\u0131 g\u00f6r\u00fcn\u00fc\u015f yarad\u0131r.<\/p>","protected":false},"featured_media":9468,"comment_status":"open","ping_status":"closed","template":"","meta":[],"pwb-brand":[409],"product_cat":[126,139,135,130],"product_tag":[308],"class_list":{"0":"post-9467","1":"product","2":"type-product","3":"status-publish","4":"has-post-thumbnail","6":"pwb-brand-trichup","7":"product_cat-haircare","8":"product_cat-serum","9":"product_cat-oil","10":"product_cat-salonbaxim","11":"product_tag-haircare","12":"pa_size-60grm","15":"instock","16":"sale","17":"shipping-taxable","18":"purchasable","19":"product-type-simple"},"brands":[{"id":409,"name":"Trichup","slug":"trichup"}],"_links":{"self":[{"href":"https:\/\/axtarstore.com\/ru\/wp-json\/wp\/v2\/product\/9467"}],"collection":[{"href":"https:\/\/axtarstore.com\/ru\/wp-json\/wp\/v2\/product"}],"about":[{"href":"https:\/\/axtarstore.com\/ru\/wp-json\/wp\/v2\/types\/product"}],"replies":[{"embeddable":true,"href":"https:\/\/axtarstore.com\/ru\/wp-json\/wp\/v2\/comments?post=9467"}],"version-history":[{"count":4,"href":"https:\/\/axtarstore.com\/ru\/wp-json\/wp\/v2\/product\/9467\/revisions"}],"predecessor-version":[{"id":11255,"href":"https:\/\/axtarstore.com\/ru\/wp-json\/wp\/v2\/product\/9467\/revisions\/11255"}],"wp:featuredmedia":[{"embeddable":true,"href":"https:\/\/axtarstore.com\/ru\/wp-json\/wp\/v2\/media\/9468"}],"wp:attachment":[{"href":"https:\/\/axtarstore.com\/ru\/wp-json\/wp\/v2\/media?parent=9467"}],"wp:term":[{"taxonomy":"pwb-brand","embeddable":true,"href":"https:\/\/axtarstore.com\/ru\/wp-json\/wp\/v2\/pwb-brand?post=9467"},{"taxonomy":"product_cat","embeddable":true,"href":"https:\/\/axtarstore.com\/ru\/wp-json\/wp\/v2\/product_cat?post=9467"},{"taxonomy":"product_tag","embeddable":true,"href":"https:\/\/axtarstore.com\/ru\/wp-json\/wp\/v2\/product_tag?post=9467"}],"curies":[{"name":"wp","href":"https:\/\/api.w.org\/{rel}","templated":true}]}}