{"id":9463,"date":"2025-03-20T22:10:08","date_gmt":"2025-03-20T18:10:08","guid":{"rendered":"https:\/\/axtarstore.com\/?post_type=product&#038;p=9463"},"modified":"2026-02-19T22:34:00","modified_gmt":"2026-02-19T18:34:00","slug":"sac-tokulmesine-qarsi-sac-maskasi-trichup-hot-oil","status":"publish","type":"product","link":"https:\/\/axtarstore.com\/ru\/product\/sac-tokulmesine-qarsi-sac-maskasi-trichup-hot-oil\/","title":{"rendered":"Sa\u00e7 maskas\u0131 Trichup Hair Fall Control Hot Oil Treatment Hair Mask"},"content":{"rendered":"<p data-start=\"594\" data-end=\"653\"><strong data-start=\"594\" data-end=\"653\">Trichup Hair Fall Control Hot Oil Treatment Sa\u00e7 Maskas\u0131<\/strong><\/p>\n<h2 data-section-id=\"6xzsz2\" data-start=\"964\" data-end=\"974\">Problem<\/h2>\n<p data-start=\"976\" data-end=\"1201\">Sa\u00e7 t\u00f6k\u00fclm\u0259si bir \u00e7ox insan \u00fc\u00e7\u00fcn h\u0259m estetik, h\u0259m d\u0259 psixoloji narahatl\u0131q yarad\u0131r. Stress, hormonal d\u0259yi\u015fiklikl\u0259r, d\u00fczg\u00fcn olmayan qulluq, tez-tez boyama v\u0259 istilik al\u0259tl\u0259rind\u0259n istifad\u0259 sa\u00e7 k\u00f6kl\u0259rinin z\u0259ifl\u0259m\u0259sin\u0259 s\u0259b\u0259b olur.<\/p>\n<p data-start=\"1203\" data-end=\"1212\">N\u0259tic\u0259d\u0259:<\/p>\n<ul data-start=\"1214\" data-end=\"1317\">\n<li data-section-id=\"e18lhq\" data-start=\"1214\" data-end=\"1237\">\n<p data-start=\"1216\" data-end=\"1237\">Sa\u00e7 t\u00f6k\u00fclm\u0259si art\u0131r<\/p>\n<\/li>\n<li data-section-id=\"r9x24b\" data-start=\"1238\" data-end=\"1256\">\n<p data-start=\"1240\" data-end=\"1256\">Sa\u00e7 nazikl\u0259\u015fir<\/p>\n<\/li>\n<li data-section-id=\"1o257s2\" data-start=\"1257\" data-end=\"1272\">\n<p data-start=\"1259\" data-end=\"1272\">H\u0259cm azal\u0131r<\/p>\n<\/li>\n<li data-section-id=\"1abadv9\" data-start=\"1273\" data-end=\"1292\">\n<p data-start=\"1275\" data-end=\"1292\">Q\u0131r\u0131lma \u00e7oxal\u0131r<\/p>\n<\/li>\n<li data-section-id=\"16p4ldf\" data-start=\"1293\" data-end=\"1317\">\n<p data-start=\"1295\" data-end=\"1317\">Ba\u015f d\u0259risi z\u0259ifl\u0259yir<\/p>\n<\/li>\n<\/ul>\n<p data-start=\"1319\" data-end=\"1512\">Yaln\u0131z \u015fampun istifad\u0259si \u00e7ox zaman kifay\u0259t etmir. Sa\u00e7 k\u00f6kl\u0259rinin d\u0259rin qidalanmaya v\u0259 intensiv bax\u0131ma ehtiyac\u0131 olur. Bu m\u0259rh\u0259l\u0259d\u0259 sa\u00e7 t\u00f6k\u00fclm\u0259sin\u0259 qar\u015f\u0131 sa\u00e7 maskas\u0131 istifad\u0259si vacib rol oynay\u0131r.<\/p>\n<h2 data-section-id=\"1xwjg8k\" data-start=\"1514\" data-end=\"1521\">H\u0259ll<\/h2>\n<p data-start=\"1523\" data-end=\"1726\">Trichup Hair Fall Control Hot Oil Treatment sa\u00e7 t\u00f6k\u00fclm\u0259sin\u0259 qar\u015f\u0131 sa\u00e7 maskas\u0131 isti ya\u011f texnologiyas\u0131 \u0259sas\u0131nda haz\u0131rlanm\u0131\u015fd\u0131r. M\u0259hsul ba\u015f d\u0259risini v\u0259 sa\u00e7 k\u00f6kl\u0259rini intensiv \u015f\u0259kild\u0259 qidaland\u0131rma\u011fa y\u00f6n\u0259lib.<\/p>\n<p data-start=\"1728\" data-end=\"1745\">\u018fsas \u00fcst\u00fcnl\u00fckl\u0259r:<\/p>\n<ul data-start=\"1747\" data-end=\"1916\">\n<li data-section-id=\"pt9nia\" data-start=\"1747\" data-end=\"1785\">\n<p data-start=\"1749\" data-end=\"1785\">Sa\u00e7 k\u00f6kl\u0259rini g\u00fccl\u0259ndirm\u0259y\u0259 d\u0259st\u0259k<\/p>\n<\/li>\n<li data-section-id=\"6yo4py\" data-start=\"1786\" data-end=\"1815\">\n<p data-start=\"1788\" data-end=\"1815\">Q\u0131r\u0131lman\u0131 azaltma\u011fa k\u00f6m\u0259k<\/p>\n<\/li>\n<li data-section-id=\"ama2o9\" data-start=\"1816\" data-end=\"1850\">\n<p data-start=\"1818\" data-end=\"1850\">Ba\u015f d\u0259risinin balans\u0131n\u0131 qoruma<\/p>\n<\/li>\n<li data-section-id=\"10olsl\" data-start=\"1851\" data-end=\"1882\">\n<p data-start=\"1853\" data-end=\"1882\">Sa\u00e7\u0131n elastikliyini art\u0131rma<\/p>\n<\/li>\n<li data-section-id=\"1kz3jpz\" data-start=\"1883\" data-end=\"1916\">\n<p data-start=\"1885\" data-end=\"1916\">Daha dol\u011fun v\u0259 sa\u011flam g\u00f6r\u00fcn\u00fc\u015f<\/p>\n<\/li>\n<\/ul>\n<p data-start=\"1918\" data-end=\"2091\">\u0130sti ya\u011f \u0259sasl\u0131 formul sa\u00e7\u0131n strukturuna daha d\u0259rind\u0259n n\u00fcfuz etm\u0259y\u0259 k\u00f6m\u0259k edir. Bu is\u0259 sa\u00e7 k\u00f6kl\u0259rinin qidalanmas\u0131n\u0131 g\u00fccl\u0259ndirir v\u0259 struktur z\u0259ifliyini azaltma\u011fa d\u0259st\u0259k olur.<\/p>\n<p data-start=\"2093\" data-end=\"2167\">Sa\u00e7 t\u00f6k\u00fclm\u0259sin\u0259 qar\u015f\u0131 sa\u00e7 maskas\u0131 x\u00fcsusil\u0259 a\u015fa\u011f\u0131dak\u0131 hallar \u00fc\u00e7\u00fcn uy\u011fundur:<\/p>\n<ul data-start=\"2169\" data-end=\"2300\">\n<li data-section-id=\"z13b58\" data-start=\"2169\" data-end=\"2194\">\n<p data-start=\"2171\" data-end=\"2194\">M\u00f6vs\u00fcmi sa\u00e7 t\u00f6k\u00fclm\u0259si<\/p>\n<\/li>\n<li data-section-id=\"a1shau\" data-start=\"2195\" data-end=\"2219\">\n<p data-start=\"2197\" data-end=\"2219\">Z\u0259if v\u0259 nazik sa\u00e7lar<\/p>\n<\/li>\n<li data-section-id=\"12a7f0d\" data-start=\"2220\" data-end=\"2269\">\n<p data-start=\"2222\" data-end=\"2269\">Kimy\u0259vi prosedurlardan sonra z\u0259ifl\u0259mi\u015f sa\u00e7lar<\/p>\n<\/li>\n<li data-section-id=\"urcpk8\" data-start=\"2270\" data-end=\"2300\">\n<p data-start=\"2272\" data-end=\"2300\">H\u0259cm itkisi ya\u015fayan sa\u00e7lar<\/p>\n<\/li>\n<\/ul>\n<p data-start=\"2302\" data-end=\"2362\">M\u00fcnt\u0259z\u0259m istifad\u0259 zaman\u0131 sa\u00e7 daha m\u00f6hk\u0259m v\u0259 davaml\u0131 g\u00f6r\u00fcn\u00fcr.<\/p>\n<h2 data-section-id=\"1bfdbjp\" data-start=\"2364\" data-end=\"2373\">N\u0259tic\u0259<\/h2>\n<p data-start=\"2375\" data-end=\"2456\">Trichup Hair Fall Control sa\u00e7 t\u00f6k\u00fclm\u0259sin\u0259 qar\u015f\u0131 sa\u00e7 maskas\u0131 istifad\u0259sind\u0259n sonra:<\/p>\n<ul data-start=\"2458\" data-end=\"2600\">\n<li data-section-id=\"fwxvr2\" data-start=\"2458\" data-end=\"2492\">\n<p data-start=\"2460\" data-end=\"2492\">Sa\u00e7 k\u00f6kl\u0259ri daha g\u00fccl\u00fc g\u00f6r\u00fcn\u00fcr<\/p>\n<\/li>\n<li data-section-id=\"1x2qb3y\" data-start=\"2493\" data-end=\"2511\">\n<p data-start=\"2495\" data-end=\"2511\">Q\u0131r\u0131lma azal\u0131r<\/p>\n<\/li>\n<li data-section-id=\"7hhuuk\" data-start=\"2512\" data-end=\"2543\">\n<p data-start=\"2514\" data-end=\"2543\">Sa\u00e7 daha dol\u011fun hiss olunur<\/p>\n<\/li>\n<li data-section-id=\"17h1sqn\" data-start=\"2544\" data-end=\"2563\">\n<p data-start=\"2546\" data-end=\"2563\">Parlaql\u0131q art\u0131r<\/p>\n<\/li>\n<li data-section-id=\"1nkng6e\" data-start=\"2564\" data-end=\"2600\">\n<p data-start=\"2566\" data-end=\"2600\">\u00dcmumi bax\u0131ml\u0131 g\u00f6r\u00fcn\u00fc\u015f formala\u015f\u0131r<\/p>\n<\/li>\n<\/ul>\n<p data-start=\"2602\" data-end=\"2719\">Uzunm\u00fcdd\u0259tli istifad\u0259 sa\u00e7\u0131n struktur keyfiyy\u0259tini yax\u015f\u0131la\u015fd\u0131rma\u011fa v\u0259 t\u00f6k\u00fclm\u0259nin vizual t\u0259sirini azaltma\u011fa k\u00f6m\u0259k edir.<\/p>\n<hr data-start=\"2721\" data-end=\"2724\" \/>\n<h1 data-section-id=\"i6u0mb\" data-start=\"2726\" data-end=\"2754\">Niy\u0259 bu m\u0259hsulu almal\u0131yam?<\/h1>\n<ul data-start=\"2756\" data-end=\"2991\">\n<li data-section-id=\"k0bsc5\" data-start=\"2756\" data-end=\"2813\">\n<p data-start=\"2758\" data-end=\"2813\">Sa\u00e7 t\u00f6k\u00fclm\u0259sin\u0259 qar\u015f\u0131 sa\u00e7 maskas\u0131 kimi h\u0259d\u0259fli formul<\/p>\n<\/li>\n<li data-section-id=\"iltt5z\" data-start=\"2814\" data-end=\"2848\">\n<p data-start=\"2816\" data-end=\"2848\">\u0130sti ya\u011f \u0259sasl\u0131 intensiv bax\u0131m<\/p>\n<\/li>\n<li data-section-id=\"1j3a92w\" data-start=\"2849\" data-end=\"2879\">\n<p data-start=\"2851\" data-end=\"2879\">Sa\u00e7 k\u00f6kl\u0259rini qidaland\u0131r\u0131r<\/p>\n<\/li>\n<li data-section-id=\"ltu5r0\" data-start=\"2880\" data-end=\"2914\">\n<p data-start=\"2882\" data-end=\"2914\">Q\u0131r\u0131lman\u0131 azaltma\u011fa k\u00f6m\u0259k edir<\/p>\n<\/li>\n<li data-section-id=\"zfzc7f\" data-start=\"2915\" data-end=\"2948\">\n<p data-start=\"2917\" data-end=\"2948\">H\u0259cm v\u0259 davaml\u0131l\u0131q t\u0259min edir<\/p>\n<\/li>\n<li data-section-id=\"u8grt4\" data-start=\"2949\" data-end=\"2991\">\n<p data-start=\"2951\" data-end=\"2991\">Ev \u015f\u0259raitind\u0259 salon tipli bax\u0131m imkan\u0131<\/p>\n<\/li>\n<\/ul>\n<p data-start=\"2993\" data-end=\"3113\">\u018fg\u0259r sa\u00e7 t\u00f6k\u00fclm\u0259si sizi narahat edirs\u0259 v\u0259 daha g\u00fccl\u00fc sa\u00e7lara sahib olmaq ist\u0259yirsinizs\u0259, bu m\u0259hsul m\u0259qs\u0259dy\u00f6nl\u00fc se\u00e7imdir.<\/p>\n<hr data-start=\"3115\" data-end=\"3118\" \/>\n<h1 data-section-id=\"8rcmto\" data-start=\"3120\" data-end=\"3138\">\u0130stifad\u0259 qaydas\u0131<\/h1>\n<ol data-start=\"3140\" data-end=\"3322\">\n<li data-section-id=\"jljcky\" data-start=\"3140\" data-end=\"3227\">\n<p data-start=\"3143\" data-end=\"3227\">Maskan\u0131 y\u00fcng\u00fcl isidilmi\u015f v\u0259ziyy\u0259td\u0259 ba\u015f d\u0259risin\u0259 v\u0259 sa\u00e7 uzunluqlar\u0131na t\u0259tbiq edin.<\/p>\n<\/li>\n<li data-section-id=\"1ijvuz3\" data-start=\"3228\" data-end=\"3256\">\n<p data-start=\"3231\" data-end=\"3256\">5\u201310 d\u0259qiq\u0259 masaj edin.<\/p>\n<\/li>\n<li data-section-id=\"bwszbc\" data-start=\"3257\" data-end=\"3284\">\n<p data-start=\"3260\" data-end=\"3284\">20\u201330 d\u0259qiq\u0259 saxlay\u0131n.<\/p>\n<\/li>\n<li data-section-id=\"sinw7j\" data-start=\"3285\" data-end=\"3322\">\n<p data-start=\"3288\" data-end=\"3322\">Daha sonra uy\u011fun \u015fampunla yuyun.<\/p>\n<\/li>\n<\/ol>\n<p data-start=\"3324\" data-end=\"3365\">H\u0259ft\u0259d\u0259 1\u20132 d\u0259f\u0259 istifad\u0259 t\u00f6vsiy\u0259 olunur.<\/p>\n<hr data-start=\"3367\" data-end=\"3370\" \/>\n<h1 data-section-id=\"1htqakv\" data-start=\"3372\" data-end=\"3378\">Qeyd<\/h1>\n<ul data-start=\"3380\" data-end=\"3528\">\n<li data-section-id=\"p2wq1c\" data-start=\"3380\" data-end=\"3408\">\n<p data-start=\"3382\" data-end=\"3408\">Xarici istifad\u0259 \u00fc\u00e7\u00fcnd\u00fcr.<\/p>\n<\/li>\n<li data-section-id=\"18go3e\" data-start=\"3409\" data-end=\"3436\">\n<p data-start=\"3411\" data-end=\"3436\">G\u00f6zl\u0259 t\u0259masdan qoruyun.<\/p>\n<\/li>\n<li data-section-id=\"gvn2zq\" data-start=\"3437\" data-end=\"3485\">\n<p data-start=\"3439\" data-end=\"3485\">H\u0259ssasl\u0131q yaranarsa istifad\u0259sini dayand\u0131r\u0131n.<\/p>\n<\/li>\n<li data-section-id=\"2ufj0a\" data-start=\"3486\" data-end=\"3528\">\n<p data-start=\"3488\" data-end=\"3528\">U\u015faqlar\u0131n \u0259li \u00e7atmayan yerd\u0259 saxlay\u0131n.<\/p>\n<\/li>\n<\/ul>","protected":false},"excerpt":{"rendered":"<p>Trichup Hair Fall Control sa\u00e7 t\u00f6k\u00fclm\u0259sin\u0259 qar\u015f\u0131 sa\u00e7 maskas\u0131 z\u0259if v\u0259 t\u00f6k\u00fclm\u0259y\u0259 meyilli sa\u00e7lar \u00fc\u00e7\u00fcn intensiv isti ya\u011f bax\u0131m\u0131 t\u0259qdim edir. Sa\u00e7 k\u00f6kl\u0259rini qidaland\u0131r\u0131r, q\u0131r\u0131lman\u0131 azaltma\u011fa v\u0259 daha g\u00fccl\u00fc sa\u00e7 g\u00f6r\u00fcn\u00fc\u015f\u00fc formala\u015fd\u0131rma\u011fa k\u00f6m\u0259k edir.<\/p>","protected":false},"featured_media":9464,"comment_status":"open","ping_status":"closed","template":"","meta":[],"pwb-brand":[409],"product_cat":[126,136,130,201],"product_tag":[308],"class_list":{"0":"post-9463","1":"product","2":"type-product","3":"status-publish","4":"has-post-thumbnail","6":"pwb-brand-trichup","7":"product_cat-haircare","8":"product_cat-masks","9":"product_cat-salonbaxim","10":"product_cat-salon-sac-maskasi","11":"product_tag-haircare","12":"pa_size-500ml","15":"instock","16":"sale","17":"shipping-taxable","18":"purchasable","19":"product-type-simple"},"brands":[{"id":409,"name":"Trichup","slug":"trichup"}],"_links":{"self":[{"href":"https:\/\/axtarstore.com\/ru\/wp-json\/wp\/v2\/product\/9463"}],"collection":[{"href":"https:\/\/axtarstore.com\/ru\/wp-json\/wp\/v2\/product"}],"about":[{"href":"https:\/\/axtarstore.com\/ru\/wp-json\/wp\/v2\/types\/product"}],"replies":[{"embeddable":true,"href":"https:\/\/axtarstore.com\/ru\/wp-json\/wp\/v2\/comments?post=9463"}],"version-history":[{"count":4,"href":"https:\/\/axtarstore.com\/ru\/wp-json\/wp\/v2\/product\/9463\/revisions"}],"predecessor-version":[{"id":11257,"href":"https:\/\/axtarstore.com\/ru\/wp-json\/wp\/v2\/product\/9463\/revisions\/11257"}],"wp:featuredmedia":[{"embeddable":true,"href":"https:\/\/axtarstore.com\/ru\/wp-json\/wp\/v2\/media\/9464"}],"wp:attachment":[{"href":"https:\/\/axtarstore.com\/ru\/wp-json\/wp\/v2\/media?parent=9463"}],"wp:term":[{"taxonomy":"pwb-brand","embeddable":true,"href":"https:\/\/axtarstore.com\/ru\/wp-json\/wp\/v2\/pwb-brand?post=9463"},{"taxonomy":"product_cat","embeddable":true,"href":"https:\/\/axtarstore.com\/ru\/wp-json\/wp\/v2\/product_cat?post=9463"},{"taxonomy":"product_tag","embeddable":true,"href":"https:\/\/axtarstore.com\/ru\/wp-json\/wp\/v2\/product_tag?post=9463"}],"curies":[{"name":"wp","href":"https:\/\/api.w.org\/{rel}","templated":true}]}}