{"id":9460,"date":"2025-03-20T22:06:37","date_gmt":"2025-03-20T18:06:37","guid":{"rendered":"https:\/\/axtarstore.com\/?post_type=product&#038;p=9460"},"modified":"2026-02-19T22:38:05","modified_gmt":"2026-02-19T18:38:05","slug":"saglam-uzun-ve-guclu-saclar-ucun-sac-maskasi-trichup","status":"publish","type":"product","link":"https:\/\/axtarstore.com\/ru\/product\/saglam-uzun-ve-guclu-saclar-ucun-sac-maskasi-trichup\/","title":{"rendered":"Trichup Healthy, Long &#038; Strong Hot Oil Treatment Hair Mask"},"content":{"rendered":"<p><strong>Trichup Healthy, Long &amp; Strong Hot Oil Treatment Sa\u00e7 Maskas\u0131<\/strong><\/p>\n<h2 data-section-id=\"6xzsz2\" data-start=\"964\" data-end=\"974\">Problem<\/h2>\n<p data-start=\"976\" data-end=\"1229\">Sa\u00e7lar\u0131 uzatmaq ist\u0259y\u0259n bir \u00e7ox insan eyni \u00e7\u0259tinlikl\u0259 qar\u015f\u0131la\u015f\u0131r: sa\u00e7 uzansa da, z\u0259if struktur v\u0259 q\u0131r\u0131lma s\u0259b\u0259bind\u0259n uzunluq qorunmur. Nazikl\u0259\u015fmi\u015f, elastikliyini itirmi\u015f v\u0259 kimy\u0259vi prosedurlardan z\u0259d\u0259l\u0259nmi\u015f sa\u00e7lar ist\u0259nil\u0259n sa\u011flam g\u00f6r\u00fcn\u00fc\u015f\u00fc t\u0259qdim etmir.<\/p>\n<p data-start=\"1231\" data-end=\"1265\">\u018fn \u00e7ox m\u00fc\u015fahid\u0259 olunan probleml\u0259r:<\/p>\n<ul data-start=\"1267\" data-end=\"1387\">\n<li data-section-id=\"7wbpol\" data-start=\"1267\" data-end=\"1294\">\n<p data-start=\"1269\" data-end=\"1294\">Tez q\u0131r\u0131lan sa\u00e7 tell\u0259ri<\/p>\n<\/li>\n<li data-section-id=\"1pcf724\" data-start=\"1295\" data-end=\"1318\">\n<p data-start=\"1297\" data-end=\"1318\">Uclar\u0131n ha\u00e7alanmas\u0131<\/p>\n<\/li>\n<li data-section-id=\"j6fa9e\" data-start=\"1319\" data-end=\"1334\">\n<p data-start=\"1321\" data-end=\"1334\">H\u0259cm itkisi<\/p>\n<\/li>\n<li data-section-id=\"1mi8tpu\" data-start=\"1335\" data-end=\"1359\">\n<p data-start=\"1337\" data-end=\"1359\">Parlaql\u0131\u011f\u0131n azalmas\u0131<\/p>\n<\/li>\n<li data-section-id=\"1xcsd14\" data-start=\"1360\" data-end=\"1387\">\n<p data-start=\"1362\" data-end=\"1387\">Z\u0259if v\u0259 k\u00f6vr\u0259k struktur<\/p>\n<\/li>\n<\/ul>\n<p data-start=\"1389\" data-end=\"1618\">T\u0259kc\u0259 \u015fampun istifad\u0259si bu probleml\u0259ri aradan qald\u0131rmaq \u00fc\u00e7\u00fcn kifay\u0259t etmir. Sa\u00e7\u0131n d\u0259rin qidalanmaya v\u0259 intensiv b\u0259rpaedici bax\u0131ma ehtiyac\u0131 olur. Bu m\u0259rh\u0259l\u0259d\u0259 sa\u011flam uzun v\u0259 g\u00fccl\u00fc sa\u00e7lar \u00fc\u00e7\u00fcn sa\u00e7 maskas\u0131 istifad\u0259si vacib add\u0131md\u0131r.<\/p>\n<h2 data-section-id=\"1xwjg8k\" data-start=\"1620\" data-end=\"1627\">H\u0259ll<\/h2>\n<p data-start=\"1629\" data-end=\"1841\">Trichup Healthy, Long &amp; Strong Hot Oil Treatment sa\u011flam uzun v\u0259 g\u00fccl\u00fc sa\u00e7lar \u00fc\u00e7\u00fcn sa\u00e7 maskas\u0131 olaraq isti ya\u011f \u0259sasl\u0131 formulaya malikdir. M\u0259hsul sa\u00e7 k\u00f6kl\u0259rini v\u0259 sa\u00e7 telini kompleks \u015f\u0259kild\u0259 qidaland\u0131rma\u011fa y\u00f6n\u0259lib.<\/p>\n<p data-start=\"1843\" data-end=\"1860\">\u018fsas \u00fcst\u00fcnl\u00fckl\u0259r:<\/p>\n<ul data-start=\"1862\" data-end=\"2033\">\n<li data-section-id=\"pt9nia\" data-start=\"1862\" data-end=\"1900\">\n<p data-start=\"1864\" data-end=\"1900\">Sa\u00e7 k\u00f6kl\u0259rini g\u00fccl\u0259ndirm\u0259y\u0259 d\u0259st\u0259k<\/p>\n<\/li>\n<li data-section-id=\"6yo4py\" data-start=\"1901\" data-end=\"1930\">\n<p data-start=\"1903\" data-end=\"1930\">Q\u0131r\u0131lman\u0131 azaltma\u011fa k\u00f6m\u0259k<\/p>\n<\/li>\n<li data-section-id=\"1hyvvfc\" data-start=\"1931\" data-end=\"1954\">\n<p data-start=\"1933\" data-end=\"1954\">Elastikliyi art\u0131rma<\/p>\n<\/li>\n<li data-section-id=\"2cgc53\" data-start=\"1955\" data-end=\"1995\">\n<p data-start=\"1957\" data-end=\"1995\">Sa\u00e7\u0131n daha dol\u011fun g\u00f6r\u00fcnm\u0259sin\u0259 yard\u0131m<\/p>\n<\/li>\n<li data-section-id=\"n9hwpg\" data-start=\"1996\" data-end=\"2033\">\n<p data-start=\"1998\" data-end=\"2033\">Parlaql\u0131q v\u0259 yum\u015faql\u0131q t\u0259min etm\u0259<\/p>\n<\/li>\n<\/ul>\n<p data-start=\"2035\" data-end=\"2195\">\u0130sti ya\u011f texnologiyas\u0131 aktiv komponentl\u0259rin sa\u00e7 strukturuna daha effektiv n\u00fcfuz etm\u0259sin\u0259 \u015f\u0259rait yarad\u0131r. Bu is\u0259 sa\u00e7\u0131n daxili dayan\u0131ql\u0131\u011f\u0131n\u0131 art\u0131rma\u011fa k\u00f6m\u0259k edir.<\/p>\n<p data-start=\"2197\" data-end=\"2282\">Sa\u011flam uzun v\u0259 g\u00fccl\u00fc sa\u00e7lar \u00fc\u00e7\u00fcn sa\u00e7 maskas\u0131 x\u00fcsusil\u0259 a\u015fa\u011f\u0131dak\u0131 hallar \u00fc\u00e7\u00fcn uy\u011fundur:<\/p>\n<ul data-start=\"2284\" data-end=\"2442\">\n<li data-section-id=\"1fs90xw\" data-start=\"2284\" data-end=\"2329\">\n<p data-start=\"2286\" data-end=\"2329\">Uzatmaq ist\u0259diyi halda tez q\u0131r\u0131lan sa\u00e7lar<\/p>\n<\/li>\n<li data-section-id=\"1qq9asa\" data-start=\"2330\" data-end=\"2359\">\n<p data-start=\"2332\" data-end=\"2359\">Nazik v\u0259 z\u0259if sa\u00e7 tell\u0259ri<\/p>\n<\/li>\n<li data-section-id=\"12a7f0d\" data-start=\"2360\" data-end=\"2409\">\n<p data-start=\"2362\" data-end=\"2409\">Kimy\u0259vi prosedurlardan sonra z\u0259ifl\u0259mi\u015f sa\u00e7lar<\/p>\n<\/li>\n<li data-section-id=\"munutc\" data-start=\"2410\" data-end=\"2442\">\n<p data-start=\"2412\" data-end=\"2442\">Elastikliyini itirmi\u015f sa\u00e7lar<\/p>\n<\/li>\n<\/ul>\n<p data-start=\"2444\" data-end=\"2541\">M\u00fcnt\u0259z\u0259m istifad\u0259 zaman\u0131 sa\u00e7 daha m\u00f6hk\u0259m v\u0259 davaml\u0131 g\u00f6r\u00fcn\u00fcr, uzunluq daha sa\u011flam \u015f\u0259kild\u0259 qorunur.<\/p>\n<h2 data-section-id=\"1bfdbjp\" data-start=\"2543\" data-end=\"2552\">N\u0259tic\u0259<\/h2>\n<p data-start=\"2554\" data-end=\"2651\">Trichup Healthy, Long &amp; Strong sa\u011flam uzun v\u0259 g\u00fccl\u00fc sa\u00e7lar \u00fc\u00e7\u00fcn sa\u00e7 maskas\u0131 istifad\u0259sind\u0259n sonra:<\/p>\n<ul data-start=\"2653\" data-end=\"2808\">\n<li data-section-id=\"ebe9ic\" data-start=\"2653\" data-end=\"2690\">\n<p data-start=\"2655\" data-end=\"2690\">Sa\u00e7 daha g\u00fccl\u00fc v\u0259 elastik g\u00f6r\u00fcn\u00fcr<\/p>\n<\/li>\n<li data-section-id=\"1x2qb3y\" data-start=\"2691\" data-end=\"2709\">\n<p data-start=\"2693\" data-end=\"2709\">Q\u0131r\u0131lma azal\u0131r<\/p>\n<\/li>\n<li data-section-id=\"17h1sqn\" data-start=\"2710\" data-end=\"2729\">\n<p data-start=\"2712\" data-end=\"2729\">Parlaql\u0131q art\u0131r<\/p>\n<\/li>\n<li data-section-id=\"7hhuuk\" data-start=\"2730\" data-end=\"2761\">\n<p data-start=\"2732\" data-end=\"2761\">Sa\u00e7 daha dol\u011fun hiss olunur<\/p>\n<\/li>\n<li data-section-id=\"5rhtus\" data-start=\"2762\" data-end=\"2808\">\n<p data-start=\"2764\" data-end=\"2808\">\u00dcmumi bax\u0131ml\u0131 v\u0259 sa\u011flam g\u00f6r\u00fcn\u00fc\u015f formala\u015f\u0131r<\/p>\n<\/li>\n<\/ul>\n<p data-start=\"2810\" data-end=\"2927\">Uzunm\u00fcdd\u0259tli istifad\u0259 sa\u00e7\u0131n struktur keyfiyy\u0259tini y\u00fcks\u0259ldir v\u0259 uzanma prosesinin daha effektiv olmas\u0131na d\u0259st\u0259k verir.<\/p>\n<hr data-start=\"2929\" data-end=\"2932\" \/>\n<h1 data-section-id=\"i6u0mb\" data-start=\"2934\" data-end=\"2962\">Niy\u0259 bu m\u0259hsulu almal\u0131yam?<\/h1>\n<ul data-start=\"2964\" data-end=\"3210\">\n<li data-section-id=\"mlakwh\" data-start=\"2964\" data-end=\"3032\">\n<p data-start=\"2966\" data-end=\"3032\">Sa\u011flam uzun v\u0259 g\u00fccl\u00fc sa\u00e7lar \u00fc\u00e7\u00fcn sa\u00e7 maskas\u0131 kimi h\u0259d\u0259fli formul<\/p>\n<\/li>\n<li data-section-id=\"iltt5z\" data-start=\"3033\" data-end=\"3067\">\n<p data-start=\"3035\" data-end=\"3067\">\u0130sti ya\u011f \u0259sasl\u0131 intensiv bax\u0131m<\/p>\n<\/li>\n<li data-section-id=\"p94fdj\" data-start=\"3068\" data-end=\"3094\">\n<p data-start=\"3070\" data-end=\"3094\">Q\u0131r\u0131lmaya qar\u015f\u0131 d\u0259st\u0259k<\/p>\n<\/li>\n<li data-section-id=\"1j3a92w\" data-start=\"3095\" data-end=\"3125\">\n<p data-start=\"3097\" data-end=\"3125\">Sa\u00e7 k\u00f6kl\u0259rini qidaland\u0131r\u0131r<\/p>\n<\/li>\n<li data-section-id=\"f3earz\" data-start=\"3126\" data-end=\"3162\">\n<p data-start=\"3128\" data-end=\"3162\">Uzunlu\u011fun qorunmas\u0131na k\u00f6m\u0259k edir<\/p>\n<\/li>\n<li data-section-id=\"jsd1cc\" data-start=\"3163\" data-end=\"3210\">\n<p data-start=\"3165\" data-end=\"3210\">Ev \u015f\u0259raitind\u0259 salon tipli sa\u00e7 bax\u0131m\u0131 imkan\u0131<\/p>\n<\/li>\n<\/ul>\n<p data-start=\"3212\" data-end=\"3329\">\u018fg\u0259r sa\u00e7lar\u0131n\u0131z\u0131 uzatmaq v\u0259 eyni zamanda daha g\u00fccl\u00fc etm\u0259k ist\u0259yirsinizs\u0259, bu m\u0259hsul m\u0259qs\u0259dy\u00f6nl\u00fc v\u0259 effektiv se\u00e7imdir.<\/p>\n<hr data-start=\"3331\" data-end=\"3334\" \/>\n<h1 data-section-id=\"8rcmto\" data-start=\"3336\" data-end=\"3354\">\u0130stifad\u0259 qaydas\u0131<\/h1>\n<ol data-start=\"3356\" data-end=\"3547\">\n<li data-section-id=\"p1sqst\" data-start=\"3356\" data-end=\"3445\">\n<p data-start=\"3359\" data-end=\"3445\">Maskan\u0131 y\u00fcng\u00fcl isidilmi\u015f v\u0259ziyy\u0259td\u0259 ba\u015f d\u0259risin\u0259 v\u0259 sa\u00e7\u0131n uzunluqlar\u0131na t\u0259tbiq edin.<\/p>\n<\/li>\n<li data-section-id=\"17r6aib\" data-start=\"3446\" data-end=\"3481\">\n<p data-start=\"3449\" data-end=\"3481\">5\u201310 d\u0259qiq\u0259 y\u00fcng\u00fcl masaj edin.<\/p>\n<\/li>\n<li data-section-id=\"bwszbc\" data-start=\"3482\" data-end=\"3509\">\n<p data-start=\"3485\" data-end=\"3509\">20\u201330 d\u0259qiq\u0259 saxlay\u0131n.<\/p>\n<\/li>\n<li data-section-id=\"sinw7j\" data-start=\"3510\" data-end=\"3547\">\n<p data-start=\"3513\" data-end=\"3547\">Daha sonra uy\u011fun \u015fampunla yuyun.<\/p>\n<\/li>\n<\/ol>\n<p data-start=\"3549\" data-end=\"3590\">H\u0259ft\u0259d\u0259 1\u20132 d\u0259f\u0259 istifad\u0259 t\u00f6vsiy\u0259 olunur.<\/p>\n<hr data-start=\"3592\" data-end=\"3595\" \/>\n<h1 data-section-id=\"1htqakv\" data-start=\"3597\" data-end=\"3603\">Qeyd<\/h1>\n<ul data-start=\"3605\" data-end=\"3753\">\n<li data-section-id=\"p2wq1c\" data-start=\"3605\" data-end=\"3633\">\n<p data-start=\"3607\" data-end=\"3633\">Xarici istifad\u0259 \u00fc\u00e7\u00fcnd\u00fcr.<\/p>\n<\/li>\n<li data-section-id=\"18go3e\" data-start=\"3634\" data-end=\"3661\">\n<p data-start=\"3636\" data-end=\"3661\">G\u00f6zl\u0259 t\u0259masdan qoruyun.<\/p>\n<\/li>\n<li data-section-id=\"gvn2zq\" data-start=\"3662\" data-end=\"3710\">\n<p data-start=\"3664\" data-end=\"3710\">H\u0259ssasl\u0131q yaranarsa istifad\u0259sini dayand\u0131r\u0131n.<\/p>\n<\/li>\n<li data-section-id=\"2ufj0a\" data-start=\"3711\" data-end=\"3753\">\n<p data-start=\"3713\" data-end=\"3753\">U\u015faqlar\u0131n \u0259li \u00e7atmayan yerd\u0259 saxlay\u0131n.<\/p>\n<\/li>\n<\/ul>","protected":false},"excerpt":{"rendered":"<p>Trichup Healthy, Long &amp; Strong sa\u011flam uzun v\u0259 g\u00fccl\u00fc sa\u00e7lar \u00fc\u00e7\u00fcn sa\u00e7 maskas\u0131 intensiv isti ya\u011f texnologiyas\u0131 il\u0259 sa\u00e7 k\u00f6kl\u0259rini qidaland\u0131r\u0131r, q\u0131r\u0131lman\u0131 azaltma\u011fa v\u0259 daha davaml\u0131 sa\u00e7 strukturu formala\u015fd\u0131rma\u011fa k\u00f6m\u0259k edir.<\/p>","protected":false},"featured_media":9461,"comment_status":"open","ping_status":"closed","template":"","meta":[],"pwb-brand":[409],"product_cat":[126,136,130,201],"product_tag":[308],"class_list":{"0":"post-9460","1":"product","2":"type-product","3":"status-publish","4":"has-post-thumbnail","6":"pwb-brand-trichup","7":"product_cat-haircare","8":"product_cat-masks","9":"product_cat-salonbaxim","10":"product_cat-salon-sac-maskasi","11":"product_tag-haircare","12":"pa_size-500ml","15":"instock","16":"sale","17":"shipping-taxable","18":"purchasable","19":"product-type-simple"},"brands":[{"id":409,"name":"Trichup","slug":"trichup"}],"_links":{"self":[{"href":"https:\/\/axtarstore.com\/ru\/wp-json\/wp\/v2\/product\/9460"}],"collection":[{"href":"https:\/\/axtarstore.com\/ru\/wp-json\/wp\/v2\/product"}],"about":[{"href":"https:\/\/axtarstore.com\/ru\/wp-json\/wp\/v2\/types\/product"}],"replies":[{"embeddable":true,"href":"https:\/\/axtarstore.com\/ru\/wp-json\/wp\/v2\/comments?post=9460"}],"version-history":[{"count":3,"href":"https:\/\/axtarstore.com\/ru\/wp-json\/wp\/v2\/product\/9460\/revisions"}],"predecessor-version":[{"id":11259,"href":"https:\/\/axtarstore.com\/ru\/wp-json\/wp\/v2\/product\/9460\/revisions\/11259"}],"wp:featuredmedia":[{"embeddable":true,"href":"https:\/\/axtarstore.com\/ru\/wp-json\/wp\/v2\/media\/9461"}],"wp:attachment":[{"href":"https:\/\/axtarstore.com\/ru\/wp-json\/wp\/v2\/media?parent=9460"}],"wp:term":[{"taxonomy":"pwb-brand","embeddable":true,"href":"https:\/\/axtarstore.com\/ru\/wp-json\/wp\/v2\/pwb-brand?post=9460"},{"taxonomy":"product_cat","embeddable":true,"href":"https:\/\/axtarstore.com\/ru\/wp-json\/wp\/v2\/product_cat?post=9460"},{"taxonomy":"product_tag","embeddable":true,"href":"https:\/\/axtarstore.com\/ru\/wp-json\/wp\/v2\/product_tag?post=9460"}],"curies":[{"name":"wp","href":"https:\/\/api.w.org\/{rel}","templated":true}]}}