{"id":9457,"date":"2025-03-20T21:58:57","date_gmt":"2025-03-20T17:58:57","guid":{"rendered":"https:\/\/axtarstore.com\/?post_type=product&#038;p=9457"},"modified":"2026-02-19T22:46:28","modified_gmt":"2026-02-19T18:46:28","slug":"sac-tokulmesine-qarsi-kondisioner-trichup-hair-fall","status":"publish","type":"product","link":"https:\/\/axtarstore.com\/ru\/product\/sac-tokulmesine-qarsi-kondisioner-trichup-hair-fall\/","title":{"rendered":"Trichup Hair Conditioner &#8211; Hair Fall Control"},"content":{"rendered":"<p><strong>Trichup Hair Fall Control Sa\u00e7 T\u00f6k\u00fclm\u0259sin\u0259 Qar\u015f\u0131 Kondisioner<\/strong><\/p>\n<h2 data-section-id=\"x25m9a\" data-start=\"932\" data-end=\"944\">Problem<\/h2>\n<p data-start=\"946\" data-end=\"1199\">Sa\u00e7 t\u00f6k\u00fclm\u0259si yaln\u0131z k\u00f6kl\u0259rl\u0259 ba\u011fl\u0131 problem deyil. \u00c7ox zaman sa\u00e7 telinin z\u0259ifl\u0259m\u0259si, q\u0131r\u0131lmas\u0131 v\u0259 elastikliyini itirm\u0259si d\u0259 \u00fcmumi h\u0259cm itkisin\u0259 s\u0259b\u0259b olur. Yanl\u0131\u015f se\u00e7ilmi\u015f \u015fampun v\u0259 kondisioner sa\u00e7\u0131n strukturunu a\u011f\u0131rla\u015fd\u0131ra v\u0259 ya daha da z\u0259ifl\u0259d\u0259 bil\u0259r.<\/p>\n<p data-start=\"1201\" data-end=\"1228\">\u018fn \u00e7ox rast g\u0259lin\u0259n hallar:<\/p>\n<ul data-start=\"1230\" data-end=\"1372\">\n<li data-section-id=\"127iyyy\" data-start=\"1230\" data-end=\"1266\">\n<p data-start=\"1232\" data-end=\"1266\">Sa\u00e7\u0131n daraq zaman\u0131 \u00e7ox t\u00f6k\u00fclm\u0259si<\/p>\n<\/li>\n<li data-section-id=\"19qmepc\" data-start=\"1267\" data-end=\"1301\">\n<p data-start=\"1269\" data-end=\"1301\">Q\u0131r\u0131lma v\u0259 uclar\u0131n ha\u00e7alanmas\u0131<\/p>\n<\/li>\n<li data-section-id=\"1qq9asa\" data-start=\"1302\" data-end=\"1331\">\n<p data-start=\"1304\" data-end=\"1331\">Nazik v\u0259 z\u0259if sa\u00e7 tell\u0259ri<\/p>\n<\/li>\n<li data-section-id=\"j6fa9e\" data-start=\"1332\" data-end=\"1347\">\n<p data-start=\"1334\" data-end=\"1347\">H\u0259cm itkisi<\/p>\n<\/li>\n<li data-section-id=\"1mi8tpu\" data-start=\"1348\" data-end=\"1372\">\n<p data-start=\"1350\" data-end=\"1372\">Parlaql\u0131\u011f\u0131n azalmas\u0131<\/p>\n<\/li>\n<\/ul>\n<p data-start=\"1374\" data-end=\"1565\">T\u0259kc\u0259 yuma prosesi kifay\u0259t etmir. Sa\u00e7\u0131n yuyulmadan sonra d\u00fczg\u00fcn \u015f\u0259kild\u0259 qorunmas\u0131 v\u0259 m\u00f6hk\u0259ml\u0259ndirilm\u0259si vacibdir. Bu m\u0259rh\u0259l\u0259d\u0259 sa\u00e7 t\u00f6k\u00fclm\u0259sin\u0259 qar\u015f\u0131 kondisioner istifad\u0259si x\u00fcsusi rol oynay\u0131r.<\/p>\n<h2 data-section-id=\"1f8regk\" data-start=\"1567\" data-end=\"1576\">H\u0259ll<\/h2>\n<p data-start=\"1578\" data-end=\"1778\">Trichup Hair Fall Control sa\u00e7 t\u00f6k\u00fclm\u0259sin\u0259 qar\u015f\u0131 kondisioner sa\u00e7\u0131n uzunluqlar\u0131n\u0131 v\u0259 uclar\u0131n\u0131 qidaland\u0131raraq q\u0131r\u0131lman\u0131 azaltma\u011fa k\u00f6m\u0259k edir. Y\u00fcng\u00fcl v\u0259 balansl\u0131 formulu sa\u00e7lar\u0131 a\u011f\u0131rla\u015fd\u0131rmadan yum\u015fald\u0131r.<\/p>\n<p data-start=\"1780\" data-end=\"1807\">M\u0259hsulun \u0259sas \u00fcst\u00fcnl\u00fckl\u0259ri:<\/p>\n<ul data-start=\"1809\" data-end=\"1975\">\n<li data-section-id=\"yckzy2\" data-start=\"1809\" data-end=\"1847\">\n<p data-start=\"1811\" data-end=\"1847\">Sa\u00e7 telini m\u00f6hk\u0259ml\u0259ndirm\u0259y\u0259 d\u0259st\u0259k<\/p>\n<\/li>\n<li data-section-id=\"6yo4py\" data-start=\"1848\" data-end=\"1877\">\n<p data-start=\"1850\" data-end=\"1877\">Q\u0131r\u0131lman\u0131 azaltma\u011fa k\u00f6m\u0259k<\/p>\n<\/li>\n<li data-section-id=\"1yrzcek\" data-start=\"1878\" data-end=\"1909\">\n<p data-start=\"1880\" data-end=\"1909\">Dola\u015f\u0131ql\u0131\u011f\u0131 aradan qald\u0131rma<\/p>\n<\/li>\n<li data-section-id=\"1np480y\" data-start=\"1910\" data-end=\"1943\">\n<p data-start=\"1912\" data-end=\"1943\">Sa\u00e7\u0131 hamar v\u0259 parlaq g\u00f6st\u0259rm\u0259<\/p>\n<\/li>\n<li data-section-id=\"1cz6r6u\" data-start=\"1944\" data-end=\"1975\">\n<p data-start=\"1946\" data-end=\"1975\">Daha dol\u011fun g\u00f6r\u00fcn\u00fc\u015f yaratma<\/p>\n<\/li>\n<\/ul>\n<p data-start=\"1977\" data-end=\"2157\">Sa\u00e7 t\u00f6k\u00fclm\u0259sin\u0259 qar\u015f\u0131 kondisioner yuyulma zaman\u0131 yaranan mexaniki z\u0259d\u0259l\u0259nm\u0259nin t\u0259sirini azaltma\u011fa k\u00f6m\u0259k edir. Bu is\u0259 daraq v\u0259 d\u00fcz\u00fcm zaman\u0131 sa\u00e7\u0131n daha az q\u0131r\u0131lmas\u0131na \u015f\u0259rait yarad\u0131r.<\/p>\n<p data-start=\"2159\" data-end=\"2199\">X\u00fcsusil\u0259 a\u015fa\u011f\u0131dak\u0131 hallar \u00fc\u00e7\u00fcn uy\u011fundur:<\/p>\n<ul data-start=\"2201\" data-end=\"2340\">\n<li data-section-id=\"a1shau\" data-start=\"2201\" data-end=\"2225\">\n<p data-start=\"2203\" data-end=\"2225\">Z\u0259if v\u0259 nazik sa\u00e7lar<\/p>\n<\/li>\n<li data-section-id=\"1v698mb\" data-start=\"2226\" data-end=\"2262\">\n<p data-start=\"2228\" data-end=\"2262\">M\u00f6vs\u00fcmi sa\u00e7 t\u00f6k\u00fclm\u0259si ya\u015fayanlar<\/p>\n<\/li>\n<li data-section-id=\"12a7f0d\" data-start=\"2263\" data-end=\"2312\">\n<p data-start=\"2265\" data-end=\"2312\">Kimy\u0259vi prosedurlardan sonra z\u0259ifl\u0259mi\u015f sa\u00e7lar<\/p>\n<\/li>\n<li data-section-id=\"1nnueac\" data-start=\"2313\" data-end=\"2340\">\n<p data-start=\"2315\" data-end=\"2340\">H\u0259cm itkisi olan sa\u00e7lar<\/p>\n<\/li>\n<\/ul>\n<p data-start=\"2342\" data-end=\"2427\">M\u0259hsul m\u00fcnt\u0259z\u0259m istifad\u0259 zaman\u0131 sa\u00e7\u0131n daha davaml\u0131 v\u0259 bax\u0131ml\u0131 g\u00f6r\u00fcnm\u0259sin\u0259 k\u00f6m\u0259k edir.<\/p>\n<h2 data-section-id=\"8h2fjp\" data-start=\"2429\" data-end=\"2440\">N\u0259tic\u0259<\/h2>\n<p data-start=\"2442\" data-end=\"2523\">Trichup Hair Fall Control sa\u00e7 t\u00f6k\u00fclm\u0259sin\u0259 qar\u015f\u0131 kondisioner istifad\u0259sind\u0259n sonra:<\/p>\n<ul data-start=\"2525\" data-end=\"2660\">\n<li data-section-id=\"gt3wl3\" data-start=\"2525\" data-end=\"2550\">\n<p data-start=\"2527\" data-end=\"2550\">Sa\u00e7 daha asan daran\u0131r<\/p>\n<\/li>\n<li data-section-id=\"1x2qb3y\" data-start=\"2551\" data-end=\"2569\">\n<p data-start=\"2553\" data-end=\"2569\">Q\u0131r\u0131lma azal\u0131r<\/p>\n<\/li>\n<li data-section-id=\"17h1sqn\" data-start=\"2570\" data-end=\"2589\">\n<p data-start=\"2572\" data-end=\"2589\">Parlaql\u0131q art\u0131r<\/p>\n<\/li>\n<li data-section-id=\"2wgk3d\" data-start=\"2590\" data-end=\"2625\">\n<p data-start=\"2592\" data-end=\"2625\">Sa\u00e7 daha yum\u015faq v\u0259 elastik olur<\/p>\n<\/li>\n<li data-section-id=\"1q2cnev\" data-start=\"2626\" data-end=\"2660\">\n<p data-start=\"2628\" data-end=\"2660\">\u00dcmumi h\u0259cm daha dol\u011fun g\u00f6r\u00fcn\u00fcr<\/p>\n<\/li>\n<\/ul>\n<p data-start=\"2662\" data-end=\"2774\">Uzunm\u00fcdd\u0259tli istifad\u0259 sa\u00e7\u0131n struktur keyfiyy\u0259tini qoruma\u011fa v\u0259 t\u00f6k\u00fclm\u0259nin vizual t\u0259sirini azaltma\u011fa d\u0259st\u0259k verir.<\/p>\n<hr data-start=\"2776\" data-end=\"2779\" \/>\n<h1 data-section-id=\"i6u0mb\" data-start=\"2781\" data-end=\"2809\">Niy\u0259 bu m\u0259hsulu almal\u0131yam?<\/h1>\n<ul data-start=\"2811\" data-end=\"3046\">\n<li data-section-id=\"eymw70\" data-start=\"2811\" data-end=\"2868\">\n<p data-start=\"2813\" data-end=\"2868\">Sa\u00e7 t\u00f6k\u00fclm\u0259sin\u0259 qar\u015f\u0131 kondisioner kimi h\u0259d\u0259fli formul<\/p>\n<\/li>\n<li data-section-id=\"ltu5r0\" data-start=\"2869\" data-end=\"2903\">\n<p data-start=\"2871\" data-end=\"2903\">Q\u0131r\u0131lman\u0131 azaltma\u011fa k\u00f6m\u0259k edir<\/p>\n<\/li>\n<li data-section-id=\"1jdc42f\" data-start=\"2904\" data-end=\"2938\">\n<p data-start=\"2906\" data-end=\"2938\">Sa\u00e7\u0131 a\u011f\u0131rla\u015fd\u0131rmadan yum\u015fald\u0131r<\/p>\n<\/li>\n<li data-section-id=\"18ax0vu\" data-start=\"2939\" data-end=\"2971\">\n<p data-start=\"2941\" data-end=\"2971\">Dola\u015f\u0131ql\u0131\u011f\u0131 minimuma endirir<\/p>\n<\/li>\n<li data-section-id=\"1k8fmgr\" data-start=\"2972\" data-end=\"3013\">\n<p data-start=\"2974\" data-end=\"3013\">Daha dol\u011fun v\u0259 sa\u011flam g\u00f6r\u00fcn\u00fc\u015f yarad\u0131r<\/p>\n<\/li>\n<li data-section-id=\"1diq1a0\" data-start=\"3014\" data-end=\"3046\">\n<p data-start=\"3016\" data-end=\"3046\">G\u00fcnd\u0259lik istifad\u0259y\u0259 uy\u011fundur<\/p>\n<\/li>\n<\/ul>\n<p data-start=\"3048\" data-end=\"3158\">\u018fg\u0259r sa\u00e7lar\u0131n\u0131z z\u0259if v\u0259 t\u00f6k\u00fclm\u0259y\u0259 meyillidirs\u0259, d\u00fczg\u00fcn se\u00e7ilmi\u015f kondisioner g\u00fcnd\u0259lik bax\u0131m\u0131n vacib hiss\u0259sidir.<\/p>\n<hr data-start=\"3160\" data-end=\"3163\" \/>\n<h1 data-section-id=\"l833ik\" data-start=\"3165\" data-end=\"3185\">\u0130stifad\u0259 qaydas\u0131<\/h1>\n<ol data-start=\"3187\" data-end=\"3336\">\n<li data-section-id=\"19sg38u\" data-start=\"3187\" data-end=\"3239\">\n<p data-start=\"3190\" data-end=\"3239\">Sa\u00e7\u0131 uy\u011fun \u015fampunla yuduqdan sonra t\u0259tbiq edin.<\/p>\n<\/li>\n<li data-section-id=\"8fp6ne\" data-start=\"3240\" data-end=\"3283\">\n<p data-start=\"3243\" data-end=\"3283\">Sa\u00e7\u0131n uzunluqlar\u0131na v\u0259 uclar\u0131na \u00e7\u0259kin.<\/p>\n<\/li>\n<li data-section-id=\"1mggbuw\" data-start=\"3284\" data-end=\"3309\">\n<p data-start=\"3287\" data-end=\"3309\">2\u20133 d\u0259qiq\u0259 saxlay\u0131n.<\/p>\n<\/li>\n<li data-section-id=\"5st8qo\" data-start=\"3310\" data-end=\"3336\">\n<p data-start=\"3313\" data-end=\"3336\">Bol su il\u0259 yaxalay\u0131n.<\/p>\n<\/li>\n<\/ol>\n<p data-start=\"3338\" data-end=\"3368\">Daimi istifad\u0259 t\u00f6vsiy\u0259 olunur.<\/p>\n<hr data-start=\"3370\" data-end=\"3373\" \/>\n<h1 data-section-id=\"fugqkv\" data-start=\"3375\" data-end=\"3383\">Qeyd<\/h1>\n<ul data-start=\"3385\" data-end=\"3533\">\n<li data-section-id=\"p2wq1c\" data-start=\"3385\" data-end=\"3413\">\n<p data-start=\"3387\" data-end=\"3413\">Xarici istifad\u0259 \u00fc\u00e7\u00fcnd\u00fcr.<\/p>\n<\/li>\n<li data-section-id=\"18go3e\" data-start=\"3414\" data-end=\"3441\">\n<p data-start=\"3416\" data-end=\"3441\">G\u00f6zl\u0259 t\u0259masdan qoruyun.<\/p>\n<\/li>\n<li data-section-id=\"gvn2zq\" data-start=\"3442\" data-end=\"3490\">\n<p data-start=\"3444\" data-end=\"3490\">H\u0259ssasl\u0131q yaranarsa istifad\u0259sini dayand\u0131r\u0131n.<\/p>\n<\/li>\n<li data-section-id=\"2ufj0a\" data-start=\"3491\" data-end=\"3533\">\n<p data-start=\"3493\" data-end=\"3533\">U\u015faqlar\u0131n \u0259li \u00e7atmayan yerd\u0259 saxlay\u0131n.<\/p>\n<\/li>\n<\/ul>","protected":false},"excerpt":{"rendered":"<p>Trichup Hair Fall Control sa\u00e7 t\u00f6k\u00fclm\u0259sin\u0259 qar\u015f\u0131 kondisioner z\u0259if v\u0259 q\u0131r\u0131lma\u011fa meyilli sa\u00e7lar \u00fc\u00e7\u00fcn haz\u0131rlanm\u0131\u015fd\u0131r. Sa\u00e7lar\u0131 yum\u015fald\u0131r, dola\u015f\u0131ql\u0131\u011f\u0131 azald\u0131r v\u0259 k\u00f6kl\u0259rin daha g\u00fccl\u00fc g\u00f6r\u00fcnm\u0259sin\u0259 d\u0259st\u0259k verir.<\/p>","protected":false},"featured_media":9458,"comment_status":"open","ping_status":"closed","template":"","meta":[],"pwb-brand":[],"product_cat":[126,137],"product_tag":[],"class_list":{"0":"post-9457","1":"product","2":"type-product","3":"status-publish","4":"has-post-thumbnail","6":"product_cat-haircare","7":"product_cat-kondisioner","8":"pa_size-200ml","11":"instock","12":"sale","13":"shipping-taxable","14":"purchasable","15":"product-type-simple"},"brands":[],"_links":{"self":[{"href":"https:\/\/axtarstore.com\/ru\/wp-json\/wp\/v2\/product\/9457"}],"collection":[{"href":"https:\/\/axtarstore.com\/ru\/wp-json\/wp\/v2\/product"}],"about":[{"href":"https:\/\/axtarstore.com\/ru\/wp-json\/wp\/v2\/types\/product"}],"replies":[{"embeddable":true,"href":"https:\/\/axtarstore.com\/ru\/wp-json\/wp\/v2\/comments?post=9457"}],"version-history":[{"count":3,"href":"https:\/\/axtarstore.com\/ru\/wp-json\/wp\/v2\/product\/9457\/revisions"}],"predecessor-version":[{"id":11261,"href":"https:\/\/axtarstore.com\/ru\/wp-json\/wp\/v2\/product\/9457\/revisions\/11261"}],"wp:featuredmedia":[{"embeddable":true,"href":"https:\/\/axtarstore.com\/ru\/wp-json\/wp\/v2\/media\/9458"}],"wp:attachment":[{"href":"https:\/\/axtarstore.com\/ru\/wp-json\/wp\/v2\/media?parent=9457"}],"wp:term":[{"taxonomy":"pwb-brand","embeddable":true,"href":"https:\/\/axtarstore.com\/ru\/wp-json\/wp\/v2\/pwb-brand?post=9457"},{"taxonomy":"product_cat","embeddable":true,"href":"https:\/\/axtarstore.com\/ru\/wp-json\/wp\/v2\/product_cat?post=9457"},{"taxonomy":"product_tag","embeddable":true,"href":"https:\/\/axtarstore.com\/ru\/wp-json\/wp\/v2\/product_tag?post=9457"}],"curies":[{"name":"wp","href":"https:\/\/api.w.org\/{rel}","templated":true}]}}