{"id":9454,"date":"2025-03-20T21:45:55","date_gmt":"2025-03-20T17:45:55","guid":{"rendered":"https:\/\/axtarstore.com\/?post_type=product&#038;p=9454"},"modified":"2026-02-19T22:50:21","modified_gmt":"2026-02-19T18:50:21","slug":"saglam-uzun-guclu-sac-kondisioner","status":"publish","type":"product","link":"https:\/\/axtarstore.com\/ru\/product\/saglam-uzun-guclu-sac-kondisioner\/","title":{"rendered":"Trichup Hair Conditioner &#8211; Healthy, Long &#038; Strong"},"content":{"rendered":"<p data-start=\"615\" data-end=\"694\"><strong data-start=\"615\" data-end=\"694\">Trichup Healthy, Long &amp; Strong Sa\u011flam Uzun v\u0259 G\u00fccl\u00fc Sa\u00e7lar \u00fc\u00e7\u00fcn Kondisioner<\/strong><\/p>\n<h2 data-section-id=\"x25m9a\" data-start=\"1005\" data-end=\"1017\">Problem<\/h2>\n<p data-start=\"1019\" data-end=\"1267\">Sa\u00e7lar\u0131 uzatmaq ist\u0259y\u0259n bir \u00e7ox insan \u00fc\u00e7\u00fcn \u0259sas problem uzunlu\u011fun qorunmamas\u0131d\u0131r. Sa\u00e7 uzansa da, q\u0131r\u0131lma v\u0259 struktur z\u0259ifliyi s\u0259b\u0259bind\u0259n ist\u0259nil\u0259n n\u0259tic\u0259 \u0259ld\u0259 edilmir. X\u00fcsusil\u0259 nazik v\u0259 kimy\u0259vi prosedurlardan z\u0259d\u0259l\u0259nmi\u015f sa\u00e7lar daha tez k\u00f6vr\u0259kl\u0259\u015fir.<\/p>\n<p data-start=\"1269\" data-end=\"1296\">\u018fn \u00e7ox rast g\u0259lin\u0259n hallar:<\/p>\n<ul data-start=\"1298\" data-end=\"1417\">\n<li data-section-id=\"1q911mx\" data-start=\"1298\" data-end=\"1320\">\n<p data-start=\"1300\" data-end=\"1320\">Tez q\u0131r\u0131lan sa\u00e7lar<\/p>\n<\/li>\n<li data-section-id=\"1pcf724\" data-start=\"1321\" data-end=\"1344\">\n<p data-start=\"1323\" data-end=\"1344\">Uclar\u0131n ha\u00e7alanmas\u0131<\/p>\n<\/li>\n<li data-section-id=\"1ylve97\" data-start=\"1345\" data-end=\"1376\">\n<p data-start=\"1347\" data-end=\"1376\">Dola\u015f\u0131ql\u0131q v\u0259 \u00e7\u0259tin daranma<\/p>\n<\/li>\n<li data-section-id=\"j6fa9e\" data-start=\"1377\" data-end=\"1392\">\n<p data-start=\"1379\" data-end=\"1392\">H\u0259cm itkisi<\/p>\n<\/li>\n<li data-section-id=\"1mi8tpu\" data-start=\"1393\" data-end=\"1417\">\n<p data-start=\"1395\" data-end=\"1417\">Parlaql\u0131\u011f\u0131n azalmas\u0131<\/p>\n<\/li>\n<\/ul>\n<p data-start=\"1419\" data-end=\"1637\">Yaln\u0131z \u015fampun istifad\u0259si sa\u00e7\u0131n tam b\u0259rpas\u0131 \u00fc\u00e7\u00fcn kifay\u0259t etmir. Sa\u00e7\u0131n yuyulmadan sonra d\u00fczg\u00fcn n\u0259ml\u0259ndirilm\u0259si v\u0259 qorunmas\u0131 vacibdir. Bu m\u0259rh\u0259l\u0259d\u0259 sa\u011flam uzun v\u0259 g\u00fccl\u00fc sa\u00e7lar \u00fc\u00e7\u00fcn kondisioner istifad\u0259si \u0259sas rol oynay\u0131r.<\/p>\n<h2 data-section-id=\"1f8regk\" data-start=\"1639\" data-end=\"1648\">H\u0259ll<\/h2>\n<p data-start=\"1650\" data-end=\"1808\">Trichup Healthy, Long &amp; Strong sa\u011flam uzun v\u0259 g\u00fccl\u00fc sa\u00e7lar \u00fc\u00e7\u00fcn kondisioner sa\u00e7 telini qidaland\u0131raraq elastikliyi art\u0131rma\u011fa v\u0259 q\u0131r\u0131lman\u0131 azaltma\u011fa k\u00f6m\u0259k edir.<\/p>\n<p data-start=\"1810\" data-end=\"1837\">M\u0259hsulun \u0259sas \u00fcst\u00fcnl\u00fckl\u0259ri:<\/p>\n<ul data-start=\"1839\" data-end=\"2014\">\n<li data-section-id=\"1p380if\" data-start=\"1839\" data-end=\"1872\">\n<p data-start=\"1841\" data-end=\"1872\">Sa\u00e7\u0131n n\u0259ml\u0259nm\u0259sini t\u0259min edir<\/p>\n<\/li>\n<li data-section-id=\"ltu5r0\" data-start=\"1873\" data-end=\"1907\">\n<p data-start=\"1875\" data-end=\"1907\">Q\u0131r\u0131lman\u0131 azaltma\u011fa k\u00f6m\u0259k edir<\/p>\n<\/li>\n<li data-section-id=\"18ax0vu\" data-start=\"1908\" data-end=\"1940\">\n<p data-start=\"1910\" data-end=\"1940\">Dola\u015f\u0131ql\u0131\u011f\u0131 minimuma endirir<\/p>\n<\/li>\n<li data-section-id=\"1jdc42f\" data-start=\"1941\" data-end=\"1975\">\n<p data-start=\"1943\" data-end=\"1975\">Sa\u00e7\u0131 a\u011f\u0131rla\u015fd\u0131rmadan yum\u015fald\u0131r<\/p>\n<\/li>\n<li data-section-id=\"14quf1\" data-start=\"1976\" data-end=\"2014\">\n<p data-start=\"1978\" data-end=\"2014\">Parlaql\u0131q v\u0259 hamar g\u00f6r\u00fcn\u00fc\u015f yarad\u0131r<\/p>\n<\/li>\n<\/ul>\n<p data-start=\"2016\" data-end=\"2201\">Sa\u011flam uzun v\u0259 g\u00fccl\u00fc sa\u00e7lar \u00fc\u00e7\u00fcn kondisioner sa\u00e7\u0131n uzunluqlar\u0131n\u0131 qoruyaraq mexaniki z\u0259d\u0259l\u0259nm\u0259nin t\u0259sirini azald\u0131r. Bu is\u0259 daraq v\u0259 d\u00fcz\u00fcm zaman\u0131 sa\u00e7\u0131n daha az q\u0131r\u0131lmas\u0131na \u015f\u0259rait yarad\u0131r.<\/p>\n<p data-start=\"2203\" data-end=\"2243\">X\u00fcsusil\u0259 a\u015fa\u011f\u0131dak\u0131 hallar \u00fc\u00e7\u00fcn uy\u011fundur:<\/p>\n<ul data-start=\"2245\" data-end=\"2411\">\n<li data-section-id=\"1fs90xw\" data-start=\"2245\" data-end=\"2290\">\n<p data-start=\"2247\" data-end=\"2290\">Uzatmaq ist\u0259diyi halda tez q\u0131r\u0131lan sa\u00e7lar<\/p>\n<\/li>\n<li data-section-id=\"1qq9asa\" data-start=\"2291\" data-end=\"2320\">\n<p data-start=\"2293\" data-end=\"2320\">Nazik v\u0259 z\u0259if sa\u00e7 tell\u0259ri<\/p>\n<\/li>\n<li data-section-id=\"12a7f0d\" data-start=\"2321\" data-end=\"2370\">\n<p data-start=\"2323\" data-end=\"2370\">Kimy\u0259vi prosedurlardan sonra z\u0259ifl\u0259mi\u015f sa\u00e7lar<\/p>\n<\/li>\n<li data-section-id=\"1ep6lnn\" data-start=\"2371\" data-end=\"2411\">\n<p data-start=\"2373\" data-end=\"2411\">Quruluq v\u0259 dola\u015f\u0131ql\u0131q ya\u015fayan sa\u00e7lar<\/p>\n<\/li>\n<\/ul>\n<p data-start=\"2413\" data-end=\"2484\">M\u00fcnt\u0259z\u0259m istifad\u0259 sa\u00e7\u0131n daha davaml\u0131 v\u0259 bax\u0131ml\u0131 g\u00f6r\u00fcnm\u0259sin\u0259 k\u00f6m\u0259k edir.<\/p>\n<h2 data-section-id=\"8h2fjp\" data-start=\"2486\" data-end=\"2497\">N\u0259tic\u0259<\/h2>\n<p data-start=\"2499\" data-end=\"2596\">Trichup Healthy, Long &amp; Strong sa\u011flam uzun v\u0259 g\u00fccl\u00fc sa\u00e7lar \u00fc\u00e7\u00fcn kondisioner istifad\u0259sind\u0259n sonra:<\/p>\n<ul data-start=\"2598\" data-end=\"2726\">\n<li data-section-id=\"gt3wl3\" data-start=\"2598\" data-end=\"2623\">\n<p data-start=\"2600\" data-end=\"2623\">Sa\u00e7 daha asan daran\u0131r<\/p>\n<\/li>\n<li data-section-id=\"1x2qb3y\" data-start=\"2624\" data-end=\"2642\">\n<p data-start=\"2626\" data-end=\"2642\">Q\u0131r\u0131lma azal\u0131r<\/p>\n<\/li>\n<li data-section-id=\"vpbvu7\" data-start=\"2643\" data-end=\"2663\">\n<p data-start=\"2645\" data-end=\"2663\">Elastiklik art\u0131r<\/p>\n<\/li>\n<li data-section-id=\"tcypig\" data-start=\"2664\" data-end=\"2686\">\n<p data-start=\"2666\" data-end=\"2686\">Parlaql\u0131q y\u00fcks\u0259lir<\/p>\n<\/li>\n<li data-section-id=\"17i1qxc\" data-start=\"2687\" data-end=\"2726\">\n<p data-start=\"2689\" data-end=\"2726\">Uzunluq daha sa\u011flam \u015f\u0259kild\u0259 qorunur<\/p>\n<\/li>\n<\/ul>\n<p data-start=\"2728\" data-end=\"2829\">Uzunm\u00fcdd\u0259tli istifad\u0259 sa\u00e7\u0131n struktur keyfiyy\u0259tini yax\u015f\u0131la\u015fd\u0131r\u0131r v\u0259 daha dol\u011fun g\u00f6r\u00fcn\u00fc\u015f formala\u015fd\u0131r\u0131r.<\/p>\n<hr data-start=\"2831\" data-end=\"2834\" \/>\n<h1 data-section-id=\"i6u0mb\" data-start=\"2836\" data-end=\"2864\">Niy\u0259 bu m\u0259hsulu almal\u0131yam?<\/h1>\n<ul data-start=\"2866\" data-end=\"3105\">\n<li data-section-id=\"11nh5aw\" data-start=\"2866\" data-end=\"2934\">\n<p data-start=\"2868\" data-end=\"2934\">Sa\u011flam uzun v\u0259 g\u00fccl\u00fc sa\u00e7lar \u00fc\u00e7\u00fcn kondisioner kimi h\u0259d\u0259fli formul<\/p>\n<\/li>\n<li data-section-id=\"p94fdj\" data-start=\"2935\" data-end=\"2961\">\n<p data-start=\"2937\" data-end=\"2961\">Q\u0131r\u0131lmaya qar\u015f\u0131 d\u0259st\u0259k<\/p>\n<\/li>\n<li data-section-id=\"1jdc42f\" data-start=\"2962\" data-end=\"2996\">\n<p data-start=\"2964\" data-end=\"2996\">Sa\u00e7\u0131 a\u011f\u0131rla\u015fd\u0131rmadan yum\u015fald\u0131r<\/p>\n<\/li>\n<li data-section-id=\"f3earz\" data-start=\"2997\" data-end=\"3033\">\n<p data-start=\"2999\" data-end=\"3033\">Uzunlu\u011fun qorunmas\u0131na k\u00f6m\u0259k edir<\/p>\n<\/li>\n<li data-section-id=\"s6h28a\" data-start=\"3034\" data-end=\"3072\">\n<p data-start=\"3036\" data-end=\"3072\">Parlaql\u0131q v\u0259 elastiklik t\u0259min edir<\/p>\n<\/li>\n<li data-section-id=\"1diq1a0\" data-start=\"3073\" data-end=\"3105\">\n<p data-start=\"3075\" data-end=\"3105\">G\u00fcnd\u0259lik istifad\u0259y\u0259 uy\u011fundur<\/p>\n<\/li>\n<\/ul>\n<p data-start=\"3107\" data-end=\"3237\">\u018fg\u0259r sa\u00e7lar\u0131n\u0131z\u0131 uzatmaq v\u0259 eyni zamanda daha g\u00fccl\u00fc saxlamaq ist\u0259yirsinizs\u0259, d\u00fczg\u00fcn se\u00e7ilmi\u015f kondisioner bax\u0131m\u0131n vacib hiss\u0259sidir.<\/p>\n<hr data-start=\"3239\" data-end=\"3242\" \/>\n<h1 data-section-id=\"l833ik\" data-start=\"3244\" data-end=\"3264\">\u0130stifad\u0259 qaydas\u0131<\/h1>\n<ol data-start=\"3266\" data-end=\"3415\">\n<li data-section-id=\"19sg38u\" data-start=\"3266\" data-end=\"3318\">\n<p data-start=\"3269\" data-end=\"3318\">Sa\u00e7\u0131 uy\u011fun \u015fampunla yuduqdan sonra t\u0259tbiq edin.<\/p>\n<\/li>\n<li data-section-id=\"8fp6ne\" data-start=\"3319\" data-end=\"3362\">\n<p data-start=\"3322\" data-end=\"3362\">Sa\u00e7\u0131n uzunluqlar\u0131na v\u0259 uclar\u0131na \u00e7\u0259kin.<\/p>\n<\/li>\n<li data-section-id=\"1mggbuw\" data-start=\"3363\" data-end=\"3388\">\n<p data-start=\"3366\" data-end=\"3388\">2\u20133 d\u0259qiq\u0259 saxlay\u0131n.<\/p>\n<\/li>\n<li data-section-id=\"5st8qo\" data-start=\"3389\" data-end=\"3415\">\n<p data-start=\"3392\" data-end=\"3415\">Bol su il\u0259 yaxalay\u0131n.<\/p>\n<\/li>\n<\/ol>\n<p data-start=\"3417\" data-end=\"3447\">Daimi istifad\u0259 t\u00f6vsiy\u0259 olunur.<\/p>\n<hr data-start=\"3449\" data-end=\"3452\" \/>\n<h1 data-section-id=\"fugqkv\" data-start=\"3454\" data-end=\"3462\">Qeyd<\/h1>\n<ul data-start=\"3464\" data-end=\"3612\">\n<li data-section-id=\"p2wq1c\" data-start=\"3464\" data-end=\"3492\">\n<p data-start=\"3466\" data-end=\"3492\">Xarici istifad\u0259 \u00fc\u00e7\u00fcnd\u00fcr.<\/p>\n<\/li>\n<li data-section-id=\"18go3e\" data-start=\"3493\" data-end=\"3520\">\n<p data-start=\"3495\" data-end=\"3520\">G\u00f6zl\u0259 t\u0259masdan qoruyun.<\/p>\n<\/li>\n<li data-section-id=\"gvn2zq\" data-start=\"3521\" data-end=\"3569\">\n<p data-start=\"3523\" data-end=\"3569\">H\u0259ssasl\u0131q yaranarsa istifad\u0259sini dayand\u0131r\u0131n.<\/p>\n<\/li>\n<li data-section-id=\"2ufj0a\" data-start=\"3570\" data-end=\"3612\">\n<p data-start=\"3572\" data-end=\"3612\">U\u015faqlar\u0131n \u0259li \u00e7atmayan yerd\u0259 saxlay\u0131n.<\/p>\n<\/li>\n<\/ul>","protected":false},"excerpt":{"rendered":"<p>Trichup Healthy, Long &amp; Strong sa\u011flam uzun v\u0259 g\u00fccl\u00fc sa\u00e7lar \u00fc\u00e7\u00fcn kondisioner z\u0259if v\u0259 q\u0131r\u0131lan sa\u00e7lar\u0131n g\u00fcnd\u0259lik bax\u0131m\u0131 \u00fc\u00e7\u00fcn haz\u0131rlanm\u0131\u015fd\u0131r. Sa\u00e7lar\u0131 intensiv n\u0259ml\u0259ndirir, dola\u015f\u0131ql\u0131\u011f\u0131 azald\u0131r v\u0259 uzunlu\u011fun daha sa\u011flam qorunmas\u0131na k\u00f6m\u0259k edir.<\/p>","protected":false},"featured_media":9455,"comment_status":"open","ping_status":"closed","template":"","meta":[],"pwb-brand":[409],"product_cat":[126,137],"product_tag":[308],"class_list":{"0":"post-9454","1":"product","2":"type-product","3":"status-publish","4":"has-post-thumbnail","6":"pwb-brand-trichup","7":"product_cat-haircare","8":"product_cat-kondisioner","9":"product_tag-haircare","10":"pa_size-200ml","13":"instock","14":"sale","15":"shipping-taxable","16":"purchasable","17":"product-type-simple"},"brands":[{"id":409,"name":"Trichup","slug":"trichup"}],"_links":{"self":[{"href":"https:\/\/axtarstore.com\/ru\/wp-json\/wp\/v2\/product\/9454"}],"collection":[{"href":"https:\/\/axtarstore.com\/ru\/wp-json\/wp\/v2\/product"}],"about":[{"href":"https:\/\/axtarstore.com\/ru\/wp-json\/wp\/v2\/types\/product"}],"replies":[{"embeddable":true,"href":"https:\/\/axtarstore.com\/ru\/wp-json\/wp\/v2\/comments?post=9454"}],"version-history":[{"count":3,"href":"https:\/\/axtarstore.com\/ru\/wp-json\/wp\/v2\/product\/9454\/revisions"}],"predecessor-version":[{"id":11263,"href":"https:\/\/axtarstore.com\/ru\/wp-json\/wp\/v2\/product\/9454\/revisions\/11263"}],"wp:featuredmedia":[{"embeddable":true,"href":"https:\/\/axtarstore.com\/ru\/wp-json\/wp\/v2\/media\/9455"}],"wp:attachment":[{"href":"https:\/\/axtarstore.com\/ru\/wp-json\/wp\/v2\/media?parent=9454"}],"wp:term":[{"taxonomy":"pwb-brand","embeddable":true,"href":"https:\/\/axtarstore.com\/ru\/wp-json\/wp\/v2\/pwb-brand?post=9454"},{"taxonomy":"product_cat","embeddable":true,"href":"https:\/\/axtarstore.com\/ru\/wp-json\/wp\/v2\/product_cat?post=9454"},{"taxonomy":"product_tag","embeddable":true,"href":"https:\/\/axtarstore.com\/ru\/wp-json\/wp\/v2\/product_tag?post=9454"}],"curies":[{"name":"wp","href":"https:\/\/api.w.org\/{rel}","templated":true}]}}