{"id":9451,"date":"2025-03-20T21:39:29","date_gmt":"2025-03-20T17:39:29","guid":{"rendered":"https:\/\/axtarstore.com\/?post_type=product&#038;p=9451"},"modified":"2026-02-19T22:59:24","modified_gmt":"2026-02-19T18:59:24","slug":"trichup-anti-dandruff-hair-cream-k%c9%99p%c9%99y%c9%99-qarsi","status":"publish","type":"product","link":"https:\/\/axtarstore.com\/ru\/product\/trichup-anti-dandruff-hair-cream-k%c9%99p%c9%99y%c9%99-qarsi\/","title":{"rendered":"Trichup Anti Dandruff Hair Cream"},"content":{"rendered":"<h2 data-section-id=\"1f6phju\" data-start=\"890\" data-end=\"966\">Trichup Anti Dandruff Hair Cream \u2013 K\u0259p\u0259y\u0259 Qar\u015f\u0131 Bitki M\u0259n\u015f\u0259li Sa\u00e7 Qullu\u011fu<\/h2>\n<h3 data-section-id=\"ydusx9\" data-start=\"968\" data-end=\"979\">Problem<\/h3>\n<p data-start=\"981\" data-end=\"1224\">K\u0259p\u0259k v\u0259 sa\u00e7 d\u0259risind\u0259 qa\u015f\u0131nt\u0131 bir \u00e7ox insan\u0131n qar\u015f\u0131la\u015fd\u0131\u011f\u0131 estetik v\u0259 funksional problemdir. Quru v\u0259 ya h\u0259ddind\u0259n art\u0131q ya\u011fl\u0131 sa\u00e7 d\u0259risi, d\u00fczg\u00fcn olmayan qulluq vasit\u0259l\u0259ri v\u0259 \u0259traf m\u00fchit faktorlar\u0131 sa\u00e7 d\u0259risinin balans\u0131n\u0131 poza bil\u0259r. N\u0259tic\u0259d\u0259:<\/p>\n<ul data-start=\"1226\" data-end=\"1397\">\n<li data-section-id=\"1vva6on\" data-start=\"1226\" data-end=\"1265\">\n<p data-start=\"1228\" data-end=\"1265\">Sa\u00e7 d\u0259risind\u0259 a\u011f qab\u0131qlanma yaran\u0131r<\/p>\n<\/li>\n<li data-section-id=\"49ydxv\" data-start=\"1266\" data-end=\"1303\">\n<p data-start=\"1268\" data-end=\"1303\">Qa\u015f\u0131nt\u0131 v\u0259 narahatl\u0131q hissi art\u0131r<\/p>\n<\/li>\n<li data-section-id=\"qm8wc9\" data-start=\"1304\" data-end=\"1341\">\n<p data-start=\"1306\" data-end=\"1341\">Sa\u00e7lar sol\u011fun v\u0259 bax\u0131ms\u0131z g\u00f6r\u00fcn\u00fcr<\/p>\n<\/li>\n<li data-section-id=\"1b9d22s\" data-start=\"1342\" data-end=\"1397\">\n<p data-start=\"1344\" data-end=\"1397\">\u00c7iyinl\u0259rd\u0259 g\u00f6r\u00fcn\u0259n k\u0259p\u0259k estetik narahatl\u0131q yarad\u0131r<\/p>\n<\/li>\n<\/ul>\n<p data-start=\"1399\" data-end=\"1523\">Adi \u015fampunlar b\u0259z\u0259n problemi m\u00fcv\u0259qq\u0259ti azaltsa da, sa\u00e7 d\u0259risinin d\u0259rin qatlar\u0131nda laz\u0131mi qidalanman\u0131 v\u0259 balans\u0131 t\u0259min etmir.<\/p>\n<hr data-start=\"1525\" data-end=\"1528\" \/>\n<h3 data-section-id=\"ynb8lz\" data-start=\"1530\" data-end=\"1538\">H\u0259ll<\/h3>\n<p data-start=\"1540\" data-end=\"1738\"><strong data-start=\"1540\" data-end=\"1576\">Trichup Anti Dandruff Hair Cream<\/strong> bitki m\u0259n\u015f\u0259li aktiv komponentl\u0259rl\u0259 z\u0259nginl\u0259\u015fdirilmi\u015f formulaya malikdir. T\u0259rkibind\u0259 \u0259n\u0259n\u0259vi olaraq sa\u00e7 d\u0259risin\u0259 faydas\u0131 il\u0259 tan\u0131nan bitki ekstraktlar\u0131 m\u00f6vcuddur.<\/p>\n<p data-start=\"1740\" data-end=\"1767\">M\u0259hsulun \u0259sas \u00fcst\u00fcnl\u00fckl\u0259ri:<\/p>\n<ul data-start=\"1769\" data-end=\"1985\">\n<li data-section-id=\"1kienmu\" data-start=\"1769\" data-end=\"1811\">\n<p data-start=\"1771\" data-end=\"1811\">Sa\u00e7 d\u0259risinin n\u0259mlik balans\u0131n\u0131 qoruyur<\/p>\n<\/li>\n<li data-section-id=\"b9kkht\" data-start=\"1812\" data-end=\"1864\">\n<p data-start=\"1814\" data-end=\"1864\">K\u0259p\u0259yin yaranma s\u0259b\u0259bl\u0259rin\u0259 qar\u015f\u0131 t\u0259sir g\u00f6st\u0259rir<\/p>\n<\/li>\n<li data-section-id=\"iwk1co\" data-start=\"1865\" data-end=\"1905\">\n<p data-start=\"1867\" data-end=\"1905\">Qa\u015f\u0131nt\u0131n\u0131 v\u0259 quruluq hissini azald\u0131r<\/p>\n<\/li>\n<li data-section-id=\"1j3a92w\" data-start=\"1906\" data-end=\"1936\">\n<p data-start=\"1908\" data-end=\"1936\">Sa\u00e7 k\u00f6kl\u0259rini qidaland\u0131r\u0131r<\/p>\n<\/li>\n<li data-section-id=\"18a9e57\" data-start=\"1937\" data-end=\"1985\">\n<p data-start=\"1939\" data-end=\"1985\">Sa\u00e7lara daha canl\u0131 v\u0259 s\u0259liq\u0259li g\u00f6r\u00fcn\u00fc\u015f verir<\/p>\n<\/li>\n<\/ul>\n<p data-start=\"1987\" data-end=\"2168\">Krem teksturas\u0131 say\u0259sind\u0259 sa\u00e7 d\u0259risin\u0259 rahat yay\u0131l\u0131r v\u0259 ya\u011fl\u0131l\u0131q hissi yaratmadan hopur. Bu x\u00fcsusiyy\u0259t onu h\u0259m ki\u015fil\u0259r, h\u0259m d\u0259 qad\u0131nlar \u00fc\u00e7\u00fcn g\u00fcnd\u0259lik istifad\u0259 bax\u0131m\u0131ndan uy\u011fun edir.<\/p>\n<hr data-start=\"2170\" data-end=\"2173\" \/>\n<h3 data-section-id=\"rgleae\" data-start=\"2175\" data-end=\"2185\">N\u0259tic\u0259<\/h3>\n<p data-start=\"2187\" data-end=\"2212\">M\u00fcnt\u0259z\u0259m istifad\u0259 zaman\u0131:<\/p>\n<ul data-start=\"2214\" data-end=\"2369\">\n<li data-section-id=\"llghb7\" data-start=\"2214\" data-end=\"2239\">\n<p data-start=\"2216\" data-end=\"2239\">K\u0259p\u0259k g\u00f6r\u00fcn\u00fc\u015f\u00fc azal\u0131r<\/p>\n<\/li>\n<li data-section-id=\"1fq1heu\" data-start=\"2240\" data-end=\"2282\">\n<p data-start=\"2242\" data-end=\"2282\">Sa\u00e7 d\u0259risi daha rahat v\u0259 balansl\u0131 olur<\/p>\n<\/li>\n<li data-section-id=\"4gne2x\" data-start=\"2283\" data-end=\"2324\">\n<p data-start=\"2285\" data-end=\"2324\">Sa\u00e7lar daha sa\u011flam v\u0259 bax\u0131ml\u0131 g\u00f6r\u00fcn\u00fcr<\/p>\n<\/li>\n<li data-section-id=\"1s160a3\" data-start=\"2325\" data-end=\"2369\">\n<p data-start=\"2327\" data-end=\"2369\">Uzunm\u00fcdd\u0259tli qulluq effekti t\u0259min olunur<\/p>\n<\/li>\n<\/ul>\n<p data-start=\"2371\" data-end=\"2554\">Sa\u00e7 d\u0259risinin sa\u011flaml\u0131\u011f\u0131 \u00fcmumi sa\u00e7 g\u00f6r\u00fcn\u00fc\u015f\u00fcn\u00fcn \u0259sas \u015f\u0259rtidir. Trichup Anti Dandruff Hair Cream bu balans\u0131 qoruma\u011fa k\u00f6m\u0259k edir v\u0259 profilaktik qulluq vasit\u0259si kimi istifad\u0259 oluna bil\u0259r.<\/p>\n<hr data-start=\"2556\" data-end=\"2559\" \/>\n<h2 data-section-id=\"1u1lujk\" data-start=\"2561\" data-end=\"2590\">Niy\u0259 bu m\u0259hsulu almal\u0131yam?<\/h2>\n<ul data-start=\"2592\" data-end=\"2838\">\n<li data-section-id=\"134drmv\" data-start=\"2592\" data-end=\"2628\">\n<p data-start=\"2594\" data-end=\"2628\">Bitki m\u0259n\u015f\u0259li formulaya malikdir<\/p>\n<\/li>\n<li data-section-id=\"1v33b3w\" data-start=\"2629\" data-end=\"2686\">\n<p data-start=\"2631\" data-end=\"2686\">K\u0259p\u0259k v\u0259 qa\u015f\u0131nt\u0131ya qar\u015f\u0131 kompleks yana\u015fma t\u0259qdim edir<\/p>\n<\/li>\n<li data-section-id=\"vycyd0\" data-start=\"2687\" data-end=\"2727\">\n<p data-start=\"2689\" data-end=\"2727\">Sa\u00e7 d\u0259risini qidaland\u0131r\u0131r v\u0259 qoruyur<\/p>\n<\/li>\n<li data-section-id=\"9nd7rl\" data-start=\"2728\" data-end=\"2763\">\n<p data-start=\"2730\" data-end=\"2763\">G\u00fcnd\u0259lik istifad\u0259 \u00fc\u00e7\u00fcn uy\u011fundur<\/p>\n<\/li>\n<li data-section-id=\"ns63hm\" data-start=\"2764\" data-end=\"2786\">\n<p data-start=\"2766\" data-end=\"2786\">Sa\u00e7\u0131 a\u011f\u0131rla\u015fd\u0131rm\u0131r<\/p>\n<\/li>\n<li data-section-id=\"1cix6vi\" data-start=\"2787\" data-end=\"2838\">\n<p data-start=\"2789\" data-end=\"2838\">Ev \u015f\u0259raitind\u0259 professional qulluq effekti verir<\/p>\n<\/li>\n<\/ul>\n<p data-start=\"2840\" data-end=\"2985\">K\u0259p\u0259k problemini yaln\u0131z vizual deyil, s\u0259b\u0259b y\u00f6n\u00fcml\u00fc \u015f\u0259kild\u0259 n\u0259zar\u0259t alt\u0131na almaq ist\u0259yirsinizs\u0259, Trichup Anti Dandruff Hair Cream uy\u011fun se\u00e7imdir.<\/p>\n<hr data-start=\"2987\" data-end=\"2990\" \/>\n<h2 data-section-id=\"1ix87lb\" data-start=\"2992\" data-end=\"3011\">\u0130stifad\u0259 Qaydas\u0131<\/h2>\n<ol data-start=\"3013\" data-end=\"3233\">\n<li data-section-id=\"rh94sl\" data-start=\"3013\" data-end=\"3066\">\n<p data-start=\"3016\" data-end=\"3066\">Sa\u00e7lar t\u0259miz v\u0259 azca n\u0259mli v\u0259 ya quru olmal\u0131d\u0131r.<\/p>\n<\/li>\n<li data-section-id=\"54oxlp\" data-start=\"3067\" data-end=\"3119\">\n<p data-start=\"3070\" data-end=\"3119\">Kifay\u0259t q\u0259d\u0259r miqdarda kremi ovucunuza g\u00f6t\u00fcr\u00fcn.<\/p>\n<\/li>\n<li data-section-id=\"1bz9dm5\" data-start=\"3120\" data-end=\"3180\">\n<p data-start=\"3123\" data-end=\"3180\">Sa\u00e7 d\u0259risin\u0259 v\u0259 sa\u00e7 dibl\u0259rin\u0259 masaj ed\u0259r\u0259k t\u0259tbiq edin.<\/p>\n<\/li>\n<li data-section-id=\"1iozrj9\" data-start=\"3181\" data-end=\"3233\">\n<p data-start=\"3184\" data-end=\"3233\">\u0130st\u0259y\u0259 uy\u011fun olaraq yuyulmadan saxlan\u0131la bil\u0259r.<\/p>\n<\/li>\n<\/ol>\n<p data-start=\"3235\" data-end=\"3294\">Daha effektiv n\u0259tic\u0259 \u00fc\u00e7\u00fcn m\u00fcnt\u0259z\u0259m istifad\u0259 t\u00f6vsiy\u0259 olunur.<\/p>\n<hr data-start=\"3296\" data-end=\"3299\" \/>\n<h2 data-section-id=\"1lbbi0g\" data-start=\"3301\" data-end=\"3325\">Kiml\u0259r \u00fc\u00e7\u00fcn uy\u011fundur?<\/h2>\n<ul data-start=\"3327\" data-end=\"3509\">\n<li data-section-id=\"12h7uj9\" data-start=\"3327\" data-end=\"3356\">\n<p data-start=\"3329\" data-end=\"3356\">K\u0259p\u0259k problemi ya\u015fayanlar<\/p>\n<\/li>\n<li data-section-id=\"fqoohc\" data-start=\"3357\" data-end=\"3401\">\n<p data-start=\"3359\" data-end=\"3401\">Sa\u00e7 d\u0259risind\u0259 qa\u015f\u0131nt\u0131 v\u0259 quruluq olanlar<\/p>\n<\/li>\n<li data-section-id=\"szbmqa\" data-start=\"3402\" data-end=\"3458\">\n<p data-start=\"3404\" data-end=\"3458\">Bitki t\u0259rkibli sa\u00e7 bax\u0131m m\u0259hsuluna \u00fcst\u00fcnl\u00fck ver\u0259nl\u0259r<\/p>\n<\/li>\n<li data-section-id=\"mhvdcx\" data-start=\"3459\" data-end=\"3509\">\n<p data-start=\"3461\" data-end=\"3509\">G\u00fcnd\u0259lik qulluq \u00fc\u00e7\u00fcn praktik m\u0259hsul axtaranlar<\/p>\n<\/li>\n<\/ul>\n<hr data-start=\"3511\" data-end=\"3514\" \/>\n<h2 data-section-id=\"1xwdj0s\" data-start=\"3516\" data-end=\"3523\">Qeyd<\/h2>\n<ul data-start=\"3525\" data-end=\"3728\">\n<li data-section-id=\"1p60hhz\" data-start=\"3525\" data-end=\"3567\">\n<p data-start=\"3527\" data-end=\"3567\">M\u0259hsul yaln\u0131z xarici istifad\u0259 \u00fc\u00e7\u00fcnd\u00fcr.<\/p>\n<\/li>\n<li data-section-id=\"1uo8d0\" data-start=\"3568\" data-end=\"3595\">\n<p data-start=\"3570\" data-end=\"3595\">G\u00f6zl\u0259 t\u0259masdan \u00e7\u0259kinin.<\/p>\n<\/li>\n<li data-section-id=\"41v147\" data-start=\"3596\" data-end=\"3685\">\n<p data-start=\"3598\" data-end=\"3685\">H\u0259ssas d\u0259riy\u0259 malik \u015f\u0259xsl\u0259r istifad\u0259 etm\u0259zd\u0259n \u0259vv\u0259l ki\u00e7ik nahiy\u0259d\u0259 test ed\u0259 bil\u0259rl\u0259r.<\/p>\n<\/li>\n<li data-section-id=\"2ufj0a\" data-start=\"3686\" data-end=\"3728\">\n<p data-start=\"3688\" data-end=\"3728\">U\u015faqlar\u0131n \u0259li \u00e7atmayan yerd\u0259 saxlay\u0131n.<\/p>\n<\/li>\n<\/ul>","protected":false},"excerpt":{"rendered":"<p><strong data-start=\"641\" data-end=\"677\">Trichup Anti Dandruff Hair Cream<\/strong> \u2013 k\u0259p\u0259y\u0259 qar\u015f\u0131 bitki m\u0259n\u015f\u0259li sa\u00e7 kremidir. Sa\u00e7 d\u0259risini qidaland\u0131r\u0131r, qa\u015f\u0131nt\u0131n\u0131 azald\u0131r v\u0259 sa\u00e7lara sa\u011flam g\u00f6r\u00fcn\u00fc\u015f qazand\u0131r\u0131r. Ya\u011fl\u0131l\u0131q yaratmadan g\u00fcnd\u0259lik istifad\u0259 \u00fc\u00e7\u00fcn uy\u011fundur.<\/p>","protected":false},"featured_media":9452,"comment_status":"open","ping_status":"closed","template":"","meta":[],"pwb-brand":[409],"product_cat":[126,411,136],"product_tag":[308],"class_list":{"0":"post-9451","1":"product","2":"type-product","3":"status-publish","4":"has-post-thumbnail","6":"pwb-brand-trichup","7":"product_cat-haircare","8":"product_cat-sac-kremi","9":"product_cat-masks","10":"product_tag-haircare","11":"pa_size-150ml","14":"instock","15":"sale","16":"shipping-taxable","17":"purchasable","18":"product-type-simple"},"brands":[{"id":409,"name":"Trichup","slug":"trichup"}],"_links":{"self":[{"href":"https:\/\/axtarstore.com\/ru\/wp-json\/wp\/v2\/product\/9451"}],"collection":[{"href":"https:\/\/axtarstore.com\/ru\/wp-json\/wp\/v2\/product"}],"about":[{"href":"https:\/\/axtarstore.com\/ru\/wp-json\/wp\/v2\/types\/product"}],"replies":[{"embeddable":true,"href":"https:\/\/axtarstore.com\/ru\/wp-json\/wp\/v2\/comments?post=9451"}],"version-history":[{"count":3,"href":"https:\/\/axtarstore.com\/ru\/wp-json\/wp\/v2\/product\/9451\/revisions"}],"predecessor-version":[{"id":11264,"href":"https:\/\/axtarstore.com\/ru\/wp-json\/wp\/v2\/product\/9451\/revisions\/11264"}],"wp:featuredmedia":[{"embeddable":true,"href":"https:\/\/axtarstore.com\/ru\/wp-json\/wp\/v2\/media\/9452"}],"wp:attachment":[{"href":"https:\/\/axtarstore.com\/ru\/wp-json\/wp\/v2\/media?parent=9451"}],"wp:term":[{"taxonomy":"pwb-brand","embeddable":true,"href":"https:\/\/axtarstore.com\/ru\/wp-json\/wp\/v2\/pwb-brand?post=9451"},{"taxonomy":"product_cat","embeddable":true,"href":"https:\/\/axtarstore.com\/ru\/wp-json\/wp\/v2\/product_cat?post=9451"},{"taxonomy":"product_tag","embeddable":true,"href":"https:\/\/axtarstore.com\/ru\/wp-json\/wp\/v2\/product_tag?post=9451"}],"curies":[{"name":"wp","href":"https:\/\/api.w.org\/{rel}","templated":true}]}}