{"id":9445,"date":"2025-03-20T21:32:06","date_gmt":"2025-03-20T17:32:06","guid":{"rendered":"https:\/\/axtarstore.com\/?post_type=product&#038;p=9445"},"modified":"2026-02-19T23:17:52","modified_gmt":"2026-02-19T19:17:52","slug":"trichup-healthy-long-strong-hair-cream","status":"publish","type":"product","link":"https:\/\/axtarstore.com\/ru\/product\/trichup-healthy-long-strong-hair-cream\/","title":{"rendered":"Trichup Healthy, Long &#038; Strong Hair Cream"},"content":{"rendered":"<h1 data-section-id=\"htl11t\" data-start=\"855\" data-end=\"895\">Trichup Healthy Long Strong Hair Cream<\/h1>\n<h2 data-section-id=\"1vca5ww\" data-start=\"897\" data-end=\"954\">Sa\u011flam, Uzun v\u0259 G\u00fccl\u00fc Sa\u00e7lar \u00fc\u00e7\u00fcn Bitki M\u0259n\u015f\u0259li Qulluq<\/h2>\n<h3 data-section-id=\"ydusx9\" data-start=\"956\" data-end=\"967\">Problem<\/h3>\n<p data-start=\"969\" data-end=\"1191\">Z\u0259if, q\u0131r\u0131lan v\u0259 gec uzanan sa\u00e7lar bir \u00e7ox insan \u00fc\u00e7\u00fcn g\u00fcnd\u0259lik narahatl\u0131q yarad\u0131r. Kimy\u0259vi prosedurlar, istilikl\u0259 formala\u015fd\u0131rma, qeyri-d\u00fczg\u00fcn qulluq vasit\u0259l\u0259ri v\u0259 \u0259traf m\u00fchit faktorlar\u0131 sa\u00e7 strukturunu z\u0259ifl\u0259dir. N\u0259tic\u0259d\u0259:<\/p>\n<ul data-start=\"1193\" data-end=\"1329\">\n<li data-section-id=\"1or5wll\" data-start=\"1193\" data-end=\"1240\">\n<p data-start=\"1195\" data-end=\"1240\">Sa\u00e7 tell\u0259ri inc\u0259lir v\u0259 elastikliyini itirir<\/p>\n<\/li>\n<li data-section-id=\"vb5bz4\" data-start=\"1241\" data-end=\"1266\">\n<p data-start=\"1243\" data-end=\"1266\">Uclar tez-tez q\u0131r\u0131l\u0131r<\/p>\n<\/li>\n<li data-section-id=\"1n9j2nw\" data-start=\"1267\" data-end=\"1293\">\n<p data-start=\"1269\" data-end=\"1293\">Uzama prosesi l\u0259ngiyir<\/p>\n<\/li>\n<li data-section-id=\"1wz30qa\" data-start=\"1294\" data-end=\"1329\">\n<p data-start=\"1296\" data-end=\"1329\">Sa\u00e7lar sol\u011fun v\u0259 cans\u0131z g\u00f6r\u00fcn\u00fcr<\/p>\n<\/li>\n<\/ul>\n<p data-start=\"1331\" data-end=\"1461\">Sa\u00e7\u0131n sa\u011flam uzanmas\u0131 \u00fc\u00e7\u00fcn yaln\u0131z yuma m\u0259rh\u0259l\u0259si kifay\u0259t etmir. Sa\u00e7 d\u0259risi v\u0259 tell\u0259r m\u00fcnt\u0259z\u0259m qidaland\u0131r\u0131c\u0131 d\u0259st\u0259y\u0259 ehtiyac duyur.<\/p>\n<hr data-start=\"1463\" data-end=\"1466\" \/>\n<h3 data-section-id=\"ynb8lz\" data-start=\"1468\" data-end=\"1476\">H\u0259ll<\/h3>\n<p data-start=\"1478\" data-end=\"1633\"><strong data-start=\"1478\" data-end=\"1520\">Trichup Healthy Long Strong Hair Cream<\/strong> sa\u00e7lar\u0131n m\u00f6hk\u0259ml\u0259ndirilm\u0259si v\u0259 daha sa\u011flam g\u00f6r\u00fcn\u00fc\u015f qazanmas\u0131 \u00fc\u00e7\u00fcn haz\u0131rlanm\u0131\u015f bitki t\u0259rkibli formulaya malikdir.<\/p>\n<p data-start=\"1635\" data-end=\"1659\">M\u0259hsulun x\u00fcsusiyy\u0259tl\u0259ri:<\/p>\n<ul data-start=\"1661\" data-end=\"1870\">\n<li data-section-id=\"1lu13dm\" data-start=\"1661\" data-end=\"1704\">\n<p data-start=\"1663\" data-end=\"1704\">Sa\u00e7 tell\u0259rini qidaland\u0131rma\u011fa k\u00f6m\u0259k edir<\/p>\n<\/li>\n<li data-section-id=\"18nzxo2\" data-start=\"1705\" data-end=\"1745\">\n<p data-start=\"1707\" data-end=\"1745\">Z\u0259if v\u0259 k\u00f6vr\u0259k strukturu d\u0259st\u0259kl\u0259yir<\/p>\n<\/li>\n<li data-section-id=\"1eplo1x\" data-start=\"1746\" data-end=\"1783\">\n<p data-start=\"1748\" data-end=\"1783\">Q\u0131r\u0131lman\u0131n azalmas\u0131na yard\u0131m edir<\/p>\n<\/li>\n<li data-section-id=\"4hckby\" data-start=\"1784\" data-end=\"1827\">\n<p data-start=\"1786\" data-end=\"1827\">Sa\u00e7\u0131n elastikliyini qoruma\u011fa k\u00f6m\u0259k edir<\/p>\n<\/li>\n<li data-section-id=\"ua05o\" data-start=\"1828\" data-end=\"1870\">\n<p data-start=\"1830\" data-end=\"1870\">Daha dol\u011fun v\u0259 bax\u0131ml\u0131 g\u00f6r\u00fcn\u00fc\u015f yarad\u0131r<\/p>\n<\/li>\n<\/ul>\n<p data-start=\"1872\" data-end=\"2004\">Krem teksturas\u0131 sa\u00e7lara rahat yay\u0131l\u0131r v\u0259 g\u00fcnd\u0259lik istifad\u0259 \u00fc\u00e7\u00fcn uy\u011fundur. Sa\u00e7\u0131 a\u011f\u0131rla\u015fd\u0131rmadan s\u0259liq\u0259li v\u0259 canl\u0131 g\u00f6r\u00fcn\u00fc\u015f t\u0259min edir.<\/p>\n<p data-start=\"2006\" data-end=\"2189\">Bitki m\u0259n\u015f\u0259li aktiv komponentl\u0259r sa\u00e7 d\u0259risinin balans\u0131n\u0131 qoruma\u011fa v\u0259 tell\u0259rin m\u00f6hk\u0259ml\u0259nm\u0259sin\u0259 d\u0259st\u0259k g\u00f6st\u0259rm\u0259y\u0259 y\u00f6n\u0259lib. M\u0259hsul h\u0259m qad\u0131nlar, h\u0259m d\u0259 ki\u015fil\u0259r \u00fc\u00e7\u00fcn istifad\u0259 edil\u0259 bil\u0259r.<\/p>\n<hr data-start=\"2191\" data-end=\"2194\" \/>\n<h3 data-section-id=\"rgleae\" data-start=\"2196\" data-end=\"2206\">N\u0259tic\u0259<\/h3>\n<p data-start=\"2208\" data-end=\"2233\">M\u00fcnt\u0259z\u0259m istifad\u0259 zaman\u0131:<\/p>\n<ul data-start=\"2235\" data-end=\"2382\">\n<li data-section-id=\"3ag34p\" data-start=\"2235\" data-end=\"2264\">\n<p data-start=\"2237\" data-end=\"2264\">Sa\u00e7lar daha g\u00fccl\u00fc g\u00f6r\u00fcn\u00fcr<\/p>\n<\/li>\n<li data-section-id=\"1x2qb3y\" data-start=\"2265\" data-end=\"2283\">\n<p data-start=\"2267\" data-end=\"2283\">Q\u0131r\u0131lma azal\u0131r<\/p>\n<\/li>\n<li data-section-id=\"1jsnoai\" data-start=\"2284\" data-end=\"2333\">\n<p data-start=\"2286\" data-end=\"2333\">Uzama prosesi daha sa\u011flam \u015f\u0259raitd\u0259 davam edir<\/p>\n<\/li>\n<li data-section-id=\"1r1stn3\" data-start=\"2334\" data-end=\"2382\">\n<p data-start=\"2336\" data-end=\"2382\">Sa\u00e7lar daha canl\u0131 v\u0259 parlaq t\u0259sir ba\u011f\u0131\u015flay\u0131r<\/p>\n<\/li>\n<\/ul>\n<p data-start=\"2384\" data-end=\"2532\">Sa\u00e7\u0131n uzun v\u0259 sa\u011flam g\u00f6r\u00fcnm\u0259si davaml\u0131 qulluq t\u0259l\u0259b edir. Trichup Healthy Long Strong Hair Cream g\u00fcnd\u0259lik bax\u0131m rutininin effektiv tamamlay\u0131c\u0131s\u0131d\u0131r.<\/p>\n<hr data-start=\"2534\" data-end=\"2537\" \/>\n<h2 data-section-id=\"1u1lujk\" data-start=\"2539\" data-end=\"2568\">Niy\u0259 bu m\u0259hsulu almal\u0131yam?<\/h2>\n<ul data-start=\"2570\" data-end=\"2813\">\n<li data-section-id=\"1gc0l7y\" data-start=\"2570\" data-end=\"2627\">\n<p data-start=\"2572\" data-end=\"2627\">Sa\u011flam v\u0259 g\u00fccl\u00fc sa\u00e7 g\u00f6r\u00fcn\u00fc\u015f\u00fc \u00fc\u00e7\u00fcn haz\u0131rlanm\u0131\u015f formula<\/p>\n<\/li>\n<li data-section-id=\"1ydu5ot\" data-start=\"2628\" data-end=\"2664\">\n<p data-start=\"2630\" data-end=\"2664\">Bitki m\u0259n\u015f\u0259li aktiv komponentl\u0259r<\/p>\n<\/li>\n<li data-section-id=\"g4ksxi\" data-start=\"2665\" data-end=\"2705\">\n<p data-start=\"2667\" data-end=\"2705\">Sa\u00e7\u0131 a\u011f\u0131rla\u015fd\u0131rmayan krem teksturas\u0131<\/p>\n<\/li>\n<li data-section-id=\"idxp3v\" data-start=\"2706\" data-end=\"2735\">\n<p data-start=\"2708\" data-end=\"2735\">G\u00fcnd\u0259lik istifad\u0259y\u0259 uy\u011fun<\/p>\n<\/li>\n<li data-section-id=\"1oozhzx\" data-start=\"2736\" data-end=\"2770\">\n<p data-start=\"2738\" data-end=\"2770\">Qad\u0131n v\u0259 ki\u015fil\u0259r \u00fc\u00e7\u00fcn uy\u011fundur<\/p>\n<\/li>\n<li data-section-id=\"1nc0ujr\" data-start=\"2771\" data-end=\"2813\">\n<p data-start=\"2773\" data-end=\"2813\">Uzunm\u00fcdd\u0259tli qulluq \u00fc\u00e7\u00fcn praktik se\u00e7im<\/p>\n<\/li>\n<\/ul>\n<p data-start=\"2815\" data-end=\"2936\">Sa\u00e7lar\u0131n h\u0259m sa\u011flam, h\u0259m d\u0259 estetik g\u00f6r\u00fcnm\u0259si \u00fc\u00e7\u00fcn balansl\u0131 qulluq vacibdir. Bu m\u0259hsul h\u0259min balans\u0131 qoruma\u011fa k\u00f6m\u0259k edir.<\/p>\n<hr data-start=\"2938\" data-end=\"2941\" \/>\n<h2 data-section-id=\"1exkxu7\" data-start=\"2943\" data-end=\"2962\">\u0130stifad\u0259 qaydas\u0131<\/h2>\n<ol data-start=\"2964\" data-end=\"3158\">\n<li data-section-id=\"rh94sl\" data-start=\"2964\" data-end=\"3017\">\n<p data-start=\"2967\" data-end=\"3017\">Sa\u00e7lar t\u0259miz v\u0259 azca n\u0259mli v\u0259 ya quru olmal\u0131d\u0131r.<\/p>\n<\/li>\n<li data-section-id=\"x618o9\" data-start=\"3018\" data-end=\"3063\">\n<p data-start=\"3021\" data-end=\"3063\">Laz\u0131mi miqdarda kremi ovucunuza g\u00f6t\u00fcr\u00fcn.<\/p>\n<\/li>\n<li data-section-id=\"ywsipf\" data-start=\"3064\" data-end=\"3125\">\n<p data-start=\"3067\" data-end=\"3125\">Sa\u00e7 d\u0259risin\u0259 v\u0259 sa\u00e7 uzunlu\u011funa masaj ed\u0259r\u0259k t\u0259tbiq edin.<\/p>\n<\/li>\n<li data-section-id=\"jhxctf\" data-start=\"3126\" data-end=\"3158\">\n<p data-start=\"3129\" data-end=\"3158\">Yuyulmadan saxlan\u0131la bil\u0259r.<\/p>\n<\/li>\n<\/ol>\n<p data-start=\"3160\" data-end=\"3213\">Davaml\u0131 n\u0259tic\u0259 \u00fc\u00e7\u00fcn m\u00fcnt\u0259z\u0259m istifad\u0259 t\u00f6vsiy\u0259 olunur.<\/p>\n<hr data-start=\"3215\" data-end=\"3218\" \/>\n<h2 data-section-id=\"1xwdj0s\" data-start=\"3220\" data-end=\"3227\">Qeyd<\/h2>\n<ul data-start=\"3229\" data-end=\"3391\">\n<li data-section-id=\"11ilav5\" data-start=\"3229\" data-end=\"3264\">\n<p data-start=\"3231\" data-end=\"3264\">Yaln\u0131z xarici istifad\u0259 \u00fc\u00e7\u00fcnd\u00fcr.<\/p>\n<\/li>\n<li data-section-id=\"1uo8d0\" data-start=\"3265\" data-end=\"3292\">\n<p data-start=\"3267\" data-end=\"3292\">G\u00f6zl\u0259 t\u0259masdan \u00e7\u0259kinin.<\/p>\n<\/li>\n<li data-section-id=\"171uoj8\" data-start=\"3293\" data-end=\"3348\">\n<p data-start=\"3295\" data-end=\"3348\">H\u0259ssas d\u0259riy\u0259 malik \u015f\u0259xsl\u0259r \u0259vv\u0259lc\u0259 test etm\u0259lidir.<\/p>\n<\/li>\n<li data-section-id=\"2ufj0a\" data-start=\"3349\" data-end=\"3391\">\n<p data-start=\"3351\" data-end=\"3391\">U\u015faqlar\u0131n \u0259li \u00e7atmayan yerd\u0259 saxlay\u0131n.<\/p>\n<\/li>\n<\/ul>","protected":false},"excerpt":{"rendered":"<p><strong data-start=\"673\" data-end=\"715\">Trichup Healthy Long Strong Hair Cream<\/strong> bitki m\u0259n\u015f\u0259li formulaya malik sa\u00e7 kremidir. Sa\u00e7lar\u0131 qidaland\u0131rma\u011fa, m\u00f6hk\u0259ml\u0259ndirm\u0259y\u0259 v\u0259 daha sa\u011flam g\u00f6r\u00fcn\u00fc\u015f qazand\u0131rma\u011fa k\u00f6m\u0259k edir.<\/p>","protected":false},"featured_media":9446,"comment_status":"open","ping_status":"closed","template":"","meta":[],"pwb-brand":[409],"product_cat":[126,411,136],"product_tag":[],"class_list":{"0":"post-9445","1":"product","2":"type-product","3":"status-publish","4":"has-post-thumbnail","6":"pwb-brand-trichup","7":"product_cat-haircare","8":"product_cat-sac-kremi","9":"product_cat-masks","10":"pa_size-150ml","13":"instock","14":"sale","15":"shipping-taxable","16":"purchasable","17":"product-type-simple"},"brands":[{"id":409,"name":"Trichup","slug":"trichup"}],"_links":{"self":[{"href":"https:\/\/axtarstore.com\/ru\/wp-json\/wp\/v2\/product\/9445"}],"collection":[{"href":"https:\/\/axtarstore.com\/ru\/wp-json\/wp\/v2\/product"}],"about":[{"href":"https:\/\/axtarstore.com\/ru\/wp-json\/wp\/v2\/types\/product"}],"replies":[{"embeddable":true,"href":"https:\/\/axtarstore.com\/ru\/wp-json\/wp\/v2\/comments?post=9445"}],"version-history":[{"count":3,"href":"https:\/\/axtarstore.com\/ru\/wp-json\/wp\/v2\/product\/9445\/revisions"}],"predecessor-version":[{"id":11269,"href":"https:\/\/axtarstore.com\/ru\/wp-json\/wp\/v2\/product\/9445\/revisions\/11269"}],"wp:featuredmedia":[{"embeddable":true,"href":"https:\/\/axtarstore.com\/ru\/wp-json\/wp\/v2\/media\/9446"}],"wp:attachment":[{"href":"https:\/\/axtarstore.com\/ru\/wp-json\/wp\/v2\/media?parent=9445"}],"wp:term":[{"taxonomy":"pwb-brand","embeddable":true,"href":"https:\/\/axtarstore.com\/ru\/wp-json\/wp\/v2\/pwb-brand?post=9445"},{"taxonomy":"product_cat","embeddable":true,"href":"https:\/\/axtarstore.com\/ru\/wp-json\/wp\/v2\/product_cat?post=9445"},{"taxonomy":"product_tag","embeddable":true,"href":"https:\/\/axtarstore.com\/ru\/wp-json\/wp\/v2\/product_tag?post=9445"}],"curies":[{"name":"wp","href":"https:\/\/api.w.org\/{rel}","templated":true}]}}