{"id":9442,"date":"2025-03-20T21:27:35","date_gmt":"2025-03-20T17:27:35","guid":{"rendered":"https:\/\/axtarstore.com\/?post_type=product&#038;p=9442"},"modified":"2026-02-19T23:22:15","modified_gmt":"2026-02-19T19:22:15","slug":"trichup-herbal-shampoo-black-seed-700ml","status":"publish","type":"product","link":"https:\/\/axtarstore.com\/ru\/product\/trichup-herbal-shampoo-black-seed-700ml\/","title":{"rendered":"Trichup Herbal Shampoo &#8211; Black Seed (700ml)"},"content":{"rendered":"<h1 data-section-id=\"1qsnkba\" data-start=\"836\" data-end=\"877\">Trichup Herbal Shampoo Black Seed 700ml<\/h1>\n<h2 data-section-id=\"154ida1\" data-start=\"879\" data-end=\"921\">Qara Zir\u0259 T\u0259rkibli Bitki M\u0259n\u015f\u0259li \u015eampun<\/h2>\n<h3 data-section-id=\"ydusx9\" data-start=\"923\" data-end=\"934\">Problem<\/h3>\n<p data-start=\"936\" data-end=\"1164\">Z\u0259if, tez q\u0131r\u0131lan v\u0259 canl\u0131l\u0131\u011f\u0131n\u0131 itirmi\u015f sa\u00e7lar d\u00fczg\u00fcn olmayan qulluq n\u0259tic\u0259sind\u0259 daha da z\u0259d\u0259l\u0259n\u0259 bil\u0259r. G\u00fccl\u00fc kimy\u0259vi t\u0259rkibli \u015fampunlar sa\u00e7 d\u0259risinin t\u0259bii balans\u0131n\u0131 poza, quruluq v\u0259 h\u0259ssasl\u0131q yarada bil\u0259r. Bunun n\u0259tic\u0259sind\u0259:<\/p>\n<ul data-start=\"1166\" data-end=\"1299\">\n<li data-section-id=\"1cv7y8u\" data-start=\"1166\" data-end=\"1191\">\n<p data-start=\"1168\" data-end=\"1191\">Sa\u00e7 k\u00f6kl\u0259ri z\u0259ifl\u0259yir<\/p>\n<\/li>\n<li data-section-id=\"mlbpal\" data-start=\"1192\" data-end=\"1220\">\n<p data-start=\"1194\" data-end=\"1220\">T\u00f6k\u00fclm\u0259 v\u0259 q\u0131r\u0131lma art\u0131r<\/p>\n<\/li>\n<li data-section-id=\"1wz30qa\" data-start=\"1221\" data-end=\"1256\">\n<p data-start=\"1223\" data-end=\"1256\">Sa\u00e7lar sol\u011fun v\u0259 cans\u0131z g\u00f6r\u00fcn\u00fcr<\/p>\n<\/li>\n<li data-section-id=\"1p2dpht\" data-start=\"1257\" data-end=\"1299\">\n<p data-start=\"1259\" data-end=\"1299\">Sa\u00e7 d\u0259risind\u0259 narahatl\u0131q hissi yaran\u0131r<\/p>\n<\/li>\n<\/ul>\n<p data-start=\"1301\" data-end=\"1386\">Sa\u00e7lar\u0131n sa\u011flam qalmas\u0131 \u00fc\u00e7\u00fcn h\u0259m effektiv t\u0259mizl\u0259m\u0259, h\u0259m d\u0259 balansl\u0131 qulluq vacibdir.<\/p>\n<hr data-start=\"1388\" data-end=\"1391\" \/>\n<h3 data-section-id=\"ynb8lz\" data-start=\"1393\" data-end=\"1401\">H\u0259ll<\/h3>\n<p data-start=\"1403\" data-end=\"1621\"><strong data-start=\"1403\" data-end=\"1446\">Trichup Herbal Shampoo Black Seed 700ml<\/strong> qara zir\u0259 ekstrakt\u0131 il\u0259 z\u0259nginl\u0259\u015fdirilmi\u015f bitki t\u0259rkibli formulaya malikdir. Qara zir\u0259 \u0259n\u0259n\u0259vi olaraq sa\u00e7lar\u0131n g\u00fccl\u0259ndirilm\u0259si v\u0259 sa\u011flaml\u0131\u011f\u0131n\u0131n qorunmas\u0131 il\u0259 \u0259laq\u0259l\u0259ndirilir.<\/p>\n<p data-start=\"1623\" data-end=\"1645\">M\u0259hsulun \u00fcst\u00fcnl\u00fckl\u0259ri:<\/p>\n<ul data-start=\"1647\" data-end=\"1866\">\n<li data-section-id=\"139vddf\" data-start=\"1647\" data-end=\"1695\">\n<p data-start=\"1649\" data-end=\"1695\">Sa\u00e7 v\u0259 sa\u00e7 d\u0259risini z\u0259rif \u015f\u0259kild\u0259 t\u0259mizl\u0259yir<\/p>\n<\/li>\n<li data-section-id=\"1h9y57c\" data-start=\"1696\" data-end=\"1743\">\n<p data-start=\"1698\" data-end=\"1743\">Sa\u00e7 k\u00f6kl\u0259rinin g\u00fccl\u0259nm\u0259sin\u0259 d\u0259st\u0259k g\u00f6st\u0259rir<\/p>\n<\/li>\n<li data-section-id=\"4hckby\" data-start=\"1744\" data-end=\"1787\">\n<p data-start=\"1746\" data-end=\"1787\">Sa\u00e7\u0131n elastikliyini qoruma\u011fa k\u00f6m\u0259k edir<\/p>\n<\/li>\n<li data-section-id=\"ua05o\" data-start=\"1788\" data-end=\"1830\">\n<p data-start=\"1790\" data-end=\"1830\">Daha dol\u011fun v\u0259 bax\u0131ml\u0131 g\u00f6r\u00fcn\u00fc\u015f yarad\u0131r<\/p>\n<\/li>\n<li data-section-id=\"9nd7rl\" data-start=\"1831\" data-end=\"1866\">\n<p data-start=\"1833\" data-end=\"1866\">G\u00fcnd\u0259lik istifad\u0259 \u00fc\u00e7\u00fcn uy\u011fundur<\/p>\n<\/li>\n<\/ul>\n<p data-start=\"1868\" data-end=\"2010\">700 ml h\u0259cm ail\u0259 istifad\u0259si v\u0259 uzunm\u00fcdd\u0259tli qulluq \u00fc\u00e7\u00fcn praktik se\u00e7imdir. \u015eampun sa\u00e7da a\u011f\u0131rla\u015fma yaratmadan t\u0259miz v\u0259 s\u0259liq\u0259li hiss t\u0259min edir.<\/p>\n<p data-start=\"2012\" data-end=\"2161\">Bitki m\u0259n\u015f\u0259li t\u0259rkib sa\u00e7 d\u0259risinin balans\u0131n\u0131 qoruma\u011fa y\u00f6n\u0259lib v\u0259 m\u00fcnt\u0259z\u0259m istifad\u0259 zaman\u0131 sa\u00e7lar\u0131n \u00fcmumi v\u0259ziyy\u0259tinin yax\u015f\u0131la\u015fmas\u0131na k\u00f6m\u0259k ed\u0259 bil\u0259r.<\/p>\n<hr data-start=\"2163\" data-end=\"2166\" \/>\n<h3 data-section-id=\"rgleae\" data-start=\"2168\" data-end=\"2178\">N\u0259tic\u0259<\/h3>\n<p data-start=\"2180\" data-end=\"2204\">Davaml\u0131 istifad\u0259 zaman\u0131:<\/p>\n<ul data-start=\"2206\" data-end=\"2353\">\n<li data-section-id=\"5l8168\" data-start=\"2206\" data-end=\"2249\">\n<p data-start=\"2208\" data-end=\"2249\">Sa\u00e7lar daha t\u0259miz v\u0259 y\u00fcng\u00fcl hiss olunur<\/p>\n<\/li>\n<li data-section-id=\"10eodqy\" data-start=\"2250\" data-end=\"2285\">\n<p data-start=\"2252\" data-end=\"2285\">Sa\u00e7 k\u00f6kl\u0259ri daha m\u00f6hk\u0259m g\u00f6r\u00fcn\u00fcr<\/p>\n<\/li>\n<li data-section-id=\"1x2qb3y\" data-start=\"2286\" data-end=\"2304\">\n<p data-start=\"2288\" data-end=\"2304\">Q\u0131r\u0131lma azal\u0131r<\/p>\n<\/li>\n<li data-section-id=\"s8qy0t\" data-start=\"2305\" data-end=\"2353\">\n<p data-start=\"2307\" data-end=\"2353\">Sa\u00e7lar daha canl\u0131 v\u0259 sa\u011flam t\u0259sir ba\u011f\u0131\u015flay\u0131r<\/p>\n<\/li>\n<\/ul>\n<p data-start=\"2355\" data-end=\"2492\">Sa\u011flam sa\u00e7 g\u00f6r\u00fcn\u00fc\u015f\u00fc d\u00fczg\u00fcn se\u00e7ilmi\u015f \u015fampunla ba\u015flay\u0131r. Trichup Herbal Shampoo Black Seed g\u00fcnd\u0259lik qulluq \u00fc\u00e7\u00fcn balansl\u0131 se\u00e7im t\u0259qdim edir.<\/p>\n<hr data-start=\"2494\" data-end=\"2497\" \/>\n<h2 data-section-id=\"1u1lujk\" data-start=\"2499\" data-end=\"2528\">Niy\u0259 bu m\u0259hsulu almal\u0131yam?<\/h2>\n<ul data-start=\"2530\" data-end=\"2721\">\n<li data-section-id=\"1u5kzmr\" data-start=\"2530\" data-end=\"2574\">\n<p data-start=\"2532\" data-end=\"2574\">Qara zir\u0259 t\u0259rkibli bitki m\u0259n\u015f\u0259li formula<\/p>\n<\/li>\n<li data-section-id=\"phchaq\" data-start=\"2575\" data-end=\"2607\">\n<p data-start=\"2577\" data-end=\"2607\">G\u00fcnd\u0259lik istifad\u0259 \u00fc\u00e7\u00fcn uy\u011fun<\/p>\n<\/li>\n<li data-section-id=\"cr6amx\" data-start=\"2608\" data-end=\"2648\">\n<p data-start=\"2610\" data-end=\"2648\">700 ml iqtisadi v\u0259 uzunm\u00fcdd\u0259tli h\u0259cm<\/p>\n<\/li>\n<li data-section-id=\"n230gj\" data-start=\"2649\" data-end=\"2686\">\n<p data-start=\"2651\" data-end=\"2686\">Sa\u00e7lar\u0131 a\u011f\u0131rla\u015fd\u0131rmayan t\u0259mizl\u0259m\u0259<\/p>\n<\/li>\n<li data-section-id=\"1oozhzx\" data-start=\"2687\" data-end=\"2721\">\n<p data-start=\"2689\" data-end=\"2721\">Qad\u0131n v\u0259 ki\u015fil\u0259r \u00fc\u00e7\u00fcn uy\u011fundur<\/p>\n<\/li>\n<\/ul>\n<p data-start=\"2723\" data-end=\"2838\">Sa\u00e7lar\u0131n\u0131 h\u0259m effektiv \u015f\u0259kild\u0259 t\u0259mizl\u0259m\u0259k, h\u0259m d\u0259 g\u00fccl\u0259ndirm\u0259y\u0259 d\u0259st\u0259k olmaq ist\u0259y\u0259nl\u0259r \u00fc\u00e7\u00fcn m\u0259qs\u0259d\u0259uy\u011fun se\u00e7imdir.<\/p>\n<hr data-start=\"2840\" data-end=\"2843\" \/>\n<h2 data-section-id=\"1exkxu7\" data-start=\"2845\" data-end=\"2864\">\u0130stifad\u0259 qaydas\u0131<\/h2>\n<ol data-start=\"2866\" data-end=\"3055\">\n<li data-section-id=\"uzv5p8\" data-start=\"2866\" data-end=\"2899\">\n<p data-start=\"2869\" data-end=\"2899\">Sa\u00e7lar\u0131 il\u0131q su il\u0259 islad\u0131n.<\/p>\n<\/li>\n<li data-section-id=\"1gwnp6s\" data-start=\"2900\" data-end=\"2954\">\n<p data-start=\"2903\" data-end=\"2954\">Laz\u0131mi miqdarda \u015fampunu sa\u00e7 d\u0259risin\u0259 t\u0259tbiq edin.<\/p>\n<\/li>\n<li data-section-id=\"1fh79xd\" data-start=\"2955\" data-end=\"2984\">\n<p data-start=\"2958\" data-end=\"2984\">Masaj ed\u0259r\u0259k k\u00f6p\u00fcrd\u00fcr\u00fcn.<\/p>\n<\/li>\n<li data-section-id=\"dsfnwk\" data-start=\"2985\" data-end=\"3007\">\n<p data-start=\"2988\" data-end=\"3007\">Bol su il\u0259 yuyun.<\/p>\n<\/li>\n<li data-section-id=\"19w4jdo\" data-start=\"3008\" data-end=\"3055\">\n<p data-start=\"3011\" data-end=\"3055\">Z\u0259rur\u0259t olduqda t\u0259krar t\u0259tbiq oluna bil\u0259r.<\/p>\n<\/li>\n<\/ol>\n<hr data-start=\"3057\" data-end=\"3060\" \/>\n<h2 data-section-id=\"1xwdj0s\" data-start=\"3062\" data-end=\"3069\">Qeyd<\/h2>\n<ul data-start=\"3071\" data-end=\"3233\">\n<li data-section-id=\"11ilav5\" data-start=\"3071\" data-end=\"3106\">\n<p data-start=\"3073\" data-end=\"3106\">Yaln\u0131z xarici istifad\u0259 \u00fc\u00e7\u00fcnd\u00fcr.<\/p>\n<\/li>\n<li data-section-id=\"1uo8d0\" data-start=\"3107\" data-end=\"3134\">\n<p data-start=\"3109\" data-end=\"3134\">G\u00f6zl\u0259 t\u0259masdan \u00e7\u0259kinin.<\/p>\n<\/li>\n<li data-section-id=\"171uoj8\" data-start=\"3135\" data-end=\"3190\">\n<p data-start=\"3137\" data-end=\"3190\">H\u0259ssas d\u0259riy\u0259 malik \u015f\u0259xsl\u0259r \u0259vv\u0259lc\u0259 test etm\u0259lidir.<\/p>\n<\/li>\n<li data-section-id=\"2ufj0a\" data-start=\"3191\" data-end=\"3233\">\n<p data-start=\"3193\" data-end=\"3233\">U\u015faqlar\u0131n \u0259li \u00e7atmayan yerd\u0259 saxlay\u0131n.<\/p>\n<\/li>\n<\/ul>","protected":false},"excerpt":{"rendered":"<p><strong data-start=\"654\" data-end=\"697\">Trichup Herbal Shampoo Black Seed 700ml<\/strong> qara zir\u0259 t\u0259rkibli bitki m\u0259n\u015f\u0259li \u015fampundur. Sa\u00e7lar\u0131 z\u0259rif \u015f\u0259kild\u0259 t\u0259mizl\u0259yir, g\u00fccl\u0259ndirm\u0259y\u0259 v\u0259 sa\u011flam g\u00f6r\u00fcn\u00fc\u015f\u00fc qoruma\u011fa k\u00f6m\u0259k edir.<\/p>","protected":false},"featured_media":9443,"comment_status":"open","ping_status":"closed","template":"","meta":[],"pwb-brand":[409],"product_cat":[126,133],"product_tag":[308,301,310],"class_list":{"0":"post-9442","1":"product","2":"type-product","3":"status-publish","4":"has-post-thumbnail","6":"pwb-brand-trichup","7":"product_cat-haircare","8":"product_cat-shampoo","9":"product_tag-haircare","10":"product_tag-hairfallsolution","11":"product_tag-hairregrowth","12":"pa_size-700ml","15":"instock","16":"sale","17":"shipping-taxable","18":"purchasable","19":"product-type-simple"},"brands":[{"id":409,"name":"Trichup","slug":"trichup"}],"_links":{"self":[{"href":"https:\/\/axtarstore.com\/ru\/wp-json\/wp\/v2\/product\/9442"}],"collection":[{"href":"https:\/\/axtarstore.com\/ru\/wp-json\/wp\/v2\/product"}],"about":[{"href":"https:\/\/axtarstore.com\/ru\/wp-json\/wp\/v2\/types\/product"}],"replies":[{"embeddable":true,"href":"https:\/\/axtarstore.com\/ru\/wp-json\/wp\/v2\/comments?post=9442"}],"version-history":[{"count":3,"href":"https:\/\/axtarstore.com\/ru\/wp-json\/wp\/v2\/product\/9442\/revisions"}],"predecessor-version":[{"id":11271,"href":"https:\/\/axtarstore.com\/ru\/wp-json\/wp\/v2\/product\/9442\/revisions\/11271"}],"wp:featuredmedia":[{"embeddable":true,"href":"https:\/\/axtarstore.com\/ru\/wp-json\/wp\/v2\/media\/9443"}],"wp:attachment":[{"href":"https:\/\/axtarstore.com\/ru\/wp-json\/wp\/v2\/media?parent=9442"}],"wp:term":[{"taxonomy":"pwb-brand","embeddable":true,"href":"https:\/\/axtarstore.com\/ru\/wp-json\/wp\/v2\/pwb-brand?post=9442"},{"taxonomy":"product_cat","embeddable":true,"href":"https:\/\/axtarstore.com\/ru\/wp-json\/wp\/v2\/product_cat?post=9442"},{"taxonomy":"product_tag","embeddable":true,"href":"https:\/\/axtarstore.com\/ru\/wp-json\/wp\/v2\/product_tag?post=9442"}],"curies":[{"name":"wp","href":"https:\/\/api.w.org\/{rel}","templated":true}]}}