{"id":9435,"date":"2025-03-20T21:11:46","date_gmt":"2025-03-20T17:11:46","guid":{"rendered":"https:\/\/axtarstore.com\/?post_type=product&#038;p=9435"},"modified":"2026-02-19T23:29:22","modified_gmt":"2026-02-19T19:29:22","slug":"trichup-herbal-shampoo-hair-fall-control-700-ml","status":"publish","type":"product","link":"https:\/\/axtarstore.com\/ru\/product\/trichup-herbal-shampoo-hair-fall-control-700-ml\/","title":{"rendered":"Trichup Herbal Shampoo Hair Fall Control &#8211; 700ml"},"content":{"rendered":"<h1 data-section-id=\"14apras\" data-start=\"878\" data-end=\"927\">Trichup Herbal Shampoo Hair Fall Control 700 ml<\/h1>\n<h2 data-section-id=\"1rd3a5d\" data-start=\"929\" data-end=\"974\">Sa\u00e7 T\u00f6k\u00fclm\u0259sin\u0259 Qar\u015f\u0131 Bitki M\u0259n\u015f\u0259li \u015eampun<\/h2>\n<h3 data-section-id=\"ydusx9\" data-start=\"976\" data-end=\"987\">Problem<\/h3>\n<p data-start=\"989\" data-end=\"1214\">Sa\u00e7 t\u00f6k\u00fclm\u0259si bir \u00e7ox insan \u00fc\u00e7\u00fcn estetik v\u0259 psixoloji narahatl\u0131q yarad\u0131r. Stress, d\u00fczg\u00fcn olmayan qulluq m\u0259hsullar\u0131, kimy\u0259vi prosedurlar v\u0259 \u0259traf m\u00fchit faktorlar\u0131 sa\u00e7 k\u00f6kl\u0259rinin z\u0259ifl\u0259m\u0259sin\u0259 s\u0259b\u0259b ola bil\u0259r. Bunun n\u0259tic\u0259sind\u0259:<\/p>\n<ul data-start=\"1216\" data-end=\"1324\">\n<li data-section-id=\"x18ncf\" data-start=\"1216\" data-end=\"1250\">\n<p data-start=\"1218\" data-end=\"1250\">Daraqlama zaman\u0131 t\u00f6k\u00fclm\u0259 art\u0131r<\/p>\n<\/li>\n<li data-section-id=\"182za5g\" data-start=\"1251\" data-end=\"1274\">\n<p data-start=\"1253\" data-end=\"1274\">Sa\u00e7 tell\u0259ri inc\u0259lir<\/p>\n<\/li>\n<li data-section-id=\"1o257s2\" data-start=\"1275\" data-end=\"1290\">\n<p data-start=\"1277\" data-end=\"1290\">H\u0259cm azal\u0131r<\/p>\n<\/li>\n<li data-section-id=\"i2rpze\" data-start=\"1291\" data-end=\"1324\">\n<p data-start=\"1293\" data-end=\"1324\">Sa\u00e7lar z\u0259if v\u0259 cans\u0131z g\u00f6r\u00fcn\u00fcr<\/p>\n<\/li>\n<\/ul>\n<p data-start=\"1326\" data-end=\"1470\">G\u00fccl\u00fc kimy\u0259vi t\u0259rkibli \u015fampunlar sa\u00e7 d\u0259risinin t\u0259bii qoruyucu qat\u0131n\u0131 z\u0259d\u0259l\u0259y\u0259 bil\u0259r v\u0259 uzunm\u00fcdd\u0259tli istifad\u0259 zaman\u0131 problemi d\u0259rinl\u0259\u015fdir\u0259 bil\u0259r.<\/p>\n<hr data-start=\"1472\" data-end=\"1475\" \/>\n<h3 data-section-id=\"ynb8lz\" data-start=\"1477\" data-end=\"1485\">H\u0259ll<\/h3>\n<p data-start=\"1487\" data-end=\"1640\"><strong data-start=\"1487\" data-end=\"1538\">Trichup Herbal Shampoo Hair Fall Control 700 ml<\/strong> bitki m\u0259n\u015f\u0259li formulaya malikdir v\u0259 sa\u00e7 t\u00f6k\u00fclm\u0259sin\u0259 qar\u015f\u0131 g\u00fcnd\u0259lik qulluq m\u0259qs\u0259di il\u0259 haz\u0131rlanm\u0131\u015fd\u0131r.<\/p>\n<p data-start=\"1642\" data-end=\"1664\">M\u0259hsulun \u00fcst\u00fcnl\u00fckl\u0259ri:<\/p>\n<ul data-start=\"1666\" data-end=\"1883\">\n<li data-section-id=\"139vddf\" data-start=\"1666\" data-end=\"1714\">\n<p data-start=\"1668\" data-end=\"1714\">Sa\u00e7 v\u0259 sa\u00e7 d\u0259risini z\u0259rif \u015f\u0259kild\u0259 t\u0259mizl\u0259yir<\/p>\n<\/li>\n<li data-section-id=\"1qghqmk\" data-start=\"1715\" data-end=\"1765\">\n<p data-start=\"1717\" data-end=\"1765\">Sa\u00e7 k\u00f6kl\u0259rinin m\u00f6hk\u0259ml\u0259nm\u0259sin\u0259 d\u0259st\u0259k g\u00f6st\u0259rir<\/p>\n<\/li>\n<li data-section-id=\"1s8zmtx\" data-start=\"1766\" data-end=\"1802\">\n<p data-start=\"1768\" data-end=\"1802\">Q\u0131r\u0131lman\u0131n azalmas\u0131na k\u00f6m\u0259k edir<\/p>\n<\/li>\n<li data-section-id=\"f3wh9a\" data-start=\"1803\" data-end=\"1847\">\n<p data-start=\"1805\" data-end=\"1847\">Sa\u00e7\u0131n elastikliyini qoruma\u011fa yard\u0131m edir<\/p>\n<\/li>\n<li data-section-id=\"9nd7rl\" data-start=\"1848\" data-end=\"1883\">\n<p data-start=\"1850\" data-end=\"1883\">G\u00fcnd\u0259lik istifad\u0259 \u00fc\u00e7\u00fcn uy\u011fundur<\/p>\n<\/li>\n<\/ul>\n<p data-start=\"1885\" data-end=\"2003\">700 ml h\u0259cm uzunm\u00fcdd\u0259tli istifad\u0259 \u00fc\u00e7\u00fcn iqtisadi se\u00e7imdir. \u015eampun sa\u00e7lar\u0131 a\u011f\u0131rla\u015fd\u0131rmadan t\u0259miz v\u0259 y\u00fcng\u00fcl hiss yarad\u0131r.<\/p>\n<p data-start=\"2005\" data-end=\"2198\">Bitki m\u0259n\u015f\u0259li aktiv komponentl\u0259r sa\u00e7 d\u0259risinin balans\u0131n\u0131 qoruma\u011fa v\u0259 k\u00f6kl\u0259rin qidalanmas\u0131na d\u0259st\u0259k verm\u0259y\u0259 y\u00f6n\u0259lib. M\u00fcnt\u0259z\u0259m istifad\u0259 sa\u00e7lar\u0131n daha sa\u011flam v\u0259 dol\u011fun g\u00f6r\u00fcnm\u0259sin\u0259 k\u00f6m\u0259k ed\u0259 bil\u0259r.<\/p>\n<hr data-start=\"2200\" data-end=\"2203\" \/>\n<h3 data-section-id=\"rgleae\" data-start=\"2205\" data-end=\"2215\">N\u0259tic\u0259<\/h3>\n<p data-start=\"2217\" data-end=\"2241\">Davaml\u0131 istifad\u0259 zaman\u0131:<\/p>\n<ul data-start=\"2243\" data-end=\"2404\">\n<li data-section-id=\"1h01tlm\" data-start=\"2243\" data-end=\"2290\">\n<p data-start=\"2245\" data-end=\"2290\">Sa\u00e7 t\u00f6k\u00fclm\u0259sinin azalmas\u0131na d\u0259st\u0259k g\u00f6st\u0259rir<\/p>\n<\/li>\n<li data-section-id=\"51nw0b\" data-start=\"2291\" data-end=\"2329\">\n<p data-start=\"2293\" data-end=\"2329\">Sa\u00e7lar daha m\u00f6hk\u0259m v\u0259 davaml\u0131 olur<\/p>\n<\/li>\n<li data-section-id=\"zfpq8l\" data-start=\"2330\" data-end=\"2363\">\n<p data-start=\"2332\" data-end=\"2363\">H\u0259cm vizual olaraq yax\u015f\u0131la\u015f\u0131r<\/p>\n<\/li>\n<li data-section-id=\"j8h5hx\" data-start=\"2364\" data-end=\"2404\">\n<p data-start=\"2366\" data-end=\"2404\">Sa\u00e7lar daha canl\u0131 v\u0259 bax\u0131ml\u0131 g\u00f6r\u00fcn\u00fcr<\/p>\n<\/li>\n<\/ul>\n<p data-start=\"2406\" data-end=\"2553\">Sa\u00e7\u0131n sa\u011flam g\u00f6r\u00fcnm\u0259si d\u00fczg\u00fcn se\u00e7ilmi\u015f \u015fampunla ba\u015flay\u0131r. Trichup Herbal Shampoo Hair Fall Control g\u00fcnd\u0259lik qulluq \u00fc\u00e7\u00fcn balansl\u0131 se\u00e7im t\u0259qdim edir.<\/p>\n<hr data-start=\"2555\" data-end=\"2558\" \/>\n<h2 data-section-id=\"1u1lujk\" data-start=\"2560\" data-end=\"2589\">Niy\u0259 bu m\u0259hsulu almal\u0131yam?<\/h2>\n<ul data-start=\"2591\" data-end=\"2776\">\n<li data-section-id=\"t1mjef\" data-start=\"2591\" data-end=\"2643\">\n<p data-start=\"2593\" data-end=\"2643\">Sa\u00e7 t\u00f6k\u00fclm\u0259sin\u0259 qar\u015f\u0131 x\u00fcsusi haz\u0131rlanm\u0131\u015f formula<\/p>\n<\/li>\n<li data-section-id=\"1m0pzg3\" data-start=\"2644\" data-end=\"2668\">\n<p data-start=\"2646\" data-end=\"2668\">Bitki m\u0259n\u015f\u0259li t\u0259rkib<\/p>\n<\/li>\n<li data-section-id=\"phchaq\" data-start=\"2669\" data-end=\"2701\">\n<p data-start=\"2671\" data-end=\"2701\">G\u00fcnd\u0259lik istifad\u0259 \u00fc\u00e7\u00fcn uy\u011fun<\/p>\n<\/li>\n<li data-section-id=\"1eqmmnx\" data-start=\"2702\" data-end=\"2741\">\n<p data-start=\"2704\" data-end=\"2741\">700 ml praktik v\u0259 uzunm\u00fcdd\u0259tli h\u0259cm<\/p>\n<\/li>\n<li data-section-id=\"1oozhzx\" data-start=\"2742\" data-end=\"2776\">\n<p data-start=\"2744\" data-end=\"2776\">Qad\u0131n v\u0259 ki\u015fil\u0259r \u00fc\u00e7\u00fcn uy\u011fundur<\/p>\n<\/li>\n<\/ul>\n<p data-start=\"2778\" data-end=\"2884\">Sa\u00e7 t\u00f6k\u00fclm\u0259sini n\u0259zar\u0259td\u0259 saxlamaq v\u0259 daha g\u00fccl\u00fc g\u00f6r\u00fcn\u00fc\u015f \u0259ld\u0259 etm\u0259k ist\u0259y\u0259nl\u0259r \u00fc\u00e7\u00fcn m\u0259qs\u0259d\u0259uy\u011fun se\u00e7imdir.<\/p>\n<hr data-start=\"2886\" data-end=\"2889\" \/>\n<h2 data-section-id=\"1exkxu7\" data-start=\"2891\" data-end=\"2910\">\u0130stifad\u0259 qaydas\u0131<\/h2>\n<ol data-start=\"2912\" data-end=\"3094\">\n<li data-section-id=\"uzv5p8\" data-start=\"2912\" data-end=\"2945\">\n<p data-start=\"2915\" data-end=\"2945\">Sa\u00e7lar\u0131 il\u0131q su il\u0259 islad\u0131n.<\/p>\n<\/li>\n<li data-section-id=\"1gwnp6s\" data-start=\"2946\" data-end=\"3000\">\n<p data-start=\"2949\" data-end=\"3000\">Laz\u0131mi miqdarda \u015fampunu sa\u00e7 d\u0259risin\u0259 t\u0259tbiq edin.<\/p>\n<\/li>\n<li data-section-id=\"1fh79xd\" data-start=\"3001\" data-end=\"3030\">\n<p data-start=\"3004\" data-end=\"3030\">Masaj ed\u0259r\u0259k k\u00f6p\u00fcrd\u00fcr\u00fcn.<\/p>\n<\/li>\n<li data-section-id=\"dsfnwk\" data-start=\"3031\" data-end=\"3053\">\n<p data-start=\"3034\" data-end=\"3053\">Bol su il\u0259 yuyun.<\/p>\n<\/li>\n<li data-section-id=\"6kg6z3\" data-start=\"3054\" data-end=\"3094\">\n<p data-start=\"3057\" data-end=\"3094\">Z\u0259rur\u0259t olduqda t\u0259krar t\u0259tbiq edin.<\/p>\n<\/li>\n<\/ol>\n<hr data-start=\"3096\" data-end=\"3099\" \/>\n<h2 data-section-id=\"1xwdj0s\" data-start=\"3101\" data-end=\"3108\">Qeyd<\/h2>\n<ul data-start=\"3110\" data-end=\"3272\">\n<li data-section-id=\"11ilav5\" data-start=\"3110\" data-end=\"3145\">\n<p data-start=\"3112\" data-end=\"3145\">Yaln\u0131z xarici istifad\u0259 \u00fc\u00e7\u00fcnd\u00fcr.<\/p>\n<\/li>\n<li data-section-id=\"1uo8d0\" data-start=\"3146\" data-end=\"3173\">\n<p data-start=\"3148\" data-end=\"3173\">G\u00f6zl\u0259 t\u0259masdan \u00e7\u0259kinin.<\/p>\n<\/li>\n<li data-section-id=\"171uoj8\" data-start=\"3174\" data-end=\"3229\">\n<p data-start=\"3176\" data-end=\"3229\">H\u0259ssas d\u0259riy\u0259 malik \u015f\u0259xsl\u0259r \u0259vv\u0259lc\u0259 test etm\u0259lidir.<\/p>\n<\/li>\n<li data-section-id=\"2ufj0a\" data-start=\"3230\" data-end=\"3272\">\n<p data-start=\"3232\" data-end=\"3272\">U\u015faqlar\u0131n \u0259li \u00e7atmayan yerd\u0259 saxlay\u0131n.<\/p>\n<\/li>\n<\/ul>","protected":false},"excerpt":{"rendered":"<p><strong data-start=\"689\" data-end=\"740\">Trichup Herbal Shampoo Hair Fall Control 700 ml<\/strong> sa\u00e7 t\u00f6k\u00fclm\u0259sin\u0259 qar\u015f\u0131 haz\u0131rlanm\u0131\u015f bitki m\u0259n\u015f\u0259li \u015fampundur. Sa\u00e7 d\u0259risini z\u0259rif t\u0259mizl\u0259yir v\u0259 k\u00f6kl\u0259rin m\u00f6hk\u0259ml\u0259nm\u0259sin\u0259 d\u0259st\u0259k verir.<\/p>","protected":false},"featured_media":9436,"comment_status":"open","ping_status":"closed","template":"","meta":[],"pwb-brand":[409],"product_cat":[126,133],"product_tag":[308,301],"class_list":{"0":"post-9435","1":"product","2":"type-product","3":"status-publish","4":"has-post-thumbnail","6":"pwb-brand-trichup","7":"product_cat-haircare","8":"product_cat-shampoo","9":"product_tag-haircare","10":"product_tag-hairfallsolution","11":"pa_size-700ml","14":"instock","15":"shipping-taxable","16":"purchasable","17":"product-type-simple"},"brands":[{"id":409,"name":"Trichup","slug":"trichup"}],"_links":{"self":[{"href":"https:\/\/axtarstore.com\/ru\/wp-json\/wp\/v2\/product\/9435"}],"collection":[{"href":"https:\/\/axtarstore.com\/ru\/wp-json\/wp\/v2\/product"}],"about":[{"href":"https:\/\/axtarstore.com\/ru\/wp-json\/wp\/v2\/types\/product"}],"replies":[{"embeddable":true,"href":"https:\/\/axtarstore.com\/ru\/wp-json\/wp\/v2\/comments?post=9435"}],"version-history":[{"count":3,"href":"https:\/\/axtarstore.com\/ru\/wp-json\/wp\/v2\/product\/9435\/revisions"}],"predecessor-version":[{"id":11275,"href":"https:\/\/axtarstore.com\/ru\/wp-json\/wp\/v2\/product\/9435\/revisions\/11275"}],"wp:featuredmedia":[{"embeddable":true,"href":"https:\/\/axtarstore.com\/ru\/wp-json\/wp\/v2\/media\/9436"}],"wp:attachment":[{"href":"https:\/\/axtarstore.com\/ru\/wp-json\/wp\/v2\/media?parent=9435"}],"wp:term":[{"taxonomy":"pwb-brand","embeddable":true,"href":"https:\/\/axtarstore.com\/ru\/wp-json\/wp\/v2\/pwb-brand?post=9435"},{"taxonomy":"product_cat","embeddable":true,"href":"https:\/\/axtarstore.com\/ru\/wp-json\/wp\/v2\/product_cat?post=9435"},{"taxonomy":"product_tag","embeddable":true,"href":"https:\/\/axtarstore.com\/ru\/wp-json\/wp\/v2\/product_tag?post=9435"}],"curies":[{"name":"wp","href":"https:\/\/api.w.org\/{rel}","templated":true}]}}