{"id":9430,"date":"2025-03-20T21:03:43","date_gmt":"2025-03-20T17:03:43","guid":{"rendered":"https:\/\/axtarstore.com\/?post_type=product&#038;p=9430"},"modified":"2026-02-19T23:42:08","modified_gmt":"2026-02-19T19:42:08","slug":"trichup-healthy-long-strong-herbal-shampoo-700-ml","status":"publish","type":"product","link":"https:\/\/axtarstore.com\/ru\/product\/trichup-healthy-long-strong-herbal-shampoo-700-ml\/","title":{"rendered":"Trichup Healthy Long &amp; Strong Herbal Shampoo &#8211; 700ml"},"content":{"rendered":"<h1 data-section-id=\"aev78a\" data-start=\"898\" data-end=\"949\">Trichup Healthy Long Strong Herbal Shampoo 700 ml<\/h1>\n<h2 data-section-id=\"1jgblk9\" data-start=\"951\" data-end=\"1008\">Sa\u011flam, Uzun v\u0259 G\u00fccl\u00fc Sa\u00e7lar \u00fc\u00e7\u00fcn Bitki M\u0259n\u015f\u0259li \u015eampun<\/h2>\n<h3 data-section-id=\"ydusx9\" data-start=\"1010\" data-end=\"1021\">Problem<\/h3>\n<p data-start=\"1023\" data-end=\"1223\">Z\u0259if, q\u0131r\u0131lan v\u0259 gec uzanan sa\u00e7lar d\u00fczg\u00fcn qulluq olmad\u0131qda daha da z\u0259d\u0259l\u0259n\u0259 bil\u0259r. Kimy\u0259vi prosedurlar, istilikl\u0259 formala\u015fd\u0131rma v\u0259 uy\u011fun olmayan m\u0259hsullar sa\u00e7 strukturunu z\u0259ifl\u0259dir. Bunun n\u0259tic\u0259sind\u0259:<\/p>\n<ul data-start=\"1225\" data-end=\"1322\">\n<li data-section-id=\"182za5g\" data-start=\"1225\" data-end=\"1248\">\n<p data-start=\"1227\" data-end=\"1248\">Sa\u00e7 tell\u0259ri inc\u0259lir<\/p>\n<\/li>\n<li data-section-id=\"b45wo6\" data-start=\"1249\" data-end=\"1270\">\n<p data-start=\"1251\" data-end=\"1270\">Uclar tez q\u0131r\u0131l\u0131r<\/p>\n<\/li>\n<li data-section-id=\"1o257s2\" data-start=\"1271\" data-end=\"1286\">\n<p data-start=\"1273\" data-end=\"1286\">H\u0259cm azal\u0131r<\/p>\n<\/li>\n<li data-section-id=\"1wz30qa\" data-start=\"1287\" data-end=\"1322\">\n<p data-start=\"1289\" data-end=\"1322\">Sa\u00e7lar sol\u011fun v\u0259 cans\u0131z g\u00f6r\u00fcn\u00fcr<\/p>\n<\/li>\n<\/ul>\n<p data-start=\"1324\" data-end=\"1443\">Sa\u00e7\u0131n sa\u011flam uzanmas\u0131 \u00fc\u00e7\u00fcn yaln\u0131z t\u0259mizl\u0259m\u0259 kifay\u0259t deyil. Sa\u00e7 d\u0259risi v\u0259 tell\u0259r balansl\u0131 v\u0259 m\u00fcnt\u0259z\u0259m qulluq t\u0259l\u0259b edir.<\/p>\n<hr data-start=\"1445\" data-end=\"1448\" \/>\n<h3 data-section-id=\"ynb8lz\" data-start=\"1450\" data-end=\"1458\">H\u0259ll<\/h3>\n<p data-start=\"1460\" data-end=\"1684\"><strong data-start=\"1460\" data-end=\"1513\">Trichup Healthy Long Strong Herbal Shampoo 700 ml<\/strong> bitki m\u0259n\u015f\u0259li formulaya malikdir v\u0259 g\u00fcnd\u0259lik istifad\u0259 \u00fc\u00e7\u00fcn n\u0259z\u0259rd\u0259 tutulmu\u015fdur. M\u0259hsul sa\u00e7lar\u0131 z\u0259rif \u015f\u0259kild\u0259 t\u0259mizl\u0259y\u0259rk\u0259n onlar\u0131n m\u00f6hk\u0259ml\u0259nm\u0259sin\u0259 d\u0259st\u0259k verm\u0259y\u0259 y\u00f6n\u0259lib.<\/p>\n<p data-start=\"1686\" data-end=\"1699\">\u041f\u0440\u0435\u0438\u043c\u0443\u0449\u0435\u0441\u0442\u0432\u0430:<\/p>\n<ul data-start=\"1701\" data-end=\"1919\">\n<li data-section-id=\"1i3rxzs\" data-start=\"1701\" data-end=\"1744\">\n<p data-start=\"1703\" data-end=\"1744\">Sa\u00e7 v\u0259 sa\u00e7 d\u0259risini effektiv t\u0259mizl\u0259yir<\/p>\n<\/li>\n<li data-section-id=\"1v9pic3\" data-start=\"1745\" data-end=\"1792\">\n<p data-start=\"1747\" data-end=\"1792\">Sa\u00e7 strukturunun m\u00f6hk\u0259ml\u0259nm\u0259sin\u0259 k\u00f6m\u0259k edir<\/p>\n<\/li>\n<li data-section-id=\"1b2a5gf\" data-start=\"1793\" data-end=\"1831\">\n<p data-start=\"1795\" data-end=\"1831\">Q\u0131r\u0131lman\u0131n azalmas\u0131na d\u0259st\u0259k verir<\/p>\n<\/li>\n<li data-section-id=\"f3wh9a\" data-start=\"1832\" data-end=\"1876\">\n<p data-start=\"1834\" data-end=\"1876\">Sa\u00e7\u0131n elastikliyini qoruma\u011fa yard\u0131m edir<\/p>\n<\/li>\n<li data-section-id=\"ua05o\" data-start=\"1877\" data-end=\"1919\">\n<p data-start=\"1879\" data-end=\"1919\">Daha dol\u011fun v\u0259 bax\u0131ml\u0131 g\u00f6r\u00fcn\u00fc\u015f yarad\u0131r<\/p>\n<\/li>\n<\/ul>\n<p data-start=\"1921\" data-end=\"2051\">700 ml h\u0259cm uzunm\u00fcdd\u0259tli v\u0259 ail\u0259 istifad\u0259si \u00fc\u00e7\u00fcn praktik se\u00e7imdir. \u015eampun sa\u00e7lar\u0131 a\u011f\u0131rla\u015fd\u0131rmadan t\u0259miz v\u0259 y\u00fcng\u00fcl hiss t\u0259min edir.<\/p>\n<p data-start=\"2053\" data-end=\"2173\">Bitki m\u0259n\u015f\u0259li aktiv komponentl\u0259r sa\u00e7 d\u0259risinin t\u0259bii balans\u0131n\u0131 qoruma\u011fa v\u0259 tell\u0259rin g\u00fccl\u0259nm\u0259sin\u0259 d\u0259st\u0259k verm\u0259y\u0259 y\u00f6n\u0259lib.<\/p>\n<hr data-start=\"2175\" data-end=\"2178\" \/>\n<h3 data-section-id=\"rgleae\" data-start=\"2180\" data-end=\"2190\">N\u0259tic\u0259<\/h3>\n<p data-start=\"2192\" data-end=\"2217\">M\u00fcnt\u0259z\u0259m istifad\u0259 zaman\u0131:<\/p>\n<ul data-start=\"2219\" data-end=\"2368\">\n<li data-section-id=\"7nhckd\" data-start=\"2219\" data-end=\"2249\">\n<p data-start=\"2221\" data-end=\"2249\">Sa\u00e7lar daha m\u00f6hk\u0259m g\u00f6r\u00fcn\u00fcr<\/p>\n<\/li>\n<li data-section-id=\"1x2qb3y\" data-start=\"2250\" data-end=\"2268\">\n<p data-start=\"2252\" data-end=\"2268\">Q\u0131r\u0131lma azal\u0131r<\/p>\n<\/li>\n<li data-section-id=\"1jsnoai\" data-start=\"2269\" data-end=\"2318\">\n<p data-start=\"2271\" data-end=\"2318\">Uzama prosesi daha sa\u011flam \u015f\u0259raitd\u0259 davam edir<\/p>\n<\/li>\n<li data-section-id=\"1l4cp2i\" data-start=\"2319\" data-end=\"2368\">\n<p data-start=\"2321\" data-end=\"2368\">Sa\u00e7lar daha canl\u0131 v\u0259 bax\u0131ml\u0131 t\u0259sir ba\u011f\u0131\u015flay\u0131r<\/p>\n<\/li>\n<\/ul>\n<p data-start=\"2370\" data-end=\"2518\">Sa\u011flam v\u0259 uzun sa\u00e7 g\u00f6r\u00fcn\u00fc\u015f\u00fc d\u00fczg\u00fcn qulluqla m\u00fcmk\u00fcnd\u00fcr. Trichup Healthy Long Strong Herbal Shampoo g\u00fcnd\u0259lik istifad\u0259 \u00fc\u00e7\u00fcn balansl\u0131 se\u00e7im t\u0259qdim edir.<\/p>\n<hr data-start=\"2520\" data-end=\"2523\" \/>\n<h2 data-section-id=\"1u1lujk\" data-start=\"2525\" data-end=\"2554\">Niy\u0259 bu m\u0259hsulu almal\u0131yam?<\/h2>\n<ul data-start=\"2556\" data-end=\"2731\">\n<li data-section-id=\"1gc0l7y\" data-start=\"2556\" data-end=\"2613\">\n<p data-start=\"2558\" data-end=\"2613\">Sa\u011flam v\u0259 g\u00fccl\u00fc sa\u00e7 g\u00f6r\u00fcn\u00fc\u015f\u00fc \u00fc\u00e7\u00fcn haz\u0131rlanm\u0131\u015f formula<\/p>\n<\/li>\n<li data-section-id=\"1m0pzg3\" data-start=\"2614\" data-end=\"2638\">\n<p data-start=\"2616\" data-end=\"2638\">Bitki m\u0259n\u015f\u0259li t\u0259rkib<\/p>\n<\/li>\n<li data-section-id=\"phchaq\" data-start=\"2639\" data-end=\"2671\">\n<p data-start=\"2641\" data-end=\"2671\">G\u00fcnd\u0259lik istifad\u0259 \u00fc\u00e7\u00fcn uy\u011fun<\/p>\n<\/li>\n<li data-section-id=\"6fduwr\" data-start=\"2672\" data-end=\"2696\">\n<p data-start=\"2674\" data-end=\"2696\">700 ml iqtisadi h\u0259cm<\/p>\n<\/li>\n<li data-section-id=\"1oozhzx\" data-start=\"2697\" data-end=\"2731\">\n<p data-start=\"2699\" data-end=\"2731\">Qad\u0131n v\u0259 ki\u015fil\u0259r \u00fc\u00e7\u00fcn uy\u011fundur<\/p>\n<\/li>\n<\/ul>\n<p data-start=\"2733\" data-end=\"2808\">Sa\u00e7lar\u0131n h\u0259m estetik, h\u0259m d\u0259 sa\u011flam g\u00f6r\u00fcnm\u0259si \u00fc\u00e7\u00fcn davaml\u0131 qulluq vacibdir.<\/p>\n<hr data-start=\"2810\" data-end=\"2813\" \/>\n<h2 data-section-id=\"1exkxu7\" data-start=\"2815\" data-end=\"2834\">\u0130stifad\u0259 qaydas\u0131<\/h2>\n<ol data-start=\"2836\" data-end=\"3018\">\n<li data-section-id=\"uzv5p8\" data-start=\"2836\" data-end=\"2869\">\n<p data-start=\"2839\" data-end=\"2869\">Sa\u00e7lar\u0131 il\u0131q su il\u0259 islad\u0131n.<\/p>\n<\/li>\n<li data-section-id=\"1gwnp6s\" data-start=\"2870\" data-end=\"2924\">\n<p data-start=\"2873\" data-end=\"2924\">Laz\u0131mi miqdarda \u015fampunu sa\u00e7 d\u0259risin\u0259 t\u0259tbiq edin.<\/p>\n<\/li>\n<li data-section-id=\"1fh79xd\" data-start=\"2925\" data-end=\"2954\">\n<p data-start=\"2928\" data-end=\"2954\">Masaj ed\u0259r\u0259k k\u00f6p\u00fcrd\u00fcr\u00fcn.<\/p>\n<\/li>\n<li data-section-id=\"dsfnwk\" data-start=\"2955\" data-end=\"2977\">\n<p data-start=\"2958\" data-end=\"2977\">Bol su il\u0259 yuyun.<\/p>\n<\/li>\n<li data-section-id=\"6kg6z3\" data-start=\"2978\" data-end=\"3018\">\n<p data-start=\"2981\" data-end=\"3018\">Z\u0259rur\u0259t olduqda t\u0259krar t\u0259tbiq edin.<\/p>\n<\/li>\n<\/ol>\n<hr data-start=\"3020\" data-end=\"3023\" \/>\n<h2 data-section-id=\"1xwdj0s\" data-start=\"3025\" data-end=\"3032\">Qeyd<\/h2>\n<ul data-start=\"3034\" data-end=\"3196\">\n<li data-section-id=\"11ilav5\" data-start=\"3034\" data-end=\"3069\">\n<p data-start=\"3036\" data-end=\"3069\">Yaln\u0131z xarici istifad\u0259 \u00fc\u00e7\u00fcnd\u00fcr.<\/p>\n<\/li>\n<li data-section-id=\"1uo8d0\" data-start=\"3070\" data-end=\"3097\">\n<p data-start=\"3072\" data-end=\"3097\">G\u00f6zl\u0259 t\u0259masdan \u00e7\u0259kinin.<\/p>\n<\/li>\n<li data-section-id=\"171uoj8\" data-start=\"3098\" data-end=\"3153\">\n<p data-start=\"3100\" data-end=\"3153\">H\u0259ssas d\u0259riy\u0259 malik \u015f\u0259xsl\u0259r \u0259vv\u0259lc\u0259 test etm\u0259lidir.<\/p>\n<\/li>\n<li data-section-id=\"2ufj0a\" data-start=\"3154\" data-end=\"3196\">\n<p data-start=\"3156\" data-end=\"3196\">U\u015faqlar\u0131n \u0259li \u00e7atmayan yerd\u0259 saxlay\u0131n.<\/p>\n<\/li>\n<\/ul>","protected":false},"excerpt":{"rendered":"<p><strong data-start=\"703\" data-end=\"756\">Trichup Healthy Long Strong Herbal Shampoo 700 ml<\/strong> sa\u011flam, uzun v\u0259 g\u00fccl\u00fc sa\u00e7 g\u00f6r\u00fcn\u00fc\u015f\u00fc \u00fc\u00e7\u00fcn haz\u0131rlanm\u0131\u015f bitki m\u0259n\u015f\u0259li \u015fampundur. Sa\u00e7lar\u0131 z\u0259rif t\u0259mizl\u0259yir v\u0259 m\u00f6hk\u0259ml\u0259nm\u0259sin\u0259 d\u0259st\u0259k verir.<\/p>","protected":false},"featured_media":9434,"comment_status":"open","ping_status":"closed","template":"","meta":[],"pwb-brand":[409],"product_cat":[126,133],"product_tag":[308,307],"class_list":{"0":"post-9430","1":"product","2":"type-product","3":"status-publish","4":"has-post-thumbnail","6":"pwb-brand-trichup","7":"product_cat-haircare","8":"product_cat-shampoo","9":"product_tag-haircare","10":"product_tag-longstronghair","11":"pa_size-700ml","14":"instock","15":"sale","16":"shipping-taxable","17":"purchasable","18":"product-type-simple"},"brands":[{"id":409,"name":"Trichup","slug":"trichup"}],"_links":{"self":[{"href":"https:\/\/axtarstore.com\/ru\/wp-json\/wp\/v2\/product\/9430"}],"collection":[{"href":"https:\/\/axtarstore.com\/ru\/wp-json\/wp\/v2\/product"}],"about":[{"href":"https:\/\/axtarstore.com\/ru\/wp-json\/wp\/v2\/types\/product"}],"replies":[{"embeddable":true,"href":"https:\/\/axtarstore.com\/ru\/wp-json\/wp\/v2\/comments?post=9430"}],"version-history":[{"count":3,"href":"https:\/\/axtarstore.com\/ru\/wp-json\/wp\/v2\/product\/9430\/revisions"}],"predecessor-version":[{"id":11277,"href":"https:\/\/axtarstore.com\/ru\/wp-json\/wp\/v2\/product\/9430\/revisions\/11277"}],"wp:featuredmedia":[{"embeddable":true,"href":"https:\/\/axtarstore.com\/ru\/wp-json\/wp\/v2\/media\/9434"}],"wp:attachment":[{"href":"https:\/\/axtarstore.com\/ru\/wp-json\/wp\/v2\/media?parent=9430"}],"wp:term":[{"taxonomy":"pwb-brand","embeddable":true,"href":"https:\/\/axtarstore.com\/ru\/wp-json\/wp\/v2\/pwb-brand?post=9430"},{"taxonomy":"product_cat","embeddable":true,"href":"https:\/\/axtarstore.com\/ru\/wp-json\/wp\/v2\/product_cat?post=9430"},{"taxonomy":"product_tag","embeddable":true,"href":"https:\/\/axtarstore.com\/ru\/wp-json\/wp\/v2\/product_tag?post=9430"}],"curies":[{"name":"wp","href":"https:\/\/api.w.org\/{rel}","templated":true}]}}