{"id":9421,"date":"2025-03-16T00:56:21","date_gmt":"2025-03-15T20:56:21","guid":{"rendered":"https:\/\/axtarstore.com\/?post_type=product&#038;p=9421"},"modified":"2026-02-19T23:47:28","modified_gmt":"2026-02-19T19:47:28","slug":"trichup-anti-dandruff-sampun-400ml-kepeye-qarsi","status":"publish","type":"product","link":"https:\/\/axtarstore.com\/ru\/product\/trichup-anti-dandruff-sampun-400ml-kepeye-qarsi\/","title":{"rendered":"Trichup Herbal Shampoo &#8211; Anti Dandruff (400ml)"},"content":{"rendered":"<h2 data-section-id=\"1xkz0ya\" data-start=\"1030\" data-end=\"1067\">Trichup Anti Dandruff \u015eampun 400ml<\/h2>\n<h3 data-section-id=\"ydusx9\" data-start=\"1069\" data-end=\"1080\">Problem<\/h3>\n<p data-start=\"1082\" data-end=\"1364\">K\u0259p\u0259k sa\u00e7 d\u0259risinin \u0259n geni\u015f yay\u0131lm\u0131\u015f probleml\u0259rind\u0259n biridir. A\u011f pulcuqlanma, qa\u015f\u0131nma v\u0259 narahatl\u0131q h\u0259m estetik, h\u0259m d\u0259 gigiyenik bax\u0131mdan problem yarad\u0131r. Uy\u011funsuz \u015fampun istifad\u0259si, h\u0259ddind\u0259n art\u0131q ya\u011flanma v\u0259 ya \u0259ksin\u0259 sa\u00e7 d\u0259risinin qurumas\u0131 v\u0259ziyy\u0259ti daha da a\u011f\u0131rla\u015fd\u0131ra bil\u0259r.<\/p>\n<p data-start=\"1366\" data-end=\"1619\">K\u0259p\u0259k problemi yaln\u0131z g\u00f6r\u00fcn\u00fc\u015fl\u0259 m\u0259hdudla\u015fm\u0131r. Uzunm\u00fcdd\u0259tli davam etdikd\u0259 sa\u00e7 k\u00f6kl\u0259rinin z\u0259ifl\u0259m\u0259sin\u0259 v\u0259 sa\u00e7\u0131n sa\u011flam inki\u015faf\u0131n\u0131n pozulmas\u0131na s\u0259b\u0259b ola bil\u0259r. Bu s\u0259b\u0259bd\u0259n h\u0259m effektiv t\u0259mizl\u0259y\u0259n, h\u0259m d\u0259 sa\u00e7 d\u0259risini balansla\u015fd\u0131ran m\u0259hsul se\u00e7imi vacibdir.<\/p>\n<hr data-start=\"1621\" data-end=\"1624\" \/>\n<h3 data-section-id=\"ynb8lz\" data-start=\"1626\" data-end=\"1634\">H\u0259ll<\/h3>\n<p data-start=\"1636\" data-end=\"1826\">Trichup Anti Dandruff \u015eampun 400ml sa\u00e7 d\u0259risini d\u0259rind\u0259n t\u0259mizl\u0259m\u0259k v\u0259 k\u0259p\u0259k problemini azaltmaq \u00fc\u00e7\u00fcn haz\u0131rlanm\u0131\u015fd\u0131r. Bitki m\u0259n\u015f\u0259li t\u0259rkibi sa\u00e7 d\u0259risinin t\u0259bii balans\u0131n\u0131 qoruma\u011fa k\u00f6m\u0259k edir.<\/p>\n<p data-start=\"1828\" data-end=\"1855\">M\u0259hsulun \u0259sas \u00fcst\u00fcnl\u00fckl\u0259ri:<\/p>\n<ul data-start=\"1857\" data-end=\"2038\">\n<li data-section-id=\"1rmnc46\" data-start=\"1857\" data-end=\"1891\">\n<p data-start=\"1859\" data-end=\"1891\">K\u0259p\u0259yin azalmas\u0131na d\u0259st\u0259k olur<\/p>\n<\/li>\n<li data-section-id=\"mr3sto\" data-start=\"1892\" data-end=\"1922\">\n<p data-start=\"1894\" data-end=\"1922\">Sa\u00e7 d\u0259risini sakitl\u0259\u015fdirir<\/p>\n<\/li>\n<li data-section-id=\"3niuyy\" data-start=\"1923\" data-end=\"1950\">\n<p data-start=\"1925\" data-end=\"1950\">Qa\u015f\u0131nma hissini azald\u0131r<\/p>\n<\/li>\n<li data-section-id=\"ayh7qs\" data-start=\"1951\" data-end=\"1999\">\n<p data-start=\"1953\" data-end=\"1999\">Art\u0131q ya\u011flanman\u0131 balansla\u015fd\u0131rma\u011fa k\u00f6m\u0259k edir<\/p>\n<\/li>\n<li data-section-id=\"1qavf6g\" data-start=\"2000\" data-end=\"2038\">\n<p data-start=\"2002\" data-end=\"2038\">Sa\u00e7lar\u0131 yum\u015faq v\u0259 idar\u0259olunan edir<\/p>\n<\/li>\n<\/ul>\n<p data-start=\"2040\" data-end=\"2229\">Formulas\u0131 g\u00fcnd\u0259lik istifad\u0259 \u00fc\u00e7\u00fcn uy\u011fundur v\u0259 sa\u00e7 d\u0259risini q\u0131c\u0131qland\u0131rmadan t\u0259mizl\u0259yir. M\u00fcnt\u0259z\u0259m istifad\u0259 n\u0259tic\u0259sind\u0259 sa\u00e7 d\u0259risinin daha sa\u011flam v\u0259 balansl\u0131 v\u0259ziyy\u0259t\u0259 g\u0259ldiyi m\u00fc\u015fahid\u0259 olunur.<\/p>\n<hr data-start=\"2231\" data-end=\"2234\" \/>\n<h3 data-section-id=\"rgleae\" data-start=\"2236\" data-end=\"2246\">N\u0259tic\u0259<\/h3>\n<p data-start=\"2248\" data-end=\"2431\">Daimi istifad\u0259 zaman\u0131 sa\u00e7 d\u0259risind\u0259 k\u0259p\u0259k azal\u0131r, qa\u015f\u0131nma minimuma enir v\u0259 sa\u00e7lar daha t\u0259miz, bax\u0131ml\u0131 g\u00f6r\u00fcn\u00fcr. Sa\u00e7\u0131n \u00fcmumi strukturu yax\u015f\u0131la\u015f\u0131r, daha y\u00fcng\u00fcl v\u0259 h\u0259cmli g\u00f6r\u00fcn\u00fc\u015f yaran\u0131r.<\/p>\n<p data-start=\"2433\" data-end=\"2561\">Trichup Anti Dandruff \u015eampun x\u00fcsusil\u0259 k\u0259p\u0259kd\u0259n \u0259ziyy\u0259t \u00e7\u0259k\u0259n, ya\u011fl\u0131 v\u0259 ya h\u0259ssas sa\u00e7 d\u0259risin\u0259 sahib \u015f\u0259xsl\u0259r \u00fc\u00e7\u00fcn uy\u011fun se\u00e7imdir.<\/p>\n<hr data-start=\"2563\" data-end=\"2566\" \/>\n<h2 data-section-id=\"1u1lujk\" data-start=\"2568\" data-end=\"2597\">Niy\u0259 bu m\u0259hsulu almal\u0131yam?<\/h2>\n<ul data-start=\"2599\" data-end=\"2801\">\n<li data-section-id=\"gb334b\" data-start=\"2599\" data-end=\"2635\">\n<p data-start=\"2601\" data-end=\"2635\">K\u0259p\u0259y\u0259 qar\u015f\u0131 m\u0259qs\u0259dy\u00f6nl\u00fc formula<\/p>\n<\/li>\n<li data-section-id=\"1q2jfhh\" data-start=\"2636\" data-end=\"2672\">\n<p data-start=\"2638\" data-end=\"2672\">Sa\u00e7 d\u0259risini sakitl\u0259\u015fdir\u0259n t\u0259sir<\/p>\n<\/li>\n<li data-section-id=\"o4dzlk\" data-start=\"2673\" data-end=\"2696\">\n<p data-start=\"2675\" data-end=\"2696\">400ml iqtisadi h\u0259cm<\/p>\n<\/li>\n<li data-section-id=\"idxp3v\" data-start=\"2697\" data-end=\"2726\">\n<p data-start=\"2699\" data-end=\"2726\">G\u00fcnd\u0259lik istifad\u0259y\u0259 uy\u011fun<\/p>\n<\/li>\n<li data-section-id=\"fumyif\" data-start=\"2727\" data-end=\"2760\">\n<p data-start=\"2729\" data-end=\"2760\">Etibarl\u0131 v\u0259 keyfiyy\u0259tli marka<\/p>\n<\/li>\n<li data-section-id=\"glg8yq\" data-start=\"2761\" data-end=\"2801\">\n<p data-start=\"2763\" data-end=\"2801\">H\u0259m ki\u015fil\u0259r, h\u0259m qad\u0131nlar \u00fc\u00e7\u00fcn uy\u011fun<\/p>\n<\/li>\n<\/ul>\n<p data-start=\"2803\" data-end=\"2953\">\u018fg\u0259r davaml\u0131 k\u0259p\u0259k problemi v\u0259 qa\u015f\u0131nma sizi narahat edirs\u0259, bu m\u0259hsul sa\u00e7 d\u0259rinizin balans\u0131n\u0131 b\u0259rpa etm\u0259k \u00fc\u00e7\u00fcn praktik v\u0259 funksional h\u0259ll t\u0259qdim edir.<\/p>\n<hr data-start=\"2955\" data-end=\"2958\" \/>\n<h2 data-section-id=\"1ix87lb\" data-start=\"2960\" data-end=\"2979\">\u0130stifad\u0259 Qaydas\u0131<\/h2>\n<ol data-start=\"2981\" data-end=\"3174\">\n<li data-section-id=\"1gb3ylg\" data-start=\"2981\" data-end=\"3018\">\n<p data-start=\"2984\" data-end=\"3018\">Sa\u00e7lar\u0131 il\u0131q su il\u0259 tam islad\u0131n.<\/p>\n<\/li>\n<li data-section-id=\"1gwnp6s\" data-start=\"3019\" data-end=\"3073\">\n<p data-start=\"3022\" data-end=\"3073\">Laz\u0131mi miqdarda \u015fampunu sa\u00e7 d\u0259risin\u0259 t\u0259tbiq edin.<\/p>\n<\/li>\n<li data-section-id=\"1orhxhn\" data-start=\"3074\" data-end=\"3121\">\n<p data-start=\"3077\" data-end=\"3121\">Z\u0259rif masaj h\u0259r\u0259k\u0259tl\u0259ri il\u0259 k\u00f6p\u00fckl\u0259ndirin.<\/p>\n<\/li>\n<li data-section-id=\"ejuvh\" data-start=\"3122\" data-end=\"3147\">\n<p data-start=\"3125\" data-end=\"3147\">1\u20132 d\u0259qiq\u0259 saxlay\u0131n.<\/p>\n<\/li>\n<li data-section-id=\"239n1d\" data-start=\"3148\" data-end=\"3174\">\n<p data-start=\"3151\" data-end=\"3174\">Bol su il\u0259 yaxalay\u0131n.<\/p>\n<\/li>\n<\/ol>\n<p data-start=\"3176\" data-end=\"3245\">Effektiv n\u0259tic\u0259 \u00fc\u00e7\u00fcn h\u0259ft\u0259d\u0259 \u0259n az\u0131 3\u20134 d\u0259f\u0259 istifad\u0259 t\u00f6vsiy\u0259 olunur.<\/p>\n<hr data-start=\"3247\" data-end=\"3250\" \/>\n<h2 data-section-id=\"1lbbi0g\" data-start=\"3252\" data-end=\"3276\">Kiml\u0259r \u00fc\u00e7\u00fcn uy\u011fundur?<\/h2>\n<ul data-start=\"3278\" data-end=\"3447\">\n<li data-section-id=\"12h7uj9\" data-start=\"3278\" data-end=\"3307\">\n<p data-start=\"3280\" data-end=\"3307\">K\u0259p\u0259k problemi ya\u015fayanlar<\/p>\n<\/li>\n<li data-section-id=\"lcsv4u\" data-start=\"3308\" data-end=\"3358\">\n<p data-start=\"3310\" data-end=\"3358\">Qa\u015f\u0131nma v\u0259 h\u0259ddind\u0259n art\u0131q ya\u011flanma ya\u015fayanlar<\/p>\n<\/li>\n<li data-section-id=\"m66ibb\" data-start=\"3359\" data-end=\"3396\">\n<p data-start=\"3361\" data-end=\"3396\">H\u0259ssas sa\u00e7 d\u0259risin\u0259 sahib olanlar<\/p>\n<\/li>\n<li data-section-id=\"t1w1dw\" data-start=\"3397\" data-end=\"3447\">\n<p data-start=\"3399\" data-end=\"3447\">G\u00fcnd\u0259lik istifad\u0259 \u00fc\u00e7\u00fcn uy\u011fun \u015fampun axtaranlar<\/p>\n<\/li>\n<\/ul>\n<hr data-start=\"3449\" data-end=\"3452\" \/>\n<h2 data-section-id=\"1xwdj0s\" data-start=\"3454\" data-end=\"3461\">Qeyd<\/h2>\n<p data-start=\"3463\" data-end=\"3618\">Yaln\u0131z xarici istifad\u0259 \u00fc\u00e7\u00fcnd\u00fcr. G\u00f6zl\u0259 t\u0259masdan qa\u00e7\u0131n\u0131n. H\u0259r hans\u0131 allergik reaksiya yaranarsa istifad\u0259ni dayand\u0131r\u0131n. U\u015faqlar\u0131n \u0259li \u00e7atmayan yerd\u0259 saxlay\u0131n.<\/p>","protected":false},"excerpt":{"rendered":"<p>Trichup Anti Dandruff 400ml \u015fampun k\u0259p\u0259yi azaltma\u011fa k\u00f6m\u0259k edir, sa\u00e7 d\u0259risini sakitl\u0259\u015fdirir v\u0259 sa\u011flam g\u00f6r\u00fcn\u00fc\u015f qazand\u0131r\u0131r. G\u00fcnd\u0259lik istifad\u0259y\u0259 uy\u011fundur.<\/p>","protected":false},"featured_media":9422,"comment_status":"open","ping_status":"closed","template":"","meta":[],"pwb-brand":[409],"product_cat":[126,133],"product_tag":[308],"class_list":{"0":"post-9421","1":"product","2":"type-product","3":"status-publish","4":"has-post-thumbnail","6":"pwb-brand-trichup","7":"product_cat-haircare","8":"product_cat-shampoo","9":"product_tag-haircare","10":"pa_size-400ml","13":"instock","14":"sale","15":"shipping-taxable","16":"purchasable","17":"product-type-simple"},"brands":[{"id":409,"name":"Trichup","slug":"trichup"}],"_links":{"self":[{"href":"https:\/\/axtarstore.com\/ru\/wp-json\/wp\/v2\/product\/9421"}],"collection":[{"href":"https:\/\/axtarstore.com\/ru\/wp-json\/wp\/v2\/product"}],"about":[{"href":"https:\/\/axtarstore.com\/ru\/wp-json\/wp\/v2\/types\/product"}],"replies":[{"embeddable":true,"href":"https:\/\/axtarstore.com\/ru\/wp-json\/wp\/v2\/comments?post=9421"}],"version-history":[{"count":3,"href":"https:\/\/axtarstore.com\/ru\/wp-json\/wp\/v2\/product\/9421\/revisions"}],"predecessor-version":[{"id":11281,"href":"https:\/\/axtarstore.com\/ru\/wp-json\/wp\/v2\/product\/9421\/revisions\/11281"}],"wp:featuredmedia":[{"embeddable":true,"href":"https:\/\/axtarstore.com\/ru\/wp-json\/wp\/v2\/media\/9422"}],"wp:attachment":[{"href":"https:\/\/axtarstore.com\/ru\/wp-json\/wp\/v2\/media?parent=9421"}],"wp:term":[{"taxonomy":"pwb-brand","embeddable":true,"href":"https:\/\/axtarstore.com\/ru\/wp-json\/wp\/v2\/pwb-brand?post=9421"},{"taxonomy":"product_cat","embeddable":true,"href":"https:\/\/axtarstore.com\/ru\/wp-json\/wp\/v2\/product_cat?post=9421"},{"taxonomy":"product_tag","embeddable":true,"href":"https:\/\/axtarstore.com\/ru\/wp-json\/wp\/v2\/product_tag?post=9421"}],"curies":[{"name":"wp","href":"https:\/\/api.w.org\/{rel}","templated":true}]}}