{"id":9418,"date":"2025-03-16T00:53:00","date_gmt":"2025-03-15T20:53:00","guid":{"rendered":"https:\/\/axtarstore.com\/?post_type=product&#038;p=9418"},"modified":"2026-02-19T23:51:55","modified_gmt":"2026-02-19T19:51:55","slug":"trichup-hair-fall-control-400ml-sampun","status":"publish","type":"product","link":"https:\/\/axtarstore.com\/ru\/product\/trichup-hair-fall-control-400ml-sampun\/","title":{"rendered":"Trichup Herbal Shampoo &#8211; Hair Fall Control (400ml)"},"content":{"rendered":"<h2 data-section-id=\"bcqoze\" data-start=\"1009\" data-end=\"1050\">Trichup Hair Fall Control \u015eampun 400ml<\/h2>\n<h3 data-section-id=\"ydusx9\" data-start=\"1052\" data-end=\"1063\">Problem<\/h3>\n<p data-start=\"1065\" data-end=\"1398\">Sa\u00e7 t\u00f6k\u00fclm\u0259si h\u0259m qad\u0131nlar, h\u0259m d\u0259 ki\u015fil\u0259r aras\u0131nda geni\u015f yay\u0131lm\u0131\u015f problemdir. Z\u0259if sa\u00e7 k\u00f6kl\u0259ri, stress, d\u00fczg\u00fcn olmayan qulluq v\u0259 \u0259traf m\u00fchit faktorlar\u0131 sa\u00e7\u0131n inc\u0259lm\u0259sin\u0259 v\u0259 zamanla seyr\u0259kl\u0259\u015fm\u0259sin\u0259 s\u0259b\u0259b olur. Sa\u00e7lar\u0131n davaml\u0131 t\u00f6k\u00fclm\u0259si yaln\u0131z estetik narahatl\u0131q yaratm\u0131r, eyni zamanda sa\u00e7\u0131n \u00fcmumi sa\u011flaml\u0131\u011f\u0131n\u0131n pozuldu\u011funu g\u00f6st\u0259rir.<\/p>\n<p data-start=\"1400\" data-end=\"1603\">Kimy\u0259vi t\u0259rkibli, a\u011f\u0131r formulal\u0131 \u015fampunlar sa\u00e7 d\u0259risini q\u0131c\u0131qland\u0131ra v\u0259 problemi daha da d\u0259rinl\u0259\u015fdir\u0259 bil\u0259r. Bu s\u0259b\u0259bd\u0259n h\u0259m effektiv t\u0259mizl\u0259m\u0259, h\u0259m d\u0259 g\u00fccl\u0259ndirici t\u0259sir g\u00f6st\u0259r\u0259n m\u0259hsul se\u00e7imi vacibdir.<\/p>\n<hr data-start=\"1605\" data-end=\"1608\" \/>\n<h3 data-section-id=\"ynb8lz\" data-start=\"1610\" data-end=\"1618\">H\u0259ll<\/h3>\n<p data-start=\"1620\" data-end=\"1838\">Trichup Hair Fall Control \u015eampun 400ml bitki m\u0259n\u015f\u0259li komponentl\u0259rl\u0259 z\u0259ngin formulaya malikdir. T\u0259rkibind\u0259 amla, bhringaraj v\u0259 dig\u0259r faydal\u0131 bitki ekstraktlar\u0131 sa\u00e7 k\u00f6kl\u0259rinin qidalanmas\u0131na v\u0259 m\u00f6hk\u0259ml\u0259nm\u0259sin\u0259 k\u00f6m\u0259k edir.<\/p>\n<p data-start=\"1840\" data-end=\"1869\">M\u0259hsulun \u0259sas x\u00fcsusiyy\u0259tl\u0259ri:<\/p>\n<ul data-start=\"1871\" data-end=\"2073\">\n<li data-section-id=\"1blauwo\" data-start=\"1871\" data-end=\"1914\">\n<p data-start=\"1873\" data-end=\"1914\">Sa\u00e7 t\u00f6k\u00fclm\u0259sinin azalmas\u0131na d\u0259st\u0259k olur<\/p>\n<\/li>\n<li data-section-id=\"17o3e9x\" data-start=\"1915\" data-end=\"1944\">\n<p data-start=\"1917\" data-end=\"1944\">Sa\u00e7 k\u00f6kl\u0259rini g\u00fccl\u0259ndirir<\/p>\n<\/li>\n<li data-section-id=\"1fnqe95\" data-start=\"1945\" data-end=\"1986\">\n<p data-start=\"1947\" data-end=\"1986\">Sa\u00e7 d\u0259risini z\u0259rif \u015f\u0259kild\u0259 t\u0259mizl\u0259yir<\/p>\n<\/li>\n<li data-section-id=\"1jyx8b7\" data-start=\"1987\" data-end=\"2031\">\n<p data-start=\"1989\" data-end=\"2031\">Sa\u00e7\u0131n elastikliyini art\u0131rma\u011fa k\u00f6m\u0259k edir<\/p>\n<\/li>\n<li data-section-id=\"1k8fmgr\" data-start=\"2032\" data-end=\"2073\">\n<p data-start=\"2034\" data-end=\"2073\">Daha dol\u011fun v\u0259 sa\u011flam g\u00f6r\u00fcn\u00fc\u015f yarad\u0131r<\/p>\n<\/li>\n<\/ul>\n<p data-start=\"2075\" data-end=\"2221\">Formulas\u0131 g\u00fcnd\u0259lik istifad\u0259 \u00fc\u00e7\u00fcn uy\u011funla\u015fd\u0131r\u0131lm\u0131\u015fd\u0131r v\u0259 sa\u00e7 d\u0259risinin t\u0259bii balans\u0131n\u0131 qoruyur. Sa\u00e7\u0131 a\u011f\u0131rla\u015fd\u0131rmadan effektiv t\u0259mizl\u0259m\u0259 t\u0259min edir.<\/p>\n<hr data-start=\"2223\" data-end=\"2226\" \/>\n<h3 data-section-id=\"rgleae\" data-start=\"2228\" data-end=\"2238\">N\u0259tic\u0259<\/h3>\n<p data-start=\"2240\" data-end=\"2407\">M\u00fcnt\u0259z\u0259m istifad\u0259 zaman\u0131 sa\u00e7 t\u00f6k\u00fclm\u0259sinin azalmas\u0131 m\u00fc\u015fahid\u0259 olunur. Sa\u00e7lar daha m\u00f6hk\u0259m, daha canl\u0131 v\u0259 bax\u0131ml\u0131 g\u00f6r\u00fcn\u00fcr. Sa\u00e7 tell\u0259ri daha davaml\u0131 olur v\u0259 q\u0131r\u0131lma azal\u0131r.<\/p>\n<p data-start=\"2409\" data-end=\"2502\">Uzunm\u00fcdd\u0259tli istifad\u0259d\u0259 sa\u00e7\u0131n \u00fcmumi keyfiyy\u0259ti yax\u015f\u0131la\u015f\u0131r v\u0259 daha dol\u011fun g\u00f6r\u00fcn\u00fc\u015f \u0259ld\u0259 edilir.<\/p>\n<hr data-start=\"2504\" data-end=\"2507\" \/>\n<h2 data-section-id=\"1u1lujk\" data-start=\"2509\" data-end=\"2538\">Niy\u0259 bu m\u0259hsulu almal\u0131yam?<\/h2>\n<ul data-start=\"2540\" data-end=\"2778\">\n<li data-section-id=\"1b97f51\" data-start=\"2540\" data-end=\"2585\">\n<p data-start=\"2542\" data-end=\"2585\">Sa\u00e7 t\u00f6k\u00fclm\u0259sin\u0259 qar\u015f\u0131 m\u0259qs\u0259dy\u00f6nl\u00fc formula<\/p>\n<\/li>\n<li data-section-id=\"193g7k\" data-start=\"2586\" data-end=\"2626\">\n<p data-start=\"2588\" data-end=\"2626\">Bitki ekstraktlar\u0131 il\u0259 z\u0259ngin t\u0259rkib<\/p>\n<\/li>\n<li data-section-id=\"14t0uag\" data-start=\"2627\" data-end=\"2670\">\n<p data-start=\"2629\" data-end=\"2670\">400ml iqtisadi v\u0259 uzunm\u00fcdd\u0259tli istifad\u0259<\/p>\n<\/li>\n<li data-section-id=\"phchaq\" data-start=\"2671\" data-end=\"2703\">\n<p data-start=\"2673\" data-end=\"2703\">G\u00fcnd\u0259lik istifad\u0259 \u00fc\u00e7\u00fcn uy\u011fun<\/p>\n<\/li>\n<li data-section-id=\"14s1dk1\" data-start=\"2704\" data-end=\"2747\">\n<p data-start=\"2706\" data-end=\"2747\">H\u0259m qad\u0131nlar, h\u0259m ki\u015fil\u0259r \u00fc\u00e7\u00fcn uy\u011fundur<\/p>\n<\/li>\n<li data-section-id=\"13i2yu8\" data-start=\"2748\" data-end=\"2778\">\n<p data-start=\"2750\" data-end=\"2778\">Etibarl\u0131 v\u0259 tan\u0131nm\u0131\u015f marka<\/p>\n<\/li>\n<\/ul>\n<p data-start=\"2780\" data-end=\"2908\">\u018fg\u0259r sa\u00e7 t\u00f6k\u00fclm\u0259si sizi narahat edir v\u0259 sa\u00e7lar\u0131n\u0131z z\u0259ifl\u0259yibs\u0259, bu m\u0259hsul sa\u00e7 bax\u0131m rutininiz \u00fc\u00e7\u00fcn praktik v\u0259 balansl\u0131 se\u00e7imdir.<\/p>\n<hr data-start=\"2910\" data-end=\"2913\" \/>\n<h2 data-section-id=\"1ix87lb\" data-start=\"2915\" data-end=\"2934\">\u0130stifad\u0259 Qaydas\u0131<\/h2>\n<ol data-start=\"2936\" data-end=\"3125\">\n<li data-section-id=\"uzv5p8\" data-start=\"2936\" data-end=\"2969\">\n<p data-start=\"2939\" data-end=\"2969\">Sa\u00e7lar\u0131 il\u0131q su il\u0259 islad\u0131n.<\/p>\n<\/li>\n<li data-section-id=\"1gwnp6s\" data-start=\"2970\" data-end=\"3024\">\n<p data-start=\"2973\" data-end=\"3024\">Laz\u0131mi miqdarda \u015fampunu sa\u00e7 d\u0259risin\u0259 t\u0259tbiq edin.<\/p>\n<\/li>\n<li data-section-id=\"1orhxhn\" data-start=\"3025\" data-end=\"3072\">\n<p data-start=\"3028\" data-end=\"3072\">Z\u0259rif masaj h\u0259r\u0259k\u0259tl\u0259ri il\u0259 k\u00f6p\u00fckl\u0259ndirin.<\/p>\n<\/li>\n<li data-section-id=\"ejuvh\" data-start=\"3073\" data-end=\"3098\">\n<p data-start=\"3076\" data-end=\"3098\">1\u20132 d\u0259qiq\u0259 saxlay\u0131n.<\/p>\n<\/li>\n<li data-section-id=\"239n1d\" data-start=\"3099\" data-end=\"3125\">\n<p data-start=\"3102\" data-end=\"3125\">Bol su il\u0259 yaxalay\u0131n.<\/p>\n<\/li>\n<\/ol>\n<p data-start=\"3127\" data-end=\"3186\">Daha effektiv n\u0259tic\u0259 \u00fc\u00e7\u00fcn m\u00fcnt\u0259z\u0259m istifad\u0259 t\u00f6vsiy\u0259 olunur.<\/p>\n<hr data-start=\"3188\" data-end=\"3191\" \/>\n<h2 data-section-id=\"1lbbi0g\" data-start=\"3193\" data-end=\"3217\">Kiml\u0259r \u00fc\u00e7\u00fcn uy\u011fundur?<\/h2>\n<ul data-start=\"3219\" data-end=\"3376\">\n<li data-section-id=\"8ahu91\" data-start=\"3219\" data-end=\"3247\">\n<p data-start=\"3221\" data-end=\"3247\">Sa\u00e7 t\u00f6k\u00fclm\u0259si ya\u015fayanlar<\/p>\n<\/li>\n<li data-section-id=\"13m759k\" data-start=\"3248\" data-end=\"3290\">\n<p data-start=\"3250\" data-end=\"3290\">Z\u0259if v\u0259 inc\u0259lmi\u015f sa\u00e7lara sahib olanlar<\/p>\n<\/li>\n<li data-section-id=\"wvzcmp\" data-start=\"3291\" data-end=\"3328\">\n<p data-start=\"3293\" data-end=\"3328\">Sa\u00e7lar\u0131n\u0131 g\u00fccl\u0259ndirm\u0259k ist\u0259y\u0259nl\u0259r<\/p>\n<\/li>\n<li data-section-id=\"1d2eeq5\" data-start=\"3329\" data-end=\"3376\">\n<p data-start=\"3331\" data-end=\"3376\">G\u00fcnd\u0259lik istifad\u0259y\u0259 uy\u011fun \u015fampun axtaranlar<\/p>\n<\/li>\n<\/ul>\n<hr data-start=\"3378\" data-end=\"3381\" \/>\n<h2 data-section-id=\"1xwdj0s\" data-start=\"3383\" data-end=\"3390\">Qeyd<\/h2>\n<p data-start=\"3392\" data-end=\"3539\">Yaln\u0131z xarici istifad\u0259 \u00fc\u00e7\u00fcnd\u00fcr. G\u00f6zl\u0259 t\u0259masdan qa\u00e7\u0131n\u0131n. H\u0259r hans\u0131 h\u0259ssasl\u0131q yaranarsa istifad\u0259ni dayand\u0131r\u0131n. U\u015faqlar\u0131n \u0259li \u00e7atmayan yerd\u0259 saxlay\u0131n.<\/p>","protected":false},"excerpt":{"rendered":"<p>Trichup Hair Fall Control 400ml \u015fampun sa\u00e7 t\u00f6k\u00fclm\u0259sin\u0259 qar\u015f\u0131 d\u0259st\u0259k verir, sa\u00e7 k\u00f6kl\u0259rini m\u00f6hk\u0259ml\u0259ndirir v\u0259 g\u00fcnd\u0259lik istifad\u0259y\u0259 uy\u011fundur.<\/p>","protected":false},"featured_media":9419,"comment_status":"open","ping_status":"closed","template":"","meta":[],"pwb-brand":[409],"product_cat":[126,133],"product_tag":[308],"class_list":{"0":"post-9418","1":"product","2":"type-product","3":"status-publish","4":"has-post-thumbnail","6":"pwb-brand-trichup","7":"product_cat-haircare","8":"product_cat-shampoo","9":"product_tag-haircare","10":"pa_size-400ml","13":"instock","14":"sale","15":"shipping-taxable","16":"purchasable","17":"product-type-simple"},"brands":[{"id":409,"name":"Trichup","slug":"trichup"}],"_links":{"self":[{"href":"https:\/\/axtarstore.com\/ru\/wp-json\/wp\/v2\/product\/9418"}],"collection":[{"href":"https:\/\/axtarstore.com\/ru\/wp-json\/wp\/v2\/product"}],"about":[{"href":"https:\/\/axtarstore.com\/ru\/wp-json\/wp\/v2\/types\/product"}],"replies":[{"embeddable":true,"href":"https:\/\/axtarstore.com\/ru\/wp-json\/wp\/v2\/comments?post=9418"}],"version-history":[{"count":3,"href":"https:\/\/axtarstore.com\/ru\/wp-json\/wp\/v2\/product\/9418\/revisions"}],"predecessor-version":[{"id":11283,"href":"https:\/\/axtarstore.com\/ru\/wp-json\/wp\/v2\/product\/9418\/revisions\/11283"}],"wp:featuredmedia":[{"embeddable":true,"href":"https:\/\/axtarstore.com\/ru\/wp-json\/wp\/v2\/media\/9419"}],"wp:attachment":[{"href":"https:\/\/axtarstore.com\/ru\/wp-json\/wp\/v2\/media?parent=9418"}],"wp:term":[{"taxonomy":"pwb-brand","embeddable":true,"href":"https:\/\/axtarstore.com\/ru\/wp-json\/wp\/v2\/pwb-brand?post=9418"},{"taxonomy":"product_cat","embeddable":true,"href":"https:\/\/axtarstore.com\/ru\/wp-json\/wp\/v2\/product_cat?post=9418"},{"taxonomy":"product_tag","embeddable":true,"href":"https:\/\/axtarstore.com\/ru\/wp-json\/wp\/v2\/product_tag?post=9418"}],"curies":[{"name":"wp","href":"https:\/\/api.w.org\/{rel}","templated":true}]}}