{"id":9414,"date":"2025-03-16T00:48:23","date_gmt":"2025-03-15T20:48:23","guid":{"rendered":"https:\/\/axtarstore.com\/?post_type=product&#038;p=9414"},"modified":"2026-02-19T23:58:56","modified_gmt":"2026-02-19T19:58:56","slug":"trichup-healthy-long-strong-sampun-400ml","status":"publish","type":"product","link":"https:\/\/axtarstore.com\/ru\/product\/trichup-healthy-long-strong-sampun-400ml\/","title":{"rendered":"Trichup Herbal Shampoo &#8211; Healthy, Long &#038; Strong (400ml)"},"content":{"rendered":"<h2 data-section-id=\"1v7cxg4\" data-start=\"997\" data-end=\"1040\">Trichup Healthy Long Strong \u015eampun 400ml<\/h2>\n<h3 data-section-id=\"ydusx9\" data-start=\"1042\" data-end=\"1053\">Problem<\/h3>\n<p data-start=\"1055\" data-end=\"1373\">Z\u0259if, q\u0131r\u0131lan v\u0259 uzanmaqda \u00e7\u0259tinlik \u00e7\u0259k\u0259n sa\u00e7lar bir \u00e7ox insan \u00fc\u00e7\u00fcn \u0259sas problemdir. Sa\u00e7\u0131n davaml\u0131 istilik t\u0259siri, kimy\u0259vi prosedurlar v\u0259 d\u00fczg\u00fcn olmayan qulluq s\u0259b\u0259bind\u0259n elastikliyi azal\u0131r, uclar q\u0131r\u0131l\u0131r v\u0259 uzanma prosesi l\u0259ngiyir. Bu zaman sa\u00e7lar n\u0259 q\u0259d\u0259r uzansa da, sa\u011flam v\u0259 dol\u011fun g\u00f6r\u00fcn\u00fc\u015f \u0259ld\u0259 etm\u0259k m\u00fcmk\u00fcn olmur.<\/p>\n<p data-start=\"1375\" data-end=\"1561\">Sa\u00e7\u0131n sa\u011flam uzanmas\u0131 \u00fc\u00e7\u00fcn yaln\u0131z t\u0259mizl\u0259m\u0259 kifay\u0259t etmir. Sa\u00e7 k\u00f6kl\u0259rinin qidalanmas\u0131 v\u0259 sa\u00e7 telinin m\u00f6hk\u0259ml\u0259nm\u0259si vacibdir. \u018fks halda sa\u00e7 uzansa bel\u0259, q\u0131r\u0131lma s\u0259b\u0259bil\u0259 uzunluq qorunmur.<\/p>\n<hr data-start=\"1563\" data-end=\"1566\" \/>\n<h3 data-section-id=\"ynb8lz\" data-start=\"1568\" data-end=\"1576\">H\u0259ll<\/h3>\n<p data-start=\"1578\" data-end=\"1756\">Trichup Healthy Long Strong \u015eampun 400ml bitki m\u0259n\u015f\u0259li komponentl\u0259rl\u0259 z\u0259ngin formulaya malikdir v\u0259 sa\u00e7\u0131n h\u0259m uzanmas\u0131na, h\u0259m d\u0259 m\u00f6hk\u0259ml\u0259nm\u0259sin\u0259 d\u0259st\u0259k verm\u0259k \u00fc\u00e7\u00fcn haz\u0131rlanm\u0131\u015fd\u0131r.<\/p>\n<p data-start=\"1758\" data-end=\"1787\">M\u0259hsulun \u0259sas x\u00fcsusiyy\u0259tl\u0259ri:<\/p>\n<ul data-start=\"1789\" data-end=\"1983\">\n<li data-section-id=\"1eqwdzm\" data-start=\"1789\" data-end=\"1831\">\n<p data-start=\"1791\" data-end=\"1831\">Sa\u00e7 k\u00f6kl\u0259rini g\u00fccl\u0259ndirm\u0259y\u0259 k\u00f6m\u0259k edir<\/p>\n<\/li>\n<li data-section-id=\"81f675\" data-start=\"1832\" data-end=\"1871\">\n<p data-start=\"1834\" data-end=\"1871\">Sa\u00e7\u0131n sa\u011flam uzanmas\u0131n\u0131 d\u0259st\u0259kl\u0259yir<\/p>\n<\/li>\n<li data-section-id=\"1rdbay4\" data-start=\"1872\" data-end=\"1907\">\n<p data-start=\"1874\" data-end=\"1907\">Q\u0131r\u0131lman\u0131 azaltma\u011fa yard\u0131m edir<\/p>\n<\/li>\n<li data-section-id=\"2sv9hd\" data-start=\"1908\" data-end=\"1941\">\n<p data-start=\"1910\" data-end=\"1941\">Sa\u00e7lara elastiklik qazand\u0131r\u0131r<\/p>\n<\/li>\n<li data-section-id=\"113y696\" data-start=\"1942\" data-end=\"1983\">\n<p data-start=\"1944\" data-end=\"1983\">Parlaql\u0131q v\u0259 canl\u0131 g\u00f6r\u00fcn\u00fc\u015f t\u0259min edir<\/p>\n<\/li>\n<\/ul>\n<p data-start=\"1985\" data-end=\"2116\">Formulas\u0131 sa\u00e7 d\u0259risini z\u0259rif \u015f\u0259kild\u0259 t\u0259mizl\u0259yir v\u0259 sa\u00e7\u0131n t\u0259bii balans\u0131n\u0131 qoruyur. Sa\u00e7\u0131 a\u011f\u0131rla\u015fd\u0131rmadan effektiv n\u0259tic\u0259 t\u0259qdim edir.<\/p>\n<hr data-start=\"2118\" data-end=\"2121\" \/>\n<h3 data-section-id=\"rgleae\" data-start=\"2123\" data-end=\"2133\">N\u0259tic\u0259<\/h3>\n<p data-start=\"2135\" data-end=\"2334\">M\u00fcnt\u0259z\u0259m istifad\u0259 zaman\u0131 sa\u00e7lar daha m\u00f6hk\u0259m, daha davaml\u0131 v\u0259 daha parlaq g\u00f6r\u00fcn\u00fcr. Q\u0131r\u0131lman\u0131n azalmas\u0131 sa\u00e7 uzunlu\u011funun qorunmas\u0131na k\u00f6m\u0259k edir. Sa\u00e7lar daha asan daran\u0131r v\u0259 daha sa\u011flam struktur qazan\u0131r.<\/p>\n<p data-start=\"2336\" data-end=\"2427\">Uzunm\u00fcdd\u0259tli istifad\u0259d\u0259 sa\u00e7\u0131n \u00fcmumi keyfiyy\u0259ti y\u00fcks\u0259lir v\u0259 daha dol\u011fun g\u00f6r\u00fcn\u00fc\u015f \u0259ld\u0259 edilir.<\/p>\n<hr data-start=\"2429\" data-end=\"2432\" \/>\n<h2 data-section-id=\"1u1lujk\" data-start=\"2434\" data-end=\"2463\">Niy\u0259 bu m\u0259hsulu almal\u0131yam?<\/h2>\n<ul data-start=\"2465\" data-end=\"2673\">\n<li data-section-id=\"1spwlez\" data-start=\"2465\" data-end=\"2504\">\n<p data-start=\"2467\" data-end=\"2504\">Sa\u011flam uzanman\u0131 d\u0259st\u0259kl\u0259y\u0259n formula<\/p>\n<\/li>\n<li data-section-id=\"13zai9i\" data-start=\"2505\" data-end=\"2541\">\n<p data-start=\"2507\" data-end=\"2541\">Sa\u00e7 k\u00f6kl\u0259rini g\u00fccl\u0259ndir\u0259n t\u0259rkib<\/p>\n<\/li>\n<li data-section-id=\"o4dzlk\" data-start=\"2542\" data-end=\"2565\">\n<p data-start=\"2544\" data-end=\"2565\">400ml iqtisadi h\u0259cm<\/p>\n<\/li>\n<li data-section-id=\"phchaq\" data-start=\"2566\" data-end=\"2598\">\n<p data-start=\"2568\" data-end=\"2598\">G\u00fcnd\u0259lik istifad\u0259 \u00fc\u00e7\u00fcn uy\u011fun<\/p>\n<\/li>\n<li data-section-id=\"14s1dk1\" data-start=\"2599\" data-end=\"2642\">\n<p data-start=\"2601\" data-end=\"2642\">H\u0259m qad\u0131nlar, h\u0259m ki\u015fil\u0259r \u00fc\u00e7\u00fcn uy\u011fundur<\/p>\n<\/li>\n<li data-section-id=\"13i2yu8\" data-start=\"2643\" data-end=\"2673\">\n<p data-start=\"2645\" data-end=\"2673\">Etibarl\u0131 v\u0259 tan\u0131nm\u0131\u015f marka<\/p>\n<\/li>\n<\/ul>\n<p data-start=\"2675\" data-end=\"2795\">\u018fg\u0259r sa\u00e7lar\u0131n\u0131z z\u0259ifdirs\u0259, tez q\u0131r\u0131l\u0131rsa v\u0259 uzunluq qorunmursa, bu m\u0259hsul sa\u00e7 bax\u0131m rutininiz \u00fc\u00e7\u00fcn m\u0259qs\u0259dy\u00f6nl\u00fc se\u00e7imdir.<\/p>\n<hr data-start=\"2797\" data-end=\"2800\" \/>\n<h2 data-section-id=\"1ix87lb\" data-start=\"2802\" data-end=\"2821\">\u0130stifad\u0259 Qaydas\u0131<\/h2>\n<ol data-start=\"2823\" data-end=\"3019\">\n<li data-section-id=\"uzv5p8\" data-start=\"2823\" data-end=\"2856\">\n<p data-start=\"2826\" data-end=\"2856\">Sa\u00e7lar\u0131 il\u0131q su il\u0259 islad\u0131n.<\/p>\n<\/li>\n<li data-section-id=\"t82qk0\" data-start=\"2857\" data-end=\"2918\">\n<p data-start=\"2860\" data-end=\"2918\">Kifay\u0259t q\u0259d\u0259r miqdarda \u015fampunu sa\u00e7 d\u0259risin\u0259 t\u0259tbiq edin.<\/p>\n<\/li>\n<li data-section-id=\"1orhxhn\" data-start=\"2919\" data-end=\"2966\">\n<p data-start=\"2922\" data-end=\"2966\">Z\u0259rif masaj h\u0259r\u0259k\u0259tl\u0259ri il\u0259 k\u00f6p\u00fckl\u0259ndirin.<\/p>\n<\/li>\n<li data-section-id=\"ejuvh\" data-start=\"2967\" data-end=\"2992\">\n<p data-start=\"2970\" data-end=\"2992\">1\u20132 d\u0259qiq\u0259 saxlay\u0131n.<\/p>\n<\/li>\n<li data-section-id=\"239n1d\" data-start=\"2993\" data-end=\"3019\">\n<p data-start=\"2996\" data-end=\"3019\">Bol su il\u0259 yaxalay\u0131n.<\/p>\n<\/li>\n<\/ol>\n<p data-start=\"3021\" data-end=\"3075\">Effektiv n\u0259tic\u0259 \u00fc\u00e7\u00fcn m\u00fcnt\u0259z\u0259m istifad\u0259 t\u00f6vsiy\u0259 olunur.<\/p>\n<hr data-start=\"3077\" data-end=\"3080\" \/>\n<h2 data-section-id=\"1lbbi0g\" data-start=\"3082\" data-end=\"3106\">Kiml\u0259r \u00fc\u00e7\u00fcn uy\u011fundur?<\/h2>\n<ul data-start=\"3108\" data-end=\"3262\">\n<li data-section-id=\"kmqiet\" data-start=\"3108\" data-end=\"3141\">\n<p data-start=\"3110\" data-end=\"3141\">Uzun v\u0259 sa\u011flam sa\u00e7 ist\u0259y\u0259nl\u0259r<\/p>\n<\/li>\n<li data-section-id=\"9w3gti\" data-start=\"3142\" data-end=\"3173\">\n<p data-start=\"3144\" data-end=\"3173\">Q\u0131r\u0131lma problemi ya\u015fayanlar<\/p>\n<\/li>\n<li data-section-id=\"1ji7q6b\" data-start=\"3174\" data-end=\"3214\">\n<p data-start=\"3176\" data-end=\"3214\">Z\u0259if v\u0259 elastikliyini itirmi\u015f sa\u00e7lar<\/p>\n<\/li>\n<li data-section-id=\"1d2eeq5\" data-start=\"3215\" data-end=\"3262\">\n<p data-start=\"3217\" data-end=\"3262\">G\u00fcnd\u0259lik istifad\u0259y\u0259 uy\u011fun \u015fampun axtaranlar<\/p>\n<\/li>\n<\/ul>\n<hr data-start=\"3264\" data-end=\"3267\" \/>\n<h2 data-section-id=\"1xwdj0s\" data-start=\"3269\" data-end=\"3276\">Qeyd<\/h2>\n<p data-start=\"3278\" data-end=\"3425\">Yaln\u0131z xarici istifad\u0259 \u00fc\u00e7\u00fcnd\u00fcr. G\u00f6zl\u0259 t\u0259masdan qa\u00e7\u0131n\u0131n. H\u0259r hans\u0131 h\u0259ssasl\u0131q yaranarsa istifad\u0259ni dayand\u0131r\u0131n. U\u015faqlar\u0131n \u0259li \u00e7atmayan yerd\u0259 saxlay\u0131n.<\/p>","protected":false},"excerpt":{"rendered":"<p>Trichup Healthy Long Strong 400ml \u015fampun sa\u00e7lar\u0131n sa\u011flam uzanmas\u0131na d\u0259st\u0259k verir, k\u00f6kl\u0259ri m\u00f6hk\u0259ml\u0259ndirir v\u0259 g\u00fcnd\u0259lik istifad\u0259y\u0259 uy\u011fundur.<\/p>","protected":false},"featured_media":11284,"comment_status":"open","ping_status":"closed","template":"","meta":[],"pwb-brand":[409],"product_cat":[126,133],"product_tag":[308],"class_list":{"0":"post-9414","1":"product","2":"type-product","3":"status-publish","4":"has-post-thumbnail","6":"pwb-brand-trichup","7":"product_cat-haircare","8":"product_cat-shampoo","9":"product_tag-haircare","10":"pa_size-400ml","13":"instock","14":"sale","15":"shipping-taxable","16":"purchasable","17":"product-type-simple"},"brands":[{"id":409,"name":"Trichup","slug":"trichup"}],"_links":{"self":[{"href":"https:\/\/axtarstore.com\/ru\/wp-json\/wp\/v2\/product\/9414"}],"collection":[{"href":"https:\/\/axtarstore.com\/ru\/wp-json\/wp\/v2\/product"}],"about":[{"href":"https:\/\/axtarstore.com\/ru\/wp-json\/wp\/v2\/types\/product"}],"replies":[{"embeddable":true,"href":"https:\/\/axtarstore.com\/ru\/wp-json\/wp\/v2\/comments?post=9414"}],"version-history":[{"count":3,"href":"https:\/\/axtarstore.com\/ru\/wp-json\/wp\/v2\/product\/9414\/revisions"}],"predecessor-version":[{"id":11285,"href":"https:\/\/axtarstore.com\/ru\/wp-json\/wp\/v2\/product\/9414\/revisions\/11285"}],"wp:featuredmedia":[{"embeddable":true,"href":"https:\/\/axtarstore.com\/ru\/wp-json\/wp\/v2\/media\/11284"}],"wp:attachment":[{"href":"https:\/\/axtarstore.com\/ru\/wp-json\/wp\/v2\/media?parent=9414"}],"wp:term":[{"taxonomy":"pwb-brand","embeddable":true,"href":"https:\/\/axtarstore.com\/ru\/wp-json\/wp\/v2\/pwb-brand?post=9414"},{"taxonomy":"product_cat","embeddable":true,"href":"https:\/\/axtarstore.com\/ru\/wp-json\/wp\/v2\/product_cat?post=9414"},{"taxonomy":"product_tag","embeddable":true,"href":"https:\/\/axtarstore.com\/ru\/wp-json\/wp\/v2\/product_tag?post=9414"}],"curies":[{"name":"wp","href":"https:\/\/api.w.org\/{rel}","templated":true}]}}