{"id":9409,"date":"2025-03-16T00:38:57","date_gmt":"2025-03-15T20:38:57","guid":{"rendered":"https:\/\/axtarstore.com\/?post_type=product&#038;p=9409"},"modified":"2026-02-20T00:02:54","modified_gmt":"2026-02-19T20:02:54","slug":"trichup-black-seed-sampun-200ml","status":"publish","type":"product","link":"https:\/\/axtarstore.com\/ru\/product\/trichup-black-seed-sampun-200ml\/","title":{"rendered":"Trichup Herbal Shampoo &#8211; Black Seed (200ml)"},"content":{"rendered":"<h2 data-section-id=\"1y2uwke\" data-start=\"956\" data-end=\"990\">Trichup Black Seed \u015eampun 200ml<\/h2>\n<h3 data-section-id=\"ydusx9\" data-start=\"992\" data-end=\"1003\">Problem<\/h3>\n<p data-start=\"1005\" data-end=\"1275\">Sa\u00e7 t\u00f6k\u00fclm\u0259si, z\u0259if k\u00f6kl\u0259r v\u0259 cans\u0131z g\u00f6r\u00fcn\u00fc\u015f m\u00fcasir d\u00f6vrd\u0259 geni\u015f yay\u0131lm\u0131\u015f probleml\u0259rd\u0259ndir. Stress, balanss\u0131z qidalanma, kimy\u0259vi prosedurlar v\u0259 d\u00fczg\u00fcn se\u00e7ilm\u0259mi\u015f qulluq m\u0259hsullar\u0131 sa\u00e7\u0131n strukturunu z\u0259ifl\u0259dir. N\u0259tic\u0259d\u0259 sa\u00e7lar nazilir, q\u0131r\u0131l\u0131r v\u0259 \u0259vv\u0259lki s\u0131xl\u0131\u011f\u0131n\u0131 itirir.<\/p>\n<p data-start=\"1277\" data-end=\"1464\">X\u00fcsusil\u0259 g\u00fcnd\u0259lik istifad\u0259 olunan \u015fampunun keyfiyy\u0259ti sa\u00e7 sa\u011flaml\u0131\u011f\u0131nda m\u00fch\u00fcm rol oynay\u0131r. T\u0259rkibi z\u0259if v\u0259 ya uy\u011fun olmayan m\u0259hsullar sa\u00e7 d\u0259risinin balans\u0131n\u0131 poza, t\u00f6k\u00fclm\u0259ni art\u0131ra bil\u0259r.<\/p>\n<hr data-start=\"1466\" data-end=\"1469\" \/>\n<h3 data-section-id=\"ynb8lz\" data-start=\"1471\" data-end=\"1479\">H\u0259ll<\/h3>\n<p data-start=\"1481\" data-end=\"1694\">Trichup Black Seed \u015eampun 200ml qara zir\u0259 ekstrakt\u0131 il\u0259 z\u0259nginl\u0259\u015fdirilmi\u015f formulaya malikdir. Qara zir\u0259 sa\u00e7 k\u00f6kl\u0259rini g\u00fccl\u0259ndirm\u0259y\u0259 v\u0259 sa\u00e7\u0131n \u00fcmumi sa\u011flaml\u0131\u011f\u0131n\u0131 d\u0259st\u0259kl\u0259m\u0259y\u0259 k\u00f6m\u0259k ed\u0259n t\u0259bii komponent kimi tan\u0131n\u0131r.<\/p>\n<p data-start=\"1696\" data-end=\"1725\">M\u0259hsulun \u0259sas x\u00fcsusiyy\u0259tl\u0259ri:<\/p>\n<ul data-start=\"1727\" data-end=\"1953\">\n<li data-section-id=\"1wul5os\" data-start=\"1727\" data-end=\"1774\">\n<p data-start=\"1729\" data-end=\"1774\">Sa\u00e7 k\u00f6kl\u0259rini m\u00f6hk\u0259ml\u0259ndirm\u0259y\u0259 d\u0259st\u0259k verir<\/p>\n<\/li>\n<li data-section-id=\"1v6d898\" data-start=\"1775\" data-end=\"1817\">\n<p data-start=\"1777\" data-end=\"1817\">Sa\u00e7 t\u00f6k\u00fclm\u0259sinin azalmas\u0131na k\u00f6m\u0259k edir<\/p>\n<\/li>\n<li data-section-id=\"1fnqe95\" data-start=\"1818\" data-end=\"1859\">\n<p data-start=\"1820\" data-end=\"1859\">Sa\u00e7 d\u0259risini z\u0259rif \u015f\u0259kild\u0259 t\u0259mizl\u0259yir<\/p>\n<\/li>\n<li data-section-id=\"myqf2\" data-start=\"1860\" data-end=\"1898\">\n<p data-start=\"1862\" data-end=\"1898\">Sa\u00e7lara t\u0259bii parlaql\u0131q qazand\u0131r\u0131r<\/p>\n<\/li>\n<li data-section-id=\"2l1yuk\" data-start=\"1899\" data-end=\"1953\">\n<p data-start=\"1901\" data-end=\"1953\">Sa\u00e7\u0131 a\u011f\u0131rla\u015fd\u0131rmadan effektiv t\u0259mizl\u0259m\u0259 t\u0259min edir<\/p>\n<\/li>\n<\/ul>\n<p data-start=\"1955\" data-end=\"2064\">200ml h\u0259cm g\u00fcnd\u0259lik istifad\u0259 \u00fc\u00e7\u00fcn praktik \u00f6l\u00e7\u00fcd\u00fcr v\u0259 m\u0259hsulu ilk d\u0259f\u0259 s\u0131namaq ist\u0259y\u0259nl\u0259r \u00fc\u00e7\u00fcn uy\u011fun se\u00e7imdir.<\/p>\n<hr data-start=\"2066\" data-end=\"2069\" \/>\n<h3 data-section-id=\"rgleae\" data-start=\"2071\" data-end=\"2081\">N\u0259tic\u0259<\/h3>\n<p data-start=\"2083\" data-end=\"2273\">M\u00fcnt\u0259z\u0259m istifad\u0259 zaman\u0131 sa\u00e7lar daha m\u00f6hk\u0259m v\u0259 daha canl\u0131 g\u00f6r\u00fcn\u00fcr. Sa\u00e7 t\u00f6k\u00fclm\u0259sinin azalmas\u0131 m\u00fc\u015fahid\u0259 olunur, sa\u00e7 tell\u0259ri daha davaml\u0131 olur. Sa\u00e7 daha asan daran\u0131r v\u0259 sa\u011flam struktur qazan\u0131r.<\/p>\n<p data-start=\"2275\" data-end=\"2372\">Davaml\u0131 qulluq n\u0259tic\u0259sind\u0259 sa\u00e7\u0131n \u00fcmumi keyfiyy\u0259ti yax\u015f\u0131la\u015f\u0131r v\u0259 daha bax\u0131ml\u0131 g\u00f6r\u00fcn\u00fc\u015f \u0259ld\u0259 edilir.<\/p>\n<hr data-start=\"2374\" data-end=\"2377\" \/>\n<h2 data-section-id=\"1u1lujk\" data-start=\"2379\" data-end=\"2408\">Niy\u0259 bu m\u0259hsulu almal\u0131yam?<\/h2>\n<ul data-start=\"2410\" data-end=\"2611\">\n<li data-section-id=\"17ka46w\" data-start=\"2410\" data-end=\"2453\">\n<p data-start=\"2412\" data-end=\"2453\">Qara zir\u0259 t\u0259rkibli g\u00fccl\u0259ndirici formula<\/p>\n<\/li>\n<li data-section-id=\"17aofsj\" data-start=\"2454\" data-end=\"2498\">\n<p data-start=\"2456\" data-end=\"2498\">Sa\u00e7 t\u00f6k\u00fclm\u0259sin\u0259 qar\u015f\u0131 d\u0259st\u0259kl\u0259yici t\u0259sir<\/p>\n<\/li>\n<li data-section-id=\"10p3y4k\" data-start=\"2499\" data-end=\"2521\">\n<p data-start=\"2501\" data-end=\"2521\">200ml praktik \u00f6l\u00e7\u00fc<\/p>\n<\/li>\n<li data-section-id=\"idxp3v\" data-start=\"2522\" data-end=\"2551\">\n<p data-start=\"2524\" data-end=\"2551\">G\u00fcnd\u0259lik istifad\u0259y\u0259 uy\u011fun<\/p>\n<\/li>\n<li data-section-id=\"1qmj3qa\" data-start=\"2552\" data-end=\"2592\">\n<p data-start=\"2554\" data-end=\"2592\">H\u0259m qad\u0131nlar, h\u0259m ki\u015fil\u0259r \u00fc\u00e7\u00fcn uy\u011fun<\/p>\n<\/li>\n<li data-section-id=\"4p12ug\" data-start=\"2593\" data-end=\"2611\">\n<p data-start=\"2595\" data-end=\"2611\">Etibarl\u0131 marka<\/p>\n<\/li>\n<\/ul>\n<p data-start=\"2613\" data-end=\"2714\">\u018fg\u0259r sa\u00e7lar\u0131n\u0131z z\u0259ifl\u0259yib v\u0259 t\u00f6k\u00fclm\u0259 m\u00fc\u015fahid\u0259 edirsinizs\u0259, bu m\u0259hsul balansl\u0131 v\u0259 funksional se\u00e7imdir.<\/p>\n<hr data-start=\"2716\" data-end=\"2719\" \/>\n<h2 data-section-id=\"1ix87lb\" data-start=\"2721\" data-end=\"2740\">\u0130stifad\u0259 Qaydas\u0131<\/h2>\n<ol data-start=\"2742\" data-end=\"2938\">\n<li data-section-id=\"uzv5p8\" data-start=\"2742\" data-end=\"2775\">\n<p data-start=\"2745\" data-end=\"2775\">Sa\u00e7lar\u0131 il\u0131q su il\u0259 islad\u0131n.<\/p>\n<\/li>\n<li data-section-id=\"t82qk0\" data-start=\"2776\" data-end=\"2837\">\n<p data-start=\"2779\" data-end=\"2837\">Kifay\u0259t q\u0259d\u0259r miqdarda \u015fampunu sa\u00e7 d\u0259risin\u0259 t\u0259tbiq edin.<\/p>\n<\/li>\n<li data-section-id=\"1orhxhn\" data-start=\"2838\" data-end=\"2885\">\n<p data-start=\"2841\" data-end=\"2885\">Z\u0259rif masaj h\u0259r\u0259k\u0259tl\u0259ri il\u0259 k\u00f6p\u00fckl\u0259ndirin.<\/p>\n<\/li>\n<li data-section-id=\"ejuvh\" data-start=\"2886\" data-end=\"2911\">\n<p data-start=\"2889\" data-end=\"2911\">1\u20132 d\u0259qiq\u0259 saxlay\u0131n.<\/p>\n<\/li>\n<li data-section-id=\"239n1d\" data-start=\"2912\" data-end=\"2938\">\n<p data-start=\"2915\" data-end=\"2938\">Bol su il\u0259 yaxalay\u0131n.<\/p>\n<\/li>\n<\/ol>\n<p data-start=\"2940\" data-end=\"2999\">Daha effektiv n\u0259tic\u0259 \u00fc\u00e7\u00fcn m\u00fcnt\u0259z\u0259m istifad\u0259 t\u00f6vsiy\u0259 olunur.<\/p>\n<hr data-start=\"3001\" data-end=\"3004\" \/>\n<h2 data-section-id=\"1lbbi0g\" data-start=\"3006\" data-end=\"3030\">Kiml\u0259r \u00fc\u00e7\u00fcn uy\u011fundur?<\/h2>\n<ul data-start=\"3032\" data-end=\"3155\">\n<li data-section-id=\"8ahu91\" data-start=\"3032\" data-end=\"3060\">\n<p data-start=\"3034\" data-end=\"3060\">Sa\u00e7 t\u00f6k\u00fclm\u0259si ya\u015fayanlar<\/p>\n<\/li>\n<li data-section-id=\"pjnswb\" data-start=\"3061\" data-end=\"3088\">\n<p data-start=\"3063\" data-end=\"3088\">Z\u0259if v\u0259 inc\u0259lmi\u015f sa\u00e7lar<\/p>\n<\/li>\n<li data-section-id=\"2asnjg\" data-start=\"3089\" data-end=\"3120\">\n<p data-start=\"3091\" data-end=\"3120\">Parlaql\u0131\u011f\u0131n\u0131 itirmi\u015f sa\u00e7lar<\/p>\n<\/li>\n<li data-section-id=\"1k1fjhx\" data-start=\"3121\" data-end=\"3155\">\n<p data-start=\"3123\" data-end=\"3155\">Ki\u00e7ik h\u0259cmd\u0259 m\u0259hsul axtaranlar<\/p>\n<\/li>\n<\/ul>\n<hr data-start=\"3157\" data-end=\"3160\" \/>\n<h2 data-section-id=\"1xwdj0s\" data-start=\"3162\" data-end=\"3169\">Qeyd<\/h2>\n<p data-start=\"3171\" data-end=\"3318\">Yaln\u0131z xarici istifad\u0259 \u00fc\u00e7\u00fcnd\u00fcr. G\u00f6zl\u0259 t\u0259masdan qa\u00e7\u0131n\u0131n. H\u0259r hans\u0131 h\u0259ssasl\u0131q yaranarsa istifad\u0259ni dayand\u0131r\u0131n. U\u015faqlar\u0131n \u0259li \u00e7atmayan yerd\u0259 saxlay\u0131n.<\/p>","protected":false},"excerpt":{"rendered":"<p>Trichup Black Seed 200ml \u015fampun qara zir\u0259 ekstrakt\u0131 il\u0259 sa\u00e7lar\u0131 g\u00fccl\u0259ndirir, t\u00f6k\u00fclm\u0259ni azaltma\u011fa d\u0259st\u0259k verir v\u0259 g\u00fcnd\u0259lik istifad\u0259y\u0259 uy\u011fundur.<\/p>","protected":false},"featured_media":9410,"comment_status":"open","ping_status":"closed","template":"","meta":[],"pwb-brand":[409],"product_cat":[126,133],"product_tag":[308],"class_list":{"0":"post-9409","1":"product","2":"type-product","3":"status-publish","4":"has-post-thumbnail","6":"pwb-brand-trichup","7":"product_cat-haircare","8":"product_cat-shampoo","9":"product_tag-haircare","10":"pa_size-200ml","13":"instock","14":"sale","15":"shipping-taxable","16":"purchasable","17":"product-type-simple"},"brands":[{"id":409,"name":"Trichup","slug":"trichup"}],"_links":{"self":[{"href":"https:\/\/axtarstore.com\/ru\/wp-json\/wp\/v2\/product\/9409"}],"collection":[{"href":"https:\/\/axtarstore.com\/ru\/wp-json\/wp\/v2\/product"}],"about":[{"href":"https:\/\/axtarstore.com\/ru\/wp-json\/wp\/v2\/types\/product"}],"replies":[{"embeddable":true,"href":"https:\/\/axtarstore.com\/ru\/wp-json\/wp\/v2\/comments?post=9409"}],"version-history":[{"count":4,"href":"https:\/\/axtarstore.com\/ru\/wp-json\/wp\/v2\/product\/9409\/revisions"}],"predecessor-version":[{"id":11287,"href":"https:\/\/axtarstore.com\/ru\/wp-json\/wp\/v2\/product\/9409\/revisions\/11287"}],"wp:featuredmedia":[{"embeddable":true,"href":"https:\/\/axtarstore.com\/ru\/wp-json\/wp\/v2\/media\/9410"}],"wp:attachment":[{"href":"https:\/\/axtarstore.com\/ru\/wp-json\/wp\/v2\/media?parent=9409"}],"wp:term":[{"taxonomy":"pwb-brand","embeddable":true,"href":"https:\/\/axtarstore.com\/ru\/wp-json\/wp\/v2\/pwb-brand?post=9409"},{"taxonomy":"product_cat","embeddable":true,"href":"https:\/\/axtarstore.com\/ru\/wp-json\/wp\/v2\/product_cat?post=9409"},{"taxonomy":"product_tag","embeddable":true,"href":"https:\/\/axtarstore.com\/ru\/wp-json\/wp\/v2\/product_tag?post=9409"}],"curies":[{"name":"wp","href":"https:\/\/api.w.org\/{rel}","templated":true}]}}