{"id":9406,"date":"2025-03-16T00:34:46","date_gmt":"2025-03-15T20:34:46","guid":{"rendered":"https:\/\/axtarstore.com\/?post_type=product&#038;p=9406"},"modified":"2026-02-20T00:05:43","modified_gmt":"2026-02-19T20:05:43","slug":"trichup-anti-dandruff-sampun-200ml","status":"publish","type":"product","link":"https:\/\/axtarstore.com\/ru\/product\/trichup-anti-dandruff-sampun-200ml\/","title":{"rendered":"Trichup Herbal Shampoo &#8211; Anti Dandruff (200ml)"},"content":{"rendered":"<h2 data-section-id=\"1xmdy50\" data-start=\"956\" data-end=\"993\">Trichup Anti Dandruff \u015eampun 200ml<\/h2>\n<h3 data-section-id=\"ydusx9\" data-start=\"995\" data-end=\"1006\">Problem<\/h3>\n<p data-start=\"1008\" data-end=\"1309\">K\u0259p\u0259k sa\u00e7 d\u0259risinin \u0259n \u00e7ox rast g\u0259lin\u0259n probleml\u0259rind\u0259n biridir. A\u011f pulcuqlanma, qa\u015f\u0131nma v\u0259 narahatl\u0131q g\u00fcnd\u0259lik h\u0259yat keyfiyy\u0259tin\u0259 t\u0259sir g\u00f6st\u0259r\u0259 bil\u0259r. Sa\u00e7 d\u0259risinin h\u0259ddind\u0259n art\u0131q qurumas\u0131 v\u0259 ya ya\u011flanmas\u0131 k\u0259p\u0259yin yaranmas\u0131na s\u0259b\u0259b olur. Uy\u011fun olmayan \u015fampun istifad\u0259si is\u0259 problemi daha da art\u0131r\u0131r.<\/p>\n<p data-start=\"1311\" data-end=\"1501\">K\u0259p\u0259k yaln\u0131z estetik narahatl\u0131q yaratm\u0131r, eyni zamanda sa\u00e7 d\u0259risinin sa\u011flaml\u0131\u011f\u0131n\u0131n pozuldu\u011funu g\u00f6st\u0259rir. Uzunm\u00fcdd\u0259tli davam etdikd\u0259 sa\u00e7 k\u00f6kl\u0259ri z\u0259ifl\u0259y\u0259 v\u0259 sa\u00e7\u0131n keyfiyy\u0259ti a\u015fa\u011f\u0131 d\u00fc\u015f\u0259 bil\u0259r.<\/p>\n<hr data-start=\"1503\" data-end=\"1506\" \/>\n<h3 data-section-id=\"ynb8lz\" data-start=\"1508\" data-end=\"1516\">H\u0259ll<\/h3>\n<p data-start=\"1518\" data-end=\"1738\">Trichup Anti Dandruff \u015eampun 200ml sa\u00e7 d\u0259risini effektiv \u015f\u0259kild\u0259 t\u0259mizl\u0259m\u0259k v\u0259 k\u0259p\u0259k problemini azaltmaq \u00fc\u00e7\u00fcn haz\u0131rlanm\u0131\u015fd\u0131r. Bitki m\u0259n\u015f\u0259li komponentl\u0259rl\u0259 z\u0259ngin formulu sa\u00e7 d\u0259risinin t\u0259bii balans\u0131n\u0131 qoruma\u011fa k\u00f6m\u0259k edir.<\/p>\n<p data-start=\"1740\" data-end=\"1767\">M\u0259hsulun \u0259sas \u00fcst\u00fcnl\u00fckl\u0259ri:<\/p>\n<ul data-start=\"1769\" data-end=\"1960\">\n<li data-section-id=\"q5rn8o\" data-start=\"1769\" data-end=\"1804\">\n<p data-start=\"1771\" data-end=\"1804\">K\u0259p\u0259yin azalmas\u0131na d\u0259st\u0259k verir<\/p>\n<\/li>\n<li data-section-id=\"mr3sto\" data-start=\"1805\" data-end=\"1835\">\n<p data-start=\"1807\" data-end=\"1835\">Sa\u00e7 d\u0259risini sakitl\u0259\u015fdirir<\/p>\n<\/li>\n<li data-section-id=\"1viou1f\" data-start=\"1836\" data-end=\"1876\">\n<p data-start=\"1838\" data-end=\"1876\">Qa\u015f\u0131nma hissini azaltma\u011fa k\u00f6m\u0259k edir<\/p>\n<\/li>\n<li data-section-id=\"1gkbfbx\" data-start=\"1877\" data-end=\"1912\">\n<p data-start=\"1879\" data-end=\"1912\">Art\u0131q ya\u011flanman\u0131 balansla\u015fd\u0131r\u0131r<\/p>\n<\/li>\n<li data-section-id=\"1hu43ue\" data-start=\"1913\" data-end=\"1960\">\n<p data-start=\"1915\" data-end=\"1960\">Sa\u00e7lara t\u0259miz v\u0259 bax\u0131ml\u0131 g\u00f6r\u00fcn\u00fc\u015f qazand\u0131r\u0131r<\/p>\n<\/li>\n<\/ul>\n<p data-start=\"1962\" data-end=\"2142\">200ml \u00f6l\u00e7\u00fc m\u0259hsulu s\u0131naq \u00fc\u00e7\u00fcn v\u0259 ya daha ki\u00e7ik h\u0259cmd\u0259 istifad\u0259 etm\u0259k ist\u0259y\u0259nl\u0259r \u00fc\u00e7\u00fcn uy\u011fundur. Sa\u00e7\u0131 a\u011f\u0131rla\u015fd\u0131rmadan t\u0259mizl\u0259m\u0259 t\u0259min edir v\u0259 g\u00fcnd\u0259lik istifad\u0259y\u0259 uy\u011funla\u015fd\u0131r\u0131lm\u0131\u015fd\u0131r.<\/p>\n<hr data-start=\"2144\" data-end=\"2147\" \/>\n<h3 data-section-id=\"rgleae\" data-start=\"2149\" data-end=\"2159\">N\u0259tic\u0259<\/h3>\n<p data-start=\"2161\" data-end=\"2310\">M\u00fcnt\u0259z\u0259m istifad\u0259 zaman\u0131 sa\u00e7 d\u0259risi daha balansl\u0131 v\u0259ziyy\u0259t al\u0131r, k\u0259p\u0259k azal\u0131r v\u0259 qa\u015f\u0131nma minimuma enir. Sa\u00e7lar daha y\u00fcng\u00fcl, t\u0259miz v\u0259 bax\u0131ml\u0131 g\u00f6r\u00fcn\u00fcr.<\/p>\n<p data-start=\"2312\" data-end=\"2401\">Davaml\u0131 qulluq n\u0259tic\u0259sind\u0259 sa\u00e7\u0131n \u00fcmumi keyfiyy\u0259ti y\u00fcks\u0259lir v\u0259 sa\u011flam g\u00f6r\u00fcn\u00fc\u015f \u0259ld\u0259 edilir.<\/p>\n<hr data-start=\"2403\" data-end=\"2406\" \/>\n<h2 data-section-id=\"1u1lujk\" data-start=\"2408\" data-end=\"2437\">Niy\u0259 bu m\u0259hsulu almal\u0131yam?<\/h2>\n<ul data-start=\"2439\" data-end=\"2637\">\n<li data-section-id=\"gb334b\" data-start=\"2439\" data-end=\"2475\">\n<p data-start=\"2441\" data-end=\"2475\">K\u0259p\u0259y\u0259 qar\u015f\u0131 m\u0259qs\u0259dy\u00f6nl\u00fc formula<\/p>\n<\/li>\n<li data-section-id=\"1q2jfhh\" data-start=\"2476\" data-end=\"2512\">\n<p data-start=\"2478\" data-end=\"2512\">Sa\u00e7 d\u0259risini sakitl\u0259\u015fdir\u0259n t\u0259sir<\/p>\n<\/li>\n<li data-section-id=\"10p3y4k\" data-start=\"2513\" data-end=\"2535\">\n<p data-start=\"2515\" data-end=\"2535\">200ml praktik \u00f6l\u00e7\u00fc<\/p>\n<\/li>\n<li data-section-id=\"idxp3v\" data-start=\"2536\" data-end=\"2565\">\n<p data-start=\"2538\" data-end=\"2565\">G\u00fcnd\u0259lik istifad\u0259y\u0259 uy\u011fun<\/p>\n<\/li>\n<li data-section-id=\"1qmj3qa\" data-start=\"2566\" data-end=\"2606\">\n<p data-start=\"2568\" data-end=\"2606\">H\u0259m qad\u0131nlar, h\u0259m ki\u015fil\u0259r \u00fc\u00e7\u00fcn uy\u011fun<\/p>\n<\/li>\n<li data-section-id=\"13i2yu8\" data-start=\"2607\" data-end=\"2637\">\n<p data-start=\"2609\" data-end=\"2637\">Etibarl\u0131 v\u0259 tan\u0131nm\u0131\u015f marka<\/p>\n<\/li>\n<\/ul>\n<p data-start=\"2639\" data-end=\"2753\">\u018fg\u0259r k\u0259p\u0259k v\u0259 qa\u015f\u0131nma problemi ya\u015fay\u0131r v\u0259 daha balansl\u0131 sa\u00e7 d\u0259risi ist\u0259yirsinizs\u0259, bu m\u0259hsul m\u0259qs\u0259dy\u00f6nl\u00fc se\u00e7imdir.<\/p>\n<hr data-start=\"2755\" data-end=\"2758\" \/>\n<h2 data-section-id=\"1ix87lb\" data-start=\"2760\" data-end=\"2779\">\u0130stifad\u0259 Qaydas\u0131<\/h2>\n<ol data-start=\"2781\" data-end=\"2974\">\n<li data-section-id=\"1gb3ylg\" data-start=\"2781\" data-end=\"2818\">\n<p data-start=\"2784\" data-end=\"2818\">Sa\u00e7lar\u0131 il\u0131q su il\u0259 tam islad\u0131n.<\/p>\n<\/li>\n<li data-section-id=\"1gwnp6s\" data-start=\"2819\" data-end=\"2873\">\n<p data-start=\"2822\" data-end=\"2873\">Laz\u0131mi miqdarda \u015fampunu sa\u00e7 d\u0259risin\u0259 t\u0259tbiq edin.<\/p>\n<\/li>\n<li data-section-id=\"1orhxhn\" data-start=\"2874\" data-end=\"2921\">\n<p data-start=\"2877\" data-end=\"2921\">Z\u0259rif masaj h\u0259r\u0259k\u0259tl\u0259ri il\u0259 k\u00f6p\u00fckl\u0259ndirin.<\/p>\n<\/li>\n<li data-section-id=\"ejuvh\" data-start=\"2922\" data-end=\"2947\">\n<p data-start=\"2925\" data-end=\"2947\">1\u20132 d\u0259qiq\u0259 saxlay\u0131n.<\/p>\n<\/li>\n<li data-section-id=\"239n1d\" data-start=\"2948\" data-end=\"2974\">\n<p data-start=\"2951\" data-end=\"2974\">Bol su il\u0259 yaxalay\u0131n.<\/p>\n<\/li>\n<\/ol>\n<p data-start=\"2976\" data-end=\"3030\">Effektiv n\u0259tic\u0259 \u00fc\u00e7\u00fcn m\u00fcnt\u0259z\u0259m istifad\u0259 t\u00f6vsiy\u0259 olunur.<\/p>\n<hr data-start=\"3032\" data-end=\"3035\" \/>\n<h2 data-section-id=\"1lbbi0g\" data-start=\"3037\" data-end=\"3061\">Kiml\u0259r \u00fc\u00e7\u00fcn uy\u011fundur?<\/h2>\n<ul data-start=\"3063\" data-end=\"3200\">\n<li data-section-id=\"12h7uj9\" data-start=\"3063\" data-end=\"3092\">\n<p data-start=\"3065\" data-end=\"3092\">K\u0259p\u0259k problemi ya\u015fayanlar<\/p>\n<\/li>\n<li data-section-id=\"1fp9by4\" data-start=\"3093\" data-end=\"3127\">\n<p data-start=\"3095\" data-end=\"3127\">Qa\u015f\u0131nma v\u0259 ya\u011flanma ya\u015fayanlar<\/p>\n<\/li>\n<li data-section-id=\"m66ibb\" data-start=\"3128\" data-end=\"3165\">\n<p data-start=\"3130\" data-end=\"3165\">H\u0259ssas sa\u00e7 d\u0259risin\u0259 sahib olanlar<\/p>\n<\/li>\n<li data-section-id=\"1k1fjhx\" data-start=\"3166\" data-end=\"3200\">\n<p data-start=\"3168\" data-end=\"3200\">Ki\u00e7ik h\u0259cmd\u0259 m\u0259hsul axtaranlar<\/p>\n<\/li>\n<\/ul>\n<hr data-start=\"3202\" data-end=\"3205\" \/>\n<h2 data-section-id=\"1xwdj0s\" data-start=\"3207\" data-end=\"3214\">Qeyd<\/h2>\n<p data-start=\"3216\" data-end=\"3363\">Yaln\u0131z xarici istifad\u0259 \u00fc\u00e7\u00fcnd\u00fcr. G\u00f6zl\u0259 t\u0259masdan qa\u00e7\u0131n\u0131n. H\u0259r hans\u0131 h\u0259ssasl\u0131q yaranarsa istifad\u0259ni dayand\u0131r\u0131n. U\u015faqlar\u0131n \u0259li \u00e7atmayan yerd\u0259 saxlay\u0131n.<\/p>","protected":false},"excerpt":{"rendered":"<p>Trichup Anti Dandruff 200ml \u015fampun k\u0259p\u0259y\u0259 qar\u015f\u0131 t\u0259sir g\u00f6st\u0259rir, sa\u00e7 d\u0259risini balansla\u015fd\u0131r\u0131r v\u0259 g\u00fcnd\u0259lik istifad\u0259y\u0259 uy\u011fundur.<\/p>","protected":false},"featured_media":9407,"comment_status":"open","ping_status":"closed","template":"","meta":[],"pwb-brand":[409],"product_cat":[126,133],"product_tag":[308],"class_list":{"0":"post-9406","1":"product","2":"type-product","3":"status-publish","4":"has-post-thumbnail","6":"pwb-brand-trichup","7":"product_cat-haircare","8":"product_cat-shampoo","9":"product_tag-haircare","10":"pa_size-200ml","13":"instock","14":"sale","15":"shipping-taxable","16":"purchasable","17":"product-type-simple"},"brands":[{"id":409,"name":"Trichup","slug":"trichup"}],"_links":{"self":[{"href":"https:\/\/axtarstore.com\/ru\/wp-json\/wp\/v2\/product\/9406"}],"collection":[{"href":"https:\/\/axtarstore.com\/ru\/wp-json\/wp\/v2\/product"}],"about":[{"href":"https:\/\/axtarstore.com\/ru\/wp-json\/wp\/v2\/types\/product"}],"replies":[{"embeddable":true,"href":"https:\/\/axtarstore.com\/ru\/wp-json\/wp\/v2\/comments?post=9406"}],"version-history":[{"count":3,"href":"https:\/\/axtarstore.com\/ru\/wp-json\/wp\/v2\/product\/9406\/revisions"}],"predecessor-version":[{"id":11289,"href":"https:\/\/axtarstore.com\/ru\/wp-json\/wp\/v2\/product\/9406\/revisions\/11289"}],"wp:featuredmedia":[{"embeddable":true,"href":"https:\/\/axtarstore.com\/ru\/wp-json\/wp\/v2\/media\/9407"}],"wp:attachment":[{"href":"https:\/\/axtarstore.com\/ru\/wp-json\/wp\/v2\/media?parent=9406"}],"wp:term":[{"taxonomy":"pwb-brand","embeddable":true,"href":"https:\/\/axtarstore.com\/ru\/wp-json\/wp\/v2\/pwb-brand?post=9406"},{"taxonomy":"product_cat","embeddable":true,"href":"https:\/\/axtarstore.com\/ru\/wp-json\/wp\/v2\/product_cat?post=9406"},{"taxonomy":"product_tag","embeddable":true,"href":"https:\/\/axtarstore.com\/ru\/wp-json\/wp\/v2\/product_tag?post=9406"}],"curies":[{"name":"wp","href":"https:\/\/api.w.org\/{rel}","templated":true}]}}