{"id":9402,"date":"2025-03-16T00:29:47","date_gmt":"2025-03-15T20:29:47","guid":{"rendered":"https:\/\/axtarstore.com\/?post_type=product&#038;p=9402"},"modified":"2026-02-20T00:14:48","modified_gmt":"2026-02-19T20:14:48","slug":"trichup-hair-fall-control-sampun-200ml","status":"publish","type":"product","link":"https:\/\/axtarstore.com\/ru\/product\/trichup-hair-fall-control-sampun-200ml\/","title":{"rendered":"Trichup Herbal Shampoo &#8211; Hair Fall Control (200ml)"},"content":{"rendered":"<h2 data-section-id=\"be5fng\" data-start=\"981\" data-end=\"1022\">Trichup Hair Fall Control \u015eampun 200ml<\/h2>\n<h3 data-section-id=\"ydusx9\" data-start=\"1024\" data-end=\"1035\">Problem<\/h3>\n<p data-start=\"1037\" data-end=\"1286\">Sa\u00e7 t\u00f6k\u00fclm\u0259si bir \u00e7ox insan\u0131n qar\u015f\u0131la\u015fd\u0131\u011f\u0131 geni\u015f yay\u0131lm\u0131\u015f problemdir. Z\u0259if sa\u00e7 k\u00f6kl\u0259ri, stress, qeyri-d\u00fczg\u00fcn qidalanma, istilikl\u0259 formala\u015fd\u0131rma v\u0259 kimy\u0259vi prosedurlar sa\u00e7\u0131n strukturunu z\u0259ifl\u0259dir. N\u0259tic\u0259d\u0259 sa\u00e7lar nazilir, q\u0131r\u0131l\u0131r v\u0259 s\u0131xl\u0131\u011f\u0131n\u0131 itirir.<\/p>\n<p data-start=\"1288\" data-end=\"1475\">Sa\u00e7 t\u00f6k\u00fclm\u0259si davaml\u0131 olduqda h\u0259m estetik narahatl\u0131q yarad\u0131r, h\u0259m d\u0259 sa\u00e7\u0131n \u00fcmumi sa\u011flaml\u0131\u011f\u0131n\u0131n pozuldu\u011funu g\u00f6st\u0259rir. Uy\u011fun olmayan \u015fampun se\u00e7imi is\u0259 bu prosesi daha da s\u00fcr\u0259tl\u0259ndir\u0259 bil\u0259r.<\/p>\n<hr data-start=\"1477\" data-end=\"1480\" \/>\n<h3 data-section-id=\"ynb8lz\" data-start=\"1482\" data-end=\"1490\">H\u0259ll<\/h3>\n<p data-start=\"1492\" data-end=\"1698\">Trichup Hair Fall Control \u015eampun 200ml bitki m\u0259n\u015f\u0259li komponentl\u0259rl\u0259 z\u0259ngin formulaya malikdir. T\u0259rkibind\u0259 amla v\u0259 dig\u0259r faydal\u0131 bitki ekstraktlar\u0131 sa\u00e7 k\u00f6kl\u0259rinin qidalanmas\u0131na v\u0259 m\u00f6hk\u0259ml\u0259nm\u0259sin\u0259 k\u00f6m\u0259k edir.<\/p>\n<p data-start=\"1700\" data-end=\"1727\">M\u0259hsulun \u0259sas \u00fcst\u00fcnl\u00fckl\u0259ri:<\/p>\n<ul data-start=\"1729\" data-end=\"1932\">\n<li data-section-id=\"1sy39hi\" data-start=\"1729\" data-end=\"1773\">\n<p data-start=\"1731\" data-end=\"1773\">Sa\u00e7 t\u00f6k\u00fclm\u0259sinin azalmas\u0131na d\u0259st\u0259k verir<\/p>\n<\/li>\n<li data-section-id=\"17o3e9x\" data-start=\"1774\" data-end=\"1803\">\n<p data-start=\"1776\" data-end=\"1803\">Sa\u00e7 k\u00f6kl\u0259rini g\u00fccl\u0259ndirir<\/p>\n<\/li>\n<li data-section-id=\"1fnqe95\" data-start=\"1804\" data-end=\"1845\">\n<p data-start=\"1806\" data-end=\"1845\">Sa\u00e7 d\u0259risini z\u0259rif \u015f\u0259kild\u0259 t\u0259mizl\u0259yir<\/p>\n<\/li>\n<li data-section-id=\"ltu5r0\" data-start=\"1846\" data-end=\"1880\">\n<p data-start=\"1848\" data-end=\"1880\">Q\u0131r\u0131lman\u0131 azaltma\u011fa k\u00f6m\u0259k edir<\/p>\n<\/li>\n<li data-section-id=\"780hfl\" data-start=\"1881\" data-end=\"1932\">\n<p data-start=\"1883\" data-end=\"1932\">Sa\u00e7lara daha canl\u0131 v\u0259 dol\u011fun g\u00f6r\u00fcn\u00fc\u015f qazand\u0131r\u0131r<\/p>\n<\/li>\n<\/ul>\n<p data-start=\"1934\" data-end=\"2095\">200ml h\u0259cm g\u00fcnd\u0259lik istifad\u0259 \u00fc\u00e7\u00fcn praktik se\u00e7imdir v\u0259 m\u0259hsulu s\u0131naq m\u0259qs\u0259dil\u0259 almaq ist\u0259y\u0259nl\u0259r \u00fc\u00e7\u00fcn uy\u011fundur. Sa\u00e7\u0131 a\u011f\u0131rla\u015fd\u0131rmadan effektiv t\u0259mizl\u0259m\u0259 t\u0259min edir.<\/p>\n<hr data-start=\"2097\" data-end=\"2100\" \/>\n<h3 data-section-id=\"rgleae\" data-start=\"2102\" data-end=\"2112\">N\u0259tic\u0259<\/h3>\n<p data-start=\"2114\" data-end=\"2278\">M\u00fcnt\u0259z\u0259m istifad\u0259 zaman\u0131 sa\u00e7 t\u00f6k\u00fclm\u0259sinin azalmas\u0131 m\u00fc\u015fahid\u0259 olunur. Sa\u00e7 tell\u0259ri daha m\u00f6hk\u0259m olur v\u0259 q\u0131r\u0131lma azal\u0131r. Sa\u00e7 daha asan daran\u0131r v\u0259 sa\u011flam g\u00f6r\u00fcn\u00fc\u015f qazan\u0131r.<\/p>\n<p data-start=\"2280\" data-end=\"2377\">Davaml\u0131 qulluq n\u0259tic\u0259sind\u0259 sa\u00e7\u0131n \u00fcmumi keyfiyy\u0259ti yax\u015f\u0131la\u015f\u0131r v\u0259 daha bax\u0131ml\u0131 g\u00f6r\u00fcn\u00fc\u015f \u0259ld\u0259 edilir.<\/p>\n<hr data-start=\"2379\" data-end=\"2382\" \/>\n<h2 data-section-id=\"1u1lujk\" data-start=\"2384\" data-end=\"2413\">Niy\u0259 bu m\u0259hsulu almal\u0131yam?<\/h2>\n<ul data-start=\"2415\" data-end=\"2626\">\n<li data-section-id=\"1b97f51\" data-start=\"2415\" data-end=\"2460\">\n<p data-start=\"2417\" data-end=\"2460\">Sa\u00e7 t\u00f6k\u00fclm\u0259sin\u0259 qar\u015f\u0131 m\u0259qs\u0259dy\u00f6nl\u00fc formula<\/p>\n<\/li>\n<li data-section-id=\"193g7k\" data-start=\"2461\" data-end=\"2501\">\n<p data-start=\"2463\" data-end=\"2501\">Bitki ekstraktlar\u0131 il\u0259 z\u0259ngin t\u0259rkib<\/p>\n<\/li>\n<li data-section-id=\"10p3y4k\" data-start=\"2502\" data-end=\"2524\">\n<p data-start=\"2504\" data-end=\"2524\">200ml praktik \u00f6l\u00e7\u00fc<\/p>\n<\/li>\n<li data-section-id=\"idxp3v\" data-start=\"2525\" data-end=\"2554\">\n<p data-start=\"2527\" data-end=\"2554\">G\u00fcnd\u0259lik istifad\u0259y\u0259 uy\u011fun<\/p>\n<\/li>\n<li data-section-id=\"1qmj3qa\" data-start=\"2555\" data-end=\"2595\">\n<p data-start=\"2557\" data-end=\"2595\">H\u0259m qad\u0131nlar, h\u0259m ki\u015fil\u0259r \u00fc\u00e7\u00fcn uy\u011fun<\/p>\n<\/li>\n<li data-section-id=\"13i2yu8\" data-start=\"2596\" data-end=\"2626\">\n<p data-start=\"2598\" data-end=\"2626\">Etibarl\u0131 v\u0259 tan\u0131nm\u0131\u015f marka<\/p>\n<\/li>\n<\/ul>\n<p data-start=\"2628\" data-end=\"2716\">\u018fg\u0259r sa\u00e7lar\u0131n\u0131z z\u0259ifl\u0259yib v\u0259 t\u00f6k\u00fclm\u0259 art\u0131bsa, bu m\u0259hsul balansl\u0131 v\u0259 funksional se\u00e7imdir.<\/p>\n<hr data-start=\"2718\" data-end=\"2721\" \/>\n<h2 data-section-id=\"1ix87lb\" data-start=\"2723\" data-end=\"2742\">\u0130stifad\u0259 Qaydas\u0131<\/h2>\n<ol data-start=\"2744\" data-end=\"2933\">\n<li data-section-id=\"uzv5p8\" data-start=\"2744\" data-end=\"2777\">\n<p data-start=\"2747\" data-end=\"2777\">Sa\u00e7lar\u0131 il\u0131q su il\u0259 islad\u0131n.<\/p>\n<\/li>\n<li data-section-id=\"1gwnp6s\" data-start=\"2778\" data-end=\"2832\">\n<p data-start=\"2781\" data-end=\"2832\">Laz\u0131mi miqdarda \u015fampunu sa\u00e7 d\u0259risin\u0259 t\u0259tbiq edin.<\/p>\n<\/li>\n<li data-section-id=\"1orhxhn\" data-start=\"2833\" data-end=\"2880\">\n<p data-start=\"2836\" data-end=\"2880\">Z\u0259rif masaj h\u0259r\u0259k\u0259tl\u0259ri il\u0259 k\u00f6p\u00fckl\u0259ndirin.<\/p>\n<\/li>\n<li data-section-id=\"ejuvh\" data-start=\"2881\" data-end=\"2906\">\n<p data-start=\"2884\" data-end=\"2906\">1\u20132 d\u0259qiq\u0259 saxlay\u0131n.<\/p>\n<\/li>\n<li data-section-id=\"239n1d\" data-start=\"2907\" data-end=\"2933\">\n<p data-start=\"2910\" data-end=\"2933\">Bol su il\u0259 yaxalay\u0131n.<\/p>\n<\/li>\n<\/ol>\n<p data-start=\"2935\" data-end=\"2989\">Effektiv n\u0259tic\u0259 \u00fc\u00e7\u00fcn m\u00fcnt\u0259z\u0259m istifad\u0259 t\u00f6vsiy\u0259 olunur.<\/p>\n<hr data-start=\"2991\" data-end=\"2994\" \/>\n<h2 data-section-id=\"1lbbi0g\" data-start=\"2996\" data-end=\"3020\">Kiml\u0259r \u00fc\u00e7\u00fcn uy\u011fundur?<\/h2>\n<ul data-start=\"3022\" data-end=\"3142\">\n<li data-section-id=\"8ahu91\" data-start=\"3022\" data-end=\"3050\">\n<p data-start=\"3024\" data-end=\"3050\">Sa\u00e7 t\u00f6k\u00fclm\u0259si ya\u015fayanlar<\/p>\n<\/li>\n<li data-section-id=\"pjnswb\" data-start=\"3051\" data-end=\"3078\">\n<p data-start=\"3053\" data-end=\"3078\">Z\u0259if v\u0259 inc\u0259lmi\u015f sa\u00e7lar<\/p>\n<\/li>\n<li data-section-id=\"dthq4a\" data-start=\"3079\" data-end=\"3107\">\n<p data-start=\"3081\" data-end=\"3107\">Q\u0131r\u0131lma problemi olanlar<\/p>\n<\/li>\n<li data-section-id=\"1k1fjhx\" data-start=\"3108\" data-end=\"3142\">\n<p data-start=\"3110\" data-end=\"3142\">Ki\u00e7ik h\u0259cmd\u0259 m\u0259hsul axtaranlar<\/p>\n<\/li>\n<\/ul>\n<hr data-start=\"3144\" data-end=\"3147\" \/>\n<h2 data-section-id=\"1xwdj0s\" data-start=\"3149\" data-end=\"3156\">Qeyd<\/h2>\n<p data-start=\"3158\" data-end=\"3305\">Yaln\u0131z xarici istifad\u0259 \u00fc\u00e7\u00fcnd\u00fcr. G\u00f6zl\u0259 t\u0259masdan qa\u00e7\u0131n\u0131n. H\u0259r hans\u0131 h\u0259ssasl\u0131q yaranarsa istifad\u0259ni dayand\u0131r\u0131n. U\u015faqlar\u0131n \u0259li \u00e7atmayan yerd\u0259 saxlay\u0131n.<\/p>","protected":false},"excerpt":{"rendered":"<p>Trichup Hair Fall Control 200ml \u015fampun sa\u00e7 t\u00f6k\u00fclm\u0259sin\u0259 qar\u015f\u0131 d\u0259st\u0259k verir, k\u00f6kl\u0259ri m\u00f6hk\u0259ml\u0259ndirir v\u0259 g\u00fcnd\u0259lik istifad\u0259y\u0259 uy\u011fundur.<\/p>","protected":false},"featured_media":9404,"comment_status":"open","ping_status":"closed","template":"","meta":[],"pwb-brand":[409],"product_cat":[126,133],"product_tag":[],"class_list":{"0":"post-9402","1":"product","2":"type-product","3":"status-publish","4":"has-post-thumbnail","6":"pwb-brand-trichup","7":"product_cat-haircare","8":"product_cat-shampoo","9":"pa_size-200ml","12":"instock","13":"sale","14":"shipping-taxable","15":"purchasable","16":"product-type-simple"},"brands":[{"id":409,"name":"Trichup","slug":"trichup"}],"_links":{"self":[{"href":"https:\/\/axtarstore.com\/ru\/wp-json\/wp\/v2\/product\/9402"}],"collection":[{"href":"https:\/\/axtarstore.com\/ru\/wp-json\/wp\/v2\/product"}],"about":[{"href":"https:\/\/axtarstore.com\/ru\/wp-json\/wp\/v2\/types\/product"}],"replies":[{"embeddable":true,"href":"https:\/\/axtarstore.com\/ru\/wp-json\/wp\/v2\/comments?post=9402"}],"version-history":[{"count":3,"href":"https:\/\/axtarstore.com\/ru\/wp-json\/wp\/v2\/product\/9402\/revisions"}],"predecessor-version":[{"id":11291,"href":"https:\/\/axtarstore.com\/ru\/wp-json\/wp\/v2\/product\/9402\/revisions\/11291"}],"wp:featuredmedia":[{"embeddable":true,"href":"https:\/\/axtarstore.com\/ru\/wp-json\/wp\/v2\/media\/9404"}],"wp:attachment":[{"href":"https:\/\/axtarstore.com\/ru\/wp-json\/wp\/v2\/media?parent=9402"}],"wp:term":[{"taxonomy":"pwb-brand","embeddable":true,"href":"https:\/\/axtarstore.com\/ru\/wp-json\/wp\/v2\/pwb-brand?post=9402"},{"taxonomy":"product_cat","embeddable":true,"href":"https:\/\/axtarstore.com\/ru\/wp-json\/wp\/v2\/product_cat?post=9402"},{"taxonomy":"product_tag","embeddable":true,"href":"https:\/\/axtarstore.com\/ru\/wp-json\/wp\/v2\/product_tag?post=9402"}],"curies":[{"name":"wp","href":"https:\/\/api.w.org\/{rel}","templated":true}]}}