{"id":9399,"date":"2025-03-16T00:21:48","date_gmt":"2025-03-15T20:21:48","guid":{"rendered":"https:\/\/axtarstore.com\/?post_type=product&#038;p=9399"},"modified":"2026-02-20T00:19:05","modified_gmt":"2026-02-19T20:19:05","slug":"trichup-healthy-long-strong-sampun-200ml","status":"publish","type":"product","link":"https:\/\/axtarstore.com\/ru\/product\/trichup-healthy-long-strong-sampun-200ml\/","title":{"rendered":"Trichup Herbal Shampoo &#8211; Healthy, Long &#038; Strong (200ml)"},"content":{"rendered":"<h2 data-section-id=\"1v5y6s2\" data-start=\"1005\" data-end=\"1048\">Trichup Healthy Long Strong \u015eampun 200ml<\/h2>\n<h3 data-section-id=\"ydusx9\" data-start=\"1050\" data-end=\"1061\">Problem<\/h3>\n<p data-start=\"1063\" data-end=\"1382\">Sa\u00e7lar\u0131n z\u0259if uzanmas\u0131, tez q\u0131r\u0131lmas\u0131 v\u0259 elastikliyini itirm\u0259si bir \u00e7ox insan\u0131n qar\u015f\u0131la\u015fd\u0131\u011f\u0131 \u0259sas probleml\u0259rd\u0259ndir. Sa\u00e7\u0131n tez-tez istilikl\u0259 formala\u015fd\u0131r\u0131lmas\u0131, kimy\u0259vi prosedurlar v\u0259 qeyri-d\u00fczg\u00fcn qulluq sa\u00e7 telinin strukturunu z\u0259ifl\u0259dir. N\u0259tic\u0259d\u0259 sa\u00e7 uzansa bel\u0259, uclar\u0131n q\u0131r\u0131lmas\u0131 s\u0259b\u0259bind\u0259n ist\u0259nil\u0259n uzunluq qorunmur.<\/p>\n<p data-start=\"1384\" data-end=\"1595\">Z\u0259if sa\u00e7 k\u00f6kl\u0259ri v\u0259 kifay\u0259t q\u0259d\u0259r qidalanmayan sa\u00e7 d\u0259risi d\u0259 uzanma prosesini l\u0259ngid\u0259 bil\u0259r. Bu s\u0259b\u0259bd\u0259n yaln\u0131z t\u0259mizl\u0259yici deyil, eyni zamanda g\u00fccl\u0259ndirici v\u0259 d\u0259st\u0259kl\u0259yici t\u0259sir g\u00f6st\u0259r\u0259n \u015fampun se\u00e7imi vacibdir.<\/p>\n<hr data-start=\"1597\" data-end=\"1600\" \/>\n<h3 data-section-id=\"ynb8lz\" data-start=\"1602\" data-end=\"1610\">H\u0259ll<\/h3>\n<p data-start=\"1612\" data-end=\"1793\">Trichup Healthy Long Strong \u015eampun 200ml bitki m\u0259n\u015f\u0259li komponentl\u0259rl\u0259 z\u0259ngin formulaya malikdir. Sa\u00e7 k\u00f6kl\u0259rinin m\u00f6hk\u0259ml\u0259nm\u0259sin\u0259 v\u0259 sa\u00e7 telinin davaml\u0131l\u0131\u011f\u0131n\u0131n artmas\u0131na d\u0259st\u0259k verir.<\/p>\n<p data-start=\"1795\" data-end=\"1822\">M\u0259hsulun \u0259sas \u00fcst\u00fcnl\u00fckl\u0259ri:<\/p>\n<ul data-start=\"1824\" data-end=\"2005\">\n<li data-section-id=\"1wexlrq\" data-start=\"1824\" data-end=\"1862\">\n<p data-start=\"1826\" data-end=\"1862\">Sa\u00e7\u0131n sa\u011flam uzanmas\u0131na k\u00f6m\u0259k edir<\/p>\n<\/li>\n<li data-section-id=\"17o3e9x\" data-start=\"1863\" data-end=\"1892\">\n<p data-start=\"1865\" data-end=\"1892\">Sa\u00e7 k\u00f6kl\u0259rini g\u00fccl\u0259ndirir<\/p>\n<\/li>\n<li data-section-id=\"4o4x1y\" data-start=\"1893\" data-end=\"1929\">\n<p data-start=\"1895\" data-end=\"1929\">Q\u0131r\u0131lman\u0131 azaltma\u011fa d\u0259st\u0259k verir<\/p>\n<\/li>\n<li data-section-id=\"2sv9hd\" data-start=\"1930\" data-end=\"1963\">\n<p data-start=\"1932\" data-end=\"1963\">Sa\u00e7lara elastiklik qazand\u0131r\u0131r<\/p>\n<\/li>\n<li data-section-id=\"113y696\" data-start=\"1964\" data-end=\"2005\">\n<p data-start=\"1966\" data-end=\"2005\">Parlaql\u0131q v\u0259 canl\u0131 g\u00f6r\u00fcn\u00fc\u015f t\u0259min edir<\/p>\n<\/li>\n<\/ul>\n<p data-start=\"2007\" data-end=\"2206\">200ml \u00f6l\u00e7\u00fc m\u0259hsulu ilk d\u0259f\u0259 istifad\u0259 etm\u0259k ist\u0259y\u0259nl\u0259r v\u0259 ya daha ki\u00e7ik h\u0259cm\u0259 \u00fcst\u00fcnl\u00fck ver\u0259nl\u0259r \u00fc\u00e7\u00fcn uy\u011fun se\u00e7imdir. Sa\u00e7\u0131 a\u011f\u0131rla\u015fd\u0131rmadan effektiv t\u0259mizl\u0259m\u0259 t\u0259min edir v\u0259 g\u00fcnd\u0259lik istifad\u0259y\u0259 uy\u011fundur.<\/p>\n<hr data-start=\"2208\" data-end=\"2211\" \/>\n<h3 data-section-id=\"rgleae\" data-start=\"2213\" data-end=\"2223\">N\u0259tic\u0259<\/h3>\n<p data-start=\"2225\" data-end=\"2391\">M\u00fcnt\u0259z\u0259m istifad\u0259 zaman\u0131 sa\u00e7lar daha m\u00f6hk\u0259m v\u0259 davaml\u0131 olur. Q\u0131r\u0131lman\u0131n azalmas\u0131 sa\u00e7 uzunlu\u011funun qorunmas\u0131na k\u00f6m\u0259k edir. Sa\u00e7lar daha hamar, parlaq v\u0259 bax\u0131ml\u0131 g\u00f6r\u00fcn\u00fcr.<\/p>\n<p data-start=\"2393\" data-end=\"2487\">Davaml\u0131 qulluq n\u0259tic\u0259sind\u0259 sa\u00e7\u0131n \u00fcmumi keyfiyy\u0259ti y\u00fcks\u0259lir v\u0259 daha dol\u011fun g\u00f6r\u00fcn\u00fc\u015f \u0259ld\u0259 edilir.<\/p>\n<hr data-start=\"2489\" data-end=\"2492\" \/>\n<h2 data-section-id=\"1u1lujk\" data-start=\"2494\" data-end=\"2523\">Niy\u0259 bu m\u0259hsulu almal\u0131yam?<\/h2>\n<ul data-start=\"2525\" data-end=\"2732\">\n<li data-section-id=\"1spwlez\" data-start=\"2525\" data-end=\"2564\">\n<p data-start=\"2527\" data-end=\"2564\">Sa\u011flam uzanman\u0131 d\u0259st\u0259kl\u0259y\u0259n formula<\/p>\n<\/li>\n<li data-section-id=\"sfxk6a\" data-start=\"2565\" data-end=\"2604\">\n<p data-start=\"2567\" data-end=\"2604\">Sa\u00e7 k\u00f6kl\u0259rini m\u00f6hk\u0259ml\u0259ndir\u0259n t\u0259rkib<\/p>\n<\/li>\n<li data-section-id=\"10p3y4k\" data-start=\"2605\" data-end=\"2627\">\n<p data-start=\"2607\" data-end=\"2627\">200ml praktik \u00f6l\u00e7\u00fc<\/p>\n<\/li>\n<li data-section-id=\"idxp3v\" data-start=\"2628\" data-end=\"2657\">\n<p data-start=\"2630\" data-end=\"2657\">G\u00fcnd\u0259lik istifad\u0259y\u0259 uy\u011fun<\/p>\n<\/li>\n<li data-section-id=\"14s1dk1\" data-start=\"2658\" data-end=\"2701\">\n<p data-start=\"2660\" data-end=\"2701\">H\u0259m qad\u0131nlar, h\u0259m ki\u015fil\u0259r \u00fc\u00e7\u00fcn uy\u011fundur<\/p>\n<\/li>\n<li data-section-id=\"13i2yu8\" data-start=\"2702\" data-end=\"2732\">\n<p data-start=\"2704\" data-end=\"2732\">Etibarl\u0131 v\u0259 tan\u0131nm\u0131\u015f marka<\/p>\n<\/li>\n<\/ul>\n<p data-start=\"2734\" data-end=\"2828\">\u018fg\u0259r sa\u00e7lar\u0131n\u0131z tez q\u0131r\u0131l\u0131r v\u0259 uzunluq qorunmursa, bu m\u0259hsul m\u0259qs\u0259dy\u00f6nl\u00fc v\u0259 balansl\u0131 se\u00e7imdir.<\/p>\n<hr data-start=\"2830\" data-end=\"2833\" \/>\n<h2 data-section-id=\"1ix87lb\" data-start=\"2835\" data-end=\"2854\">\u0130stifad\u0259 Qaydas\u0131<\/h2>\n<ol data-start=\"2856\" data-end=\"3052\">\n<li data-section-id=\"uzv5p8\" data-start=\"2856\" data-end=\"2889\">\n<p data-start=\"2859\" data-end=\"2889\">Sa\u00e7lar\u0131 il\u0131q su il\u0259 islad\u0131n.<\/p>\n<\/li>\n<li data-section-id=\"t82qk0\" data-start=\"2890\" data-end=\"2951\">\n<p data-start=\"2893\" data-end=\"2951\">Kifay\u0259t q\u0259d\u0259r miqdarda \u015fampunu sa\u00e7 d\u0259risin\u0259 t\u0259tbiq edin.<\/p>\n<\/li>\n<li data-section-id=\"1orhxhn\" data-start=\"2952\" data-end=\"2999\">\n<p data-start=\"2955\" data-end=\"2999\">Z\u0259rif masaj h\u0259r\u0259k\u0259tl\u0259ri il\u0259 k\u00f6p\u00fckl\u0259ndirin.<\/p>\n<\/li>\n<li data-section-id=\"ejuvh\" data-start=\"3000\" data-end=\"3025\">\n<p data-start=\"3003\" data-end=\"3025\">1\u20132 d\u0259qiq\u0259 saxlay\u0131n.<\/p>\n<\/li>\n<li data-section-id=\"239n1d\" data-start=\"3026\" data-end=\"3052\">\n<p data-start=\"3029\" data-end=\"3052\">Bol su il\u0259 yaxalay\u0131n.<\/p>\n<\/li>\n<\/ol>\n<p data-start=\"3054\" data-end=\"3108\">Effektiv n\u0259tic\u0259 \u00fc\u00e7\u00fcn m\u00fcnt\u0259z\u0259m istifad\u0259 t\u00f6vsiy\u0259 olunur.<\/p>\n<hr data-start=\"3110\" data-end=\"3113\" \/>\n<h2 data-section-id=\"1lbbi0g\" data-start=\"3115\" data-end=\"3139\">Kiml\u0259r \u00fc\u00e7\u00fcn uy\u011fundur?<\/h2>\n<ul data-start=\"3141\" data-end=\"3282\">\n<li data-section-id=\"kmqiet\" data-start=\"3141\" data-end=\"3174\">\n<p data-start=\"3143\" data-end=\"3174\">Uzun v\u0259 sa\u011flam sa\u00e7 ist\u0259y\u0259nl\u0259r<\/p>\n<\/li>\n<li data-section-id=\"9w3gti\" data-start=\"3175\" data-end=\"3206\">\n<p data-start=\"3177\" data-end=\"3206\">Q\u0131r\u0131lma problemi ya\u015fayanlar<\/p>\n<\/li>\n<li data-section-id=\"1ji7q6b\" data-start=\"3207\" data-end=\"3247\">\n<p data-start=\"3209\" data-end=\"3247\">Z\u0259if v\u0259 elastikliyini itirmi\u015f sa\u00e7lar<\/p>\n<\/li>\n<li data-section-id=\"1k1fjhx\" data-start=\"3248\" data-end=\"3282\">\n<p data-start=\"3250\" data-end=\"3282\">Ki\u00e7ik h\u0259cmd\u0259 m\u0259hsul axtaranlar<\/p>\n<\/li>\n<\/ul>\n<hr data-start=\"3284\" data-end=\"3287\" \/>\n<h2 data-section-id=\"1xwdj0s\" data-start=\"3289\" data-end=\"3296\">Qeyd<\/h2>\n<p data-start=\"3298\" data-end=\"3445\">Yaln\u0131z xarici istifad\u0259 \u00fc\u00e7\u00fcnd\u00fcr. G\u00f6zl\u0259 t\u0259masdan qa\u00e7\u0131n\u0131n. H\u0259r hans\u0131 h\u0259ssasl\u0131q yaranarsa istifad\u0259ni dayand\u0131r\u0131n. U\u015faqlar\u0131n \u0259li \u00e7atmayan yerd\u0259 saxlay\u0131n.<\/p>","protected":false},"excerpt":{"rendered":"<p>Trichup Healthy Long Strong 200ml \u015fampun sa\u00e7lar\u0131n sa\u011flam uzanmas\u0131na d\u0259st\u0259k verir, q\u0131r\u0131lman\u0131 azaltma\u011fa k\u00f6m\u0259k edir v\u0259 g\u00fcnd\u0259lik istifad\u0259y\u0259 uy\u011fundur.<\/p>","protected":false},"featured_media":9400,"comment_status":"open","ping_status":"closed","template":"","meta":[],"pwb-brand":[409],"product_cat":[126,133],"product_tag":[308],"class_list":{"0":"post-9399","1":"product","2":"type-product","3":"status-publish","4":"has-post-thumbnail","6":"pwb-brand-trichup","7":"product_cat-haircare","8":"product_cat-shampoo","9":"product_tag-haircare","10":"pa_size-200ml","13":"instock","14":"sale","15":"shipping-taxable","16":"purchasable","17":"product-type-simple"},"brands":[{"id":409,"name":"Trichup","slug":"trichup"}],"_links":{"self":[{"href":"https:\/\/axtarstore.com\/ru\/wp-json\/wp\/v2\/product\/9399"}],"collection":[{"href":"https:\/\/axtarstore.com\/ru\/wp-json\/wp\/v2\/product"}],"about":[{"href":"https:\/\/axtarstore.com\/ru\/wp-json\/wp\/v2\/types\/product"}],"replies":[{"embeddable":true,"href":"https:\/\/axtarstore.com\/ru\/wp-json\/wp\/v2\/comments?post=9399"}],"version-history":[{"count":3,"href":"https:\/\/axtarstore.com\/ru\/wp-json\/wp\/v2\/product\/9399\/revisions"}],"predecessor-version":[{"id":11293,"href":"https:\/\/axtarstore.com\/ru\/wp-json\/wp\/v2\/product\/9399\/revisions\/11293"}],"wp:featuredmedia":[{"embeddable":true,"href":"https:\/\/axtarstore.com\/ru\/wp-json\/wp\/v2\/media\/9400"}],"wp:attachment":[{"href":"https:\/\/axtarstore.com\/ru\/wp-json\/wp\/v2\/media?parent=9399"}],"wp:term":[{"taxonomy":"pwb-brand","embeddable":true,"href":"https:\/\/axtarstore.com\/ru\/wp-json\/wp\/v2\/pwb-brand?post=9399"},{"taxonomy":"product_cat","embeddable":true,"href":"https:\/\/axtarstore.com\/ru\/wp-json\/wp\/v2\/product_cat?post=9399"},{"taxonomy":"product_tag","embeddable":true,"href":"https:\/\/axtarstore.com\/ru\/wp-json\/wp\/v2\/product_tag?post=9399"}],"curies":[{"name":"wp","href":"https:\/\/api.w.org\/{rel}","templated":true}]}}