{"id":9396,"date":"2025-03-16T00:14:35","date_gmt":"2025-03-15T20:14:35","guid":{"rendered":"https:\/\/axtarstore.com\/?post_type=product&#038;p=9396"},"modified":"2026-02-20T00:22:33","modified_gmt":"2026-02-19T20:22:33","slug":"trichup-black-seed-sac-yagi-200ml","status":"publish","type":"product","link":"https:\/\/axtarstore.com\/ru\/product\/trichup-black-seed-sac-yagi-200ml\/","title":{"rendered":"Trichup Hair Oil &#8211; Black Seed (200ml)"},"content":{"rendered":"<h2 data-section-id=\"1g6si10\" data-start=\"951\" data-end=\"987\">Trichup Black Seed Sa\u00e7 Ya\u011f\u0131 200ml<\/h2>\n<h3 data-section-id=\"ydusx9\" data-start=\"989\" data-end=\"1000\">Problem<\/h3>\n<p data-start=\"1002\" data-end=\"1260\">Sa\u00e7 t\u00f6k\u00fclm\u0259si, z\u0259if k\u00f6kl\u0259r v\u0259 cans\u0131z g\u00f6r\u00fcn\u00fc\u015f bir \u00e7ox insan\u0131n qar\u015f\u0131la\u015fd\u0131\u011f\u0131 \u0259sas probleml\u0259rd\u0259ndir. Kimy\u0259vi t\u0259sirl\u0259r, istilikl\u0259 formala\u015fd\u0131rma, qeyri-d\u00fczg\u00fcn qulluq v\u0259 stress sa\u00e7\u0131n strukturunu z\u0259ifl\u0259dir. N\u0259tic\u0259d\u0259 sa\u00e7 nazilir, parlaql\u0131\u011f\u0131n\u0131 itirir v\u0259 t\u00f6k\u00fclm\u0259 art\u0131r.<\/p>\n<p data-start=\"1262\" data-end=\"1472\">\u015eampun sa\u00e7\u0131n t\u0259mizl\u0259nm\u0259si \u00fc\u00e7\u00fcn vacib olsa da, b\u0259z\u0259n \u0259lav\u0259 qidaland\u0131r\u0131c\u0131 d\u0259st\u0259y\u0259 ehtiyac yaran\u0131r. Sa\u00e7 k\u00f6kl\u0259rinin g\u00fccl\u0259nm\u0259si v\u0259 sa\u00e7 telinin daha davaml\u0131 olmas\u0131 \u00fc\u00e7\u00fcn ya\u011f \u0259sasl\u0131 qulluq m\u0259hsullar\u0131 effektiv se\u00e7imdir.<\/p>\n<hr data-start=\"1474\" data-end=\"1477\" \/>\n<h3 data-section-id=\"ynb8lz\" data-start=\"1479\" data-end=\"1487\">H\u0259ll<\/h3>\n<p data-start=\"1489\" data-end=\"1711\">Trichup Black Seed Sa\u00e7 Ya\u011f\u0131 200ml qara zir\u0259 ekstrakt\u0131 il\u0259 z\u0259nginl\u0259\u015fdirilmi\u015f formulaya malikdir. Qara zir\u0259 sa\u00e7 k\u00f6kl\u0259rinin m\u00f6hk\u0259ml\u0259nm\u0259sin\u0259 v\u0259 sa\u00e7\u0131n \u00fcmumi sa\u011flaml\u0131\u011f\u0131n\u0131n d\u0259st\u0259kl\u0259nm\u0259sin\u0259 k\u00f6m\u0259k ed\u0259n t\u0259bii komponent kimi tan\u0131n\u0131r.<\/p>\n<p data-start=\"1713\" data-end=\"1740\">M\u0259hsulun \u0259sas \u00fcst\u00fcnl\u00fckl\u0259ri:<\/p>\n<ul data-start=\"1742\" data-end=\"1940\">\n<li data-section-id=\"1eqwdzm\" data-start=\"1742\" data-end=\"1784\">\n<p data-start=\"1744\" data-end=\"1784\">Sa\u00e7 k\u00f6kl\u0259rini g\u00fccl\u0259ndirm\u0259y\u0259 k\u00f6m\u0259k edir<\/p>\n<\/li>\n<li data-section-id=\"1sy39hi\" data-start=\"1785\" data-end=\"1829\">\n<p data-start=\"1787\" data-end=\"1829\">Sa\u00e7 t\u00f6k\u00fclm\u0259sinin azalmas\u0131na d\u0259st\u0259k verir<\/p>\n<\/li>\n<li data-section-id=\"ubeu4e\" data-start=\"1830\" data-end=\"1857\">\n<p data-start=\"1832\" data-end=\"1857\">Sa\u00e7\u0131 d\u0259rin qidaland\u0131r\u0131r<\/p>\n<\/li>\n<li data-section-id=\"1h19xzr\" data-start=\"1858\" data-end=\"1895\">\n<p data-start=\"1860\" data-end=\"1895\">Parlaql\u0131q v\u0259 yum\u015faql\u0131q qazand\u0131r\u0131r<\/p>\n<\/li>\n<li data-section-id=\"1jyx8b7\" data-start=\"1896\" data-end=\"1940\">\n<p data-start=\"1898\" data-end=\"1940\">Sa\u00e7\u0131n elastikliyini art\u0131rma\u011fa k\u00f6m\u0259k edir<\/p>\n<\/li>\n<\/ul>\n<p data-start=\"1942\" data-end=\"2104\">Ya\u011f teksturas\u0131 sa\u00e7 d\u0259risin\u0259 v\u0259 sa\u00e7 telin\u0259 n\u00fcfuz ed\u0259r\u0259k intensiv qulluq t\u0259min edir. M\u00fcnt\u0259z\u0259m istifad\u0259 zaman\u0131 sa\u00e7\u0131n daha sa\u011flam v\u0259 m\u00f6hk\u0259m g\u00f6r\u00fcnm\u0259si m\u00fc\u015fahid\u0259 olunur.<\/p>\n<hr data-start=\"2106\" data-end=\"2109\" \/>\n<h3 data-section-id=\"rgleae\" data-start=\"2111\" data-end=\"2121\">N\u0259tic\u0259<\/h3>\n<p data-start=\"2123\" data-end=\"2330\">Daimi istifad\u0259 n\u0259tic\u0259sind\u0259 sa\u00e7lar daha parlaq v\u0259 daha g\u00fccl\u00fc g\u00f6r\u00fcn\u00fcr. Sa\u00e7 t\u00f6k\u00fclm\u0259sinin azalmas\u0131 v\u0259 k\u00f6kl\u0259rin m\u00f6hk\u0259ml\u0259nm\u0259si sa\u00e7\u0131n \u00fcmumi keyfiyy\u0259tini y\u00fcks\u0259ldir. Sa\u00e7lar daha asan formaya d\u00fc\u015f\u00fcr v\u0259 bax\u0131ml\u0131 g\u00f6r\u00fcn\u00fcr.<\/p>\n<p data-start=\"2332\" data-end=\"2454\">200ml h\u0259cm uzunm\u00fcdd\u0259tli istifad\u0259 \u00fc\u00e7\u00fcn praktik \u00f6l\u00e7\u00fcd\u00fcr v\u0259 g\u00fcnd\u0259lik v\u0259 ya h\u0259ft\u0259lik qulluq rutinin\u0259 rahat inteqrasiya olunur.<\/p>\n<hr data-start=\"2456\" data-end=\"2459\" \/>\n<h2 data-section-id=\"1u1lujk\" data-start=\"2461\" data-end=\"2490\">Niy\u0259 bu m\u0259hsulu almal\u0131yam?<\/h2>\n<ul data-start=\"2492\" data-end=\"2706\">\n<li data-section-id=\"17ka46w\" data-start=\"2492\" data-end=\"2535\">\n<p data-start=\"2494\" data-end=\"2535\">Qara zir\u0259 t\u0259rkibli g\u00fccl\u0259ndirici formula<\/p>\n<\/li>\n<li data-section-id=\"17aofsj\" data-start=\"2536\" data-end=\"2580\">\n<p data-start=\"2538\" data-end=\"2580\">Sa\u00e7 t\u00f6k\u00fclm\u0259sin\u0259 qar\u015f\u0131 d\u0259st\u0259kl\u0259yici t\u0259sir<\/p>\n<\/li>\n<li data-section-id=\"ae7hbu\" data-start=\"2581\" data-end=\"2611\">\n<p data-start=\"2583\" data-end=\"2611\">D\u0259rin qidaland\u0131r\u0131c\u0131 qulluq<\/p>\n<\/li>\n<li data-section-id=\"1kgnda2\" data-start=\"2612\" data-end=\"2634\">\n<p data-start=\"2614\" data-end=\"2634\">200ml praktik h\u0259cm<\/p>\n<\/li>\n<li data-section-id=\"1qmj3qa\" data-start=\"2635\" data-end=\"2675\">\n<p data-start=\"2637\" data-end=\"2675\">H\u0259m qad\u0131nlar, h\u0259m ki\u015fil\u0259r \u00fc\u00e7\u00fcn uy\u011fun<\/p>\n<\/li>\n<li data-section-id=\"13i2yu8\" data-start=\"2676\" data-end=\"2706\">\n<p data-start=\"2678\" data-end=\"2706\">Etibarl\u0131 v\u0259 tan\u0131nm\u0131\u015f marka<\/p>\n<\/li>\n<\/ul>\n<p data-start=\"2708\" data-end=\"2826\">\u018fg\u0259r sa\u00e7lar\u0131n\u0131z z\u0259ifl\u0259yib, t\u00f6k\u00fclm\u0259 art\u0131b v\u0259 \u0259lav\u0259 qidaland\u0131r\u0131c\u0131 d\u0259st\u0259y\u0259 ehtiyac varsa, bu m\u0259hsul m\u0259qs\u0259dy\u00f6nl\u00fc se\u00e7imdir.<\/p>\n<hr data-start=\"2828\" data-end=\"2831\" \/>\n<h2 data-section-id=\"1ix87lb\" data-start=\"2833\" data-end=\"2852\">\u0130stifad\u0259 Qaydas\u0131<\/h2>\n<ol data-start=\"2854\" data-end=\"3036\">\n<li data-section-id=\"105limg\" data-start=\"2854\" data-end=\"2912\">\n<p data-start=\"2857\" data-end=\"2912\">Kifay\u0259t q\u0259d\u0259r miqdarda ya\u011f\u0131 sa\u00e7 d\u0259risin\u0259 t\u0259tbiq edin.<\/p>\n<\/li>\n<li data-section-id=\"137awnf\" data-start=\"2913\" data-end=\"2969\">\n<p data-start=\"2916\" data-end=\"2969\">Z\u0259rif masaj h\u0259r\u0259k\u0259tl\u0259ri il\u0259 5\u201310 d\u0259qiq\u0259 masaj edin.<\/p>\n<\/li>\n<li data-section-id=\"w80lbj\" data-start=\"2970\" data-end=\"3002\">\n<p data-start=\"2973\" data-end=\"3002\">Minimum 30 d\u0259qiq\u0259 saxlay\u0131n.<\/p>\n<\/li>\n<li data-section-id=\"c99gxi\" data-start=\"3003\" data-end=\"3036\">\n<p data-start=\"3006\" data-end=\"3036\">Daha sonra \u015fampun il\u0259 yuyun.<\/p>\n<\/li>\n<\/ol>\n<p data-start=\"3038\" data-end=\"3079\">H\u0259ft\u0259d\u0259 2\u20133 d\u0259f\u0259 istifad\u0259 t\u00f6vsiy\u0259 olunur.<\/p>\n<hr data-start=\"3081\" data-end=\"3084\" \/>\n<h2 data-section-id=\"1lbbi0g\" data-start=\"3086\" data-end=\"3110\">Kiml\u0259r \u00fc\u00e7\u00fcn uy\u011fundur?<\/h2>\n<ul data-start=\"3112\" data-end=\"3236\">\n<li data-section-id=\"8ahu91\" data-start=\"3112\" data-end=\"3140\">\n<p data-start=\"3114\" data-end=\"3140\">Sa\u00e7 t\u00f6k\u00fclm\u0259si ya\u015fayanlar<\/p>\n<\/li>\n<li data-section-id=\"pjnswb\" data-start=\"3141\" data-end=\"3168\">\n<p data-start=\"3143\" data-end=\"3168\">Z\u0259if v\u0259 inc\u0259lmi\u015f sa\u00e7lar<\/p>\n<\/li>\n<li data-section-id=\"vy5zp6\" data-start=\"3169\" data-end=\"3194\">\n<p data-start=\"3171\" data-end=\"3194\">Quru v\u0259 cans\u0131z sa\u00e7lar<\/p>\n<\/li>\n<li data-section-id=\"jnx3sx\" data-start=\"3195\" data-end=\"3236\">\n<p data-start=\"3197\" data-end=\"3236\">\u018flav\u0259 qidaland\u0131r\u0131c\u0131 qulluq ist\u0259y\u0259nl\u0259r<\/p>\n<\/li>\n<\/ul>\n<hr data-start=\"3238\" data-end=\"3241\" \/>\n<h2 data-section-id=\"1xwdj0s\" data-start=\"3243\" data-end=\"3250\">Qeyd<\/h2>\n<p data-start=\"3252\" data-end=\"3407\">Yaln\u0131z xarici istifad\u0259 \u00fc\u00e7\u00fcnd\u00fcr. G\u00f6zl\u0259 t\u0259masdan qa\u00e7\u0131n\u0131n. H\u0259r hans\u0131 allergik reaksiya yaranarsa istifad\u0259ni dayand\u0131r\u0131n. U\u015faqlar\u0131n \u0259li \u00e7atmayan yerd\u0259 saxlay\u0131n.<\/p>","protected":false},"excerpt":{"rendered":"<p>Trichup Black Seed 200ml sa\u00e7 ya\u011f\u0131 qara zir\u0259 ekstrakt\u0131 il\u0259 sa\u00e7lar\u0131 qidaland\u0131r\u0131r, k\u00f6kl\u0259ri m\u00f6hk\u0259ml\u0259ndirir v\u0259 sa\u011flam g\u00f6r\u00fcn\u00fc\u015f qazand\u0131r\u0131r.<\/p>","protected":false},"featured_media":9397,"comment_status":"open","ping_status":"closed","template":"","meta":[],"pwb-brand":[409],"product_cat":[126,135],"product_tag":[308],"class_list":{"0":"post-9396","1":"product","2":"type-product","3":"status-publish","4":"has-post-thumbnail","6":"pwb-brand-trichup","7":"product_cat-haircare","8":"product_cat-oil","9":"product_tag-haircare","10":"pa_size-200ml","13":"instock","14":"sale","15":"shipping-taxable","16":"purchasable","17":"product-type-simple"},"brands":[{"id":409,"name":"Trichup","slug":"trichup"}],"_links":{"self":[{"href":"https:\/\/axtarstore.com\/ru\/wp-json\/wp\/v2\/product\/9396"}],"collection":[{"href":"https:\/\/axtarstore.com\/ru\/wp-json\/wp\/v2\/product"}],"about":[{"href":"https:\/\/axtarstore.com\/ru\/wp-json\/wp\/v2\/types\/product"}],"replies":[{"embeddable":true,"href":"https:\/\/axtarstore.com\/ru\/wp-json\/wp\/v2\/comments?post=9396"}],"version-history":[{"count":3,"href":"https:\/\/axtarstore.com\/ru\/wp-json\/wp\/v2\/product\/9396\/revisions"}],"predecessor-version":[{"id":11295,"href":"https:\/\/axtarstore.com\/ru\/wp-json\/wp\/v2\/product\/9396\/revisions\/11295"}],"wp:featuredmedia":[{"embeddable":true,"href":"https:\/\/axtarstore.com\/ru\/wp-json\/wp\/v2\/media\/9397"}],"wp:attachment":[{"href":"https:\/\/axtarstore.com\/ru\/wp-json\/wp\/v2\/media?parent=9396"}],"wp:term":[{"taxonomy":"pwb-brand","embeddable":true,"href":"https:\/\/axtarstore.com\/ru\/wp-json\/wp\/v2\/pwb-brand?post=9396"},{"taxonomy":"product_cat","embeddable":true,"href":"https:\/\/axtarstore.com\/ru\/wp-json\/wp\/v2\/product_cat?post=9396"},{"taxonomy":"product_tag","embeddable":true,"href":"https:\/\/axtarstore.com\/ru\/wp-json\/wp\/v2\/product_tag?post=9396"}],"curies":[{"name":"wp","href":"https:\/\/api.w.org\/{rel}","templated":true}]}}