{"id":9392,"date":"2025-03-16T00:10:22","date_gmt":"2025-03-15T20:10:22","guid":{"rendered":"https:\/\/axtarstore.com\/?post_type=product&#038;p=9392"},"modified":"2026-02-20T00:30:16","modified_gmt":"2026-02-19T20:30:16","slug":"trichup-anti-dandruff-sac-yagi-200ml","status":"publish","type":"product","link":"https:\/\/axtarstore.com\/ru\/product\/trichup-anti-dandruff-sac-yagi-200ml\/","title":{"rendered":"Trichup Hair Oil &#8211; Anti-Dandruff (200ml)"},"content":{"rendered":"<h2 data-section-id=\"1q81ki6\" data-start=\"935\" data-end=\"974\">Trichup Anti Dandruff Sa\u00e7 Ya\u011f\u0131 200ml<\/h2>\n<h3 data-section-id=\"ydusx9\" data-start=\"976\" data-end=\"987\">Problem<\/h3>\n<p data-start=\"989\" data-end=\"1225\">K\u0259p\u0259k v\u0259 sa\u00e7 d\u0259risind\u0259 qa\u015f\u0131nma geni\u015f yay\u0131lm\u0131\u015f probleml\u0259rd\u0259ndir. Sa\u00e7 d\u0259risinin h\u0259ddind\u0259n art\u0131q qurumas\u0131 v\u0259 ya ya\u011flanmas\u0131 pulcuqlanma yarad\u0131r. Bu v\u0259ziyy\u0259t h\u0259m estetik narahatl\u0131q yarad\u0131r, h\u0259m d\u0259 sa\u00e7 k\u00f6kl\u0259rinin z\u0259ifl\u0259m\u0259sin\u0259 s\u0259b\u0259b ola bil\u0259r.<\/p>\n<p data-start=\"1227\" data-end=\"1403\">Davaml\u0131 k\u0259p\u0259k problemi sa\u00e7\u0131n sa\u011flam inki\u015faf\u0131na mane ola bil\u0259r. Yaln\u0131z \u015fampun istifad\u0259si b\u0259zi hallarda kifay\u0259t etmir v\u0259 \u0259lav\u0259 qidaland\u0131r\u0131c\u0131, balansla\u015fd\u0131r\u0131c\u0131 qulluq t\u0259l\u0259b olunur.<\/p>\n<hr data-start=\"1405\" data-end=\"1408\" \/>\n<h3 data-section-id=\"ynb8lz\" data-start=\"1410\" data-end=\"1418\">H\u0259ll<\/h3>\n<p data-start=\"1420\" data-end=\"1634\">Trichup Anti Dandruff Sa\u00e7 Ya\u011f\u0131 200ml sa\u00e7 d\u0259risini balansla\u015fd\u0131rmaq v\u0259 k\u0259p\u0259k problemini azaltma\u011fa d\u0259st\u0259k olmaq \u00fc\u00e7\u00fcn haz\u0131rlanm\u0131\u015fd\u0131r. Bitki m\u0259n\u015f\u0259li komponentl\u0259rl\u0259 z\u0259ngin formulu sa\u00e7 d\u0259risin\u0259 intensiv qulluq t\u0259min edir.<\/p>\n<p data-start=\"1636\" data-end=\"1663\">M\u0259hsulun \u0259sas \u00fcst\u00fcnl\u00fckl\u0259ri:<\/p>\n<ul data-start=\"1665\" data-end=\"1843\">\n<li data-section-id=\"1tk780y\" data-start=\"1665\" data-end=\"1698\">\n<p data-start=\"1667\" data-end=\"1698\">K\u0259p\u0259yin azalmas\u0131na k\u00f6m\u0259k edir<\/p>\n<\/li>\n<li data-section-id=\"mr3sto\" data-start=\"1699\" data-end=\"1729\">\n<p data-start=\"1701\" data-end=\"1729\">Sa\u00e7 d\u0259risini sakitl\u0259\u015fdirir<\/p>\n<\/li>\n<li data-section-id=\"u7lrgp\" data-start=\"1730\" data-end=\"1766\">\n<p data-start=\"1732\" data-end=\"1766\">Qa\u015f\u0131nman\u0131 azaltma\u011fa d\u0259st\u0259k verir<\/p>\n<\/li>\n<li data-section-id=\"1j3a92w\" data-start=\"1767\" data-end=\"1797\">\n<p data-start=\"1769\" data-end=\"1797\">Sa\u00e7 k\u00f6kl\u0259rini qidaland\u0131r\u0131r<\/p>\n<\/li>\n<li data-section-id=\"1941snw\" data-start=\"1798\" data-end=\"1843\">\n<p data-start=\"1800\" data-end=\"1843\">Sa\u00e7lara yum\u015faql\u0131q v\u0259 parlaql\u0131q qazand\u0131r\u0131r<\/p>\n<\/li>\n<\/ul>\n<p data-start=\"1845\" data-end=\"2003\">Ya\u011f teksturas\u0131 sa\u00e7 d\u0259risin\u0259 n\u00fcfuz ed\u0259r\u0259k qidaland\u0131r\u0131c\u0131 t\u0259sir g\u00f6st\u0259rir. M\u00fcnt\u0259z\u0259m istifad\u0259 zaman\u0131 sa\u00e7 d\u0259risinin daha balansl\u0131 v\u0259ziyy\u0259t\u0259 g\u0259ldiyi m\u00fc\u015fahid\u0259 olunur.<\/p>\n<hr data-start=\"2005\" data-end=\"2008\" \/>\n<h3 data-section-id=\"rgleae\" data-start=\"2010\" data-end=\"2020\">N\u0259tic\u0259<\/h3>\n<p data-start=\"2022\" data-end=\"2154\">Daimi istifad\u0259 n\u0259tic\u0259sind\u0259 k\u0259p\u0259k azal\u0131r, sa\u00e7 d\u0259risi daha rahat olur v\u0259 qa\u015f\u0131nma minimuma enir. Sa\u00e7lar daha bax\u0131ml\u0131 v\u0259 sa\u011flam g\u00f6r\u00fcn\u00fcr.<\/p>\n<p data-start=\"2156\" data-end=\"2224\">200ml h\u0259cm h\u0259m s\u0131naq, h\u0259m d\u0259 m\u00fcnt\u0259z\u0259m istifad\u0259 \u00fc\u00e7\u00fcn praktik \u00f6l\u00e7\u00fcd\u00fcr.<\/p>\n<hr data-start=\"2226\" data-end=\"2229\" \/>\n<h2 data-section-id=\"1u1lujk\" data-start=\"2231\" data-end=\"2260\">Niy\u0259 bu m\u0259hsulu almal\u0131yam?<\/h2>\n<ul data-start=\"2262\" data-end=\"2450\">\n<li data-section-id=\"gb334b\" data-start=\"2262\" data-end=\"2298\">\n<p data-start=\"2264\" data-end=\"2298\">K\u0259p\u0259y\u0259 qar\u015f\u0131 m\u0259qs\u0259dy\u00f6nl\u00fc formula<\/p>\n<\/li>\n<li data-section-id=\"1skgne\" data-start=\"2299\" data-end=\"2336\">\n<p data-start=\"2301\" data-end=\"2336\">Sa\u00e7 d\u0259risini balansla\u015fd\u0131ran t\u0259sir<\/p>\n<\/li>\n<li data-section-id=\"ae7hbu\" data-start=\"2337\" data-end=\"2367\">\n<p data-start=\"2339\" data-end=\"2367\">D\u0259rin qidaland\u0131r\u0131c\u0131 qulluq<\/p>\n<\/li>\n<li data-section-id=\"1kgnda2\" data-start=\"2368\" data-end=\"2390\">\n<p data-start=\"2370\" data-end=\"2390\">200ml praktik h\u0259cm<\/p>\n<\/li>\n<li data-section-id=\"1qmj3qa\" data-start=\"2391\" data-end=\"2431\">\n<p data-start=\"2393\" data-end=\"2431\">H\u0259m qad\u0131nlar, h\u0259m ki\u015fil\u0259r \u00fc\u00e7\u00fcn uy\u011fun<\/p>\n<\/li>\n<li data-section-id=\"4p12ug\" data-start=\"2432\" data-end=\"2450\">\n<p data-start=\"2434\" data-end=\"2450\">Etibarl\u0131 marka<\/p>\n<\/li>\n<\/ul>\n<p data-start=\"2452\" data-end=\"2555\">\u018fg\u0259r davaml\u0131 k\u0259p\u0259k v\u0259 sa\u00e7 d\u0259risi narahatl\u0131\u011f\u0131 ya\u015fay\u0131rs\u0131n\u0131zsa, bu m\u0259hsul balansl\u0131 v\u0259 funksional se\u00e7imdir.<\/p>\n<hr data-start=\"2557\" data-end=\"2560\" \/>\n<h2 data-section-id=\"1ix87lb\" data-start=\"2562\" data-end=\"2581\">\u0130stifad\u0259 Qaydas\u0131<\/h2>\n<ol data-start=\"2583\" data-end=\"2730\">\n<li data-section-id=\"dgrrvg\" data-start=\"2583\" data-end=\"2634\">\n<p data-start=\"2586\" data-end=\"2634\">Laz\u0131mi miqdarda ya\u011f\u0131 sa\u00e7 d\u0259risin\u0259 t\u0259tbiq edin.<\/p>\n<\/li>\n<li data-section-id=\"1ijvuz3\" data-start=\"2635\" data-end=\"2663\">\n<p data-start=\"2638\" data-end=\"2663\">5\u201310 d\u0259qiq\u0259 masaj edin.<\/p>\n<\/li>\n<li data-section-id=\"w80lbj\" data-start=\"2664\" data-end=\"2696\">\n<p data-start=\"2667\" data-end=\"2696\">Minimum 30 d\u0259qiq\u0259 saxlay\u0131n.<\/p>\n<\/li>\n<li data-section-id=\"c99gxi\" data-start=\"2697\" data-end=\"2730\">\n<p data-start=\"2700\" data-end=\"2730\">Daha sonra \u015fampun il\u0259 yuyun.<\/p>\n<\/li>\n<\/ol>\n<p data-start=\"2732\" data-end=\"2773\">H\u0259ft\u0259d\u0259 2\u20133 d\u0259f\u0259 istifad\u0259 t\u00f6vsiy\u0259 olunur.<\/p>\n<hr data-start=\"2775\" data-end=\"2778\" \/>\n<h2 data-section-id=\"1lbbi0g\" data-start=\"2780\" data-end=\"2804\">Kiml\u0259r \u00fc\u00e7\u00fcn uy\u011fundur?<\/h2>\n<ul data-start=\"2806\" data-end=\"2940\">\n<li data-section-id=\"12h7uj9\" data-start=\"2806\" data-end=\"2835\">\n<p data-start=\"2808\" data-end=\"2835\">K\u0259p\u0259k problemi ya\u015fayanlar<\/p>\n<\/li>\n<li data-section-id=\"99nw0r\" data-start=\"2836\" data-end=\"2871\">\n<p data-start=\"2838\" data-end=\"2871\">Qa\u015f\u0131nma v\u0259 h\u0259ssasl\u0131q ya\u015fayanlar<\/p>\n<\/li>\n<li data-section-id=\"4x6s51\" data-start=\"2872\" data-end=\"2912\">\n<p data-start=\"2874\" data-end=\"2912\">Quru v\u0259 balanss\u0131z sa\u00e7 d\u0259risi olanlar<\/p>\n<\/li>\n<li data-section-id=\"1ttm3nv\" data-start=\"2913\" data-end=\"2940\">\n<p data-start=\"2915\" data-end=\"2940\">\u018flav\u0259 qulluq axtaranlar<\/p>\n<\/li>\n<\/ul>\n<hr data-start=\"2942\" data-end=\"2945\" \/>\n<h2 data-section-id=\"1xwdj0s\" data-start=\"2947\" data-end=\"2954\">Qeyd<\/h2>\n<p data-start=\"2956\" data-end=\"3103\">Yaln\u0131z xarici istifad\u0259 \u00fc\u00e7\u00fcnd\u00fcr. G\u00f6zl\u0259 t\u0259masdan qa\u00e7\u0131n\u0131n. H\u0259r hans\u0131 h\u0259ssasl\u0131q yaranarsa istifad\u0259ni dayand\u0131r\u0131n. U\u015faqlar\u0131n \u0259li \u00e7atmayan yerd\u0259 saxlay\u0131n.<\/p>","protected":false},"excerpt":{"rendered":"<p>Trichup Anti Dandruff 200ml sa\u00e7 ya\u011f\u0131 k\u0259p\u0259y\u0259 qar\u015f\u0131 d\u0259st\u0259k verir, sa\u00e7 d\u0259risini balansla\u015fd\u0131r\u0131r v\u0259 sa\u011flam g\u00f6r\u00fcn\u00fc\u015f qazand\u0131r\u0131r.<\/p>","protected":false},"featured_media":9393,"comment_status":"open","ping_status":"closed","template":"","meta":[],"pwb-brand":[409],"product_cat":[126,135],"product_tag":[308],"class_list":{"0":"post-9392","1":"product","2":"type-product","3":"status-publish","4":"has-post-thumbnail","6":"pwb-brand-trichup","7":"product_cat-haircare","8":"product_cat-oil","9":"product_tag-haircare","10":"pa_size-200ml","13":"instock","14":"sale","15":"shipping-taxable","16":"purchasable","17":"product-type-simple"},"brands":[{"id":409,"name":"Trichup","slug":"trichup"}],"_links":{"self":[{"href":"https:\/\/axtarstore.com\/ru\/wp-json\/wp\/v2\/product\/9392"}],"collection":[{"href":"https:\/\/axtarstore.com\/ru\/wp-json\/wp\/v2\/product"}],"about":[{"href":"https:\/\/axtarstore.com\/ru\/wp-json\/wp\/v2\/types\/product"}],"replies":[{"embeddable":true,"href":"https:\/\/axtarstore.com\/ru\/wp-json\/wp\/v2\/comments?post=9392"}],"version-history":[{"count":3,"href":"https:\/\/axtarstore.com\/ru\/wp-json\/wp\/v2\/product\/9392\/revisions"}],"predecessor-version":[{"id":11297,"href":"https:\/\/axtarstore.com\/ru\/wp-json\/wp\/v2\/product\/9392\/revisions\/11297"}],"wp:featuredmedia":[{"embeddable":true,"href":"https:\/\/axtarstore.com\/ru\/wp-json\/wp\/v2\/media\/9393"}],"wp:attachment":[{"href":"https:\/\/axtarstore.com\/ru\/wp-json\/wp\/v2\/media?parent=9392"}],"wp:term":[{"taxonomy":"pwb-brand","embeddable":true,"href":"https:\/\/axtarstore.com\/ru\/wp-json\/wp\/v2\/pwb-brand?post=9392"},{"taxonomy":"product_cat","embeddable":true,"href":"https:\/\/axtarstore.com\/ru\/wp-json\/wp\/v2\/product_cat?post=9392"},{"taxonomy":"product_tag","embeddable":true,"href":"https:\/\/axtarstore.com\/ru\/wp-json\/wp\/v2\/product_tag?post=9392"}],"curies":[{"name":"wp","href":"https:\/\/api.w.org\/{rel}","templated":true}]}}