{"id":9389,"date":"2025-03-16T00:03:58","date_gmt":"2025-03-15T20:03:58","guid":{"rendered":"https:\/\/axtarstore.com\/?post_type=product&#038;p=9389"},"modified":"2026-02-20T00:41:58","modified_gmt":"2026-02-19T20:41:58","slug":"trichup-hair-fall-control-sac-yagi-200ml","status":"publish","type":"product","link":"https:\/\/axtarstore.com\/ru\/product\/trichup-hair-fall-control-sac-yagi-200ml\/","title":{"rendered":"Trichup Hair Oil &#8211; Hair Fall Control (200ml)"},"content":{"rendered":"<h2 data-section-id=\"16hviee\" data-start=\"983\" data-end=\"1026\">Trichup Hair Fall Control Sa\u00e7 Ya\u011f\u0131 200ml<\/h2>\n<h3 data-section-id=\"ydusx9\" data-start=\"1028\" data-end=\"1039\">Problem<\/h3>\n<p data-start=\"1041\" data-end=\"1261\">Sa\u00e7 t\u00f6k\u00fclm\u0259si h\u0259m qad\u0131nlar, h\u0259m d\u0259 ki\u015fil\u0259r \u00fc\u00e7\u00fcn aktual problemdir. Stress, qeyri-d\u00fczg\u00fcn qidalanma, hormonal d\u0259yi\u015fiklikl\u0259r v\u0259 kimy\u0259vi t\u0259sirl\u0259r sa\u00e7 k\u00f6kl\u0259rini z\u0259ifl\u0259dir. N\u0259tic\u0259d\u0259 sa\u00e7lar nazilir, q\u0131r\u0131l\u0131r v\u0259 s\u0131xl\u0131\u011f\u0131n\u0131 itirir.<\/p>\n<p data-start=\"1263\" data-end=\"1444\">\u015eampun g\u00fcnd\u0259lik t\u0259mizl\u0259m\u0259 \u00fc\u00e7\u00fcn vacib olsa da, b\u0259zi hallarda sa\u00e7 k\u00f6kl\u0259rinin \u0259lav\u0259 qidaland\u0131r\u0131c\u0131 d\u0259st\u0259y\u0259 ehtiyac\u0131 olur. Z\u0259ifl\u0259mi\u015f sa\u00e7 k\u00f6kl\u0259ri yaln\u0131z s\u0259thi t\u0259mizl\u0259m\u0259 il\u0259 b\u0259rpa olunmur.<\/p>\n<hr data-start=\"1446\" data-end=\"1449\" \/>\n<h3 data-section-id=\"ynb8lz\" data-start=\"1451\" data-end=\"1459\">H\u0259ll<\/h3>\n<p data-start=\"1461\" data-end=\"1625\">Trichup Hair Fall Control Sa\u00e7 Ya\u011f\u0131 200ml bitki m\u0259n\u015f\u0259li komponentl\u0259rl\u0259 z\u0259ngin formulaya malikdir v\u0259 sa\u00e7 k\u00f6kl\u0259rinin m\u00f6hk\u0259ml\u0259nm\u0259sin\u0259 d\u0259st\u0259k verm\u0259k \u00fc\u00e7\u00fcn haz\u0131rlanm\u0131\u015fd\u0131r.<\/p>\n<p data-start=\"1627\" data-end=\"1656\">M\u0259hsulun \u0259sas x\u00fcsusiyy\u0259tl\u0259ri:<\/p>\n<ul data-start=\"1658\" data-end=\"1847\">\n<li data-section-id=\"1v6d898\" data-start=\"1658\" data-end=\"1700\">\n<p data-start=\"1660\" data-end=\"1700\">Sa\u00e7 t\u00f6k\u00fclm\u0259sinin azalmas\u0131na k\u00f6m\u0259k edir<\/p>\n<\/li>\n<li data-section-id=\"17o3e9x\" data-start=\"1701\" data-end=\"1730\">\n<p data-start=\"1703\" data-end=\"1730\">Sa\u00e7 k\u00f6kl\u0259rini g\u00fccl\u0259ndirir<\/p>\n<\/li>\n<li data-section-id=\"ubeu4e\" data-start=\"1731\" data-end=\"1758\">\n<p data-start=\"1733\" data-end=\"1758\">Sa\u00e7\u0131 d\u0259rin qidaland\u0131r\u0131r<\/p>\n<\/li>\n<li data-section-id=\"4o4x1y\" data-start=\"1759\" data-end=\"1795\">\n<p data-start=\"1761\" data-end=\"1795\">Q\u0131r\u0131lman\u0131 azaltma\u011fa d\u0259st\u0259k verir<\/p>\n<\/li>\n<li data-section-id=\"urparl\" data-start=\"1796\" data-end=\"1847\">\n<p data-start=\"1798\" data-end=\"1847\">Sa\u00e7lara daha dol\u011fun v\u0259 canl\u0131 g\u00f6r\u00fcn\u00fc\u015f qazand\u0131r\u0131r<\/p>\n<\/li>\n<\/ul>\n<p data-start=\"1849\" data-end=\"1996\">Ya\u011f teksturas\u0131 sa\u00e7 d\u0259risin\u0259 n\u00fcfuz ed\u0259r\u0259k intensiv qulluq t\u0259min edir. M\u00fcnt\u0259z\u0259m istifad\u0259 zaman\u0131 sa\u00e7\u0131n \u00fcmumi keyfiyy\u0259tind\u0259 yax\u015f\u0131la\u015fma m\u00fc\u015fahid\u0259 olunur.<\/p>\n<hr data-start=\"1998\" data-end=\"2001\" \/>\n<h3 data-section-id=\"rgleae\" data-start=\"2003\" data-end=\"2013\">N\u0259tic\u0259<\/h3>\n<p data-start=\"2015\" data-end=\"2204\">Daimi istifad\u0259 n\u0259tic\u0259sind\u0259 sa\u00e7lar daha m\u00f6hk\u0259m v\u0259 davaml\u0131 olur. T\u00f6k\u00fclm\u0259nin azalmas\u0131 v\u0259 k\u00f6kl\u0259rin g\u00fccl\u0259nm\u0259si sa\u00e7\u0131n daha s\u0131x v\u0259 sa\u011flam g\u00f6r\u00fcnm\u0259sin\u0259 k\u00f6m\u0259k edir. Sa\u00e7lar daha yum\u015faq v\u0259 parlaq olur.<\/p>\n<p data-start=\"2206\" data-end=\"2273\">200ml h\u0259cm h\u0259m s\u0131naq, h\u0259m d\u0259 m\u00fcnt\u0259z\u0259m qulluq \u00fc\u00e7\u00fcn praktik se\u00e7imdir.<\/p>\n<hr data-start=\"2275\" data-end=\"2278\" \/>\n<h2 data-section-id=\"1u1lujk\" data-start=\"2280\" data-end=\"2309\">Niy\u0259 bu m\u0259hsulu almal\u0131yam?<\/h2>\n<ul data-start=\"2311\" data-end=\"2510\">\n<li data-section-id=\"1b97f51\" data-start=\"2311\" data-end=\"2356\">\n<p data-start=\"2313\" data-end=\"2356\">Sa\u00e7 t\u00f6k\u00fclm\u0259sin\u0259 qar\u015f\u0131 m\u0259qs\u0259dy\u00f6nl\u00fc formula<\/p>\n<\/li>\n<li data-section-id=\"193g7k\" data-start=\"2357\" data-end=\"2397\">\n<p data-start=\"2359\" data-end=\"2397\">Bitki ekstraktlar\u0131 il\u0259 z\u0259ngin t\u0259rkib<\/p>\n<\/li>\n<li data-section-id=\"cojny7\" data-start=\"2398\" data-end=\"2427\">\n<p data-start=\"2400\" data-end=\"2427\">D\u0259rin qidaland\u0131r\u0131c\u0131 t\u0259sir<\/p>\n<\/li>\n<li data-section-id=\"1kgnda2\" data-start=\"2428\" data-end=\"2450\">\n<p data-start=\"2430\" data-end=\"2450\">200ml praktik h\u0259cm<\/p>\n<\/li>\n<li data-section-id=\"1qmj3qa\" data-start=\"2451\" data-end=\"2491\">\n<p data-start=\"2453\" data-end=\"2491\">H\u0259m qad\u0131nlar, h\u0259m ki\u015fil\u0259r \u00fc\u00e7\u00fcn uy\u011fun<\/p>\n<\/li>\n<li data-section-id=\"4p12ug\" data-start=\"2492\" data-end=\"2510\">\n<p data-start=\"2494\" data-end=\"2510\">Etibarl\u0131 marka<\/p>\n<\/li>\n<\/ul>\n<p data-start=\"2512\" data-end=\"2628\">\u018fg\u0259r sa\u00e7 t\u00f6k\u00fclm\u0259si sizi narahat edirs\u0259 v\u0259 \u0259lav\u0259 qidaland\u0131r\u0131c\u0131 qulluq axtar\u0131rs\u0131n\u0131zsa, bu m\u0259hsul m\u0259qs\u0259dy\u00f6nl\u00fc se\u00e7imdir.<\/p>\n<hr data-start=\"2630\" data-end=\"2633\" \/>\n<h2 data-section-id=\"1ix87lb\" data-start=\"2635\" data-end=\"2654\">\u0130stifad\u0259 Qaydas\u0131<\/h2>\n<ol data-start=\"2656\" data-end=\"2803\">\n<li data-section-id=\"dgrrvg\" data-start=\"2656\" data-end=\"2707\">\n<p data-start=\"2659\" data-end=\"2707\">Laz\u0131mi miqdarda ya\u011f\u0131 sa\u00e7 d\u0259risin\u0259 t\u0259tbiq edin.<\/p>\n<\/li>\n<li data-section-id=\"1ijvuz3\" data-start=\"2708\" data-end=\"2736\">\n<p data-start=\"2711\" data-end=\"2736\">5\u201310 d\u0259qiq\u0259 masaj edin.<\/p>\n<\/li>\n<li data-section-id=\"w80lbj\" data-start=\"2737\" data-end=\"2769\">\n<p data-start=\"2740\" data-end=\"2769\">Minimum 30 d\u0259qiq\u0259 saxlay\u0131n.<\/p>\n<\/li>\n<li data-section-id=\"c99gxi\" data-start=\"2770\" data-end=\"2803\">\n<p data-start=\"2773\" data-end=\"2803\">Daha sonra \u015fampun il\u0259 yuyun.<\/p>\n<\/li>\n<\/ol>\n<p data-start=\"2805\" data-end=\"2846\">H\u0259ft\u0259d\u0259 2\u20133 d\u0259f\u0259 istifad\u0259 t\u00f6vsiy\u0259 olunur.<\/p>\n<hr data-start=\"2848\" data-end=\"2851\" \/>\n<h2 data-section-id=\"1lbbi0g\" data-start=\"2853\" data-end=\"2877\">Kiml\u0259r \u00fc\u00e7\u00fcn uy\u011fundur?<\/h2>\n<ul data-start=\"2879\" data-end=\"3006\">\n<li data-section-id=\"8ahu91\" data-start=\"2879\" data-end=\"2907\">\n<p data-start=\"2881\" data-end=\"2907\">Sa\u00e7 t\u00f6k\u00fclm\u0259si ya\u015fayanlar<\/p>\n<\/li>\n<li data-section-id=\"pjnswb\" data-start=\"2908\" data-end=\"2935\">\n<p data-start=\"2910\" data-end=\"2935\">Z\u0259if v\u0259 inc\u0259lmi\u015f sa\u00e7lar<\/p>\n<\/li>\n<li data-section-id=\"dthq4a\" data-start=\"2936\" data-end=\"2964\">\n<p data-start=\"2938\" data-end=\"2964\">Q\u0131r\u0131lma problemi olanlar<\/p>\n<\/li>\n<li data-section-id=\"jnx3sx\" data-start=\"2965\" data-end=\"3006\">\n<p data-start=\"2967\" data-end=\"3006\">\u018flav\u0259 qidaland\u0131r\u0131c\u0131 qulluq ist\u0259y\u0259nl\u0259r<\/p>\n<\/li>\n<\/ul>\n<hr data-start=\"3008\" data-end=\"3011\" \/>\n<h2 data-section-id=\"1xwdj0s\" data-start=\"3013\" data-end=\"3020\">Qeyd<\/h2>\n<p data-start=\"3022\" data-end=\"3169\">Yaln\u0131z xarici istifad\u0259 \u00fc\u00e7\u00fcnd\u00fcr. G\u00f6zl\u0259 t\u0259masdan qa\u00e7\u0131n\u0131n. H\u0259r hans\u0131 h\u0259ssasl\u0131q yaranarsa istifad\u0259ni dayand\u0131r\u0131n. U\u015faqlar\u0131n \u0259li \u00e7atmayan yerd\u0259 saxlay\u0131n.<\/p>","protected":false},"excerpt":{"rendered":"<p>Trichup Hair Fall Control 200ml sa\u00e7 ya\u011f\u0131 sa\u00e7 k\u00f6kl\u0259rini qidaland\u0131r\u0131r, t\u00f6k\u00fclm\u0259y\u0259 qar\u015f\u0131 d\u0259st\u0259k verir v\u0259 intensiv qulluq t\u0259min edir.<\/p>","protected":false},"featured_media":9390,"comment_status":"open","ping_status":"closed","template":"","meta":[],"pwb-brand":[409],"product_cat":[126,135],"product_tag":[306,308],"class_list":{"0":"post-9389","1":"product","2":"type-product","3":"status-publish","4":"has-post-thumbnail","6":"pwb-brand-trichup","7":"product_cat-haircare","8":"product_cat-oil","9":"product_tag-antihairloss","10":"product_tag-haircare","11":"pa_size-200ml","14":"instock","15":"sale","16":"shipping-taxable","17":"purchasable","18":"product-type-simple"},"brands":[{"id":409,"name":"Trichup","slug":"trichup"}],"_links":{"self":[{"href":"https:\/\/axtarstore.com\/ru\/wp-json\/wp\/v2\/product\/9389"}],"collection":[{"href":"https:\/\/axtarstore.com\/ru\/wp-json\/wp\/v2\/product"}],"about":[{"href":"https:\/\/axtarstore.com\/ru\/wp-json\/wp\/v2\/types\/product"}],"replies":[{"embeddable":true,"href":"https:\/\/axtarstore.com\/ru\/wp-json\/wp\/v2\/comments?post=9389"}],"version-history":[{"count":3,"href":"https:\/\/axtarstore.com\/ru\/wp-json\/wp\/v2\/product\/9389\/revisions"}],"predecessor-version":[{"id":11299,"href":"https:\/\/axtarstore.com\/ru\/wp-json\/wp\/v2\/product\/9389\/revisions\/11299"}],"wp:featuredmedia":[{"embeddable":true,"href":"https:\/\/axtarstore.com\/ru\/wp-json\/wp\/v2\/media\/9390"}],"wp:attachment":[{"href":"https:\/\/axtarstore.com\/ru\/wp-json\/wp\/v2\/media?parent=9389"}],"wp:term":[{"taxonomy":"pwb-brand","embeddable":true,"href":"https:\/\/axtarstore.com\/ru\/wp-json\/wp\/v2\/pwb-brand?post=9389"},{"taxonomy":"product_cat","embeddable":true,"href":"https:\/\/axtarstore.com\/ru\/wp-json\/wp\/v2\/product_cat?post=9389"},{"taxonomy":"product_tag","embeddable":true,"href":"https:\/\/axtarstore.com\/ru\/wp-json\/wp\/v2\/product_tag?post=9389"}],"curies":[{"name":"wp","href":"https:\/\/api.w.org\/{rel}","templated":true}]}}