{"id":9377,"date":"2025-03-15T23:51:56","date_gmt":"2025-03-15T19:51:56","guid":{"rendered":"https:\/\/axtarstore.com\/?post_type=product&#038;p=9377"},"modified":"2026-02-20T00:51:53","modified_gmt":"2026-02-19T20:51:53","slug":"trichup-anti-dandruff-sac-yagi-100ml","status":"publish","type":"product","link":"https:\/\/axtarstore.com\/ru\/product\/trichup-anti-dandruff-sac-yagi-100ml\/","title":{"rendered":"Trichup Hair Oil &#8211; Anti-Dandruff (100ml)"},"content":{"rendered":"<h2 data-section-id=\"1ohpi73\" data-start=\"959\" data-end=\"1050\">Trichup Anti Dandruff Sa\u00e7 Ya\u011f\u0131 100ml k\u0259p\u0259y\u0259 qar\u015f\u0131 intensiv qulluq t\u0259qdim ed\u0259n m\u0259hsuldur.<\/h2>\n<h3 data-section-id=\"ydusx9\" data-start=\"1052\" data-end=\"1063\">Problem<\/h3>\n<p data-start=\"1065\" data-end=\"1293\">K\u0259p\u0259k v\u0259 sa\u00e7 d\u0259risind\u0259 qa\u015f\u0131nma geni\u015f yay\u0131lm\u0131\u015f probleml\u0259rd\u0259ndir. Sa\u00e7 d\u0259risinin h\u0259ddind\u0259n art\u0131q qurumas\u0131 v\u0259 ya ya\u011flanmas\u0131 pulcuqlanma yarad\u0131r. Bu v\u0259ziyy\u0259t estetik narahatl\u0131qla yana\u015f\u0131 sa\u00e7 k\u00f6kl\u0259rinin z\u0259ifl\u0259m\u0259sin\u0259 d\u0259 s\u0259b\u0259b ola bil\u0259r.<\/p>\n<p data-start=\"1295\" data-end=\"1498\">Davaml\u0131 k\u0259p\u0259k problemi sa\u00e7\u0131n sa\u011flam inki\u015faf\u0131n\u0131 z\u0259ifl\u0259dir v\u0259 sa\u00e7\u0131n \u00fcmumi keyfiyy\u0259tin\u0259 m\u0259nfi t\u0259sir g\u00f6st\u0259rir. Yaln\u0131z \u015fampun istifad\u0259si b\u0259zi hallarda kifay\u0259t etmir v\u0259 \u0259lav\u0259 qidaland\u0131r\u0131c\u0131 qulluq t\u0259l\u0259b olunur.<\/p>\n<hr data-start=\"1500\" data-end=\"1503\" \/>\n<h3 data-section-id=\"ynb8lz\" data-start=\"1505\" data-end=\"1513\">H\u0259ll<\/h3>\n<p data-start=\"1515\" data-end=\"1742\">Trichup Anti Dandruff Sa\u00e7 Ya\u011f\u0131 100ml bitki m\u0259n\u015f\u0259li komponentl\u0259rl\u0259 z\u0259ngin formulaya malikdir v\u0259 sa\u00e7 d\u0259risini balansla\u015fd\u0131rma\u011fa y\u00f6n\u0259lib. Ya\u011f \u0259sasl\u0131 tekstura sa\u00e7 d\u0259risin\u0259 n\u00fcfuz ed\u0259r\u0259k qidaland\u0131r\u0131c\u0131 v\u0259 sakitl\u0259\u015fdirici t\u0259sir g\u00f6st\u0259rir.<\/p>\n<p data-start=\"1744\" data-end=\"1761\">\u018fsas \u00fcst\u00fcnl\u00fckl\u0259r:<\/p>\n<ul data-start=\"1763\" data-end=\"1941\">\n<li data-section-id=\"1tk780y\" data-start=\"1763\" data-end=\"1796\">\n<p data-start=\"1765\" data-end=\"1796\">K\u0259p\u0259yin azalmas\u0131na k\u00f6m\u0259k edir<\/p>\n<\/li>\n<li data-section-id=\"mr3sto\" data-start=\"1797\" data-end=\"1827\">\n<p data-start=\"1799\" data-end=\"1827\">Sa\u00e7 d\u0259risini sakitl\u0259\u015fdirir<\/p>\n<\/li>\n<li data-section-id=\"u7lrgp\" data-start=\"1828\" data-end=\"1864\">\n<p data-start=\"1830\" data-end=\"1864\">Qa\u015f\u0131nman\u0131 azaltma\u011fa d\u0259st\u0259k verir<\/p>\n<\/li>\n<li data-section-id=\"1j3a92w\" data-start=\"1865\" data-end=\"1895\">\n<p data-start=\"1867\" data-end=\"1895\">Sa\u00e7 k\u00f6kl\u0259rini qidaland\u0131r\u0131r<\/p>\n<\/li>\n<li data-section-id=\"1941snw\" data-start=\"1896\" data-end=\"1941\">\n<p data-start=\"1898\" data-end=\"1941\">Sa\u00e7lara yum\u015faql\u0131q v\u0259 parlaql\u0131q qazand\u0131r\u0131r<\/p>\n<\/li>\n<\/ul>\n<p data-start=\"1943\" data-end=\"2027\">100ml h\u0259cm m\u0259hsulu s\u0131naq m\u0259qs\u0259dil\u0259 v\u0259 ya daha kompakt \u00f6l\u00e7\u00fc axtaranlar \u00fc\u00e7\u00fcn uy\u011fundur.<\/p>\n<hr data-start=\"2029\" data-end=\"2032\" \/>\n<h3 data-section-id=\"rgleae\" data-start=\"2034\" data-end=\"2044\">N\u0259tic\u0259<\/h3>\n<p data-start=\"2046\" data-end=\"2179\">M\u00fcnt\u0259z\u0259m istifad\u0259 zaman\u0131 sa\u00e7 d\u0259risi daha balansl\u0131 olur, k\u0259p\u0259k azal\u0131r v\u0259 qa\u015f\u0131nma minimuma enir. Sa\u00e7lar daha bax\u0131ml\u0131 v\u0259 sa\u011flam g\u00f6r\u00fcn\u00fcr.<\/p>\n<p data-start=\"2181\" data-end=\"2241\">Sa\u00e7\u0131n \u00fcmumi keyfiyy\u0259ti y\u00fcks\u0259lir v\u0259 daha rahat formaya d\u00fc\u015f\u00fcr.<\/p>\n<hr data-start=\"2243\" data-end=\"2246\" \/>\n<h2 data-section-id=\"1u1lujk\" data-start=\"2248\" data-end=\"2277\">Niy\u0259 bu m\u0259hsulu almal\u0131yam?<\/h2>\n<ul data-start=\"2279\" data-end=\"2467\">\n<li data-section-id=\"gb334b\" data-start=\"2279\" data-end=\"2315\">\n<p data-start=\"2281\" data-end=\"2315\">K\u0259p\u0259y\u0259 qar\u015f\u0131 m\u0259qs\u0259dy\u00f6nl\u00fc formula<\/p>\n<\/li>\n<li data-section-id=\"1skgne\" data-start=\"2316\" data-end=\"2353\">\n<p data-start=\"2318\" data-end=\"2353\">Sa\u00e7 d\u0259risini balansla\u015fd\u0131ran t\u0259sir<\/p>\n<\/li>\n<li data-section-id=\"ae7hbu\" data-start=\"2354\" data-end=\"2384\">\n<p data-start=\"2356\" data-end=\"2384\">D\u0259rin qidaland\u0131r\u0131c\u0131 qulluq<\/p>\n<\/li>\n<li data-section-id=\"7kbwpz\" data-start=\"2385\" data-end=\"2407\">\n<p data-start=\"2387\" data-end=\"2407\">100ml praktik \u00f6l\u00e7\u00fc<\/p>\n<\/li>\n<li data-section-id=\"1qmj3qa\" data-start=\"2408\" data-end=\"2448\">\n<p data-start=\"2410\" data-end=\"2448\">H\u0259m qad\u0131nlar, h\u0259m ki\u015fil\u0259r \u00fc\u00e7\u00fcn uy\u011fun<\/p>\n<\/li>\n<li data-section-id=\"4p12ug\" data-start=\"2449\" data-end=\"2467\">\n<p data-start=\"2451\" data-end=\"2467\">Etibarl\u0131 marka<\/p>\n<\/li>\n<\/ul>\n<p data-start=\"2469\" data-end=\"2572\">\u018fg\u0259r davaml\u0131 k\u0259p\u0259k v\u0259 sa\u00e7 d\u0259risi narahatl\u0131\u011f\u0131 ya\u015fay\u0131rs\u0131n\u0131zsa, bu m\u0259hsul balansl\u0131 v\u0259 funksional se\u00e7imdir.<\/p>\n<hr data-start=\"2574\" data-end=\"2577\" \/>\n<h2 data-section-id=\"1ix87lb\" data-start=\"2579\" data-end=\"2598\">\u0130stifad\u0259 Qaydas\u0131<\/h2>\n<ol data-start=\"2600\" data-end=\"2747\">\n<li data-section-id=\"dgrrvg\" data-start=\"2600\" data-end=\"2651\">\n<p data-start=\"2603\" data-end=\"2651\">Laz\u0131mi miqdarda ya\u011f\u0131 sa\u00e7 d\u0259risin\u0259 t\u0259tbiq edin.<\/p>\n<\/li>\n<li data-section-id=\"1ijvuz3\" data-start=\"2652\" data-end=\"2680\">\n<p data-start=\"2655\" data-end=\"2680\">5\u201310 d\u0259qiq\u0259 masaj edin.<\/p>\n<\/li>\n<li data-section-id=\"w80lbj\" data-start=\"2681\" data-end=\"2713\">\n<p data-start=\"2684\" data-end=\"2713\">Minimum 30 d\u0259qiq\u0259 saxlay\u0131n.<\/p>\n<\/li>\n<li data-section-id=\"c99gxi\" data-start=\"2714\" data-end=\"2747\">\n<p data-start=\"2717\" data-end=\"2747\">Daha sonra \u015fampun il\u0259 yuyun.<\/p>\n<\/li>\n<\/ol>\n<p data-start=\"2749\" data-end=\"2790\">H\u0259ft\u0259d\u0259 2\u20133 d\u0259f\u0259 istifad\u0259 t\u00f6vsiy\u0259 olunur.<\/p>\n<hr data-start=\"2792\" data-end=\"2795\" \/>\n<h2 data-section-id=\"1xwdj0s\" data-start=\"2797\" data-end=\"2804\">Qeyd<\/h2>\n<p data-start=\"2806\" data-end=\"2953\">Yaln\u0131z xarici istifad\u0259 \u00fc\u00e7\u00fcnd\u00fcr. G\u00f6zl\u0259 t\u0259masdan qa\u00e7\u0131n\u0131n. H\u0259r hans\u0131 h\u0259ssasl\u0131q yaranarsa istifad\u0259ni dayand\u0131r\u0131n. U\u015faqlar\u0131n \u0259li \u00e7atmayan yerd\u0259 saxlay\u0131n.<\/p>","protected":false},"excerpt":{"rendered":"<p>Trichup Anti Dandruff 100ml sa\u00e7 ya\u011f\u0131 k\u0259p\u0259y\u0259 qar\u015f\u0131 d\u0259st\u0259k verir, sa\u00e7 d\u0259risini balansla\u015fd\u0131r\u0131r v\u0259 sa\u011flam g\u00f6r\u00fcn\u00fc\u015f qazand\u0131r\u0131r.<\/p>","protected":false},"featured_media":9378,"comment_status":"open","ping_status":"closed","template":"","meta":[],"pwb-brand":[409],"product_cat":[126,135],"product_tag":[],"class_list":{"0":"post-9377","1":"product","2":"type-product","3":"status-publish","4":"has-post-thumbnail","6":"pwb-brand-trichup","7":"product_cat-haircare","8":"product_cat-oil","9":"pa_size-100ml","12":"instock","13":"sale","14":"shipping-taxable","15":"purchasable","16":"product-type-simple"},"brands":[{"id":409,"name":"Trichup","slug":"trichup"}],"_links":{"self":[{"href":"https:\/\/axtarstore.com\/ru\/wp-json\/wp\/v2\/product\/9377"}],"collection":[{"href":"https:\/\/axtarstore.com\/ru\/wp-json\/wp\/v2\/product"}],"about":[{"href":"https:\/\/axtarstore.com\/ru\/wp-json\/wp\/v2\/types\/product"}],"replies":[{"embeddable":true,"href":"https:\/\/axtarstore.com\/ru\/wp-json\/wp\/v2\/comments?post=9377"}],"version-history":[{"count":3,"href":"https:\/\/axtarstore.com\/ru\/wp-json\/wp\/v2\/product\/9377\/revisions"}],"predecessor-version":[{"id":11305,"href":"https:\/\/axtarstore.com\/ru\/wp-json\/wp\/v2\/product\/9377\/revisions\/11305"}],"wp:featuredmedia":[{"embeddable":true,"href":"https:\/\/axtarstore.com\/ru\/wp-json\/wp\/v2\/media\/9378"}],"wp:attachment":[{"href":"https:\/\/axtarstore.com\/ru\/wp-json\/wp\/v2\/media?parent=9377"}],"wp:term":[{"taxonomy":"pwb-brand","embeddable":true,"href":"https:\/\/axtarstore.com\/ru\/wp-json\/wp\/v2\/pwb-brand?post=9377"},{"taxonomy":"product_cat","embeddable":true,"href":"https:\/\/axtarstore.com\/ru\/wp-json\/wp\/v2\/product_cat?post=9377"},{"taxonomy":"product_tag","embeddable":true,"href":"https:\/\/axtarstore.com\/ru\/wp-json\/wp\/v2\/product_tag?post=9377"}],"curies":[{"name":"wp","href":"https:\/\/api.w.org\/{rel}","templated":true}]}}