{"id":9363,"date":"2025-03-04T00:31:33","date_gmt":"2025-03-03T20:31:33","guid":{"rendered":"https:\/\/axtarstore.com\/?post_type=product&#038;p=9363"},"modified":"2026-02-20T00:56:27","modified_gmt":"2026-02-19T20:56:27","slug":"petite-maison-volumizing-kondisioner-200ml","status":"publish","type":"product","link":"https:\/\/axtarstore.com\/ru\/product\/petite-maison-volumizing-kondisioner-200ml\/","title":{"rendered":"Petite Maison Hair Conditioner Volumizing Wheat Bran Extract Camellia Oil 200ml"},"content":{"rendered":"<h2 data-section-id=\"3p0zov\" data-start=\"997\" data-end=\"1109\">Petite Maison Volumizing Kondisioner 200ml nazik v\u0259 h\u0259cmsiz sa\u00e7lar \u00fc\u00e7\u00fcn x\u00fcsusi haz\u0131rlanm\u0131\u015f qulluq m\u0259hsuludur.<\/h2>\n<h3 data-section-id=\"ydusx9\" data-start=\"1111\" data-end=\"1122\">Problem<\/h3>\n<p data-start=\"1124\" data-end=\"1347\">Nazik v\u0259 h\u0259cmsiz sa\u00e7lar tez s\u00f6n\u00fck g\u00f6r\u00fcn\u00fcr v\u0259 ist\u0259nil\u0259n formu saxlam\u0131r. Sa\u00e7 tell\u0259ri bir-birin\u0259 yap\u0131\u015f\u0131r, dol\u011funluq itir v\u0259 sa\u00e7 dibind\u0259 bo\u015fluq yaran\u0131r. Yanl\u0131\u015f kondisioner se\u00e7imi sa\u00e7lar\u0131 daha da a\u011f\u0131rla\u015fd\u0131raraq problemi art\u0131r\u0131r.<\/p>\n<p data-start=\"1349\" data-end=\"1426\">H\u0259cm ver\u0259n, lakin sa\u00e7lar\u0131 a\u011f\u0131rla\u015fd\u0131rmayan balansl\u0131 formulaya ehtiyac yaran\u0131r.<\/p>\n<hr data-start=\"1428\" data-end=\"1431\" \/>\n<h3 data-section-id=\"ynb8lz\" data-start=\"1433\" data-end=\"1441\">H\u0259ll<\/h3>\n<p data-start=\"1443\" data-end=\"1645\">Petite Maison Volumizing Kondisioner 200ml bu\u011fda k\u0259p\u0259yi ekstrakt\u0131 il\u0259 z\u0259nginl\u0259\u015fdirilmi\u015f formulaya malikdir. Bu komponent sa\u00e7 telini qidaland\u0131raraq strukturunu d\u0259st\u0259kl\u0259yir v\u0259 daha dol\u011fun g\u00f6r\u00fcn\u00fc\u015f yarad\u0131r.<\/p>\n<p data-start=\"1647\" data-end=\"1664\">\u018fsas \u00fcst\u00fcnl\u00fckl\u0259r:<\/p>\n<ul data-start=\"1666\" data-end=\"1850\">\n<li data-section-id=\"1fj99u1\" data-start=\"1666\" data-end=\"1694\">\n<p data-start=\"1668\" data-end=\"1694\">Sa\u00e7lara t\u0259bii h\u0259cm verir<\/p>\n<\/li>\n<li data-section-id=\"1imnn0c\" data-start=\"1695\" data-end=\"1740\">\n<p data-start=\"1697\" data-end=\"1740\">Sa\u00e7\u0131 a\u011f\u0131rla\u015fd\u0131rmadan yum\u015faql\u0131q t\u0259min edir<\/p>\n<\/li>\n<li data-section-id=\"1b8r05p\" data-start=\"1741\" data-end=\"1765\">\n<p data-start=\"1743\" data-end=\"1765\">Asan daranma yarad\u0131r<\/p>\n<\/li>\n<li data-section-id=\"qwj7dl\" data-start=\"1766\" data-end=\"1808\">\n<p data-start=\"1768\" data-end=\"1808\">Sa\u00e7 tell\u0259rini g\u00fccl\u0259ndirm\u0259y\u0259 k\u00f6m\u0259k edir<\/p>\n<\/li>\n<li data-section-id=\"qzigt2\" data-start=\"1809\" data-end=\"1850\">\n<p data-start=\"1811\" data-end=\"1850\">Parlaql\u0131q v\u0259 canl\u0131 g\u00f6r\u00fcn\u00fc\u015f qazand\u0131r\u0131r<\/p>\n<\/li>\n<\/ul>\n<p data-start=\"1852\" data-end=\"1913\">200ml \u00f6l\u00e7\u00fc g\u00fcnd\u0259lik istifad\u0259 \u00fc\u00e7\u00fcn ideal v\u0259 praktik formatd\u0131r.<\/p>\n<hr data-start=\"1915\" data-end=\"1918\" \/>\n<h3 data-section-id=\"rgleae\" data-start=\"1920\" data-end=\"1930\">N\u0259tic\u0259<\/h3>\n<p data-start=\"1932\" data-end=\"2093\">M\u00fcnt\u0259z\u0259m istifad\u0259 zaman\u0131 sa\u00e7lar daha dol\u011fun v\u0259 canl\u0131 g\u00f6r\u00fcn\u00fcr. Sa\u00e7 tell\u0259ri yum\u015faq olur v\u0259 formaya daha rahat d\u00fc\u015f\u00fcr. H\u0259cmli, lakin y\u00fcng\u00fcl sa\u00e7 g\u00f6r\u00fcn\u00fc\u015f\u00fc \u0259ld\u0259 edilir.<\/p>\n<hr data-start=\"2095\" data-end=\"2098\" \/>\n<h2 data-section-id=\"79i21a\" data-start=\"2100\" data-end=\"2132\">Niy\u0259 bu m\u0259hsulu se\u00e7m\u0259lisiniz?<\/h2>\n<ul data-start=\"2134\" data-end=\"2332\">\n<li data-section-id=\"xajvbb\" data-start=\"2134\" data-end=\"2175\">\n<p data-start=\"2136\" data-end=\"2175\">Nazik v\u0259 h\u0259cmsiz sa\u00e7lar \u00fc\u00e7\u00fcn uy\u011fundur<\/p>\n<\/li>\n<li data-section-id=\"1rtv6qt\" data-start=\"2176\" data-end=\"2221\">\n<p data-start=\"2178\" data-end=\"2221\">Bu\u011fda k\u0259p\u0259yi ekstrakt\u0131 il\u0259 z\u0259ngin formula<\/p>\n<\/li>\n<li data-section-id=\"ns63hm\" data-start=\"2222\" data-end=\"2244\">\n<p data-start=\"2224\" data-end=\"2244\">Sa\u00e7\u0131 a\u011f\u0131rla\u015fd\u0131rm\u0131r<\/p>\n<\/li>\n<li data-section-id=\"syay5p\" data-start=\"2245\" data-end=\"2288\">\n<p data-start=\"2247\" data-end=\"2288\">200ml g\u00fcnd\u0259lik istifad\u0259 \u00fc\u00e7\u00fcn ideal \u00f6l\u00e7\u00fc<\/p>\n<\/li>\n<li data-section-id=\"14s1dk1\" data-start=\"2289\" data-end=\"2332\">\n<p data-start=\"2291\" data-end=\"2332\">H\u0259m qad\u0131nlar, h\u0259m ki\u015fil\u0259r \u00fc\u00e7\u00fcn uy\u011fundur<\/p>\n<\/li>\n<\/ul>\n<hr data-start=\"2334\" data-end=\"2337\" \/>\n<h2 data-section-id=\"1ix87lb\" data-start=\"2339\" data-end=\"2358\">\u0130stifad\u0259 Qaydas\u0131<\/h2>\n<ol data-start=\"2360\" data-end=\"2496\">\n<li data-section-id=\"1i7qg1y\" data-start=\"2360\" data-end=\"2406\">\n<p data-start=\"2363\" data-end=\"2406\">Sa\u00e7\u0131 \u015fampunla yuduqdan sonra t\u0259tbiq edin.<\/p>\n<\/li>\n<li data-section-id=\"1y1dj3z\" data-start=\"2407\" data-end=\"2447\">\n<p data-start=\"2410\" data-end=\"2447\">Sa\u00e7\u0131n uzunlu\u011funa v\u0259 uclar\u0131na \u00e7\u0259kin.<\/p>\n<\/li>\n<li data-section-id=\"1mggbuw\" data-start=\"2448\" data-end=\"2473\">\n<p data-start=\"2451\" data-end=\"2473\">2\u20133 d\u0259qiq\u0259 saxlay\u0131n.<\/p>\n<\/li>\n<li data-section-id=\"dsfnwk\" data-start=\"2474\" data-end=\"2496\">\n<p data-start=\"2477\" data-end=\"2496\">Bol su il\u0259 yuyun.<\/p>\n<\/li>\n<\/ol>\n<p data-start=\"2498\" data-end=\"2550\">G\u00fcnd\u0259lik v\u0259 ya ehtiyac olduqca istifad\u0259 edil\u0259 bil\u0259r.<\/p>\n<hr data-start=\"2552\" data-end=\"2555\" \/>\n<h2 data-section-id=\"1xwdj0s\" data-start=\"2557\" data-end=\"2564\">Qeyd<\/h2>\n<p data-start=\"2566\" data-end=\"2674\">Yaln\u0131z xarici istifad\u0259 \u00fc\u00e7\u00fcnd\u00fcr. G\u00f6zl\u0259 t\u0259masdan qa\u00e7\u0131n\u0131n. H\u0259r hans\u0131 h\u0259ssasl\u0131q yaranarsa istifad\u0259ni dayand\u0131r\u0131n.<\/p>","protected":false},"excerpt":{"rendered":"<p>Petite Maison Volumizing 200ml kondisioner sa\u00e7lara h\u0259cm v\u0259 dol\u011funluq verir, sa\u00e7 tell\u0259rini yum\u015fald\u0131r v\u0259 asan daranma t\u0259min edir.<\/p>","protected":false},"featured_media":9364,"comment_status":"open","ping_status":"closed","template":"","meta":[],"pwb-brand":[402],"product_cat":[126,137],"product_tag":[],"class_list":{"0":"post-9363","1":"product","2":"type-product","3":"status-publish","4":"has-post-thumbnail","6":"pwb-brand-petite-maison","7":"product_cat-haircare","8":"product_cat-kondisioner","9":"pa_size-200ml","12":"instock","13":"sale","14":"shipping-taxable","15":"purchasable","16":"product-type-simple"},"brands":[{"id":402,"name":"Petite Maison","slug":"petite-maison"}],"_links":{"self":[{"href":"https:\/\/axtarstore.com\/ru\/wp-json\/wp\/v2\/product\/9363"}],"collection":[{"href":"https:\/\/axtarstore.com\/ru\/wp-json\/wp\/v2\/product"}],"about":[{"href":"https:\/\/axtarstore.com\/ru\/wp-json\/wp\/v2\/types\/product"}],"replies":[{"embeddable":true,"href":"https:\/\/axtarstore.com\/ru\/wp-json\/wp\/v2\/comments?post=9363"}],"version-history":[{"count":3,"href":"https:\/\/axtarstore.com\/ru\/wp-json\/wp\/v2\/product\/9363\/revisions"}],"predecessor-version":[{"id":11310,"href":"https:\/\/axtarstore.com\/ru\/wp-json\/wp\/v2\/product\/9363\/revisions\/11310"}],"wp:featuredmedia":[{"embeddable":true,"href":"https:\/\/axtarstore.com\/ru\/wp-json\/wp\/v2\/media\/9364"}],"wp:attachment":[{"href":"https:\/\/axtarstore.com\/ru\/wp-json\/wp\/v2\/media?parent=9363"}],"wp:term":[{"taxonomy":"pwb-brand","embeddable":true,"href":"https:\/\/axtarstore.com\/ru\/wp-json\/wp\/v2\/pwb-brand?post=9363"},{"taxonomy":"product_cat","embeddable":true,"href":"https:\/\/axtarstore.com\/ru\/wp-json\/wp\/v2\/product_cat?post=9363"},{"taxonomy":"product_tag","embeddable":true,"href":"https:\/\/axtarstore.com\/ru\/wp-json\/wp\/v2\/product_tag?post=9363"}],"curies":[{"name":"wp","href":"https:\/\/api.w.org\/{rel}","templated":true}]}}