{"id":9354,"date":"2025-03-04T00:13:01","date_gmt":"2025-03-03T20:13:01","guid":{"rendered":"https:\/\/axtarstore.com\/?post_type=product&#038;p=9354"},"modified":"2026-02-20T00:59:04","modified_gmt":"2026-02-19T20:59:04","slug":"petite-maison-hair-loss-kondisioner-200ml","status":"publish","type":"product","link":"https:\/\/axtarstore.com\/ru\/product\/petite-maison-hair-loss-kondisioner-200ml\/","title":{"rendered":"Petite Maison Hair Conditioner Hair Loss Prevention Isochrysis Galbana Extract 200ml"},"content":{"rendered":"<h2 data-section-id=\"71o0d7\" data-start=\"991\" data-end=\"1104\">Petite Maison Hair Loss Kondisioner 200ml sa\u00e7 t\u00f6k\u00fclm\u0259sin\u0259 qar\u015f\u0131 x\u00fcsusi haz\u0131rlanm\u0131\u015f g\u00fcnd\u0259lik qulluq m\u0259hsuludur.<\/h2>\n<h3 data-section-id=\"ydusx9\" data-start=\"1106\" data-end=\"1117\">Problem<\/h3>\n<p data-start=\"1119\" data-end=\"1355\">Sa\u00e7 t\u00f6k\u00fclm\u0259si h\u0259m qad\u0131nlar, h\u0259m d\u0259 ki\u015fil\u0259r \u00fc\u00e7\u00fcn narahatedici problemdir. Stress, hormonal d\u0259yi\u015fiklikl\u0259r, yanl\u0131\u015f qulluq v\u0259 qidalanma \u00e7at\u0131\u015fmazl\u0131\u011f\u0131 sa\u00e7 k\u00f6kl\u0259rinin z\u0259ifl\u0259m\u0259sin\u0259 s\u0259b\u0259b olur. Z\u0259if sa\u00e7 tell\u0259ri daha tez q\u0131r\u0131l\u0131r v\u0259 t\u00f6k\u00fclm\u0259 art\u0131r.<\/p>\n<p data-start=\"1357\" data-end=\"1454\">Yaln\u0131z \u015fampun istifad\u0259si b\u0259z\u0259n kifay\u0259t etmir v\u0259 \u0259lav\u0259 g\u00fccl\u0259ndirici qulluq m\u0259rh\u0259l\u0259si t\u0259l\u0259b olunur.<\/p>\n<hr data-start=\"1456\" data-end=\"1459\" \/>\n<h3 data-section-id=\"ynb8lz\" data-start=\"1461\" data-end=\"1469\">H\u0259ll<\/h3>\n<p data-start=\"1471\" data-end=\"1654\">Petite Maison Hair Loss Kondisioner 200ml balansl\u0131 formulaya malikdir v\u0259 sa\u00e7 k\u00f6kl\u0259rinin g\u00fccl\u0259nm\u0259sin\u0259 d\u0259st\u0259k verir. Sa\u00e7\u0131 a\u011f\u0131rla\u015fd\u0131rmadan yum\u015faql\u0131q t\u0259min edir v\u0259 daranman\u0131 asanla\u015fd\u0131r\u0131r.<\/p>\n<p data-start=\"1656\" data-end=\"1673\">\u018fsas \u00fcst\u00fcnl\u00fckl\u0259r:<\/p>\n<ul data-start=\"1675\" data-end=\"1866\">\n<li data-section-id=\"1v6d898\" data-start=\"1675\" data-end=\"1717\">\n<p data-start=\"1677\" data-end=\"1717\">Sa\u00e7 t\u00f6k\u00fclm\u0259sinin azalmas\u0131na k\u00f6m\u0259k edir<\/p>\n<\/li>\n<li data-section-id=\"cfzjiw\" data-start=\"1718\" data-end=\"1762\">\n<p data-start=\"1720\" data-end=\"1762\">Sa\u00e7 k\u00f6kl\u0259rini g\u00fccl\u0259ndirm\u0259y\u0259 d\u0259st\u0259k verir<\/p>\n<\/li>\n<li data-section-id=\"145h922\" data-start=\"1763\" data-end=\"1802\">\n<p data-start=\"1765\" data-end=\"1802\">Sa\u00e7\u0131 yum\u015fald\u0131r v\u0259 q\u0131r\u0131lman\u0131 azald\u0131r<\/p>\n<\/li>\n<li data-section-id=\"1xa9av0\" data-start=\"1803\" data-end=\"1830\">\n<p data-start=\"1805\" data-end=\"1830\">Asan daranma t\u0259min edir<\/p>\n<\/li>\n<li data-section-id=\"9nd7rl\" data-start=\"1831\" data-end=\"1866\">\n<p data-start=\"1833\" data-end=\"1866\">G\u00fcnd\u0259lik istifad\u0259 \u00fc\u00e7\u00fcn uy\u011fundur<\/p>\n<\/li>\n<\/ul>\n<p data-start=\"1868\" data-end=\"1926\">200ml \u00f6l\u00e7\u00fc praktik v\u0259 uzunm\u00fcdd\u0259tli istifad\u0259 \u00fc\u00e7\u00fcn ideald\u0131r.<\/p>\n<hr data-start=\"1928\" data-end=\"1931\" \/>\n<h3 data-section-id=\"rgleae\" data-start=\"1933\" data-end=\"1943\">N\u0259tic\u0259<\/h3>\n<p data-start=\"1945\" data-end=\"2080\">M\u00fcnt\u0259z\u0259m istifad\u0259 zaman\u0131 sa\u00e7lar daha m\u00f6hk\u0259m v\u0259 davaml\u0131 olur. Q\u0131r\u0131lma azal\u0131r v\u0259 sa\u00e7 daha sa\u011flam g\u00f6r\u00fcn\u00fcr. Sa\u00e7 daha yum\u015faq v\u0259 parlaq olur.<\/p>\n<p data-start=\"2082\" data-end=\"2159\">Daimi qulluq sa\u00e7\u0131n \u00fcmumi keyfiyy\u0259tini art\u0131r\u0131r v\u0259 daha dol\u011fun g\u00f6r\u00fcn\u00fc\u015f yarad\u0131r.<\/p>\n<hr data-start=\"2161\" data-end=\"2164\" \/>\n<h2 data-section-id=\"79i21a\" data-start=\"2166\" data-end=\"2198\">Niy\u0259 bu m\u0259hsulu se\u00e7m\u0259lisiniz?<\/h2>\n<ul data-start=\"2200\" data-end=\"2363\">\n<li data-section-id=\"1uebjl\" data-start=\"2200\" data-end=\"2245\">\n<p data-start=\"2202\" data-end=\"2245\">Sa\u00e7 t\u00f6k\u00fclm\u0259sin\u0259 qar\u015f\u0131 y\u00f6n\u0259ldilmi\u015f formula<\/p>\n<\/li>\n<li data-section-id=\"ns63hm\" data-start=\"2246\" data-end=\"2268\">\n<p data-start=\"2248\" data-end=\"2268\">Sa\u00e7\u0131 a\u011f\u0131rla\u015fd\u0131rm\u0131r<\/p>\n<\/li>\n<li data-section-id=\"1diq1a0\" data-start=\"2269\" data-end=\"2301\">\n<p data-start=\"2271\" data-end=\"2301\">G\u00fcnd\u0259lik istifad\u0259y\u0259 uy\u011fundur<\/p>\n<\/li>\n<li data-section-id=\"1cngkf\" data-start=\"2302\" data-end=\"2322\">\n<p data-start=\"2304\" data-end=\"2322\">200ml ideal \u00f6l\u00e7\u00fc<\/p>\n<\/li>\n<li data-section-id=\"1qmj3qa\" data-start=\"2323\" data-end=\"2363\">\n<p data-start=\"2325\" data-end=\"2363\">H\u0259m qad\u0131nlar, h\u0259m ki\u015fil\u0259r \u00fc\u00e7\u00fcn uy\u011fun<\/p>\n<\/li>\n<\/ul>\n<hr data-start=\"2365\" data-end=\"2368\" \/>\n<h2 data-section-id=\"1ix87lb\" data-start=\"2370\" data-end=\"2389\">\u0130stifad\u0259 Qaydas\u0131<\/h2>\n<ol data-start=\"2391\" data-end=\"2527\">\n<li data-section-id=\"1i7qg1y\" data-start=\"2391\" data-end=\"2437\">\n<p data-start=\"2394\" data-end=\"2437\">Sa\u00e7\u0131 \u015fampunla yuduqdan sonra t\u0259tbiq edin.<\/p>\n<\/li>\n<li data-section-id=\"1y1dj3z\" data-start=\"2438\" data-end=\"2478\">\n<p data-start=\"2441\" data-end=\"2478\">Sa\u00e7\u0131n uzunlu\u011funa v\u0259 uclar\u0131na \u00e7\u0259kin.<\/p>\n<\/li>\n<li data-section-id=\"1mggbuw\" data-start=\"2479\" data-end=\"2504\">\n<p data-start=\"2482\" data-end=\"2504\">2\u20133 d\u0259qiq\u0259 saxlay\u0131n.<\/p>\n<\/li>\n<li data-section-id=\"dsfnwk\" data-start=\"2505\" data-end=\"2527\">\n<p data-start=\"2508\" data-end=\"2527\">Bol su il\u0259 yuyun.<\/p>\n<\/li>\n<\/ol>\n<p data-start=\"2529\" data-end=\"2611\">Daha effektiv n\u0259tic\u0259 \u00fc\u00e7\u00fcn uy\u011fun \u015fampun il\u0259 birlikd\u0259 istifad\u0259 etm\u0259k t\u00f6vsiy\u0259 olunur.<\/p>\n<hr data-start=\"2613\" data-end=\"2616\" \/>\n<h2 data-section-id=\"1xwdj0s\" data-start=\"2618\" data-end=\"2625\">Qeyd<\/h2>\n<p data-start=\"2627\" data-end=\"2735\">Yaln\u0131z xarici istifad\u0259 \u00fc\u00e7\u00fcnd\u00fcr. G\u00f6zl\u0259 t\u0259masdan qa\u00e7\u0131n\u0131n. H\u0259r hans\u0131 h\u0259ssasl\u0131q yaranarsa istifad\u0259ni dayand\u0131r\u0131n.<\/p>","protected":false},"excerpt":{"rendered":"<p>Petite Maison Hair Loss 200ml kondisioner sa\u00e7 t\u00f6k\u00fclm\u0259sin\u0259 qar\u015f\u0131 d\u0259st\u0259k verir, sa\u00e7lar\u0131 yum\u015fald\u0131r v\u0259 k\u00f6kl\u0259rin m\u00f6hk\u0259ml\u0259nm\u0259sin\u0259 k\u00f6m\u0259k edir.<\/p>","protected":false},"featured_media":9355,"comment_status":"open","ping_status":"closed","template":"","meta":[],"pwb-brand":[402],"product_cat":[126,137],"product_tag":[],"class_list":{"0":"post-9354","1":"product","2":"type-product","3":"status-publish","4":"has-post-thumbnail","6":"pwb-brand-petite-maison","7":"product_cat-haircare","8":"product_cat-kondisioner","9":"pa_size-200ml","12":"instock","13":"shipping-taxable","14":"purchasable","15":"product-type-simple"},"brands":[{"id":402,"name":"Petite Maison","slug":"petite-maison"}],"_links":{"self":[{"href":"https:\/\/axtarstore.com\/ru\/wp-json\/wp\/v2\/product\/9354"}],"collection":[{"href":"https:\/\/axtarstore.com\/ru\/wp-json\/wp\/v2\/product"}],"about":[{"href":"https:\/\/axtarstore.com\/ru\/wp-json\/wp\/v2\/types\/product"}],"replies":[{"embeddable":true,"href":"https:\/\/axtarstore.com\/ru\/wp-json\/wp\/v2\/comments?post=9354"}],"version-history":[{"count":3,"href":"https:\/\/axtarstore.com\/ru\/wp-json\/wp\/v2\/product\/9354\/revisions"}],"predecessor-version":[{"id":11314,"href":"https:\/\/axtarstore.com\/ru\/wp-json\/wp\/v2\/product\/9354\/revisions\/11314"}],"wp:featuredmedia":[{"embeddable":true,"href":"https:\/\/axtarstore.com\/ru\/wp-json\/wp\/v2\/media\/9355"}],"wp:attachment":[{"href":"https:\/\/axtarstore.com\/ru\/wp-json\/wp\/v2\/media?parent=9354"}],"wp:term":[{"taxonomy":"pwb-brand","embeddable":true,"href":"https:\/\/axtarstore.com\/ru\/wp-json\/wp\/v2\/pwb-brand?post=9354"},{"taxonomy":"product_cat","embeddable":true,"href":"https:\/\/axtarstore.com\/ru\/wp-json\/wp\/v2\/product_cat?post=9354"},{"taxonomy":"product_tag","embeddable":true,"href":"https:\/\/axtarstore.com\/ru\/wp-json\/wp\/v2\/product_tag?post=9354"}],"curies":[{"name":"wp","href":"https:\/\/api.w.org\/{rel}","templated":true}]}}