{"id":9348,"date":"2025-03-04T00:08:41","date_gmt":"2025-03-03T20:08:41","guid":{"rendered":"https:\/\/axtarstore.com\/?post_type=product&#038;p=9348"},"modified":"2026-02-20T01:03:00","modified_gmt":"2026-02-19T21:03:00","slug":"petite-maison-peel-off-uz-maskasi-120ml","status":"publish","type":"product","link":"https:\/\/axtarstore.com\/ru\/product\/petite-maison-peel-off-uz-maskasi-120ml\/","title":{"rendered":"Petite Maison \u00fcz bax\u0131m\u0131 maskas\u0131 Peel off Mask Purifying 120ml"},"content":{"rendered":"<h2 data-section-id=\"3ja1ww\" data-start=\"952\" data-end=\"1069\">Petite Maison Peel Off \u00dcz Maskas\u0131 120ml d\u0259rini d\u0259rin t\u0259mizl\u0259y\u0259n v\u0259 m\u0259sam\u0259l\u0259ri ar\u0131nd\u0131ran x\u00fcsusi formulaya malikdir.<\/h2>\n<h3 data-section-id=\"ydusx9\" data-start=\"1071\" data-end=\"1082\">Problem<\/h3>\n<p data-start=\"1084\" data-end=\"1272\">G\u00fcn \u0259rzind\u0259 d\u0259ri toz, \u00e7irk, makiyaj qal\u0131qlar\u0131 v\u0259 art\u0131q ya\u011fla t\u0259masda olur. Bu y\u0131\u011f\u0131lmalar m\u0259sam\u0259l\u0259rin t\u0131xanmas\u0131na, qara n\u00f6qt\u0259l\u0259rin yaranmas\u0131na v\u0259 d\u0259rinin sol\u011fun g\u00f6r\u00fcnm\u0259sin\u0259 s\u0259b\u0259b ola bil\u0259r.<\/p>\n<p data-start=\"1274\" data-end=\"1371\">Adi t\u0259mizl\u0259yici m\u0259hsullar b\u0259z\u0259n d\u0259rinin d\u0259rin qatlar\u0131na t\u0259sir etmir v\u0259 m\u0259sam\u0259l\u0259r tam t\u0259mizl\u0259nmir.<\/p>\n<hr data-start=\"1373\" data-end=\"1376\" \/>\n<h3 data-section-id=\"ynb8lz\" data-start=\"1378\" data-end=\"1386\">H\u0259ll<\/h3>\n<p data-start=\"1388\" data-end=\"1640\">Petite Maison Peel Off \u00dcz Maskas\u0131 120ml qab\u0131qlanan (peel off) formas\u0131 il\u0259 d\u0259rinin s\u0259thind\u0259ki \u00e7irkl\u0259ri v\u0259 art\u0131q ya\u011f\u0131 effektiv \u015f\u0259kild\u0259 aradan qald\u0131rma\u011fa k\u00f6m\u0259k edir. Quruduqdan sonra maska nazik t\u0259b\u0259q\u0259 \u015f\u0259klind\u0259 soyularaq m\u0259sam\u0259l\u0259rd\u0259ki y\u0131\u011f\u0131nt\u0131lar\u0131 \u00e7\u0131xar\u0131r.<\/p>\n<p data-start=\"1642\" data-end=\"1659\">\u018fsas \u00fcst\u00fcnl\u00fckl\u0259r:<\/p>\n<ul data-start=\"1661\" data-end=\"1819\">\n<li data-section-id=\"hjru79\" data-start=\"1661\" data-end=\"1688\">\n<p data-start=\"1663\" data-end=\"1688\">D\u0259rini d\u0259rin t\u0259mizl\u0259yir<\/p>\n<\/li>\n<li data-section-id=\"11zh8nw\" data-start=\"1689\" data-end=\"1713\">\n<p data-start=\"1691\" data-end=\"1713\">M\u0259sam\u0259l\u0259ri ar\u0131nd\u0131r\u0131r<\/p>\n<\/li>\n<li data-section-id=\"63d8x\" data-start=\"1714\" data-end=\"1749\">\n<p data-start=\"1716\" data-end=\"1749\">Art\u0131q ya\u011f\u0131 azaltma\u011fa k\u00f6m\u0259k edir<\/p>\n<\/li>\n<li data-section-id=\"173dcxg\" data-start=\"1750\" data-end=\"1780\">\n<p data-start=\"1752\" data-end=\"1780\">D\u0259rini daha hamar g\u00f6st\u0259rir<\/p>\n<\/li>\n<li data-section-id=\"19ulc2w\" data-start=\"1781\" data-end=\"1819\">\n<p data-start=\"1783\" data-end=\"1819\">T\u0259rav\u0259tli v\u0259 canl\u0131 g\u00f6r\u00fcn\u00fc\u015f yarad\u0131r<\/p>\n<\/li>\n<\/ul>\n<p data-start=\"1821\" data-end=\"1874\">120 ml h\u0259cm uzunm\u00fcdd\u0259tli istifad\u0259 \u00fc\u00e7\u00fcn ideal \u00f6l\u00e7\u00fcd\u00fcr.<\/p>\n<hr data-start=\"1876\" data-end=\"1879\" \/>\n<h3 data-section-id=\"rgleae\" data-start=\"1881\" data-end=\"1891\">N\u0259tic\u0259<\/h3>\n<p data-start=\"1893\" data-end=\"2072\">M\u00fcnt\u0259z\u0259m istifad\u0259 zaman\u0131 d\u0259ri daha t\u0259miz v\u0259 hamar g\u00f6r\u00fcn\u00fcr. M\u0259sam\u0259l\u0259r daha az n\u0259z\u0259r\u0259 \u00e7arp\u0131r v\u0259 d\u0259ri daha balansl\u0131 hiss olunur. D\u0259rinin teksturas\u0131 yax\u015f\u0131la\u015f\u0131r v\u0259 t\u0259rav\u0259t hissi art\u0131r.<\/p>\n<hr data-start=\"2074\" data-end=\"2077\" \/>\n<h2 data-section-id=\"79i21a\" data-start=\"2079\" data-end=\"2111\">Niy\u0259 bu m\u0259hsulu se\u00e7m\u0259lisiniz?<\/h2>\n<ul data-start=\"2113\" data-end=\"2269\">\n<li data-section-id=\"i3dbll\" data-start=\"2113\" data-end=\"2140\">\n<p data-start=\"2115\" data-end=\"2140\">D\u0259rin t\u0259mizl\u0259yici t\u0259sir<\/p>\n<\/li>\n<li data-section-id=\"1kw3l85\" data-start=\"2141\" data-end=\"2172\">\n<p data-start=\"2143\" data-end=\"2172\">Qara n\u00f6qt\u0259l\u0259r\u0259 qar\u015f\u0131 d\u0259st\u0259k<\/p>\n<\/li>\n<li data-section-id=\"1rodwzh\" data-start=\"2173\" data-end=\"2205\">\n<p data-start=\"2175\" data-end=\"2205\">Asan t\u0259tbiq v\u0259 soyulan forma<\/p>\n<\/li>\n<li data-section-id=\"5vlvol\" data-start=\"2206\" data-end=\"2229\">\n<p data-start=\"2208\" data-end=\"2229\">120 ml praktik \u00f6l\u00e7\u00fc<\/p>\n<\/li>\n<li data-section-id=\"1qx454l\" data-start=\"2230\" data-end=\"2269\">\n<p data-start=\"2232\" data-end=\"2269\">Ya\u011fl\u0131 v\u0259 qar\u0131\u015f\u0131q d\u0259ri \u00fc\u00e7\u00fcn uy\u011fundur<\/p>\n<\/li>\n<\/ul>\n<hr data-start=\"2271\" data-end=\"2274\" \/>\n<h2 data-section-id=\"1ix87lb\" data-start=\"2276\" data-end=\"2295\">\u0130stifad\u0259 Qaydas\u0131<\/h2>\n<ol data-start=\"2297\" data-end=\"2487\">\n<li data-section-id=\"20erhc\" data-start=\"2297\" data-end=\"2354\">\n<p data-start=\"2300\" data-end=\"2354\">T\u0259miz v\u0259 quru d\u0259riy\u0259 nazik qat \u015f\u0259klind\u0259 t\u0259tbiq edin.<\/p>\n<\/li>\n<li data-section-id=\"83mpwe\" data-start=\"2355\" data-end=\"2398\">\n<p data-start=\"2358\" data-end=\"2398\">G\u00f6z v\u0259 dodaq \u0259traf\u0131ndan uzaq saxlay\u0131n.<\/p>\n<\/li>\n<li data-section-id=\"1c46t1h\" data-start=\"2399\" data-end=\"2443\">\n<p data-start=\"2402\" data-end=\"2443\">Tam qurumas\u0131n\u0131 g\u00f6zl\u0259yin (15\u201320 d\u0259qiq\u0259).<\/p>\n<\/li>\n<li data-section-id=\"t2qcyy\" data-start=\"2444\" data-end=\"2487\">\n<p data-start=\"2447\" data-end=\"2487\">A\u015fa\u011f\u0131dan yuxar\u0131 do\u011fru soyaraq \u00e7\u0131xar\u0131n.<\/p>\n<\/li>\n<\/ol>\n<p data-start=\"2489\" data-end=\"2530\">H\u0259ft\u0259d\u0259 1\u20132 d\u0259f\u0259 istifad\u0259 t\u00f6vsiy\u0259 olunur.<\/p>\n<hr data-start=\"2532\" data-end=\"2535\" \/>\n<h2 data-section-id=\"1xwdj0s\" data-start=\"2537\" data-end=\"2544\">Qeyd<\/h2>\n<p data-start=\"2546\" data-end=\"2675\">Yaln\u0131z xarici istifad\u0259 \u00fc\u00e7\u00fcnd\u00fcr. H\u0259ssas v\u0259 z\u0259d\u0259l\u0259nmi\u015f d\u0259riy\u0259 t\u0259tbiq etm\u0259yin. H\u0259r hans\u0131 q\u0131c\u0131qlanma yaranarsa istifad\u0259ni dayand\u0131r\u0131n.<\/p>","protected":false},"excerpt":{"rendered":"<p>Petite Maison Peel Off 120ml \u00fcz maskas\u0131 d\u0259rini t\u0259mizl\u0259yir, m\u0259sam\u0259l\u0259ri ar\u0131nd\u0131r\u0131r v\u0259 d\u0259rid\u0259 t\u0259rav\u0259tli, hamar g\u00f6r\u00fcn\u00fc\u015f yarad\u0131r.<\/p>","protected":false},"featured_media":9349,"comment_status":"open","ping_status":"closed","template":"","meta":[],"pwb-brand":[402],"product_cat":[127,145],"product_tag":[],"class_list":{"0":"post-9348","1":"product","2":"type-product","3":"status-publish","4":"has-post-thumbnail","6":"pwb-brand-petite-maison","7":"product_cat-face-care","8":"product_cat-face-masks","9":"pa_size-120ml","12":"instock","13":"shipping-taxable","14":"purchasable","15":"product-type-simple"},"brands":[{"id":402,"name":"Petite Maison","slug":"petite-maison"}],"_links":{"self":[{"href":"https:\/\/axtarstore.com\/ru\/wp-json\/wp\/v2\/product\/9348"}],"collection":[{"href":"https:\/\/axtarstore.com\/ru\/wp-json\/wp\/v2\/product"}],"about":[{"href":"https:\/\/axtarstore.com\/ru\/wp-json\/wp\/v2\/types\/product"}],"replies":[{"embeddable":true,"href":"https:\/\/axtarstore.com\/ru\/wp-json\/wp\/v2\/comments?post=9348"}],"version-history":[{"count":3,"href":"https:\/\/axtarstore.com\/ru\/wp-json\/wp\/v2\/product\/9348\/revisions"}],"predecessor-version":[{"id":11316,"href":"https:\/\/axtarstore.com\/ru\/wp-json\/wp\/v2\/product\/9348\/revisions\/11316"}],"wp:featuredmedia":[{"embeddable":true,"href":"https:\/\/axtarstore.com\/ru\/wp-json\/wp\/v2\/media\/9349"}],"wp:attachment":[{"href":"https:\/\/axtarstore.com\/ru\/wp-json\/wp\/v2\/media?parent=9348"}],"wp:term":[{"taxonomy":"pwb-brand","embeddable":true,"href":"https:\/\/axtarstore.com\/ru\/wp-json\/wp\/v2\/pwb-brand?post=9348"},{"taxonomy":"product_cat","embeddable":true,"href":"https:\/\/axtarstore.com\/ru\/wp-json\/wp\/v2\/product_cat?post=9348"},{"taxonomy":"product_tag","embeddable":true,"href":"https:\/\/axtarstore.com\/ru\/wp-json\/wp\/v2\/product_tag?post=9348"}],"curies":[{"name":"wp","href":"https:\/\/api.w.org\/{rel}","templated":true}]}}