{"id":9344,"date":"2025-03-04T00:05:03","date_gmt":"2025-03-03T20:05:03","guid":{"rendered":"https:\/\/axtarstore.com\/?post_type=product&#038;p=9344"},"modified":"2026-02-20T01:04:25","modified_gmt":"2026-02-19T21:04:25","slug":"petite-maison-nemlendirici-parca-maskasi-25ml","status":"publish","type":"product","link":"https:\/\/axtarstore.com\/ru\/product\/petite-maison-nemlendirici-parca-maskasi-25ml\/","title":{"rendered":"Petite Maison Par\u00e7a maskas\u0131 Facial Sheet Mask Moisturizing 25ml"},"content":{"rendered":"<h2 data-section-id=\"10zy3p6\" data-start=\"1015\" data-end=\"1131\">Petite Maison N\u0259ml\u0259ndirici Par\u00e7a Maskas\u0131 25ml d\u0259rinin su balans\u0131n\u0131 qoruma\u011fa v\u0259 intensiv n\u0259ml\u0259ndirm\u0259y\u0259 k\u00f6m\u0259k edir.<\/h2>\n<h3 data-section-id=\"ydusx9\" data-start=\"1133\" data-end=\"1144\">Problem<\/h3>\n<p data-start=\"1146\" data-end=\"1334\">D\u0259rinin qurulu\u011fu, dart\u0131nma hissi v\u0259 sol\u011fun g\u00f6r\u00fcn\u00fc\u015f \u0259n \u00e7ox rast g\u0259lin\u0259n d\u0259ri probleml\u0259rind\u0259ndir. \u0130qlim d\u0259yi\u015fiklikl\u0259ri, g\u00fcn\u0259\u015f \u015f\u00fcalar\u0131 v\u0259 qeyri-d\u00fczg\u00fcn qulluq d\u0259rinin n\u0259m balans\u0131n\u0131 poza bil\u0259r.<\/p>\n<p data-start=\"1336\" data-end=\"1439\">N\u0259mlik \u00e7at\u0131\u015fmazl\u0131\u011f\u0131 d\u0259rinin elastikliyini azald\u0131r v\u0259 inc\u0259 q\u0131r\u0131\u015f\u0131qlar\u0131n daha tez g\u00f6r\u00fcnm\u0259sin\u0259 s\u0259b\u0259b olur.<\/p>\n<hr data-start=\"1441\" data-end=\"1444\" \/>\n<h3 data-section-id=\"ynb8lz\" data-start=\"1446\" data-end=\"1454\">H\u0259ll<\/h3>\n<p data-start=\"1456\" data-end=\"1662\">Petite Maison Facial Sheet Mask Moisturizing 25 ml t\u0259rkibind\u0259ki hialuron tur\u015fusu il\u0259 d\u0259rini intensiv \u015f\u0259kild\u0259 n\u0259ml\u0259ndirir. Par\u00e7a maska formas\u0131 aktiv madd\u0259l\u0259rin d\u0259riy\u0259 daha effektiv n\u00fcfuz etm\u0259sin\u0259 k\u00f6m\u0259k edir.<\/p>\n<p data-start=\"1664\" data-end=\"1681\">\u018fsas \u00fcst\u00fcnl\u00fckl\u0259r:<\/p>\n<ul data-start=\"1683\" data-end=\"1874\">\n<li data-section-id=\"1ajj38f\" data-start=\"1683\" data-end=\"1728\">\n<p data-start=\"1685\" data-end=\"1728\">Hialuron tur\u015fusu il\u0259 intensiv n\u0259ml\u0259ndirm\u0259<\/p>\n<\/li>\n<li data-section-id=\"6yvbnn\" data-start=\"1729\" data-end=\"1765\">\n<p data-start=\"1731\" data-end=\"1765\">D\u0259rinin su balans\u0131n\u0131 d\u0259st\u0259kl\u0259yir<\/p>\n<\/li>\n<li data-section-id=\"rjbe5i\" data-start=\"1766\" data-end=\"1794\">\n<p data-start=\"1768\" data-end=\"1794\">Dart\u0131nma hissini azald\u0131r<\/p>\n<\/li>\n<li data-section-id=\"1iokfw6\" data-start=\"1795\" data-end=\"1836\">\n<p data-start=\"1797\" data-end=\"1836\">D\u0259rini daha hamar v\u0259 elastik g\u00f6st\u0259rir<\/p>\n<\/li>\n<li data-section-id=\"zz7dge\" data-start=\"1837\" data-end=\"1874\">\n<p data-start=\"1839\" data-end=\"1874\">T\u0259k istifad\u0259y\u0259 uy\u011fun 25 ml format<\/p>\n<\/li>\n<\/ul>\n<p data-start=\"1876\" data-end=\"1923\">Maska d\u0259rid\u0259 rahatl\u0131q v\u0259 t\u0259rav\u0259t hissi yarad\u0131r.<\/p>\n<hr data-start=\"1925\" data-end=\"1928\" \/>\n<h3 data-section-id=\"rgleae\" data-start=\"1930\" data-end=\"1940\">N\u0259tic\u0259<\/h3>\n<p data-start=\"1942\" data-end=\"2104\">\u0130stifad\u0259d\u0259n sonra d\u0259ri daha yum\u015faq, parlaq v\u0259 canl\u0131 g\u00f6r\u00fcn\u00fcr. Quruluq azal\u0131r v\u0259 d\u0259ri daha balansl\u0131 hiss olunur. X\u00fcsusil\u0259 quru v\u0259 normal d\u0259ri tipl\u0259ri \u00fc\u00e7\u00fcn uy\u011fundur.<\/p>\n<hr data-start=\"2106\" data-end=\"2109\" \/>\n<h2 data-section-id=\"79i21a\" data-start=\"2111\" data-end=\"2143\">Niy\u0259 bu m\u0259hsulu se\u00e7m\u0259lisiniz?<\/h2>\n<ul data-start=\"2145\" data-end=\"2310\">\n<li data-section-id=\"92x56q\" data-start=\"2145\" data-end=\"2184\">\n<p data-start=\"2147\" data-end=\"2184\">Hialuron tur\u015fusu il\u0259 z\u0259ngin formula<\/p>\n<\/li>\n<li data-section-id=\"g47032\" data-start=\"2185\" data-end=\"2223\">\n<p data-start=\"2187\" data-end=\"2223\">T\u0259k istifad\u0259y\u0259 uy\u011fun praktik paket<\/p>\n<\/li>\n<li data-section-id=\"1f49irg\" data-start=\"2224\" data-end=\"2250\">\n<p data-start=\"2226\" data-end=\"2250\">Tez v\u0259 effektiv n\u0259tic\u0259<\/p>\n<\/li>\n<li data-section-id=\"1clziaa\" data-start=\"2251\" data-end=\"2278\">\n<p data-start=\"2253\" data-end=\"2278\">S\u0259yah\u0259t \u00fc\u00e7\u00fcn ideal \u00f6l\u00e7\u00fc<\/p>\n<\/li>\n<li data-section-id=\"196hnmz\" data-start=\"2279\" data-end=\"2310\">\n<p data-start=\"2281\" data-end=\"2310\">H\u0259r d\u0259ri tipi \u00fc\u00e7\u00fcn uy\u011fundur<\/p>\n<\/li>\n<\/ul>\n<hr data-start=\"2312\" data-end=\"2315\" \/>\n<h2 data-section-id=\"1ix87lb\" data-start=\"2317\" data-end=\"2336\">\u0130stifad\u0259 Qaydas\u0131<\/h2>\n<ol data-start=\"2338\" data-end=\"2473\">\n<li data-section-id=\"1gji5nb\" data-start=\"2338\" data-end=\"2376\">\n<p data-start=\"2341\" data-end=\"2376\">T\u0259miz d\u0259riy\u0259 maskan\u0131 yerl\u0259\u015fdirin.<\/p>\n<\/li>\n<li data-section-id=\"12kuru6\" data-start=\"2377\" data-end=\"2404\">\n<p data-start=\"2380\" data-end=\"2404\">15\u201320 d\u0259qiq\u0259 saxlay\u0131n.<\/p>\n<\/li>\n<li data-section-id=\"78c0yn\" data-start=\"2405\" data-end=\"2473\">\n<p data-start=\"2408\" data-end=\"2473\">Maskan\u0131 \u00e7\u0131xard\u0131qdan sonra qalan serumu y\u00fcng\u00fcl masajla hopdurun.<\/p>\n<\/li>\n<\/ol>\n<p data-start=\"2475\" data-end=\"2522\">H\u0259ft\u0259d\u0259 1\u20132 d\u0259f\u0259 istifad\u0259 etm\u0259k t\u00f6vsiy\u0259 olunur.<\/p>\n<hr data-start=\"2524\" data-end=\"2527\" \/>\n<h2 data-section-id=\"1xwdj0s\" data-start=\"2529\" data-end=\"2536\">Qeyd<\/h2>\n<p data-start=\"2538\" data-end=\"2612\">Yaln\u0131z xarici istifad\u0259 \u00fc\u00e7\u00fcnd\u00fcr. H\u0259ssasl\u0131q yaranarsa istifad\u0259ni dayand\u0131r\u0131n.<\/p>","protected":false},"excerpt":{"rendered":"<p>Petite Maison N\u0259ml\u0259ndirici Par\u00e7a Maskas\u0131 25ml hialuron tur\u015fusu il\u0259 d\u0259rini d\u0259rin n\u0259ml\u0259ndirir v\u0259 d\u0259rid\u0259 yum\u015faql\u0131q, elastiklik yarad\u0131r.<\/p>","protected":false},"featured_media":9345,"comment_status":"open","ping_status":"closed","template":"","meta":[],"pwb-brand":[402],"product_cat":[127,145],"product_tag":[],"class_list":{"0":"post-9344","1":"product","2":"type-product","3":"status-publish","4":"has-post-thumbnail","6":"pwb-brand-petite-maison","7":"product_cat-face-care","8":"product_cat-face-masks","9":"pa_size-25ml","12":"instock","13":"shipping-taxable","14":"purchasable","15":"product-type-simple"},"brands":[{"id":402,"name":"Petite Maison","slug":"petite-maison"}],"_links":{"self":[{"href":"https:\/\/axtarstore.com\/ru\/wp-json\/wp\/v2\/product\/9344"}],"collection":[{"href":"https:\/\/axtarstore.com\/ru\/wp-json\/wp\/v2\/product"}],"about":[{"href":"https:\/\/axtarstore.com\/ru\/wp-json\/wp\/v2\/types\/product"}],"replies":[{"embeddable":true,"href":"https:\/\/axtarstore.com\/ru\/wp-json\/wp\/v2\/comments?post=9344"}],"version-history":[{"count":3,"href":"https:\/\/axtarstore.com\/ru\/wp-json\/wp\/v2\/product\/9344\/revisions"}],"predecessor-version":[{"id":11318,"href":"https:\/\/axtarstore.com\/ru\/wp-json\/wp\/v2\/product\/9344\/revisions\/11318"}],"wp:featuredmedia":[{"embeddable":true,"href":"https:\/\/axtarstore.com\/ru\/wp-json\/wp\/v2\/media\/9345"}],"wp:attachment":[{"href":"https:\/\/axtarstore.com\/ru\/wp-json\/wp\/v2\/media?parent=9344"}],"wp:term":[{"taxonomy":"pwb-brand","embeddable":true,"href":"https:\/\/axtarstore.com\/ru\/wp-json\/wp\/v2\/pwb-brand?post=9344"},{"taxonomy":"product_cat","embeddable":true,"href":"https:\/\/axtarstore.com\/ru\/wp-json\/wp\/v2\/product_cat?post=9344"},{"taxonomy":"product_tag","embeddable":true,"href":"https:\/\/axtarstore.com\/ru\/wp-json\/wp\/v2\/product_tag?post=9344"}],"curies":[{"name":"wp","href":"https:\/\/api.w.org\/{rel}","templated":true}]}}