{"id":9340,"date":"2025-03-03T23:58:15","date_gmt":"2025-03-03T19:58:15","guid":{"rendered":"https:\/\/axtarstore.com\/?post_type=product&#038;p=9340"},"modified":"2026-02-20T01:05:43","modified_gmt":"2026-02-19T21:05:43","slug":"petite-maison-qara-komur-parca-maskasi-25ml","status":"publish","type":"product","link":"https:\/\/axtarstore.com\/ru\/product\/petite-maison-qara-komur-parca-maskasi-25ml\/","title":{"rendered":"Petite Maison \u00dcz v\u0259r\u0259qi Maskas\u0131 Facial Sheet Mask Purifying Black Charcoal 25ml"},"content":{"rendered":"<h2 data-section-id=\"1tzthmi\" data-start=\"990\" data-end=\"1108\">Petite Maison Qara K\u00f6m\u00fcr Par\u00e7a Maskas\u0131 25ml d\u0259rini d\u0259rin t\u0259mizl\u0259y\u0259n v\u0259 art\u0131q ya\u011f\u0131 balansla\u015fd\u0131ran qulluq m\u0259hsuludur.<\/h2>\n<h3 data-section-id=\"ydusx9\" data-start=\"1110\" data-end=\"1121\">Problem<\/h3>\n<p data-start=\"1123\" data-end=\"1300\">Ya\u011fl\u0131 v\u0259 qar\u0131\u015f\u0131q d\u0259ri tipind\u0259 m\u0259sam\u0259l\u0259r tez t\u0131xan\u0131r, qara n\u00f6qt\u0259l\u0259r yaran\u0131r v\u0259 d\u0259ri sol\u011fun g\u00f6r\u00fcn\u0259 bil\u0259r. G\u00fcn \u0259rzind\u0259 y\u0131\u011f\u0131lan \u00e7irk v\u0259 art\u0131q sebum d\u0259rinin n\u0259f\u0259s almas\u0131na mane olur.<\/p>\n<p data-start=\"1302\" data-end=\"1378\">Bu halda d\u0259rini h\u0259m t\u0259mizl\u0259y\u0259n, h\u0259m d\u0259 balansla\u015fd\u0131ran maska se\u00e7m\u0259k vacibdir.<\/p>\n<hr data-start=\"1380\" data-end=\"1383\" \/>\n<h3 data-section-id=\"ynb8lz\" data-start=\"1385\" data-end=\"1393\">H\u0259ll<\/h3>\n<p data-start=\"1395\" data-end=\"1604\">Petite Maison Facial Sheet Mask Purifying 25 ml t\u0259rkibind\u0259 qara k\u00f6m\u00fcr il\u0259 z\u0259nginl\u0259\u015fdirilmi\u015fdir. Qara k\u00f6m\u00fcr d\u0259rinin s\u0259thind\u0259ki \u00e7irkl\u0259ri v\u0259 art\u0131q ya\u011f\u0131 \u00f6z\u00fcn\u0259 \u00e7\u0259k\u0259r\u0259k m\u0259sam\u0259l\u0259rin daha t\u0259miz g\u00f6r\u00fcnm\u0259sin\u0259 k\u00f6m\u0259k edir.<\/p>\n<p data-start=\"1606\" data-end=\"1623\">\u018fsas \u00fcst\u00fcnl\u00fckl\u0259r:<\/p>\n<ul data-start=\"1625\" data-end=\"1795\">\n<li data-section-id=\"i3dbll\" data-start=\"1625\" data-end=\"1652\">\n<p data-start=\"1627\" data-end=\"1652\">D\u0259rin t\u0259mizl\u0259yici t\u0259sir<\/p>\n<\/li>\n<li data-section-id=\"1hs0hdx\" data-start=\"1653\" data-end=\"1686\">\n<p data-start=\"1655\" data-end=\"1686\">M\u0259sam\u0259l\u0259ri ar\u0131nd\u0131rma\u011fa d\u0259st\u0259k<\/p>\n<\/li>\n<li data-section-id=\"63d8x\" data-start=\"1687\" data-end=\"1722\">\n<p data-start=\"1689\" data-end=\"1722\">Art\u0131q ya\u011f\u0131 azaltma\u011fa k\u00f6m\u0259k edir<\/p>\n<\/li>\n<li data-section-id=\"1rgrmlc\" data-start=\"1723\" data-end=\"1753\">\n<p data-start=\"1725\" data-end=\"1753\">D\u0259rini daha ayd\u0131n g\u00f6st\u0259rir<\/p>\n<\/li>\n<li data-section-id=\"16nx22x\" data-start=\"1754\" data-end=\"1795\">\n<p data-start=\"1756\" data-end=\"1795\">T\u0259k istifad\u0259 \u00fc\u00e7\u00fcn 25 ml praktik paket<\/p>\n<\/li>\n<\/ul>\n<p data-start=\"1797\" data-end=\"1885\">Par\u00e7a maska formas\u0131 aktiv madd\u0259l\u0259rin d\u0259riy\u0259 daha effektiv t\u0259sir g\u00f6st\u0259rm\u0259sin\u0259 k\u00f6m\u0259k edir.<\/p>\n<hr data-start=\"1887\" data-end=\"1890\" \/>\n<h3 data-section-id=\"rgleae\" data-start=\"1892\" data-end=\"1902\">N\u0259tic\u0259<\/h3>\n<p data-start=\"1904\" data-end=\"2071\">\u0130stifad\u0259d\u0259n sonra d\u0259ri daha t\u0259miz v\u0259 t\u0259rav\u0259tli g\u00f6r\u00fcn\u00fcr. Ya\u011fl\u0131 parlaql\u0131q azal\u0131r v\u0259 d\u0259ri daha balansl\u0131 hiss olunur. X\u00fcsusil\u0259 ya\u011fl\u0131 v\u0259 qar\u0131\u015f\u0131q d\u0259ri tipl\u0259ri \u00fc\u00e7\u00fcn uy\u011fundur.<\/p>\n<hr data-start=\"2073\" data-end=\"2076\" \/>\n<h2 data-section-id=\"79i21a\" data-start=\"2078\" data-end=\"2110\">Niy\u0259 bu m\u0259hsulu se\u00e7m\u0259lisiniz?<\/h2>\n<ul data-start=\"2112\" data-end=\"2263\">\n<li data-section-id=\"1giwt5t\" data-start=\"2112\" data-end=\"2143\">\n<p data-start=\"2114\" data-end=\"2143\">Qara k\u00f6m\u00fcr t\u0259rkibli formula<\/p>\n<\/li>\n<li data-section-id=\"1qm69pg\" data-start=\"2144\" data-end=\"2171\">\n<p data-start=\"2146\" data-end=\"2171\">D\u0259rin t\u0259mizl\u0259m\u0259 effekti<\/p>\n<\/li>\n<li data-section-id=\"hd9s0s\" data-start=\"2172\" data-end=\"2203\">\n<p data-start=\"2174\" data-end=\"2203\">M\u0259sam\u0259l\u0259r \u00fc\u00e7\u00fcn uy\u011fun qulluq<\/p>\n<\/li>\n<li data-section-id=\"urnml6\" data-start=\"2204\" data-end=\"2233\">\n<p data-start=\"2206\" data-end=\"2233\">T\u0259k istifad\u0259y\u0259 uy\u011fun \u00f6l\u00e7\u00fc<\/p>\n<\/li>\n<li data-section-id=\"1jj6b0w\" data-start=\"2234\" data-end=\"2263\">\n<p data-start=\"2236\" data-end=\"2263\">S\u0259yah\u0259t \u00fc\u00e7\u00fcn ideal format<\/p>\n<\/li>\n<\/ul>\n<hr data-start=\"2265\" data-end=\"2268\" \/>\n<h2 data-section-id=\"1ix87lb\" data-start=\"2270\" data-end=\"2289\">\u0130stifad\u0259 Qaydas\u0131<\/h2>\n<ol data-start=\"2291\" data-end=\"2426\">\n<li data-section-id=\"1gji5nb\" data-start=\"2291\" data-end=\"2329\">\n<p data-start=\"2294\" data-end=\"2329\">T\u0259miz d\u0259riy\u0259 maskan\u0131 yerl\u0259\u015fdirin.<\/p>\n<\/li>\n<li data-section-id=\"12kuru6\" data-start=\"2330\" data-end=\"2357\">\n<p data-start=\"2333\" data-end=\"2357\">15\u201320 d\u0259qiq\u0259 saxlay\u0131n.<\/p>\n<\/li>\n<li data-section-id=\"78c0yn\" data-start=\"2358\" data-end=\"2426\">\n<p data-start=\"2361\" data-end=\"2426\">Maskan\u0131 \u00e7\u0131xard\u0131qdan sonra qalan serumu y\u00fcng\u00fcl masajla hopdurun.<\/p>\n<\/li>\n<\/ol>\n<p data-start=\"2428\" data-end=\"2469\">H\u0259ft\u0259d\u0259 1\u20132 d\u0259f\u0259 istifad\u0259 t\u00f6vsiy\u0259 olunur.<\/p>\n<hr data-start=\"2471\" data-end=\"2474\" \/>\n<h2 data-section-id=\"1xwdj0s\" data-start=\"2476\" data-end=\"2483\">Qeyd<\/h2>\n<p data-start=\"2485\" data-end=\"2559\">Yaln\u0131z xarici istifad\u0259 \u00fc\u00e7\u00fcnd\u00fcr. H\u0259ssasl\u0131q yaranarsa istifad\u0259ni dayand\u0131r\u0131n.<\/p>","protected":false},"excerpt":{"rendered":"<p>Petite Maison Qara K\u00f6m\u00fcr Par\u00e7a Maskas\u0131 25ml d\u0259rini t\u0259mizl\u0259yir, m\u0259sam\u0259l\u0259ri ar\u0131nd\u0131r\u0131r v\u0259 ya\u011fl\u0131 g\u00f6r\u00fcn\u00fc\u015f\u00fc azaltma\u011fa k\u00f6m\u0259k edir.<\/p>","protected":false},"featured_media":9341,"comment_status":"open","ping_status":"closed","template":"","meta":[],"pwb-brand":[402],"product_cat":[127,145],"product_tag":[],"class_list":{"0":"post-9340","1":"product","2":"type-product","3":"status-publish","4":"has-post-thumbnail","6":"pwb-brand-petite-maison","7":"product_cat-face-care","8":"product_cat-face-masks","9":"pa_size-25ml","12":"instock","13":"shipping-taxable","14":"purchasable","15":"product-type-simple"},"brands":[{"id":402,"name":"Petite Maison","slug":"petite-maison"}],"_links":{"self":[{"href":"https:\/\/axtarstore.com\/ru\/wp-json\/wp\/v2\/product\/9340"}],"collection":[{"href":"https:\/\/axtarstore.com\/ru\/wp-json\/wp\/v2\/product"}],"about":[{"href":"https:\/\/axtarstore.com\/ru\/wp-json\/wp\/v2\/types\/product"}],"replies":[{"embeddable":true,"href":"https:\/\/axtarstore.com\/ru\/wp-json\/wp\/v2\/comments?post=9340"}],"version-history":[{"count":3,"href":"https:\/\/axtarstore.com\/ru\/wp-json\/wp\/v2\/product\/9340\/revisions"}],"predecessor-version":[{"id":11320,"href":"https:\/\/axtarstore.com\/ru\/wp-json\/wp\/v2\/product\/9340\/revisions\/11320"}],"wp:featuredmedia":[{"embeddable":true,"href":"https:\/\/axtarstore.com\/ru\/wp-json\/wp\/v2\/media\/9341"}],"wp:attachment":[{"href":"https:\/\/axtarstore.com\/ru\/wp-json\/wp\/v2\/media?parent=9340"}],"wp:term":[{"taxonomy":"pwb-brand","embeddable":true,"href":"https:\/\/axtarstore.com\/ru\/wp-json\/wp\/v2\/pwb-brand?post=9340"},{"taxonomy":"product_cat","embeddable":true,"href":"https:\/\/axtarstore.com\/ru\/wp-json\/wp\/v2\/product_cat?post=9340"},{"taxonomy":"product_tag","embeddable":true,"href":"https:\/\/axtarstore.com\/ru\/wp-json\/wp\/v2\/product_tag?post=9340"}],"curies":[{"name":"wp","href":"https:\/\/api.w.org\/{rel}","templated":true}]}}