{"id":9337,"date":"2025-03-03T23:54:08","date_gmt":"2025-03-03T19:54:08","guid":{"rendered":"https:\/\/axtarstore.com\/?post_type=product&#038;p=9337"},"modified":"2026-02-20T01:07:01","modified_gmt":"2026-02-19T21:07:01","slug":"petite-maison-anti-pollution-sampun-300ml","status":"publish","type":"product","link":"https:\/\/axtarstore.com\/ru\/product\/petite-maison-anti-pollution-sampun-300ml\/","title":{"rendered":"Petite Maison Shampoo Anti-Pollution 300ml"},"content":{"rendered":"<h2 data-section-id=\"fdv96c\" data-start=\"979\" data-end=\"1110\">Petite Maison Anti Pollution \u015eampun 300ml sa\u00e7lar\u0131 g\u00fcnd\u0259lik \u00e7irkl\u0259nm\u0259y\u0259 qar\u015f\u0131 qorumaq v\u0259 d\u0259rind\u0259n t\u0259mizl\u0259m\u0259k \u00fc\u00e7\u00fcn haz\u0131rlanm\u0131\u015fd\u0131r.<\/h2>\n<h3 data-section-id=\"ydusx9\" data-start=\"1112\" data-end=\"1123\">Problem<\/h3>\n<p data-start=\"1125\" data-end=\"1348\">\u015e\u0259h\u0259r m\u00fchitind\u0259 sa\u00e7lar toz, t\u00fcst\u00fc v\u0259 hava \u00e7irkliliyi il\u0259 tez-tez t\u0259masda olur. Bu faktorlar sa\u00e7\u0131n tez \u00e7irkl\u0259nm\u0259sin\u0259, a\u011f\u0131rla\u015fmas\u0131na v\u0259 sol\u011fun g\u00f6r\u00fcnm\u0259sin\u0259 s\u0259b\u0259b olur. Sa\u00e7 d\u0259risind\u0259 y\u0131\u011f\u0131lan \u00e7irkl\u0259r is\u0259 narahatl\u0131q yarada bil\u0259r.<\/p>\n<p data-start=\"1350\" data-end=\"1421\">Adi \u015fampunlar b\u0259z\u0259n sa\u00e7 v\u0259 sa\u00e7 d\u0259risini tam t\u0259mizl\u0259m\u0259kd\u0259 kifay\u0259t etmir.<\/p>\n<hr data-start=\"1423\" data-end=\"1426\" \/>\n<h3 data-section-id=\"ynb8lz\" data-start=\"1428\" data-end=\"1436\">H\u0259ll<\/h3>\n<p data-start=\"1438\" data-end=\"1589\">Petite Maison Anti Pollution \u015eampun 300ml x\u00fcsusi formulaya malikdir v\u0259 sa\u00e7lar\u0131 d\u0259rind\u0259n t\u0259mizl\u0259y\u0259r\u0259k \u0259traf m\u00fchit t\u0259sirl\u0259rin\u0259 qar\u015f\u0131 qoruma\u011fa k\u00f6m\u0259k edir.<\/p>\n<p data-start=\"1591\" data-end=\"1608\">\u018fsas \u00fcst\u00fcnl\u00fckl\u0259r:<\/p>\n<ul data-start=\"1610\" data-end=\"1791\">\n<li data-section-id=\"1v4hquk\" data-start=\"1610\" data-end=\"1641\">\n<p data-start=\"1612\" data-end=\"1641\">Sa\u00e7lar\u0131 d\u0259rind\u0259n t\u0259mizl\u0259yir<\/p>\n<\/li>\n<li data-section-id=\"1xs3q2c\" data-start=\"1642\" data-end=\"1681\">\n<p data-start=\"1644\" data-end=\"1681\">\u00c7irkl\u0259nm\u0259y\u0259 qar\u015f\u0131 qoruma t\u0259min edir<\/p>\n<\/li>\n<li data-section-id=\"1sjl766\" data-start=\"1682\" data-end=\"1708\">\n<p data-start=\"1684\" data-end=\"1708\">Sa\u00e7 d\u0259risini ar\u0131nd\u0131r\u0131r<\/p>\n<\/li>\n<li data-section-id=\"9bvpg4\" data-start=\"1709\" data-end=\"1747\">\n<p data-start=\"1711\" data-end=\"1747\">Sa\u00e7lara y\u00fcng\u00fcll\u00fck v\u0259 t\u0259rav\u0259t verir<\/p>\n<\/li>\n<li data-section-id=\"aiie24\" data-start=\"1748\" data-end=\"1791\">\n<p data-start=\"1750\" data-end=\"1791\">300ml g\u00fcnd\u0259lik istifad\u0259 \u00fc\u00e7\u00fcn ideal \u00f6l\u00e7\u00fc<\/p>\n<\/li>\n<\/ul>\n<p data-start=\"1793\" data-end=\"1845\">Sa\u00e7\u0131 a\u011f\u0131rla\u015fd\u0131rmadan t\u0259miz v\u0259 canl\u0131 g\u00f6r\u00fcn\u00fc\u015f yarad\u0131r.<\/p>\n<hr data-start=\"1847\" data-end=\"1850\" \/>\n<h3 data-section-id=\"rgleae\" data-start=\"1852\" data-end=\"1862\">N\u0259tic\u0259<\/h3>\n<p data-start=\"1864\" data-end=\"2010\">M\u00fcnt\u0259z\u0259m istifad\u0259 zaman\u0131 sa\u00e7lar daha t\u0259miz, y\u00fcng\u00fcl v\u0259 parlaq g\u00f6r\u00fcn\u00fcr. \u00c7irkl\u0259nm\u0259 n\u0259tic\u0259sind\u0259 yaranan a\u011f\u0131rl\u0131q azal\u0131r v\u0259 sa\u00e7 daha sa\u011flam hiss olunur.<\/p>\n<hr data-start=\"2012\" data-end=\"2015\" \/>\n<h2 data-section-id=\"79i21a\" data-start=\"2017\" data-end=\"2049\">Niy\u0259 bu m\u0259hsulu se\u00e7m\u0259lisiniz?<\/h2>\n<ul data-start=\"2051\" data-end=\"2191\">\n<li data-section-id=\"1k53e6w\" data-start=\"2051\" data-end=\"2084\">\n<p data-start=\"2053\" data-end=\"2084\">\u015e\u0259h\u0259r m\u00fchiti \u00fc\u00e7\u00fcn ideal se\u00e7im<\/p>\n<\/li>\n<li data-section-id=\"i3dbll\" data-start=\"2085\" data-end=\"2112\">\n<p data-start=\"2087\" data-end=\"2112\">D\u0259rin t\u0259mizl\u0259yici t\u0259sir<\/p>\n<\/li>\n<li data-section-id=\"1diq1a0\" data-start=\"2113\" data-end=\"2145\">\n<p data-start=\"2115\" data-end=\"2145\">G\u00fcnd\u0259lik istifad\u0259y\u0259 uy\u011fundur<\/p>\n<\/li>\n<li data-section-id=\"ns63hm\" data-start=\"2146\" data-end=\"2168\">\n<p data-start=\"2148\" data-end=\"2168\">Sa\u00e7\u0131 a\u011f\u0131rla\u015fd\u0131rm\u0131r<\/p>\n<\/li>\n<li data-section-id=\"11baap1\" data-start=\"2169\" data-end=\"2191\">\n<p data-start=\"2171\" data-end=\"2191\">300ml praktik \u00f6l\u00e7\u00fc<\/p>\n<\/li>\n<\/ul>\n<hr data-start=\"2193\" data-end=\"2196\" \/>\n<h2 data-section-id=\"1ix87lb\" data-start=\"2198\" data-end=\"2217\">\u0130stifad\u0259 Qaydas\u0131<\/h2>\n<ol data-start=\"2219\" data-end=\"2335\">\n<li data-section-id=\"3ougpr\" data-start=\"2219\" data-end=\"2245\">\n<p data-start=\"2222\" data-end=\"2245\">N\u0259m sa\u00e7a t\u0259tbiq edin.<\/p>\n<\/li>\n<li data-section-id=\"ry9v3m\" data-start=\"2246\" data-end=\"2280\">\n<p data-start=\"2249\" data-end=\"2280\">Y\u00fcng\u00fcl masaj ed\u0259r\u0259k k\u00f6p\u00fcrd\u00fcn.<\/p>\n<\/li>\n<li data-section-id=\"d38xnn\" data-start=\"2281\" data-end=\"2303\">\n<p data-start=\"2284\" data-end=\"2303\">Bol su il\u0259 yuyun.<\/p>\n<\/li>\n<li data-section-id=\"mhm21p\" data-start=\"2304\" data-end=\"2335\">\n<p data-start=\"2307\" data-end=\"2335\">Laz\u0131m olduqda t\u0259krar edin.<\/p>\n<\/li>\n<\/ol>\n<hr data-start=\"2337\" data-end=\"2340\" \/>\n<h2 data-section-id=\"1xwdj0s\" data-start=\"2342\" data-end=\"2349\">Qeyd<\/h2>\n<p data-start=\"2351\" data-end=\"2449\">Yaln\u0131z xarici istifad\u0259 \u00fc\u00e7\u00fcnd\u00fcr. G\u00f6zl\u0259 t\u0259masdan qa\u00e7\u0131n\u0131n. H\u0259ssasl\u0131q yaranarsa istifad\u0259ni dayand\u0131r\u0131n.<\/p>","protected":false},"excerpt":{"rendered":"<p>Petite Maison Anti Pollution 300ml \u015fampun sa\u00e7lar\u0131 d\u0259rind\u0259n t\u0259mizl\u0259yir, \u00e7irkl\u0259nm\u0259y\u0259 qar\u015f\u0131 qoruma t\u0259min edir v\u0259 sa\u00e7lara t\u0259rav\u0259t verir.<\/p>","protected":false},"featured_media":9338,"comment_status":"open","ping_status":"closed","template":"","meta":[],"pwb-brand":[402],"product_cat":[126,133],"product_tag":[],"class_list":{"0":"post-9337","1":"product","2":"type-product","3":"status-publish","4":"has-post-thumbnail","6":"pwb-brand-petite-maison","7":"product_cat-haircare","8":"product_cat-shampoo","9":"pa_size-300ml","12":"instock","13":"shipping-taxable","14":"purchasable","15":"product-type-simple"},"brands":[{"id":402,"name":"Petite Maison","slug":"petite-maison"}],"_links":{"self":[{"href":"https:\/\/axtarstore.com\/ru\/wp-json\/wp\/v2\/product\/9337"}],"collection":[{"href":"https:\/\/axtarstore.com\/ru\/wp-json\/wp\/v2\/product"}],"about":[{"href":"https:\/\/axtarstore.com\/ru\/wp-json\/wp\/v2\/types\/product"}],"replies":[{"embeddable":true,"href":"https:\/\/axtarstore.com\/ru\/wp-json\/wp\/v2\/comments?post=9337"}],"version-history":[{"count":3,"href":"https:\/\/axtarstore.com\/ru\/wp-json\/wp\/v2\/product\/9337\/revisions"}],"predecessor-version":[{"id":11322,"href":"https:\/\/axtarstore.com\/ru\/wp-json\/wp\/v2\/product\/9337\/revisions\/11322"}],"wp:featuredmedia":[{"embeddable":true,"href":"https:\/\/axtarstore.com\/ru\/wp-json\/wp\/v2\/media\/9338"}],"wp:attachment":[{"href":"https:\/\/axtarstore.com\/ru\/wp-json\/wp\/v2\/media?parent=9337"}],"wp:term":[{"taxonomy":"pwb-brand","embeddable":true,"href":"https:\/\/axtarstore.com\/ru\/wp-json\/wp\/v2\/pwb-brand?post=9337"},{"taxonomy":"product_cat","embeddable":true,"href":"https:\/\/axtarstore.com\/ru\/wp-json\/wp\/v2\/product_cat?post=9337"},{"taxonomy":"product_tag","embeddable":true,"href":"https:\/\/axtarstore.com\/ru\/wp-json\/wp\/v2\/product_tag?post=9337"}],"curies":[{"name":"wp","href":"https:\/\/api.w.org\/{rel}","templated":true}]}}