{"id":9333,"date":"2025-03-03T23:47:33","date_gmt":"2025-03-03T19:47:33","guid":{"rendered":"https:\/\/axtarstore.com\/?post_type=product&#038;p=9333"},"modified":"2026-02-20T01:08:18","modified_gmt":"2026-02-19T21:08:18","slug":"petite-maison-nemlendirici-uz-spreyi","status":"publish","type":"product","link":"https:\/\/axtarstore.com\/ru\/product\/petite-maison-nemlendirici-uz-spreyi\/","title":{"rendered":"Petite Maison N\u0259ml\u0259ndirici \u00dcz Spreyi 1Mist My Face Vitamin C 100ml"},"content":{"rendered":"<h2 data-section-id=\"1b6k557\" data-start=\"945\" data-end=\"1061\">Petite Maison N\u0259ml\u0259ndirici \u00dcz Spreyi d\u0259rini g\u00fcn \u0259rzind\u0259 n\u0259ml\u0259ndir\u0259n v\u0259 t\u0259rav\u0259tl\u0259ndir\u0259n praktik qulluq m\u0259hsuludur.<\/h2>\n<h3 data-section-id=\"ydusx9\" data-start=\"1063\" data-end=\"1074\">Problem<\/h3>\n<p data-start=\"1076\" data-end=\"1228\">G\u00fcn \u0259rzind\u0259 d\u0259ri quruluq, dart\u0131nma v\u0259 sol\u011funluq hiss ed\u0259 bil\u0259r. X\u00fcsusil\u0259 kondisionerli m\u00fchit, g\u00fcn\u0259\u015f v\u0259 hava \u00e7irkliliyi d\u0259rinin n\u0259m balans\u0131n\u0131 poza bil\u0259r.<\/p>\n<p data-start=\"1230\" data-end=\"1306\">Daimi n\u0259ml\u0259ndirm\u0259 olmadan d\u0259ri \u00f6z parlaql\u0131\u011f\u0131n\u0131 v\u0259 elastikliyini itir\u0259 bil\u0259r.<\/p>\n<hr data-start=\"1308\" data-end=\"1311\" \/>\n<h3 data-section-id=\"ynb8lz\" data-start=\"1313\" data-end=\"1321\">H\u0259ll<\/h3>\n<p data-start=\"1323\" data-end=\"1487\">Petite Maison N\u0259ml\u0259ndirici \u00dcz Spreyi y\u00fcng\u00fcl formulaya malikdir v\u0259 d\u0259rini s\u00fcr\u0259tli \u015f\u0259kild\u0259 n\u0259ml\u0259ndirm\u0259y\u0259 k\u00f6m\u0259k edir. Sprey format\u0131 istifad\u0259sini rahat v\u0259 praktik edir.<\/p>\n<p data-start=\"1489\" data-end=\"1506\">\u018fsas \u00fcst\u00fcnl\u00fckl\u0259r:<\/p>\n<ul data-start=\"1508\" data-end=\"1676\">\n<li data-section-id=\"1einal4\" data-start=\"1508\" data-end=\"1539\">\n<p data-start=\"1510\" data-end=\"1539\">D\u0259rini intensiv n\u0259ml\u0259ndirir<\/p>\n<\/li>\n<li data-section-id=\"1ukgoh5\" data-start=\"1540\" data-end=\"1565\">\n<p data-start=\"1542\" data-end=\"1565\">T\u0259rav\u0259t hissi yarad\u0131r<\/p>\n<\/li>\n<li data-section-id=\"1ihz0xm\" data-start=\"1566\" data-end=\"1590\">\n<p data-start=\"1568\" data-end=\"1590\">Parlaql\u0131q qazand\u0131r\u0131r<\/p>\n<\/li>\n<li data-section-id=\"eydu4r\" data-start=\"1591\" data-end=\"1632\">\n<p data-start=\"1593\" data-end=\"1632\">Makiyaj \u00fcz\u0259rind\u0259 istifad\u0259 oluna bil\u0259r<\/p>\n<\/li>\n<li data-section-id=\"4nbc34\" data-start=\"1633\" data-end=\"1676\">\n<p data-start=\"1635\" data-end=\"1676\">G\u00fcn \u0259rzind\u0259 t\u0259krar t\u0259tbiq \u00fc\u00e7\u00fcn uy\u011fundur<\/p>\n<\/li>\n<\/ul>\n<p data-start=\"1678\" data-end=\"1724\">Y\u00fcng\u00fcl tekstura d\u0259rid\u0259 a\u011f\u0131rl\u0131q hissi yaratm\u0131r.<\/p>\n<hr data-start=\"1726\" data-end=\"1729\" \/>\n<h3 data-section-id=\"rgleae\" data-start=\"1731\" data-end=\"1741\">N\u0259tic\u0259<\/h3>\n<p data-start=\"1743\" data-end=\"1905\">\u0130stifad\u0259d\u0259n sonra d\u0259ri daha canl\u0131 v\u0259 balansl\u0131 g\u00f6r\u00fcn\u00fcr. Quruluq hissi azal\u0131r v\u0259 d\u0259ri daha rahat hiss olunur. G\u00fcn \u0259rzind\u0259 ehtiyac olduqda t\u0259krar t\u0259tbiq edil\u0259 bil\u0259r.<\/p>\n<hr data-start=\"1907\" data-end=\"1910\" \/>\n<h2 data-section-id=\"79i21a\" data-start=\"1912\" data-end=\"1944\">Niy\u0259 bu m\u0259hsulu se\u00e7m\u0259lisiniz?<\/h2>\n<ul data-start=\"1946\" data-end=\"2096\">\n<li data-section-id=\"1i2kq2x\" data-start=\"1946\" data-end=\"1971\">\n<p data-start=\"1948\" data-end=\"1971\">Praktik sprey format\u0131<\/p>\n<\/li>\n<li data-section-id=\"17h4pao\" data-start=\"1972\" data-end=\"2002\">\n<p data-start=\"1974\" data-end=\"2002\">G\u00fcnl\u00fck istifad\u0259y\u0259 uy\u011fundur<\/p>\n<\/li>\n<li data-section-id=\"vq2pf3\" data-start=\"2003\" data-end=\"2044\">\n<p data-start=\"2005\" data-end=\"2044\">Makiyaj \u00fcz\u0259rind\u0259 istifad\u0259 edil\u0259 bil\u0259r<\/p>\n<\/li>\n<li data-section-id=\"1awomwk\" data-start=\"2045\" data-end=\"2064\">\n<p data-start=\"2047\" data-end=\"2064\">D\u0259rini qurutmur<\/p>\n<\/li>\n<li data-section-id=\"196hnmz\" data-start=\"2065\" data-end=\"2096\">\n<p data-start=\"2067\" data-end=\"2096\">H\u0259r d\u0259ri tipi \u00fc\u00e7\u00fcn uy\u011fundur<\/p>\n<\/li>\n<\/ul>\n<hr data-start=\"2098\" data-end=\"2101\" \/>\n<h2 data-section-id=\"1ix87lb\" data-start=\"2103\" data-end=\"2122\">\u0130stifad\u0259 Qaydas\u0131<\/h2>\n<ol data-start=\"2124\" data-end=\"2298\">\n<li data-section-id=\"a38cpo\" data-start=\"2124\" data-end=\"2184\">\n<p data-start=\"2127\" data-end=\"2184\">G\u00f6zl\u0259rinizi yumaraq \u00fczd\u0259n 20\u201325 sm m\u0259saf\u0259d\u0259n p\u00fcsk\u00fcrd\u00fcn.<\/p>\n<\/li>\n<li data-section-id=\"63i3p6\" data-start=\"2185\" data-end=\"2243\">\n<p data-start=\"2188\" data-end=\"2243\">\u00d6z-\u00f6z\u00fcn\u0259 qurumas\u0131n\u0131 g\u00f6zl\u0259yin v\u0259 ya y\u00fcng\u00fcl masaj edin.<\/p>\n<\/li>\n<li data-section-id=\"w7pmah\" data-start=\"2244\" data-end=\"2298\">\n<p data-start=\"2247\" data-end=\"2298\">G\u00fcn \u0259rzind\u0259 ehtiyac olduqda t\u0259krar istifad\u0259 edin.<\/p>\n<\/li>\n<\/ol>\n<hr data-start=\"2300\" data-end=\"2303\" \/>\n<h2 data-section-id=\"1xwdj0s\" data-start=\"2305\" data-end=\"2312\">Qeyd<\/h2>\n<p data-start=\"2314\" data-end=\"2377\">Yaln\u0131z xarici istifad\u0259 \u00fc\u00e7\u00fcnd\u00fcr. G\u00f6zl\u0259 birba\u015fa t\u0259masdan qa\u00e7\u0131n\u0131n.<\/p>","protected":false},"excerpt":{"rendered":"<p>Petite Maison N\u0259ml\u0259ndirici \u00dcz Spreyi d\u0259rini n\u0259ml\u0259ndirir, t\u0259rav\u0259t verir v\u0259 makiyaj \u00fcz\u0259rind\u0259 bel\u0259 istifad\u0259 \u00fc\u00e7\u00fcn uy\u011fundur.<\/p>","protected":false},"featured_media":9334,"comment_status":"open","ping_status":"closed","template":"","meta":[],"pwb-brand":[402],"product_cat":[127,150,144],"product_tag":[],"class_list":{"0":"post-9333","1":"product","2":"type-product","3":"status-publish","4":"has-post-thumbnail","6":"pwb-brand-petite-maison","7":"product_cat-face-care","8":"product_cat-face-toner","9":"product_cat-face-vitamins","10":"pa_size-100ml","13":"instock","14":"shipping-taxable","15":"purchasable","16":"product-type-simple"},"brands":[{"id":402,"name":"Petite Maison","slug":"petite-maison"}],"_links":{"self":[{"href":"https:\/\/axtarstore.com\/ru\/wp-json\/wp\/v2\/product\/9333"}],"collection":[{"href":"https:\/\/axtarstore.com\/ru\/wp-json\/wp\/v2\/product"}],"about":[{"href":"https:\/\/axtarstore.com\/ru\/wp-json\/wp\/v2\/types\/product"}],"replies":[{"embeddable":true,"href":"https:\/\/axtarstore.com\/ru\/wp-json\/wp\/v2\/comments?post=9333"}],"version-history":[{"count":3,"href":"https:\/\/axtarstore.com\/ru\/wp-json\/wp\/v2\/product\/9333\/revisions"}],"predecessor-version":[{"id":11324,"href":"https:\/\/axtarstore.com\/ru\/wp-json\/wp\/v2\/product\/9333\/revisions\/11324"}],"wp:featuredmedia":[{"embeddable":true,"href":"https:\/\/axtarstore.com\/ru\/wp-json\/wp\/v2\/media\/9334"}],"wp:attachment":[{"href":"https:\/\/axtarstore.com\/ru\/wp-json\/wp\/v2\/media?parent=9333"}],"wp:term":[{"taxonomy":"pwb-brand","embeddable":true,"href":"https:\/\/axtarstore.com\/ru\/wp-json\/wp\/v2\/pwb-brand?post=9333"},{"taxonomy":"product_cat","embeddable":true,"href":"https:\/\/axtarstore.com\/ru\/wp-json\/wp\/v2\/product_cat?post=9333"},{"taxonomy":"product_tag","embeddable":true,"href":"https:\/\/axtarstore.com\/ru\/wp-json\/wp\/v2\/product_tag?post=9333"}],"curies":[{"name":"wp","href":"https:\/\/api.w.org\/{rel}","templated":true}]}}