{"id":9328,"date":"2025-03-03T23:41:34","date_gmt":"2025-03-03T19:41:34","guid":{"rendered":"https:\/\/axtarstore.com\/?post_type=product&#038;p=9328"},"modified":"2025-03-03T23:41:34","modified_gmt":"2025-03-03T19:41:34","slug":"petite-maison-facial-sheet-detoxifying-mask-25ml","status":"publish","type":"product","link":"https:\/\/axtarstore.com\/ru\/product\/petite-maison-facial-sheet-detoxifying-mask-25ml\/","title":{"rendered":"Petite Maison Facial Sheet Detoxifying Mask 25ml"},"content":{"rendered":"<p>Petite Maison \u00dcz v\u0259r\u0259qi Maskas\u0131 25 ml d\u0259rini n\u0259ml\u0259ndir\u0259n v\u0259 s\u0131x kird\u0259n t\u0259mizl\u0259y\u0259n detoksifikasiya edici qulluq maskas\u0131d\u0131r. D\u0259rinin d\u0259rin gigiyenas\u0131n\u0131 t\u0259min edir v\u0259 n\u0259m terapiyas\u0131n\u0131 d\u0259st\u0259kl\u0259yir. \u018fn vacib komponentl\u0259rd\u0259n biri olan \u00e7ay a\u011fac\u0131 ekstrakt\u0131; D\u0259rini virus v\u0259 bakteriyalardan t\u0259mizl\u0259y\u0259n t\u0259sir\u0259 malikdir. D\u0259rinin ehtiyac duydu\u011fu t\u0259mizl\u0259m\u0259 v\u0259 t\u0259mir\u0259 k\u00f6m\u0259k edir. Qa\u015f\u0131nt\u0131 v\u0259 q\u0131zart\u0131 kimi d\u0259ri probleml\u0259rinin qar\u015f\u0131s\u0131n\u0131 al\u0131r. D\u0259ri x\u0259st\u0259likl\u0259rinin sa\u011falmas\u0131n\u0131 v\u0259 aradan qald\u0131r\u0131lmas\u0131n\u0131 d\u0259st\u0259kl\u0259yir. Bu \u015f\u0259kild\u0259 d\u0259rini qidaland\u0131raraq yenil\u0259yir. Daha t\u0259rav\u0259tl\u0259ndirici v\u0259 t\u0259bii effekt t\u0259qdim edir. Petite Maison \u00dcz D\u0259ri Maskas\u0131 25 ml Detoxifying d\u0259rini n\u0259ml\u0259ndirir v\u0259 t\u0259rkibind\u0259ki Hialuron tur\u015fusu say\u0259sind\u0259 ehtiyac duydu\u011fu n\u0259mi t\u0259min edir. Hialuron tur\u015fusu b\u0259rpaedici v\u0259 yum\u015fald\u0131c\u0131 t\u0259sir g\u00f6st\u0259rir. Bu \u015f\u0259kild\u0259 d\u0259ri canl\u0131 v\u0259 parlaq g\u00f6r\u00fcn\u00fcr. Petite Maison Facial Sheet Mask 25 ml Detoxifying komponentl\u0259rind\u0259n biri olan \u00e7\u0259hray\u0131 qreypfrut ekstrakt\u0131 d\u0259rini yenil\u0259y\u0259r\u0259k sa\u011flam h\u00fcceyr\u0259l\u0259rin \u0259m\u0259l\u0259 g\u0259lm\u0259sini d\u0259st\u0259kl\u0259yir. Ya\u015flanma prosesind\u0259 yaranan kollagen \u00e7at\u0131\u015fmazl\u0131\u011f\u0131n\u0131 aradan qald\u0131rma\u011fa k\u00f6m\u0259k edir. D\u0259rini d\u0259rind\u0259n t\u0259mizl\u0259y\u0259r\u0259k detoks effektini d\u0259st\u0259kl\u0259yir. Eyni zamanda \u0259traf m\u00fchit faktorlar\u0131n\u0131n yaratd\u0131\u011f\u0131 z\u0259r\u0259rli t\u0259sirl\u0259rin d\u0259rid\u0259n \u00e7\u0131xar\u0131lmas\u0131nda yax\u015f\u0131 d\u0259st\u0259k\u00e7idir.<\/p>","protected":false},"excerpt":{"rendered":"<p>Petite Maison \u00dcz v\u0259r\u0259qi Maskas\u0131 25 ml d\u0259rini n\u0259ml\u0259ndir\u0259n v\u0259 s\u0131x kird\u0259n t\u0259mizl\u0259y\u0259n detoksifikasiya edici qulluq maskas\u0131d\u0131r. D\u0259rinin d\u0259rin gigiyenas\u0131n\u0131 t\u0259min edir v\u0259 n\u0259m terapiyas\u0131n\u0131 d\u0259st\u0259kl\u0259yir. \u018fn vacib komponentl\u0259rd\u0259n biri olan \u00e7ay a\u011fac\u0131 ekstrakt\u0131; D\u0259rini virus v\u0259 bakteriyalardan t\u0259mizl\u0259y\u0259n t\u0259sir\u0259 malikdir. D\u0259rinin ehtiyac duydu\u011fu t\u0259mizl\u0259m\u0259 v\u0259 t\u0259mir\u0259 k\u00f6m\u0259k edir. Qa\u015f\u0131nt\u0131 v\u0259 q\u0131zart\u0131 kimi d\u0259ri probleml\u0259rinin &hellip; <a href=\"https:\/\/axtarstore.com\/ru\/product\/petite-maison-facial-sheet-detoxifying-mask-25ml\/\" class=\"more-link\">Continue reading <span class=\"screen-reader-text\">Petite Maison Facial Sheet Detoxifying Mask 25ml<\/span><\/a><\/p>","protected":false},"featured_media":9329,"comment_status":"open","ping_status":"closed","template":"","meta":[],"pwb-brand":[402],"product_cat":[127,145],"product_tag":[],"class_list":{"0":"post-9328","1":"product","2":"type-product","3":"status-publish","4":"has-post-thumbnail","6":"pwb-brand-petite-maison","7":"product_cat-face-care","8":"product_cat-face-masks","9":"pa_size-25ml","12":"instock","13":"shipping-taxable","14":"purchasable","15":"product-type-simple"},"brands":[{"id":402,"name":"Petite Maison","slug":"petite-maison"}],"_links":{"self":[{"href":"https:\/\/axtarstore.com\/ru\/wp-json\/wp\/v2\/product\/9328"}],"collection":[{"href":"https:\/\/axtarstore.com\/ru\/wp-json\/wp\/v2\/product"}],"about":[{"href":"https:\/\/axtarstore.com\/ru\/wp-json\/wp\/v2\/types\/product"}],"replies":[{"embeddable":true,"href":"https:\/\/axtarstore.com\/ru\/wp-json\/wp\/v2\/comments?post=9328"}],"version-history":[{"count":2,"href":"https:\/\/axtarstore.com\/ru\/wp-json\/wp\/v2\/product\/9328\/revisions"}],"predecessor-version":[{"id":9332,"href":"https:\/\/axtarstore.com\/ru\/wp-json\/wp\/v2\/product\/9328\/revisions\/9332"}],"wp:featuredmedia":[{"embeddable":true,"href":"https:\/\/axtarstore.com\/ru\/wp-json\/wp\/v2\/media\/9329"}],"wp:attachment":[{"href":"https:\/\/axtarstore.com\/ru\/wp-json\/wp\/v2\/media?parent=9328"}],"wp:term":[{"taxonomy":"pwb-brand","embeddable":true,"href":"https:\/\/axtarstore.com\/ru\/wp-json\/wp\/v2\/pwb-brand?post=9328"},{"taxonomy":"product_cat","embeddable":true,"href":"https:\/\/axtarstore.com\/ru\/wp-json\/wp\/v2\/product_cat?post=9328"},{"taxonomy":"product_tag","embeddable":true,"href":"https:\/\/axtarstore.com\/ru\/wp-json\/wp\/v2\/product_tag?post=9328"}],"curies":[{"name":"wp","href":"https:\/\/api.w.org\/{rel}","templated":true}]}}