{"id":9325,"date":"2025-03-03T23:37:19","date_gmt":"2025-03-03T19:37:19","guid":{"rendered":"https:\/\/axtarstore.com\/?post_type=product&#038;p=9325"},"modified":"2025-03-03T23:37:19","modified_gmt":"2025-03-03T19:37:19","slug":"petite-maison-shampoo-hair-loss-prevention-300ml","status":"publish","type":"product","link":"https:\/\/axtarstore.com\/ru\/product\/petite-maison-shampoo-hair-loss-prevention-300ml\/","title":{"rendered":"Petite Maison Shampoo Hair Loss Prevention 300ml"},"content":{"rendered":"<p>Sa\u00e7 bax\u0131m\u0131 yax\u015f\u0131 t\u0259mizl\u0259nm\u0259 prosesi il\u0259 ba\u015flay\u0131r. Petite Maison \u015eampun 300 ml H\u0259cml\u0259ndirici t\u0259rkibind\u0259ki g\u00fccl\u0259ndiricil\u0259rl\u0259 sa\u00e7lar\u0131 k\u00f6kd\u0259n uca q\u0259d\u0259r d\u0259rind\u0259n t\u0259mizl\u0259yir. Dig\u0259r \u015fampunlardan f\u0259rqli olaraq sa\u00e7a intensiv h\u0259cm verir. Daha dol\u011fun, daha yum\u015faq v\u0259 h\u0259cmli g\u00f6r\u00fcn\u00fc\u015f t\u0259min edir. Sa\u00e7 t\u0259mizl\u0259m\u0259 prosesini h\u0259yata ke\u00e7ir\u0259rk\u0259n, a\u015f\u0131nma v\u0259 q\u0131r\u0131lmalar\u0131n qar\u015f\u0131s\u0131n\u0131 alma\u011fa k\u00f6m\u0259k edir. Sa\u00e7lar\u0131 t\u0259mizl\u0259y\u0259rk\u0259n h\u0259m d\u0259 b\u0259rpaedici t\u0259sir\u0259 malikdir. Petite Maison \u015eampun 300 ml Volumizing sa\u00e7a qulluq effektin\u0259 malik kameliya ya\u011f\u0131 ekstrakt\u0131 ehtiva edir. Oleik tur\u015fusu (omeqa 9) v\u0259 linoleik tur\u015fu komponentl\u0259rind\u0259n ibar\u0259t kameliya ya\u011f\u0131 sa\u00e7lara parlaq par\u0131lt\u0131 verir. Eyni zamanda sa\u00e7lar\u0131 qidaland\u0131raraq daha h\u0259cmli g\u00f6r\u00fcn\u00fc\u015f qazanmas\u0131na k\u00f6m\u0259k edir. Petite Maison Kondisioner 200 ml Volumizing t\u0259rkibind\u0259 kamelya ya\u011f\u0131 var. Sa\u00e7 kreminin h\u0259cmi t\u0259rkibind\u0259ki kamelya ya\u011f\u0131ndan qaynaqlan\u0131r. Sa\u00e7lar\u0131n daha h\u0259cmli v\u0259 qal\u0131n g\u00f6r\u00fcnm\u0259sin\u0259 d\u0259st\u0259k olur. Kamelya ya\u011f\u0131n\u0131n t\u0259rkibind\u0259 olan oleik tur\u015fusu (omeqa-9) v\u0259 linoleik tur\u015fu sa\u00e7lara parlaql\u0131q qatmaqla yana\u015f\u0131, qidalanma\u011fa k\u00f6m\u0259k edir. X\u00fcsusil\u0259 sa\u00e7 qurulu\u011fu kimi probleml\u0259rin qar\u015f\u0131s\u0131n\u0131 almaqda t\u0259sirlidir. Sa\u00e7lara n\u0259m v\u0259 parlaql\u0131q verir. Da\u011f\u0131lan sa\u00e7lar\u0131n b\u0259rpas\u0131nda g\u00fccl\u00fc bir d\u0259st\u0259k\u00e7idir. Kamelya ya\u011f\u0131 t\u0259rkibind\u0259ki polifenollar v\u0259 E vitamini say\u0259sind\u0259 sa\u00e7 k\u00f6kl\u0259rinin ehtiyac duydu\u011fu oksigeni qar\u015f\u0131lama\u011fa k\u00f6m\u0259k edir. K\u0259p\u0259k v\u0259 uclar\u0131n par\u00e7alanmas\u0131 kimi probleml\u0259rin qar\u015f\u0131s\u0131n\u0131 al\u0131r.<\/p>","protected":false},"excerpt":{"rendered":"<p>Sa\u00e7 bax\u0131m\u0131 yax\u015f\u0131 t\u0259mizl\u0259nm\u0259 prosesi il\u0259 ba\u015flay\u0131r. Petite Maison \u015eampun 300 ml H\u0259cml\u0259ndirici t\u0259rkibind\u0259ki g\u00fccl\u0259ndiricil\u0259rl\u0259 sa\u00e7lar\u0131 k\u00f6kd\u0259n uca q\u0259d\u0259r d\u0259rind\u0259n t\u0259mizl\u0259yir. Dig\u0259r \u015fampunlardan f\u0259rqli olaraq sa\u00e7a intensiv h\u0259cm verir. Daha dol\u011fun, daha yum\u015faq v\u0259 h\u0259cmli g\u00f6r\u00fcn\u00fc\u015f t\u0259min edir. Sa\u00e7 t\u0259mizl\u0259m\u0259 prosesini h\u0259yata ke\u00e7ir\u0259rk\u0259n, a\u015f\u0131nma v\u0259 q\u0131r\u0131lmalar\u0131n qar\u015f\u0131s\u0131n\u0131 alma\u011fa k\u00f6m\u0259k edir. Sa\u00e7lar\u0131 t\u0259mizl\u0259y\u0259rk\u0259n h\u0259m d\u0259 b\u0259rpaedici &hellip; <a href=\"https:\/\/axtarstore.com\/ru\/product\/petite-maison-shampoo-hair-loss-prevention-300ml\/\" class=\"more-link\">Continue reading <span class=\"screen-reader-text\">Petite Maison Shampoo Hair Loss Prevention 300ml<\/span><\/a><\/p>","protected":false},"featured_media":9326,"comment_status":"open","ping_status":"closed","template":"","meta":[],"pwb-brand":[402],"product_cat":[126,133],"product_tag":[],"class_list":{"0":"post-9325","1":"product","2":"type-product","3":"status-publish","4":"has-post-thumbnail","6":"pwb-brand-petite-maison","7":"product_cat-haircare","8":"product_cat-shampoo","9":"pa_size-300ml","12":"instock","13":"shipping-taxable","14":"purchasable","15":"product-type-simple"},"brands":[{"id":402,"name":"Petite Maison","slug":"petite-maison"}],"_links":{"self":[{"href":"https:\/\/axtarstore.com\/ru\/wp-json\/wp\/v2\/product\/9325"}],"collection":[{"href":"https:\/\/axtarstore.com\/ru\/wp-json\/wp\/v2\/product"}],"about":[{"href":"https:\/\/axtarstore.com\/ru\/wp-json\/wp\/v2\/types\/product"}],"replies":[{"embeddable":true,"href":"https:\/\/axtarstore.com\/ru\/wp-json\/wp\/v2\/comments?post=9325"}],"version-history":[{"count":1,"href":"https:\/\/axtarstore.com\/ru\/wp-json\/wp\/v2\/product\/9325\/revisions"}],"predecessor-version":[{"id":9327,"href":"https:\/\/axtarstore.com\/ru\/wp-json\/wp\/v2\/product\/9325\/revisions\/9327"}],"wp:featuredmedia":[{"embeddable":true,"href":"https:\/\/axtarstore.com\/ru\/wp-json\/wp\/v2\/media\/9326"}],"wp:attachment":[{"href":"https:\/\/axtarstore.com\/ru\/wp-json\/wp\/v2\/media?parent=9325"}],"wp:term":[{"taxonomy":"pwb-brand","embeddable":true,"href":"https:\/\/axtarstore.com\/ru\/wp-json\/wp\/v2\/pwb-brand?post=9325"},{"taxonomy":"product_cat","embeddable":true,"href":"https:\/\/axtarstore.com\/ru\/wp-json\/wp\/v2\/product_cat?post=9325"},{"taxonomy":"product_tag","embeddable":true,"href":"https:\/\/axtarstore.com\/ru\/wp-json\/wp\/v2\/product_tag?post=9325"}],"curies":[{"name":"wp","href":"https:\/\/api.w.org\/{rel}","templated":true}]}}