{"id":9321,"date":"2025-03-03T23:31:42","date_gmt":"2025-03-03T19:31:42","guid":{"rendered":"https:\/\/axtarstore.com\/?post_type=product&#038;p=9321"},"modified":"2025-03-03T23:37:34","modified_gmt":"2025-03-03T19:37:34","slug":"petite-maison-micellar-water-200ml","status":"publish","type":"product","link":"https:\/\/axtarstore.com\/ru\/product\/petite-maison-micellar-water-200ml\/","title":{"rendered":"Petite Maison Micellar Water 200ml"},"content":{"rendered":"<p>Petite Maison Micellar Water 200 ml d\u0259riy\u0259 v\u0259 makiyaj\u0131 t\u0259mizl\u0259m\u0259 prosesin\u0259 d\u0259st\u0259kl\u0259yici t\u0259sir g\u00f6st\u0259rir. D\u0259rini d\u0259rind\u0259n t\u0259mizl\u0259y\u0259rk\u0259n tonal b\u0259rab\u0259rliyi t\u0259min etm\u0259y\u0259 k\u00f6m\u0259k edir. D\u0259rinin n\u0259m balans\u0131n\u0131 qoruyur v\u0259 yum\u015faq toxunu\u015f verir. Daimi istifad\u0259si il\u0259 d\u0259rinin t\u0259miz qalmas\u0131na k\u00f6m\u0259k edir. \u018fg\u0259r Petite Maison Micellar Water 200 ml istifad\u0259 edirsinizs\u0259, makiyaj t\u0259mizl\u0259yici su v\u0259 ya n\u0259ml\u0259ndirici kremd\u0259n istifad\u0259 etm\u0259yiniz\u0259 ehtiyac yoxdur. \u00c7\u00fcnki d\u0259riy\u0259 intensiv n\u0259m terapiyas\u0131 t\u0259min etm\u0259kd\u0259 k\u00f6m\u0259k\u00e7idir. D\u0259rini t\u0259rav\u0259tl\u0259ndirir v\u0259 yenil\u0259nm\u0259sini t\u0259min edir. T\u0259rkibind\u0259ki qidaland\u0131r\u0131c\u0131 madd\u0259l\u0259r say\u0259sind\u0259 d\u0259rini t\u0259mizl\u0259m\u0259k \u00fc\u00e7\u00fcn t\u0259hl\u00fck\u0259siz v\u0259 sa\u011flam \u00fcsuldur. Petite Maison Micellar Water 200 ml t\u0259rkibind\u0259 Pink Qreypfrut ekstrakt\u0131 var. Sa\u011flam d\u0259ri h\u00fcceyr\u0259l\u0259rinin formala\u015fmas\u0131na t\u0259sir ed\u0259n amin tur\u015fular\u0131 say\u0259sind\u0259 d\u0259rini t\u0259rav\u0259tl\u0259ndirir. \u00c7\u0259hray\u0131 Qreypfrut antioksidan x\u00fcsusiyy\u0259tl\u0259r\u0259 malik oldu\u011fundan d\u0259rinizi m\u00fcmk\u00fcn \u0259traf m\u00fchit faktorlar\u0131ndan qoruyur. Eyni zamanda Petite Maison Micellar Water 200 ml kollagen istehsal\u0131n\u0131 t\u0259min edir v\u0259 d\u0259rid\u0259 qocalman\u0131 gecikdirm\u0259y\u0259 k\u00f6m\u0259k edir. Petite Maison Micellar Water 200 ml il\u0259 t\u0259tbiq olunan d\u0259ri d\u0259rind\u0259n t\u0259mizl\u0259nir v\u0259 hamar v\u0259 yum\u015faq tekstura qazan\u0131r. H\u0259ssas qulluq effektin\u0259 malik oldu\u011fu \u00fc\u00e7\u00fcn b\u00fct\u00fcn d\u0259ri tipl\u0259ri \u00fc\u00e7\u00fcn uy\u011fundur. D\u0259rini t\u0259rav\u0259tl\u0259ndirir v\u0259 n\u0259ml\u0259ndirir.<\/p>","protected":false},"excerpt":{"rendered":"<p>Petite Maison Micellar Water 200 ml d\u0259riy\u0259 v\u0259 makiyaj\u0131 t\u0259mizl\u0259m\u0259 prosesin\u0259 d\u0259st\u0259kl\u0259yici t\u0259sir g\u00f6st\u0259rir. D\u0259rini d\u0259rind\u0259n t\u0259mizl\u0259y\u0259rk\u0259n tonal b\u0259rab\u0259rliyi t\u0259min etm\u0259y\u0259 k\u00f6m\u0259k edir. D\u0259rinin n\u0259m balans\u0131n\u0131 qoruyur v\u0259 yum\u015faq toxunu\u015f verir. Daimi istifad\u0259si il\u0259 d\u0259rinin t\u0259miz qalmas\u0131na k\u00f6m\u0259k edir. \u018fg\u0259r Petite Maison Micellar Water 200 ml istifad\u0259 edirsinizs\u0259, makiyaj t\u0259mizl\u0259yici su v\u0259 ya n\u0259ml\u0259ndirici kremd\u0259n &hellip; <a href=\"https:\/\/axtarstore.com\/ru\/product\/petite-maison-micellar-water-200ml\/\" class=\"more-link\">Continue reading <span class=\"screen-reader-text\">Petite Maison Micellar Water 200ml<\/span><\/a><\/p>","protected":false},"featured_media":9322,"comment_status":"open","ping_status":"closed","template":"","meta":[],"pwb-brand":[402],"product_cat":[149,127,144,147],"product_tag":[],"class_list":{"0":"post-9321","1":"product","2":"type-product","3":"status-publish","4":"has-post-thumbnail","6":"pwb-brand-petite-maison","7":"product_cat-makeup-remover","8":"product_cat-face-care","9":"product_cat-face-vitamins","10":"product_cat-face-wash","11":"pa_size-200ml","14":"instock","15":"shipping-taxable","16":"purchasable","17":"product-type-simple"},"brands":[{"id":402,"name":"Petite Maison","slug":"petite-maison"}],"_links":{"self":[{"href":"https:\/\/axtarstore.com\/ru\/wp-json\/wp\/v2\/product\/9321"}],"collection":[{"href":"https:\/\/axtarstore.com\/ru\/wp-json\/wp\/v2\/product"}],"about":[{"href":"https:\/\/axtarstore.com\/ru\/wp-json\/wp\/v2\/types\/product"}],"replies":[{"embeddable":true,"href":"https:\/\/axtarstore.com\/ru\/wp-json\/wp\/v2\/comments?post=9321"}],"version-history":[{"count":1,"href":"https:\/\/axtarstore.com\/ru\/wp-json\/wp\/v2\/product\/9321\/revisions"}],"predecessor-version":[{"id":9324,"href":"https:\/\/axtarstore.com\/ru\/wp-json\/wp\/v2\/product\/9321\/revisions\/9324"}],"wp:featuredmedia":[{"embeddable":true,"href":"https:\/\/axtarstore.com\/ru\/wp-json\/wp\/v2\/media\/9322"}],"wp:attachment":[{"href":"https:\/\/axtarstore.com\/ru\/wp-json\/wp\/v2\/media?parent=9321"}],"wp:term":[{"taxonomy":"pwb-brand","embeddable":true,"href":"https:\/\/axtarstore.com\/ru\/wp-json\/wp\/v2\/pwb-brand?post=9321"},{"taxonomy":"product_cat","embeddable":true,"href":"https:\/\/axtarstore.com\/ru\/wp-json\/wp\/v2\/product_cat?post=9321"},{"taxonomy":"product_tag","embeddable":true,"href":"https:\/\/axtarstore.com\/ru\/wp-json\/wp\/v2\/product_tag?post=9321"}],"curies":[{"name":"wp","href":"https:\/\/api.w.org\/{rel}","templated":true}]}}