{"id":9318,"date":"2025-03-03T23:27:33","date_gmt":"2025-03-03T19:27:33","guid":{"rendered":"https:\/\/axtarstore.com\/?post_type=product&#038;p=9318"},"modified":"2025-03-03T23:27:33","modified_gmt":"2025-03-03T19:27:33","slug":"petite-maison-shimmer-peel-of-mask-anti-pollution-10gr","status":"publish","type":"product","link":"https:\/\/axtarstore.com\/ru\/product\/petite-maison-shimmer-peel-of-mask-anti-pollution-10gr\/","title":{"rendered":"Petite Maison, Shimmer Peel Of Mask Anti Pollution 10Gr"},"content":{"rendered":"<p>Petite Maison Shimmer Sebum Control Peel Off Mask 10 g d\u0259riy\u0259 qulluqda t\u0259mizl\u0259yici t\u0259sir g\u00f6st\u0259r\u0259n \u00fcz bax\u0131m\u0131 maskas\u0131d\u0131r. Qab\u0131qlanan formas\u0131 il\u0259 asan istifad\u0259 \u00fcst\u00fcnl\u00fcy\u00fc t\u0259qdim edir. M\u0259sam\u0259l\u0259ri d\u0259rind\u0259n t\u0259mizl\u0259yir, kird\u0259n v\u0259 bakteriyalardan t\u0259mizl\u0259nm\u0259y\u0259 k\u00f6m\u0259k edir. D\u0259rid\u0259ki m\u0259sam\u0259l\u0259rin g\u00f6r\u00fcn\u00fc\u015f\u00fcn\u00fc azaltmaqda t\u0259sirli bir qulluq vasit\u0259sidir. T\u0259rkibind\u0259ki \u00fcz\u00fcm toxumu ekstrakt\u0131 d\u0259rini n\u0259ml\u0259ndirir v\u0259 elastiklik qazanmas\u0131na k\u00f6m\u0259k edir. D\u0259riy\u0259 yum\u015faq v\u0259 hamar t\u0259sir g\u00f6st\u0259rm\u0259y\u0259 k\u00f6m\u0259k edir. D\u0259ri tonunda olan b\u0259rab\u0259rsizlikl\u0259ri aradan qald\u0131r\u0131r v\u0259 z\u0259r\u0259rli g\u00fcn\u0259\u015f i\u015f\u0131\u011f\u0131ndan qoruyur. T\u0259rkibind\u0259ki antioksidant t\u0259rkibi il\u0259 hava \u015f\u0259raiti kimi \u0259traf m\u00fchit faktorlar\u0131ndan qorunma\u011f\u0131n yax\u015f\u0131 bir d\u0259st\u0259k\u00e7isidir.<\/p>","protected":false},"excerpt":{"rendered":"<p>Petite Maison Shimmer Sebum Control Peel Off Mask 10 g d\u0259riy\u0259 qulluqda t\u0259mizl\u0259yici t\u0259sir g\u00f6st\u0259r\u0259n \u00fcz bax\u0131m\u0131 maskas\u0131d\u0131r. Qab\u0131qlanan formas\u0131 il\u0259 asan istifad\u0259 \u00fcst\u00fcnl\u00fcy\u00fc t\u0259qdim edir. M\u0259sam\u0259l\u0259ri d\u0259rind\u0259n t\u0259mizl\u0259yir, kird\u0259n v\u0259 bakteriyalardan t\u0259mizl\u0259nm\u0259y\u0259 k\u00f6m\u0259k edir. D\u0259rid\u0259ki m\u0259sam\u0259l\u0259rin g\u00f6r\u00fcn\u00fc\u015f\u00fcn\u00fc azaltmaqda t\u0259sirli bir qulluq vasit\u0259sidir. T\u0259rkibind\u0259ki \u00fcz\u00fcm toxumu ekstrakt\u0131 d\u0259rini n\u0259ml\u0259ndirir v\u0259 elastiklik qazanmas\u0131na k\u00f6m\u0259k edir. D\u0259riy\u0259 &hellip; <a href=\"https:\/\/axtarstore.com\/ru\/product\/petite-maison-shimmer-peel-of-mask-anti-pollution-10gr\/\" class=\"more-link\">Continue reading <span class=\"screen-reader-text\">Petite Maison, Shimmer Peel Of Mask Anti Pollution 10Gr<\/span><\/a><\/p>","protected":false},"featured_media":9319,"comment_status":"open","ping_status":"closed","template":"","meta":[],"pwb-brand":[402],"product_cat":[127,145],"product_tag":[],"class_list":{"0":"post-9318","1":"product","2":"type-product","3":"status-publish","4":"has-post-thumbnail","6":"pwb-brand-petite-maison","7":"product_cat-face-care","8":"product_cat-face-masks","9":"pa_size-10grm","12":"instock","13":"shipping-taxable","14":"purchasable","15":"product-type-simple"},"brands":[{"id":402,"name":"Petite Maison","slug":"petite-maison"}],"_links":{"self":[{"href":"https:\/\/axtarstore.com\/ru\/wp-json\/wp\/v2\/product\/9318"}],"collection":[{"href":"https:\/\/axtarstore.com\/ru\/wp-json\/wp\/v2\/product"}],"about":[{"href":"https:\/\/axtarstore.com\/ru\/wp-json\/wp\/v2\/types\/product"}],"replies":[{"embeddable":true,"href":"https:\/\/axtarstore.com\/ru\/wp-json\/wp\/v2\/comments?post=9318"}],"version-history":[{"count":1,"href":"https:\/\/axtarstore.com\/ru\/wp-json\/wp\/v2\/product\/9318\/revisions"}],"predecessor-version":[{"id":9320,"href":"https:\/\/axtarstore.com\/ru\/wp-json\/wp\/v2\/product\/9318\/revisions\/9320"}],"wp:featuredmedia":[{"embeddable":true,"href":"https:\/\/axtarstore.com\/ru\/wp-json\/wp\/v2\/media\/9319"}],"wp:attachment":[{"href":"https:\/\/axtarstore.com\/ru\/wp-json\/wp\/v2\/media?parent=9318"}],"wp:term":[{"taxonomy":"pwb-brand","embeddable":true,"href":"https:\/\/axtarstore.com\/ru\/wp-json\/wp\/v2\/pwb-brand?post=9318"},{"taxonomy":"product_cat","embeddable":true,"href":"https:\/\/axtarstore.com\/ru\/wp-json\/wp\/v2\/product_cat?post=9318"},{"taxonomy":"product_tag","embeddable":true,"href":"https:\/\/axtarstore.com\/ru\/wp-json\/wp\/v2\/product_tag?post=9318"}],"curies":[{"name":"wp","href":"https:\/\/api.w.org\/{rel}","templated":true}]}}