{"id":9310,"date":"2025-03-03T23:20:47","date_gmt":"2025-03-03T19:20:47","guid":{"rendered":"https:\/\/axtarstore.com\/?post_type=product&#038;p=9310"},"modified":"2025-03-03T23:20:47","modified_gmt":"2025-03-03T19:20:47","slug":"petite-maison-uz-ucun-c%c9%99hrayi-gil-maskasi-facial-pink-clay-mask-10g","status":"publish","type":"product","link":"https:\/\/axtarstore.com\/ru\/product\/petite-maison-uz-ucun-c%c9%99hrayi-gil-maskasi-facial-pink-clay-mask-10g\/","title":{"rendered":"Petite Maison \u00dcz \u00fc\u00e7\u00fcn \u00c7\u0259hray\u0131 Gil Maskas\u0131 Facial Pink Clay Mask 10g"},"content":{"rendered":"<p>Petite Maison \u00dcz \u00fc\u00e7\u00fcn \u00c7\u0259hray\u0131 Gil Maskas\u0131 d\u0259riy\u0259 qulluq rutininiz\u0259 vacib \u0259lav\u0259dir. Bu d\u0259bd\u0259b\u0259li gil maskas\u0131 d\u0259rini d\u0259rind\u0259n t\u0259mizl\u0259yir, art\u0131q ya\u011f v\u0259 kirl\u0259ri t\u0259mizl\u0259yir, eyni zamanda intensiv n\u0259ml\u0259ndirm\u0259 v\u0259 yum\u015faq toxunu\u015f verir. \u00c7\u0259hray\u0131 Qreypfrut ekstrakt\u0131 il\u0259 z\u0259nginl\u0259\u015fdirilmi\u015f, sa\u011flam d\u0259ri h\u00fcceyr\u0259l\u0259rinin formala\u015fmas\u0131n\u0131 d\u0259st\u0259kl\u0259yir v\u0259 antioksidant qoruma t\u0259klif edir, ya\u015flanma \u0259lam\u0259tl\u0259rini gecikdirm\u0259y\u0259 v\u0259 kollagen istehsal\u0131n\u0131 t\u0259\u015fviq etm\u0259y\u0259 k\u00f6m\u0259k edir.<\/p>","protected":false},"excerpt":{"rendered":"<p>Petite Maison \u00dcz \u00fc\u00e7\u00fcn \u00c7\u0259hray\u0131 Gil Maskas\u0131 d\u0259riy\u0259 qulluq rutininiz\u0259 vacib \u0259lav\u0259dir. Bu d\u0259bd\u0259b\u0259li gil maskas\u0131 d\u0259rini d\u0259rind\u0259n t\u0259mizl\u0259yir, art\u0131q ya\u011f v\u0259 kirl\u0259ri t\u0259mizl\u0259yir, eyni zamanda intensiv n\u0259ml\u0259ndirm\u0259 v\u0259 yum\u015faq toxunu\u015f verir. \u00c7\u0259hray\u0131 Qreypfrut ekstrakt\u0131 il\u0259 z\u0259nginl\u0259\u015fdirilmi\u015f, sa\u011flam d\u0259ri h\u00fcceyr\u0259l\u0259rinin formala\u015fmas\u0131n\u0131 d\u0259st\u0259kl\u0259yir v\u0259 antioksidant qoruma t\u0259klif edir, ya\u015flanma \u0259lam\u0259tl\u0259rini gecikdirm\u0259y\u0259 v\u0259 kollagen istehsal\u0131n\u0131 t\u0259\u015fviq etm\u0259y\u0259 &hellip; <a href=\"https:\/\/axtarstore.com\/ru\/product\/petite-maison-uz-ucun-c%c9%99hrayi-gil-maskasi-facial-pink-clay-mask-10g\/\" class=\"more-link\">Continue reading <span class=\"screen-reader-text\">Petite Maison \u00dcz \u00fc\u00e7\u00fcn \u00c7\u0259hray\u0131 Gil Maskas\u0131 Facial Pink Clay Mask 10g<\/span><\/a><\/p>","protected":false},"featured_media":9311,"comment_status":"open","ping_status":"closed","template":"","meta":[],"pwb-brand":[402],"product_cat":[127,145],"product_tag":[],"class_list":{"0":"post-9310","1":"product","2":"type-product","3":"status-publish","4":"has-post-thumbnail","6":"pwb-brand-petite-maison","7":"product_cat-face-care","8":"product_cat-face-masks","9":"pa_size-10grm","12":"instock","13":"shipping-taxable","14":"purchasable","15":"product-type-simple"},"brands":[{"id":402,"name":"Petite Maison","slug":"petite-maison"}],"_links":{"self":[{"href":"https:\/\/axtarstore.com\/ru\/wp-json\/wp\/v2\/product\/9310"}],"collection":[{"href":"https:\/\/axtarstore.com\/ru\/wp-json\/wp\/v2\/product"}],"about":[{"href":"https:\/\/axtarstore.com\/ru\/wp-json\/wp\/v2\/types\/product"}],"replies":[{"embeddable":true,"href":"https:\/\/axtarstore.com\/ru\/wp-json\/wp\/v2\/comments?post=9310"}],"version-history":[{"count":1,"href":"https:\/\/axtarstore.com\/ru\/wp-json\/wp\/v2\/product\/9310\/revisions"}],"predecessor-version":[{"id":9317,"href":"https:\/\/axtarstore.com\/ru\/wp-json\/wp\/v2\/product\/9310\/revisions\/9317"}],"wp:featuredmedia":[{"embeddable":true,"href":"https:\/\/axtarstore.com\/ru\/wp-json\/wp\/v2\/media\/9311"}],"wp:attachment":[{"href":"https:\/\/axtarstore.com\/ru\/wp-json\/wp\/v2\/media?parent=9310"}],"wp:term":[{"taxonomy":"pwb-brand","embeddable":true,"href":"https:\/\/axtarstore.com\/ru\/wp-json\/wp\/v2\/pwb-brand?post=9310"},{"taxonomy":"product_cat","embeddable":true,"href":"https:\/\/axtarstore.com\/ru\/wp-json\/wp\/v2\/product_cat?post=9310"},{"taxonomy":"product_tag","embeddable":true,"href":"https:\/\/axtarstore.com\/ru\/wp-json\/wp\/v2\/product_tag?post=9310"}],"curies":[{"name":"wp","href":"https:\/\/api.w.org\/{rel}","templated":true}]}}