{"id":9307,"date":"2025-03-03T23:11:15","date_gmt":"2025-03-03T19:11:15","guid":{"rendered":"https:\/\/axtarstore.com\/?post_type=product&#038;p=9307"},"modified":"2025-03-03T23:11:15","modified_gmt":"2025-03-03T19:11:15","slug":"petite-maison-parlaq-t%c9%99mizl%c9%99yici-soyma-maskasi-shimmer-peel-off-mask-sebum-control-10g","status":"publish","type":"product","link":"https:\/\/axtarstore.com\/ru\/product\/petite-maison-parlaq-t%c9%99mizl%c9%99yici-soyma-maskasi-shimmer-peel-off-mask-sebum-control-10g\/","title":{"rendered":"Petite Maison Parlaq T\u0259mizl\u0259yici Soyma Maskas\u0131 Shimmer Peel off Mask Sebum Control 10g"},"content":{"rendered":"<p>Petite Maison Parlaq T\u0259mizl\u0259yici Soyma Maskas\u0131 10 ml Bambuk K\u00f6m\u00fcr Tozu v\u0259 \u00dcz\u00fcm Toxumu Ekstrakt\u0131 il\u0259 haz\u0131rlanm\u0131\u015f x\u00fcsusi formulas\u0131 say\u0259sind\u0259 d\u0259rini d\u0259rind\u0259n t\u0259mizl\u0259y\u0259r\u0259k d\u0259rini t\u0259mizl\u0259m\u0259y\u0259 k\u00f6m\u0259k edir. Sebum balans\u0131n\u0131 idar\u0259 ed\u0259r\u0259k art\u0131q ya\u011f\u0131n \u00e7\u0131xar\u0131lmas\u0131n\u0131 d\u0259st\u0259kl\u0259yir. M\u0259sam\u0259l\u0259ri t\u0259mizl\u0259yir v\u0259 d\u0259rinin canl\u0131 v\u0259 hamar g\u00f6r\u00fcn\u00fc\u015f\u00fcn\u00fc d\u0259st\u0259kl\u0259yir. D\u0259riy\u0259 sa\u011flam par\u0131lt\u0131 verir. T\u0259rkibind\u0259ki antioksidantlar say\u0259sind\u0259 \u00c7\u0259hray\u0131 Qreypfrut Ekstrakt\u0131 h\u00fcceyr\u0259 regenerasiyas\u0131n\u0131 d\u0259st\u0259kl\u0259yir v\u0259 kollagen istehsal\u0131na k\u00f6m\u0259k edir.<\/p>","protected":false},"excerpt":{"rendered":"<p>Petite Maison Parlaq T\u0259mizl\u0259yici Soyma Maskas\u0131 10 ml Bambuk K\u00f6m\u00fcr Tozu v\u0259 \u00dcz\u00fcm Toxumu Ekstrakt\u0131 il\u0259 haz\u0131rlanm\u0131\u015f x\u00fcsusi formulas\u0131 say\u0259sind\u0259 d\u0259rini d\u0259rind\u0259n t\u0259mizl\u0259y\u0259r\u0259k d\u0259rini t\u0259mizl\u0259m\u0259y\u0259 k\u00f6m\u0259k edir. Sebum balans\u0131n\u0131 idar\u0259 ed\u0259r\u0259k art\u0131q ya\u011f\u0131n \u00e7\u0131xar\u0131lmas\u0131n\u0131 d\u0259st\u0259kl\u0259yir. M\u0259sam\u0259l\u0259ri t\u0259mizl\u0259yir v\u0259 d\u0259rinin canl\u0131 v\u0259 hamar g\u00f6r\u00fcn\u00fc\u015f\u00fcn\u00fc d\u0259st\u0259kl\u0259yir. D\u0259riy\u0259 sa\u011flam par\u0131lt\u0131 verir. T\u0259rkibind\u0259ki antioksidantlar say\u0259sind\u0259 \u00c7\u0259hray\u0131 Qreypfrut Ekstrakt\u0131 h\u00fcceyr\u0259 &hellip; <a href=\"https:\/\/axtarstore.com\/ru\/product\/petite-maison-parlaq-t%c9%99mizl%c9%99yici-soyma-maskasi-shimmer-peel-off-mask-sebum-control-10g\/\" class=\"more-link\">Continue reading <span class=\"screen-reader-text\">Petite Maison Parlaq T\u0259mizl\u0259yici Soyma Maskas\u0131 Shimmer Peel off Mask Sebum Control 10g<\/span><\/a><\/p>","protected":false},"featured_media":9308,"comment_status":"open","ping_status":"closed","template":"","meta":[],"pwb-brand":[402],"product_cat":[127,145],"product_tag":[],"class_list":{"0":"post-9307","1":"product","2":"type-product","3":"status-publish","4":"has-post-thumbnail","6":"pwb-brand-petite-maison","7":"product_cat-face-care","8":"product_cat-face-masks","9":"pa_size-10grm","12":"instock","13":"shipping-taxable","14":"purchasable","15":"product-type-simple"},"brands":[{"id":402,"name":"Petite Maison","slug":"petite-maison"}],"_links":{"self":[{"href":"https:\/\/axtarstore.com\/ru\/wp-json\/wp\/v2\/product\/9307"}],"collection":[{"href":"https:\/\/axtarstore.com\/ru\/wp-json\/wp\/v2\/product"}],"about":[{"href":"https:\/\/axtarstore.com\/ru\/wp-json\/wp\/v2\/types\/product"}],"replies":[{"embeddable":true,"href":"https:\/\/axtarstore.com\/ru\/wp-json\/wp\/v2\/comments?post=9307"}],"version-history":[{"count":1,"href":"https:\/\/axtarstore.com\/ru\/wp-json\/wp\/v2\/product\/9307\/revisions"}],"predecessor-version":[{"id":9309,"href":"https:\/\/axtarstore.com\/ru\/wp-json\/wp\/v2\/product\/9307\/revisions\/9309"}],"wp:featuredmedia":[{"embeddable":true,"href":"https:\/\/axtarstore.com\/ru\/wp-json\/wp\/v2\/media\/9308"}],"wp:attachment":[{"href":"https:\/\/axtarstore.com\/ru\/wp-json\/wp\/v2\/media?parent=9307"}],"wp:term":[{"taxonomy":"pwb-brand","embeddable":true,"href":"https:\/\/axtarstore.com\/ru\/wp-json\/wp\/v2\/pwb-brand?post=9307"},{"taxonomy":"product_cat","embeddable":true,"href":"https:\/\/axtarstore.com\/ru\/wp-json\/wp\/v2\/product_cat?post=9307"},{"taxonomy":"product_tag","embeddable":true,"href":"https:\/\/axtarstore.com\/ru\/wp-json\/wp\/v2\/product_tag?post=9307"}],"curies":[{"name":"wp","href":"https:\/\/api.w.org\/{rel}","templated":true}]}}