{"id":9304,"date":"2025-03-03T23:03:57","date_gmt":"2025-03-03T19:03:57","guid":{"rendered":"https:\/\/axtarstore.com\/?post_type=product&#038;p=9304"},"modified":"2025-03-03T23:03:57","modified_gmt":"2025-03-03T19:03:57","slug":"petite-maison-uz-yasil-gil-maskasi-facial-green-clay-mask-10g","status":"publish","type":"product","link":"https:\/\/axtarstore.com\/ru\/product\/petite-maison-uz-yasil-gil-maskasi-facial-green-clay-mask-10g\/","title":{"rendered":"Petite Maison \u00dcz Ya\u015f\u0131l Gil Maskas\u0131 Facial Green Clay Mask 10g"},"content":{"rendered":"<p>Petite Maison \u00dcz Ya\u015f\u0131l Gil Maskas\u0131 10 ml d\u0259rid\u0259ki ya\u011f\u0131 tarazlayan v\u0259 d\u0259rinin qidalanmas\u0131n\u0131 t\u0259min ed\u0259n gil maskas\u0131d\u0131r. D\u0259riy\u0259 qulluq rutininin \u0259lav\u0259l\u0259rind\u0259n biri olan gil maskas\u0131 m\u0259sam\u0259l\u0259ri daraldan effekt yaratma\u011fa k\u00f6m\u0259k edir. D\u0259ri tonunun qeyri-b\u0259rab\u0259rliyini aradan qald\u0131raraq daha sa\u011flam g\u00f6r\u00fcn\u00fc\u015f t\u0259min edir. D\u0259rini \u00f6l\u00fc d\u0259rinlikl\u0259rd\u0259n t\u0259mizl\u0259yir, l\u0259k\u0259l\u0259rin yaratd\u0131\u011f\u0131 t\u00fcnd r\u0259ngl\u0259rin a\u00e7\u0131lmas\u0131n\u0131 t\u0259min edir. T\u0259rkibind\u0259ki \u00e7ay a\u011fac\u0131 ya\u011f\u0131 il\u0259 d\u0259rid\u0259ki virus v\u0259 bakteriyalar\u0131n t\u0259mizl\u0259nm\u0259sini d\u0259st\u0259kl\u0259yir. Buna g\u00f6r\u0259 d\u0259 d\u0259rinin ehtiyac\u0131 olan bax\u0131m v\u0259 t\u0259miri t\u0259min etm\u0259y\u0259 k\u00f6m\u0259k edir. Petite Maison \u00dcz Ya\u015f\u0131l Gil Maskas\u0131 10 ml t\u0259rkibind\u0259 niasinamid olan formulas\u0131 il\u0259 d\u0259rid\u0259ki s\u0259pgil\u0259ri aradan qald\u0131rma\u011fa k\u00f6m\u0259k edir. D\u0259rini sakitl\u0259\u015fdir\u0259r\u0259k sakitl\u0259\u015fdirm\u0259ni t\u0259min edir. T\u0259rkibind\u0259 A, E v\u0259 F vitaminl\u0259ri olan \u015fi ya\u011f\u0131 Petite Maison \u00dcz Ya\u015f\u0131l Gil Maskas\u0131n\u0131 10 ml f\u0259rqli ed\u0259n komponentl\u0259rd\u0259n biridir. D\u0259rid\u0259ki q\u0131r\u0131\u015flar\u0131n t\u0259sirini azald\u0131r v\u0259 onun dart\u0131lmas\u0131na k\u00f6m\u0259k edir. Yum\u015faq toxunu\u015f t\u0259min edir v\u0259 hamar v\u0259 parlaq g\u00f6r\u00fcn\u00fc\u015f\u00fcn\u00fc d\u0259st\u0259kl\u0259yir. Eyni zamanda t\u0259rkibind\u0259ki E vitamini d\u0259rini ultrab\u0259n\u00f6v\u015f\u0259yi \u015f\u00fcalar\u0131n yaratd\u0131\u011f\u0131 z\u0259r\u0259rli t\u0259sirl\u0259rd\u0259n qoruyur. \u015ei ya\u011f\u0131 d\u0259rini qidaland\u0131r\u0131r v\u0259 yum\u015faq \u015f\u0259kild\u0259 n\u0259ml\u0259ndirir. D\u0259rinin t\u0259l\u0259b etdiyi ya\u011f v\u0259 n\u0259m balans\u0131n\u0131 t\u0259min edir. Petite Maison \u00dcz Ya\u015f\u0131l Gil Maskas\u0131nda \u00e7\u0259hray\u0131 qreypfrut ekstrakt\u0131 10 ml sa\u011flam d\u0259ri h\u00fcceyr\u0259l\u0259rinin formala\u015fmas\u0131n\u0131 d\u0259st\u0259kl\u0259yir. D\u0259rini t\u0259rav\u0259tl\u0259ndir\u0259r\u0259k daha dinamik v\u0259 s\u0131x bir g\u00f6r\u00fcn\u00fc\u015f \u0259ld\u0259 etm\u0259y\u0259 k\u00f6m\u0259k edir. Kollagen istehsal\u0131 say\u0259sind\u0259 qocalma \u0259lam\u0259tl\u0259rinin qar\u015f\u0131s\u0131n\u0131n al\u0131nmas\u0131nda k\u00f6m\u0259k\u00e7i rol oynay\u0131r. T\u0259rkibind\u0259ki antioksidan x\u00fcsusiyy\u0259t d\u0259rini xarici amill\u0259rd\u0259n qoruma\u011fa k\u00f6m\u0259k edir.<\/p>","protected":false},"excerpt":{"rendered":"<p>Petite Maison \u00dcz Ya\u015f\u0131l Gil Maskas\u0131 10 ml d\u0259rid\u0259ki ya\u011f\u0131 tarazlayan v\u0259 d\u0259rinin qidalanmas\u0131n\u0131 t\u0259min ed\u0259n gil maskas\u0131d\u0131r. D\u0259riy\u0259 qulluq rutininin \u0259lav\u0259l\u0259rind\u0259n biri olan gil maskas\u0131 m\u0259sam\u0259l\u0259ri daraldan effekt yaratma\u011fa k\u00f6m\u0259k edir. D\u0259ri tonunun qeyri-b\u0259rab\u0259rliyini aradan qald\u0131raraq daha sa\u011flam g\u00f6r\u00fcn\u00fc\u015f t\u0259min edir. D\u0259rini \u00f6l\u00fc d\u0259rinlikl\u0259rd\u0259n t\u0259mizl\u0259yir, l\u0259k\u0259l\u0259rin yaratd\u0131\u011f\u0131 t\u00fcnd r\u0259ngl\u0259rin a\u00e7\u0131lmas\u0131n\u0131 t\u0259min edir. T\u0259rkibind\u0259ki \u00e7ay &hellip; <a href=\"https:\/\/axtarstore.com\/ru\/product\/petite-maison-uz-yasil-gil-maskasi-facial-green-clay-mask-10g\/\" class=\"more-link\">Continue reading <span class=\"screen-reader-text\">Petite Maison \u00dcz Ya\u015f\u0131l Gil Maskas\u0131 Facial Green Clay Mask 10g<\/span><\/a><\/p>","protected":false},"featured_media":9305,"comment_status":"open","ping_status":"closed","template":"","meta":[],"pwb-brand":[402],"product_cat":[127,145],"product_tag":[],"class_list":{"0":"post-9304","1":"product","2":"type-product","3":"status-publish","4":"has-post-thumbnail","6":"pwb-brand-petite-maison","7":"product_cat-face-care","8":"product_cat-face-masks","9":"pa_size-10grm","12":"instock","13":"shipping-taxable","14":"purchasable","15":"product-type-simple"},"brands":[{"id":402,"name":"Petite Maison","slug":"petite-maison"}],"_links":{"self":[{"href":"https:\/\/axtarstore.com\/ru\/wp-json\/wp\/v2\/product\/9304"}],"collection":[{"href":"https:\/\/axtarstore.com\/ru\/wp-json\/wp\/v2\/product"}],"about":[{"href":"https:\/\/axtarstore.com\/ru\/wp-json\/wp\/v2\/types\/product"}],"replies":[{"embeddable":true,"href":"https:\/\/axtarstore.com\/ru\/wp-json\/wp\/v2\/comments?post=9304"}],"version-history":[{"count":1,"href":"https:\/\/axtarstore.com\/ru\/wp-json\/wp\/v2\/product\/9304\/revisions"}],"predecessor-version":[{"id":9306,"href":"https:\/\/axtarstore.com\/ru\/wp-json\/wp\/v2\/product\/9304\/revisions\/9306"}],"wp:featuredmedia":[{"embeddable":true,"href":"https:\/\/axtarstore.com\/ru\/wp-json\/wp\/v2\/media\/9305"}],"wp:attachment":[{"href":"https:\/\/axtarstore.com\/ru\/wp-json\/wp\/v2\/media?parent=9304"}],"wp:term":[{"taxonomy":"pwb-brand","embeddable":true,"href":"https:\/\/axtarstore.com\/ru\/wp-json\/wp\/v2\/pwb-brand?post=9304"},{"taxonomy":"product_cat","embeddable":true,"href":"https:\/\/axtarstore.com\/ru\/wp-json\/wp\/v2\/product_cat?post=9304"},{"taxonomy":"product_tag","embeddable":true,"href":"https:\/\/axtarstore.com\/ru\/wp-json\/wp\/v2\/product_tag?post=9304"}],"curies":[{"name":"wp","href":"https:\/\/api.w.org\/{rel}","templated":true}]}}