{"id":9288,"date":"2025-03-03T22:48:46","date_gmt":"2025-03-03T18:48:46","guid":{"rendered":"https:\/\/axtarstore.com\/?post_type=product&#038;p=9288"},"modified":"2025-03-03T22:48:46","modified_gmt":"2025-03-03T18:48:46","slug":"petite-maison-cleansing-milk-t%c9%99mizl%c9%99yici-sud-200ml","status":"publish","type":"product","link":"https:\/\/axtarstore.com\/ru\/product\/petite-maison-cleansing-milk-t%c9%99mizl%c9%99yici-sud-200ml\/","title":{"rendered":"Petite Maison Cleansing Milk T\u0259mizl\u0259yici S\u00fcd 200ml"},"content":{"rendered":"<p>Petite Maison T\u0259mizl\u0259yici S\u00fcd 200 ml t\u0259mizl\u0259nm\u0259 prosesini d\u0259st\u0259kl\u0259y\u0259n \u00fcz t\u0259mizl\u0259yici s\u00fcdd\u00fcr. D\u0259rini z\u0259rif t\u0259mizl\u0259y\u0259rk\u0259n ehtiyac duydu\u011fu n\u0259m balans\u0131n\u0131 qoruma\u011fa k\u00f6m\u0259k edir. D\u0259rinin t\u0259bii i\u015f\u0131qland\u0131rma effektini \u0259ld\u0259 etm\u0259y\u0259 d\u0259 k\u00f6m\u0259k edir. D\u0259rinin daha sa\u011flam v\u0259 parlaq g\u00f6r\u00fcn\u00fc\u015f\u00fcn\u00fc d\u0259st\u0259kl\u0259yir. Petite Maison T\u0259mizl\u0259yici S\u00fcd 200 ml d\u0259riy\u0259 qulluq rutinind\u0259 bax\u0131m\u0131 d\u0259st\u0259kl\u0259y\u0259n m\u0259hsullardan biridir. T\u0259rkibind\u0259ki Pink Qreypfrut ekstrakt\u0131 say\u0259sind\u0259 sa\u011flam d\u0259ri h\u00fcceyr\u0259l\u0259rinin \u0259m\u0259l\u0259 g\u0259lm\u0259sini d\u0259st\u0259kl\u0259y\u0259n amin tur\u015fular\u0131n\u0131 ehtiva edir. Bu \u015f\u0259kild\u0259 d\u0259ri t\u0259z\u0259l\u0259nir v\u0259 yenil\u0259nir. G\u00fccl\u00fc antioksidant x\u00fcsusiyy\u0259tl\u0259ri il\u0259 d\u0259rinizi m\u0259nfi \u0259traf m\u00fchit faktorlar\u0131ndan qoruma\u011fa k\u00f6m\u0259k edir. Kollagen istehsal\u0131n\u0131 d\u0259st\u0259kl\u0259y\u0259r\u0259k ya\u015flanman\u0131n d\u0259riy\u0259 t\u0259sirini azaltma\u011fa k\u00f6m\u0259k edir. Dig\u0259r t\u0259r\u0259fd\u0259n, Petite Maison T\u0259mizl\u0259yici S\u00fcd\u00fcn t\u0259rkibind\u0259ki Gliserin 200 ml y\u00fcks\u0259k n\u0259ml\u0259ndirici t\u0259siri il\u0259 d\u0259riy\u0259 yum\u015faq toxunu\u015f verir. B\u00fct\u00fcn g\u00fcn d\u0259rinizin n\u0259mli v\u0259 hamar qalmas\u0131na k\u00f6m\u0259k edir. Petite Maison T\u0259mizl\u0259yici S\u00fcd 200 ml \u00fcz t\u0259mizl\u0259yici s\u00fcd\u00fc d\u0259rinin elastikliyini b\u0259rpa etm\u0259y\u0259 k\u00f6m\u0259k ed\u0259n d\u0259st\u0259kl\u0259yicidir. X\u00fcsusil\u0259 t\u0259rkibind\u0259ki E vitamini il\u0259 ultrab\u0259n\u00f6v\u015f\u0259yi \u015f\u00fcalar\u0131n d\u0259rid\u0259 yaratd\u0131\u011f\u0131 z\u0259r\u0259rli t\u0259sirl\u0259rin azalmas\u0131na t\u00f6hf\u0259 verir. Eyni zamanda d\u0259rinin xarici amill\u0259rd\u0259n qorunmas\u0131nda h\u0259ssas qulluq effekti t\u0259qdim edir. D\u0259rini qidaland\u0131r\u0131r v\u0259 t\u0259mizl\u0259ndikd\u0259n sonra daha parlaq v\u0259 t\u0259bii g\u00f6r\u00fcn\u00fc\u015f qazanmas\u0131na k\u00f6m\u0259k edir.<\/p>","protected":false},"excerpt":{"rendered":"<p>Petite Maison T\u0259mizl\u0259yici S\u00fcd 200 ml t\u0259mizl\u0259nm\u0259 prosesini d\u0259st\u0259kl\u0259y\u0259n \u00fcz t\u0259mizl\u0259yici s\u00fcdd\u00fcr. D\u0259rini z\u0259rif t\u0259mizl\u0259y\u0259rk\u0259n ehtiyac duydu\u011fu n\u0259m balans\u0131n\u0131 qoruma\u011fa k\u00f6m\u0259k edir. D\u0259rinin t\u0259bii i\u015f\u0131qland\u0131rma effektini \u0259ld\u0259 etm\u0259y\u0259 d\u0259 k\u00f6m\u0259k edir. D\u0259rinin daha sa\u011flam v\u0259 parlaq g\u00f6r\u00fcn\u00fc\u015f\u00fcn\u00fc d\u0259st\u0259kl\u0259yir. Petite Maison T\u0259mizl\u0259yici S\u00fcd 200 ml d\u0259riy\u0259 qulluq rutinind\u0259 bax\u0131m\u0131 d\u0259st\u0259kl\u0259y\u0259n m\u0259hsullardan biridir. T\u0259rkibind\u0259ki Pink Qreypfrut ekstrakt\u0131 &hellip; <a href=\"https:\/\/axtarstore.com\/ru\/product\/petite-maison-cleansing-milk-t%c9%99mizl%c9%99yici-sud-200ml\/\" class=\"more-link\">Continue reading <span class=\"screen-reader-text\">Petite Maison Cleansing Milk T\u0259mizl\u0259yici S\u00fcd 200ml<\/span><\/a><\/p>","protected":false},"featured_media":9289,"comment_status":"open","ping_status":"closed","template":"","meta":[],"pwb-brand":[402],"product_cat":[149,127,150],"product_tag":[],"class_list":{"0":"post-9288","1":"product","2":"type-product","3":"status-publish","4":"has-post-thumbnail","6":"pwb-brand-petite-maison","7":"product_cat-makeup-remover","8":"product_cat-face-care","9":"product_cat-face-toner","10":"pa_size-200ml","13":"instock","14":"shipping-taxable","15":"purchasable","16":"product-type-simple"},"brands":[{"id":402,"name":"Petite Maison","slug":"petite-maison"}],"_links":{"self":[{"href":"https:\/\/axtarstore.com\/ru\/wp-json\/wp\/v2\/product\/9288"}],"collection":[{"href":"https:\/\/axtarstore.com\/ru\/wp-json\/wp\/v2\/product"}],"about":[{"href":"https:\/\/axtarstore.com\/ru\/wp-json\/wp\/v2\/types\/product"}],"replies":[{"embeddable":true,"href":"https:\/\/axtarstore.com\/ru\/wp-json\/wp\/v2\/comments?post=9288"}],"version-history":[{"count":1,"href":"https:\/\/axtarstore.com\/ru\/wp-json\/wp\/v2\/product\/9288\/revisions"}],"predecessor-version":[{"id":9296,"href":"https:\/\/axtarstore.com\/ru\/wp-json\/wp\/v2\/product\/9288\/revisions\/9296"}],"wp:featuredmedia":[{"embeddable":true,"href":"https:\/\/axtarstore.com\/ru\/wp-json\/wp\/v2\/media\/9289"}],"wp:attachment":[{"href":"https:\/\/axtarstore.com\/ru\/wp-json\/wp\/v2\/media?parent=9288"}],"wp:term":[{"taxonomy":"pwb-brand","embeddable":true,"href":"https:\/\/axtarstore.com\/ru\/wp-json\/wp\/v2\/pwb-brand?post=9288"},{"taxonomy":"product_cat","embeddable":true,"href":"https:\/\/axtarstore.com\/ru\/wp-json\/wp\/v2\/product_cat?post=9288"},{"taxonomy":"product_tag","embeddable":true,"href":"https:\/\/axtarstore.com\/ru\/wp-json\/wp\/v2\/product_tag?post=9288"}],"curies":[{"name":"wp","href":"https:\/\/api.w.org\/{rel}","templated":true}]}}