{"id":9282,"date":"2025-03-03T22:22:12","date_gmt":"2025-03-03T18:22:12","guid":{"rendered":"https:\/\/axtarstore.com\/?post_type=product&#038;p=9282"},"modified":"2025-03-03T22:22:12","modified_gmt":"2025-03-03T18:22:12","slug":"petite-maison-hand-wash-pomegranate-300ml","status":"publish","type":"product","link":"https:\/\/axtarstore.com\/ru\/product\/petite-maison-hand-wash-pomegranate-300ml\/","title":{"rendered":"Petite Maison Hand Wash Pomegranate 300ml"},"content":{"rendered":"<p>Petite Maison Nar ekstrakt\u0131 il\u0259 z\u0259nginl\u0259\u015fdirilmi\u015f x\u00fcsusi formulas\u0131 il\u0259 \u0259ll\u0259rinizi yum\u015faq \u015f\u0259kild\u0259 t\u0259mizl\u0259m\u0259y\u0259 k\u00f6m\u0259k edir v\u0259 xo\u015f qoxu verir. Dermatoloji olaraq test edilmi\u015fdir.<\/p>","protected":false},"excerpt":{"rendered":"<p>Petite Maison Nar ekstrakt\u0131 il\u0259 z\u0259nginl\u0259\u015fdirilmi\u015f x\u00fcsusi formulas\u0131 il\u0259 \u0259ll\u0259rinizi yum\u015faq \u015f\u0259kild\u0259 t\u0259mizl\u0259m\u0259y\u0259 k\u00f6m\u0259k edir v\u0259 xo\u015f qoxu verir. Dermatoloji olaraq test edilmi\u015fdir.<\/p>","protected":false},"featured_media":9283,"comment_status":"open","ping_status":"closed","template":"","meta":[],"pwb-brand":[402],"product_cat":[129],"product_tag":[],"class_list":{"0":"post-9282","1":"product","2":"type-product","3":"status-publish","4":"has-post-thumbnail","6":"pwb-brand-petite-maison","7":"product_cat-beden-baximi","8":"pa_size-300ml","11":"instock","12":"shipping-taxable","13":"purchasable","14":"product-type-simple"},"brands":[{"id":402,"name":"Petite Maison","slug":"petite-maison"}],"_links":{"self":[{"href":"https:\/\/axtarstore.com\/ru\/wp-json\/wp\/v2\/product\/9282"}],"collection":[{"href":"https:\/\/axtarstore.com\/ru\/wp-json\/wp\/v2\/product"}],"about":[{"href":"https:\/\/axtarstore.com\/ru\/wp-json\/wp\/v2\/types\/product"}],"replies":[{"embeddable":true,"href":"https:\/\/axtarstore.com\/ru\/wp-json\/wp\/v2\/comments?post=9282"}],"version-history":[{"count":1,"href":"https:\/\/axtarstore.com\/ru\/wp-json\/wp\/v2\/product\/9282\/revisions"}],"predecessor-version":[{"id":9284,"href":"https:\/\/axtarstore.com\/ru\/wp-json\/wp\/v2\/product\/9282\/revisions\/9284"}],"wp:featuredmedia":[{"embeddable":true,"href":"https:\/\/axtarstore.com\/ru\/wp-json\/wp\/v2\/media\/9283"}],"wp:attachment":[{"href":"https:\/\/axtarstore.com\/ru\/wp-json\/wp\/v2\/media?parent=9282"}],"wp:term":[{"taxonomy":"pwb-brand","embeddable":true,"href":"https:\/\/axtarstore.com\/ru\/wp-json\/wp\/v2\/pwb-brand?post=9282"},{"taxonomy":"product_cat","embeddable":true,"href":"https:\/\/axtarstore.com\/ru\/wp-json\/wp\/v2\/product_cat?post=9282"},{"taxonomy":"product_tag","embeddable":true,"href":"https:\/\/axtarstore.com\/ru\/wp-json\/wp\/v2\/product_tag?post=9282"}],"curies":[{"name":"wp","href":"https:\/\/api.w.org\/{rel}","templated":true}]}}