{"id":9279,"date":"2025-03-03T22:14:12","date_gmt":"2025-03-03T18:14:12","guid":{"rendered":"https:\/\/axtarstore.com\/?post_type=product&#038;p=9279"},"modified":"2025-03-03T22:33:07","modified_gmt":"2025-03-03T18:33:07","slug":"petite-maison-%c9%99l-yuma-300-ml-peony-dream-%c9%99l-t%c9%99mizl%c9%99m%c9%99-gell","status":"publish","type":"product","link":"https:\/\/axtarstore.com\/ru\/product\/petite-maison-%c9%99l-yuma-300-ml-peony-dream-%c9%99l-t%c9%99mizl%c9%99m%c9%99-gell\/","title":{"rendered":"Petite Maison \u018fl Yuma 300 ml Peony Dream \u0259l t\u0259mizl\u0259m\u0259 Gell"},"content":{"rendered":"<p>Petite Maison \u018fl Yuma 300 ml Peony Dream \u0259l t\u0259mizl\u0259m\u0259 zaman\u0131 gigiyena effekti ver\u0259n maye sabundur. D\u0259rinizi d\u0259rind\u0259n t\u0259mizl\u0259yir v\u0259 n\u0259ml\u0259ndirir. G\u00f6z\u0259 g\u00f6r\u00fcnm\u0259y\u0259n bakteriya v\u0259 ki\u00e7ik mikroorqanizml\u0259ri t\u0259mizl\u0259yir. Onun pion \u0259tri d\u0259rinizi qidaland\u0131r\u0131r v\u0259 xo\u015f qoxu qazanma\u011fa k\u00f6m\u0259k edir. \u018fll\u0259rinizin rahat n\u0259f\u0259s almas\u0131na k\u00f6m\u0259k edir. Petite Maison \u018fl Yuma 300 ml Peony Dream d\u0259rini t\u0259rav\u0259tl\u0259ndirir v\u0259 b\u0259rpaedici qulluq effektin\u0259 malikdir. B\u00fct\u00fcn d\u0259ri tipl\u0259ri \u00fc\u00e7\u00fcn m\u00f6vcuddur. Petite Maison Hand Wash 300 ml Peony Dream il\u0259 \u0259ll\u0259rinizi yuduqdan sonra m\u00fck\u0259mm\u0259l t\u0259rav\u0259ti hiss ed\u0259 bil\u0259rsiniz. \u018fl s\u0259thind\u0259 d\u0259rinin h\u0259ssasl\u0131\u011f\u0131na uy\u011fun istehsal olunur. D\u0259riy\u0259 z\u0259r\u0259r vermir, \u0259ksin\u0259 qidaland\u0131r\u0131c\u0131 x\u00fcsusiyy\u0259t\u0259 malikdir. Petite Maison \u018fl Yuma 300 ml Peony Dream t\u0259rkibind\u0259 Aloe Vera ekstrakt\u0131 var. D\u0259rinin n\u0259m balans\u0131n\u0131 t\u0259min edir v\u0259 onun canlanmas\u0131na t\u0259sir edir. Aloe Veran\u0131n t\u0259rkibind\u0259ki kalium d\u0259rini b\u0259rpa edir v\u0259 q\u0131c\u0131qlanm\u0131\u015f b\u00f6lg\u0259l\u0259rin sa\u011falmas\u0131na k\u00f6m\u0259k edir. T\u0259bii antioksidant olan Aloe Vera \u0259ll\u0259riniz\u0259 d\u0259rin gigiyena b\u0259x\u015f edir. T\u0259rkibind\u0259 su v\u0259 mineral komponentl\u0259r olan Aloe Vera ekstrakt\u0131 d\u0259rinin ehtiyac duydu\u011fu intensiv n\u0259mliyi t\u0259min edir. \u018fll\u0259rinizin yum\u015faq v\u0259 hamar olmas\u0131na k\u00f6m\u0259k edir.<\/p>","protected":false},"excerpt":{"rendered":"<p>Petite Maison \u018fl Yuma 300 ml Peony Dream \u0259l t\u0259mizl\u0259m\u0259 zaman\u0131 gigiyena effekti ver\u0259n maye sabundur. D\u0259rinizi d\u0259rind\u0259n t\u0259mizl\u0259yir v\u0259 n\u0259ml\u0259ndirir. G\u00f6z\u0259 g\u00f6r\u00fcnm\u0259y\u0259n bakteriya v\u0259 ki\u00e7ik mikroorqanizml\u0259ri t\u0259mizl\u0259yir. Onun pion \u0259tri d\u0259rinizi qidaland\u0131r\u0131r v\u0259 xo\u015f qoxu qazanma\u011fa k\u00f6m\u0259k edir. \u018fll\u0259rinizin rahat n\u0259f\u0259s almas\u0131na k\u00f6m\u0259k edir. Petite Maison \u018fl Yuma 300 ml Peony Dream d\u0259rini t\u0259rav\u0259tl\u0259ndirir &hellip; <a href=\"https:\/\/axtarstore.com\/ru\/product\/petite-maison-%c9%99l-yuma-300-ml-peony-dream-%c9%99l-t%c9%99mizl%c9%99m%c9%99-gell\/\" class=\"more-link\">Continue reading <span class=\"screen-reader-text\">Petite Maison \u018fl Yuma 300 ml Peony Dream \u0259l t\u0259mizl\u0259m\u0259 Gell<\/span><\/a><\/p>","protected":false},"featured_media":9280,"comment_status":"open","ping_status":"closed","template":"","meta":[],"pwb-brand":[402],"product_cat":[129],"product_tag":[],"class_list":{"0":"post-9279","1":"product","2":"type-product","3":"status-publish","4":"has-post-thumbnail","6":"pwb-brand-petite-maison","7":"product_cat-beden-baximi","8":"pa_size-300ml","11":"instock","12":"shipping-taxable","13":"purchasable","14":"product-type-simple"},"brands":[{"id":402,"name":"Petite Maison","slug":"petite-maison"}],"_links":{"self":[{"href":"https:\/\/axtarstore.com\/ru\/wp-json\/wp\/v2\/product\/9279"}],"collection":[{"href":"https:\/\/axtarstore.com\/ru\/wp-json\/wp\/v2\/product"}],"about":[{"href":"https:\/\/axtarstore.com\/ru\/wp-json\/wp\/v2\/types\/product"}],"replies":[{"embeddable":true,"href":"https:\/\/axtarstore.com\/ru\/wp-json\/wp\/v2\/comments?post=9279"}],"version-history":[{"count":1,"href":"https:\/\/axtarstore.com\/ru\/wp-json\/wp\/v2\/product\/9279\/revisions"}],"predecessor-version":[{"id":9281,"href":"https:\/\/axtarstore.com\/ru\/wp-json\/wp\/v2\/product\/9279\/revisions\/9281"}],"wp:featuredmedia":[{"embeddable":true,"href":"https:\/\/axtarstore.com\/ru\/wp-json\/wp\/v2\/media\/9280"}],"wp:attachment":[{"href":"https:\/\/axtarstore.com\/ru\/wp-json\/wp\/v2\/media?parent=9279"}],"wp:term":[{"taxonomy":"pwb-brand","embeddable":true,"href":"https:\/\/axtarstore.com\/ru\/wp-json\/wp\/v2\/pwb-brand?post=9279"},{"taxonomy":"product_cat","embeddable":true,"href":"https:\/\/axtarstore.com\/ru\/wp-json\/wp\/v2\/product_cat?post=9279"},{"taxonomy":"product_tag","embeddable":true,"href":"https:\/\/axtarstore.com\/ru\/wp-json\/wp\/v2\/product_tag?post=9279"}],"curies":[{"name":"wp","href":"https:\/\/api.w.org\/{rel}","templated":true}]}}