{"id":9272,"date":"2025-03-03T22:09:09","date_gmt":"2025-03-03T18:09:09","guid":{"rendered":"https:\/\/axtarstore.com\/?post_type=product&#038;p=9272"},"modified":"2025-03-03T22:23:01","modified_gmt":"2025-03-03T18:23:01","slug":"petite-maison-moisture-boom-60ml","status":"publish","type":"product","link":"https:\/\/axtarstore.com\/ru\/product\/petite-maison-moisture-boom-60ml\/","title":{"rendered":"Petite Maison Moisture Boom 60ml"},"content":{"rendered":"<p>Petite Maison Moisture Booomm 60 ml d\u0259riy\u0259 qulluq rutinind\u0259 \u00fcst\u00fcnl\u00fck veril\u0259n n\u0259ml\u0259ndirici kremdir. D\u0259rinin t\u0259bii n\u0259mini tarazla\u015fd\u0131rma\u011fa v\u0259 qidaland\u0131rma\u011fa k\u00f6m\u0259k edir. G\u00fcnd\u00fcz v\u0259 gec\u0259 istifad\u0259si \u00fc\u00e7\u00fcn uy\u011fun olan Petite Maison Moisture Booomm 60 ml d\u0259riy\u0259 hamarl\u0131q hissi b\u0259x\u015f edir. D\u0259rini s\u0259thi deyil, d\u0259rind\u0259n n\u0259ml\u0259ndirir. T\u0259rkibind\u0259ki Pink Qreypfrut ekstrakt\u0131 antioksidant x\u00fcsusiyy\u0259tl\u0259r\u0259 malikdir. D\u0259rini \u0259traf m\u00fchitin m\u0259nfi t\u0259sirl\u0259rind\u0259n qoruyaraq d\u0259rid\u0259 olan z\u0259d\u0259l\u0259ri aradan qald\u0131rma\u011fa k\u00f6m\u0259k edir. T\u0259rkibind\u0259 sa\u011flam d\u0259ri h\u00fcceyr\u0259l\u0259rinin meydana g\u0259lm\u0259sini d\u0259st\u0259kl\u0259y\u0259n amin tur\u015fular\u0131 var. Bu \u015f\u0259kild\u0259 b\u0259rpaedici v\u0259 qidaland\u0131r\u0131c\u0131 t\u0259sir g\u00f6st\u0259rir. Kollagen istehsal\u0131n\u0131 t\u0259min ed\u0259n Pink Qreypfrut qocalman\u0131n t\u0259sirl\u0259rini azaltma\u011fa k\u00f6m\u0259k edir. Petite Maison Moisture Booomm 60 ml-ni f\u0259rqli ed\u0259n dig\u0259r x\u00fcsusiyy\u0259tl\u0259rd\u0259n biri d\u0259 t\u0259rkibind\u0259 Hialuron tur\u015fusunun olmas\u0131d\u0131r. Hialuron tur\u015fusu n\u0259ml\u0259ndirici x\u00fcsusiyy\u0259tl\u0259r\u0259 malikdir. D\u0259rinin ehtiyac duydu\u011fu n\u0259m v\u0259 hamarl\u0131\u011f\u0131 d\u0259st\u0259kl\u0259yir. Su tutma x\u00fcsusiyy\u0259ti say\u0259sind\u0259 d\u0259rini daha canl\u0131 v\u0259 parlaq edir. Daimi istifad\u0259 edildikd\u0259 d\u0259rinin t\u0259rav\u0259tini saxlama\u011fa k\u00f6m\u0259k edir. Hialuron tur\u015fusu d\u0259rinizin t\u0259bii g\u00f6r\u00fcnm\u0259sini d\u0259st\u0259kl\u0259yir. Parlaq bir g\u00f6r\u00fcn\u00fc\u015f verir. Petite Maison Moisture Booomm 60 ml t\u0259rkibind\u0259 qliserin olan qurulu\u015fu il\u0259 yum\u015fald\u0131c\u0131 t\u0259sir g\u00f6st\u0259rir. D\u0259rinin n\u0259m itkisinin qar\u015f\u0131s\u0131n\u0131 al\u0131r v\u0259 r\u0259ng qeyri-b\u0259rab\u0259rliyinin azald\u0131lmas\u0131nda aktiv rol oynay\u0131r. D\u0259rinin itirilmi\u015f elastikliyini b\u0259rpa etm\u0259y\u0259 k\u00f6m\u0259k edir.<\/p>","protected":false},"excerpt":{"rendered":"<p>Petite Maison Moisture Booomm 60 ml d\u0259riy\u0259 qulluq rutinind\u0259 \u00fcst\u00fcnl\u00fck veril\u0259n n\u0259ml\u0259ndirici kremdir. D\u0259rinin t\u0259bii n\u0259mini tarazla\u015fd\u0131rma\u011fa v\u0259 qidaland\u0131rma\u011fa k\u00f6m\u0259k edir. G\u00fcnd\u00fcz v\u0259 gec\u0259 istifad\u0259si \u00fc\u00e7\u00fcn uy\u011fun olan Petite Maison Moisture Booomm 60 ml d\u0259riy\u0259 hamarl\u0131q hissi b\u0259x\u015f edir. D\u0259rini s\u0259thi deyil, d\u0259rind\u0259n n\u0259ml\u0259ndirir. T\u0259rkibind\u0259ki Pink Qreypfrut ekstrakt\u0131 antioksidant x\u00fcsusiyy\u0259tl\u0259r\u0259 malikdir. D\u0259rini \u0259traf m\u00fchitin m\u0259nfi &hellip; <a href=\"https:\/\/axtarstore.com\/ru\/product\/petite-maison-moisture-boom-60ml\/\" class=\"more-link\">Continue reading <span class=\"screen-reader-text\">Petite Maison Moisture Boom 60ml<\/span><\/a><\/p>","protected":false},"featured_media":9273,"comment_status":"open","ping_status":"closed","template":"","meta":[],"pwb-brand":[402],"product_cat":[127,142,384],"product_tag":[],"class_list":{"0":"post-9272","1":"product","2":"type-product","3":"status-publish","4":"has-post-thumbnail","6":"pwb-brand-petite-maison","7":"product_cat-face-care","8":"product_cat-face-creams","9":"product_cat-uz-nmlndirici-krem","10":"pa_size-60grm","13":"instock","14":"shipping-taxable","15":"purchasable","16":"product-type-simple"},"brands":[{"id":402,"name":"Petite Maison","slug":"petite-maison"}],"_links":{"self":[{"href":"https:\/\/axtarstore.com\/ru\/wp-json\/wp\/v2\/product\/9272"}],"collection":[{"href":"https:\/\/axtarstore.com\/ru\/wp-json\/wp\/v2\/product"}],"about":[{"href":"https:\/\/axtarstore.com\/ru\/wp-json\/wp\/v2\/types\/product"}],"replies":[{"embeddable":true,"href":"https:\/\/axtarstore.com\/ru\/wp-json\/wp\/v2\/comments?post=9272"}],"version-history":[{"count":1,"href":"https:\/\/axtarstore.com\/ru\/wp-json\/wp\/v2\/product\/9272\/revisions"}],"predecessor-version":[{"id":9277,"href":"https:\/\/axtarstore.com\/ru\/wp-json\/wp\/v2\/product\/9272\/revisions\/9277"}],"wp:featuredmedia":[{"embeddable":true,"href":"https:\/\/axtarstore.com\/ru\/wp-json\/wp\/v2\/media\/9273"}],"wp:attachment":[{"href":"https:\/\/axtarstore.com\/ru\/wp-json\/wp\/v2\/media?parent=9272"}],"wp:term":[{"taxonomy":"pwb-brand","embeddable":true,"href":"https:\/\/axtarstore.com\/ru\/wp-json\/wp\/v2\/pwb-brand?post=9272"},{"taxonomy":"product_cat","embeddable":true,"href":"https:\/\/axtarstore.com\/ru\/wp-json\/wp\/v2\/product_cat?post=9272"},{"taxonomy":"product_tag","embeddable":true,"href":"https:\/\/axtarstore.com\/ru\/wp-json\/wp\/v2\/product_tag?post=9272"}],"curies":[{"name":"wp","href":"https:\/\/api.w.org\/{rel}","templated":true}]}}