{"id":9266,"date":"2025-03-03T22:01:25","date_gmt":"2025-03-03T18:01:25","guid":{"rendered":"https:\/\/axtarstore.com\/?post_type=product&#038;p=9266"},"modified":"2025-03-03T22:25:08","modified_gmt":"2025-03-03T18:25:08","slug":"petite-maison-face-clean-up-5in1-face-scrub-80ml","status":"publish","type":"product","link":"https:\/\/axtarstore.com\/ru\/product\/petite-maison-face-clean-up-5in1-face-scrub-80ml\/","title":{"rendered":"Petite Maison Face Clean Up 5in1 Face Scrub 80ml"},"content":{"rendered":"<p>Petite Maison Face Cleanup 80 ml \u00fcz\u00fcn\u00fcz\u00fc kird\u0259n yum\u015faq bir \u015f\u0259kild\u0259 t\u0259mizl\u0259y\u0259n \u00fcz t\u0259mizl\u0259yici m\u0259hsuldur. T\u0131xanm\u0131\u015f m\u0259sam\u0259l\u0259ri a\u00e7ma\u011fa k\u00f6m\u0259k edir. D\u0259rini d\u0259rind\u0259n t\u0259mizl\u0259yir v\u0259 onun i\u015f\u0131qland\u0131r\u0131lmas\u0131n\u0131 d\u0259st\u0259kl\u0259yir. T\u0259rkibind\u0259 qreypfrut toxumu ya\u011f\u0131 var. A\u015f\u0131nd\u0131r\u0131c\u0131 x\u00fcsusiyy\u0259tl\u0259r\u0259 malik olan qreypfrut toxumu ya\u011f\u0131 d\u0259rini \u00f6l\u00fc h\u00fcceyr\u0259l\u0259rd\u0259n t\u0259mizl\u0259yir. D\u0259rind\u0259n n\u0259ml\u0259ndirir, d\u0259rinin ehtiyac duydu\u011fu r\u00fctub\u0259t balans\u0131n\u0131 t\u0259min etm\u0259y\u0259 k\u00f6m\u0259k edir. O, h\u0259m\u00e7inin d\u0259rinin elastikliyini b\u0259rpa etm\u0259y\u0259 k\u00f6m\u0259k edir. Qreypfrut toxumu ya\u011f\u0131 d\u0259riy\u0259 hamar bir toxunu\u015f verm\u0259y\u0259 k\u00f6m\u0259k edir. Petite Maison Face Cleanup 80 ml-ni dig\u0259r \u00fcz t\u0259mizl\u0259yicil\u0259rind\u0259n f\u0259rql\u0259ndir\u0259n ba\u015fqa bir x\u00fcsusiyy\u0259t, t\u0259rkibind\u0259 salisilik tur\u015funun olmas\u0131d\u0131r. D\u0259rid\u0259 qara n\u00f6qt\u0259l\u0259rin \u0259m\u0259l\u0259 g\u0259lm\u0259sinin qar\u015f\u0131s\u0131n\u0131 al\u0131r. Kir v\u0259 ya\u011f\u0131 t\u0259mizl\u0259y\u0259r\u0259k m\u0259sam\u0259l\u0259rin g\u00f6r\u00fcn\u00fc\u015f\u00fcn\u00fc azald\u0131r. M\u00fcmk\u00fcn d\u0259ri probleml\u0259rinin qar\u015f\u0131s\u0131n\u0131 al\u0131r. D\u0259rini \u00f6l\u00fc h\u00fcceyr\u0259l\u0259rd\u0259n t\u0259mizl\u0259yir v\u0259 onun b\u0259rpas\u0131n\u0131 d\u0259st\u0259kl\u0259yir. M\u00fcnt\u0259z\u0259m istifad\u0259 edil\u0259rs\u0259, d\u0259ri l\u0259k\u0259l\u0259rini azaltma\u011fa k\u00f6m\u0259k edir. T\u0259mizl\u0259m\u0259 il\u0259 yana\u015f\u0131 d\u0259riy\u0259 qulluq edir. Q\u0131r\u0131\u015flar kimi simptomlar\u0131n qar\u015f\u0131s\u0131n\u0131 alma\u011fa k\u00f6m\u0259k edir. Petite Maison Face Cleanup 80 ml t\u0259rkibind\u0259ki a\u011f gil d\u0259rid\u0259ki kobud g\u00f6r\u00fcn\u00fc\u015f\u00fc azaltmaq \u00fc\u00e7\u00fcn yax\u015f\u0131 bir d\u0259st\u0259kdir. D\u0259rini qidaland\u0131r\u0131r, parlaq g\u00f6r\u00fcnm\u0259sini t\u0259min edir v\u0259 s\u0131x\u0131lmas\u0131nda t\u0259sirlidir.<\/p>","protected":false},"excerpt":{"rendered":"<p>Petite Maison Face Cleanup 80 ml \u00fcz\u00fcn\u00fcz\u00fc kird\u0259n yum\u015faq bir \u015f\u0259kild\u0259 t\u0259mizl\u0259y\u0259n \u00fcz t\u0259mizl\u0259yici m\u0259hsuldur. T\u0131xanm\u0131\u015f m\u0259sam\u0259l\u0259ri a\u00e7ma\u011fa k\u00f6m\u0259k edir. D\u0259rini d\u0259rind\u0259n t\u0259mizl\u0259yir v\u0259 onun i\u015f\u0131qland\u0131r\u0131lmas\u0131n\u0131 d\u0259st\u0259kl\u0259yir. T\u0259rkibind\u0259 qreypfrut toxumu ya\u011f\u0131 var. A\u015f\u0131nd\u0131r\u0131c\u0131 x\u00fcsusiyy\u0259tl\u0259r\u0259 malik olan qreypfrut toxumu ya\u011f\u0131 d\u0259rini \u00f6l\u00fc h\u00fcceyr\u0259l\u0259rd\u0259n t\u0259mizl\u0259yir. D\u0259rind\u0259n n\u0259ml\u0259ndirir, d\u0259rinin ehtiyac duydu\u011fu r\u00fctub\u0259t balans\u0131n\u0131 t\u0259min etm\u0259y\u0259 k\u00f6m\u0259k edir. O, &hellip; <a href=\"https:\/\/axtarstore.com\/ru\/product\/petite-maison-face-clean-up-5in1-face-scrub-80ml\/\" class=\"more-link\">Continue reading <span class=\"screen-reader-text\">Petite Maison Face Clean Up 5in1 Face Scrub 80ml<\/span><\/a><\/p>","protected":false},"featured_media":9267,"comment_status":"open","ping_status":"closed","template":"","meta":[],"pwb-brand":[402],"product_cat":[149,127,351,146],"product_tag":[],"class_list":{"0":"post-9266","1":"product","2":"type-product","3":"status-publish","4":"has-post-thumbnail","6":"pwb-brand-petite-maison","7":"product_cat-makeup-remover","8":"product_cat-face-care","9":"product_cat-uz-peeling-gell","10":"product_cat-face-scrub","11":"pa_size-80ml","14":"instock","15":"shipping-taxable","16":"purchasable","17":"product-type-simple"},"brands":[{"id":402,"name":"Petite Maison","slug":"petite-maison"}],"_links":{"self":[{"href":"https:\/\/axtarstore.com\/ru\/wp-json\/wp\/v2\/product\/9266"}],"collection":[{"href":"https:\/\/axtarstore.com\/ru\/wp-json\/wp\/v2\/product"}],"about":[{"href":"https:\/\/axtarstore.com\/ru\/wp-json\/wp\/v2\/types\/product"}],"replies":[{"embeddable":true,"href":"https:\/\/axtarstore.com\/ru\/wp-json\/wp\/v2\/comments?post=9266"}],"version-history":[{"count":1,"href":"https:\/\/axtarstore.com\/ru\/wp-json\/wp\/v2\/product\/9266\/revisions"}],"predecessor-version":[{"id":9271,"href":"https:\/\/axtarstore.com\/ru\/wp-json\/wp\/v2\/product\/9266\/revisions\/9271"}],"wp:featuredmedia":[{"embeddable":true,"href":"https:\/\/axtarstore.com\/ru\/wp-json\/wp\/v2\/media\/9267"}],"wp:attachment":[{"href":"https:\/\/axtarstore.com\/ru\/wp-json\/wp\/v2\/media?parent=9266"}],"wp:term":[{"taxonomy":"pwb-brand","embeddable":true,"href":"https:\/\/axtarstore.com\/ru\/wp-json\/wp\/v2\/pwb-brand?post=9266"},{"taxonomy":"product_cat","embeddable":true,"href":"https:\/\/axtarstore.com\/ru\/wp-json\/wp\/v2\/product_cat?post=9266"},{"taxonomy":"product_tag","embeddable":true,"href":"https:\/\/axtarstore.com\/ru\/wp-json\/wp\/v2\/product_tag?post=9266"}],"curies":[{"name":"wp","href":"https:\/\/api.w.org\/{rel}","templated":true}]}}