{"id":9247,"date":"2025-03-03T21:44:13","date_gmt":"2025-03-03T17:44:13","guid":{"rendered":"https:\/\/axtarstore.com\/?post_type=product&#038;p=9247"},"modified":"2025-03-03T21:44:13","modified_gmt":"2025-03-03T17:44:13","slug":"petite-maison-pore-minimiser-silky-touch-12ml","status":"publish","type":"product","link":"https:\/\/axtarstore.com\/ru\/product\/petite-maison-pore-minimiser-silky-touch-12ml\/","title":{"rendered":"Petite Maison Pore Minimiser Silky Touch 12ml"},"content":{"rendered":"<p>Petite Maison Pore Minimiser t\u0259bii par\u0131lt\u0131 verir, m\u0259sam\u0259l\u0259ri daha hamar v\u0259 minimuma endirir. Bu primer d\u0259riy\u0259 yum\u015faq bir hiss t\u0259qdim ed\u0259r\u0259k q\u00fcsursuz bir son t\u0259min edir. \u00c7\u0259hray\u0131 Qreypfrut ekstrakt\u0131 il\u0259 z\u0259nginl\u0259\u015fdirilmi\u015f, sa\u011flam d\u0259ri h\u00fcceyr\u0259l\u0259rinin formala\u015fmas\u0131n\u0131 d\u0259st\u0259kl\u0259yir v\u0259 antioksidant qoruma t\u0259min edir, d\u0259rini z\u0259r\u0259rli \u0259traf m\u00fchit faktorlar\u0131ndan qoruyur.<\/p>","protected":false},"excerpt":{"rendered":"<p>Petite Maison Pore Minimiser t\u0259bii par\u0131lt\u0131 verir, m\u0259sam\u0259l\u0259ri daha hamar v\u0259 minimuma endirir. Bu primer d\u0259riy\u0259 yum\u015faq bir hiss t\u0259qdim ed\u0259r\u0259k q\u00fcsursuz bir son t\u0259min edir. \u00c7\u0259hray\u0131 Qreypfrut ekstrakt\u0131 il\u0259 z\u0259nginl\u0259\u015fdirilmi\u015f, sa\u011flam d\u0259ri h\u00fcceyr\u0259l\u0259rinin formala\u015fmas\u0131n\u0131 d\u0259st\u0259kl\u0259yir v\u0259 antioksidant qoruma t\u0259min edir, d\u0259rini z\u0259r\u0259rli \u0259traf m\u00fchit faktorlar\u0131ndan qoruyur.<\/p>","protected":false},"featured_media":9248,"comment_status":"open","ping_status":"closed","template":"","meta":[],"pwb-brand":[402],"product_cat":[127,142],"product_tag":[],"class_list":{"0":"post-9247","1":"product","2":"type-product","3":"status-publish","4":"has-post-thumbnail","6":"pwb-brand-petite-maison","7":"product_cat-face-care","8":"product_cat-face-creams","9":"pa_size-12ml","12":"instock","13":"shipping-taxable","14":"purchasable","15":"product-type-simple"},"brands":[{"id":402,"name":"Petite Maison","slug":"petite-maison"}],"_links":{"self":[{"href":"https:\/\/axtarstore.com\/ru\/wp-json\/wp\/v2\/product\/9247"}],"collection":[{"href":"https:\/\/axtarstore.com\/ru\/wp-json\/wp\/v2\/product"}],"about":[{"href":"https:\/\/axtarstore.com\/ru\/wp-json\/wp\/v2\/types\/product"}],"replies":[{"embeddable":true,"href":"https:\/\/axtarstore.com\/ru\/wp-json\/wp\/v2\/comments?post=9247"}],"version-history":[{"count":1,"href":"https:\/\/axtarstore.com\/ru\/wp-json\/wp\/v2\/product\/9247\/revisions"}],"predecessor-version":[{"id":9254,"href":"https:\/\/axtarstore.com\/ru\/wp-json\/wp\/v2\/product\/9247\/revisions\/9254"}],"wp:featuredmedia":[{"embeddable":true,"href":"https:\/\/axtarstore.com\/ru\/wp-json\/wp\/v2\/media\/9248"}],"wp:attachment":[{"href":"https:\/\/axtarstore.com\/ru\/wp-json\/wp\/v2\/media?parent=9247"}],"wp:term":[{"taxonomy":"pwb-brand","embeddable":true,"href":"https:\/\/axtarstore.com\/ru\/wp-json\/wp\/v2\/pwb-brand?post=9247"},{"taxonomy":"product_cat","embeddable":true,"href":"https:\/\/axtarstore.com\/ru\/wp-json\/wp\/v2\/product_cat?post=9247"},{"taxonomy":"product_tag","embeddable":true,"href":"https:\/\/axtarstore.com\/ru\/wp-json\/wp\/v2\/product_tag?post=9247"}],"curies":[{"name":"wp","href":"https:\/\/api.w.org\/{rel}","templated":true}]}}