{"id":9240,"date":"2025-03-03T21:37:37","date_gmt":"2025-03-03T17:37:37","guid":{"rendered":"https:\/\/axtarstore.com\/?post_type=product&#038;p=9240"},"modified":"2025-03-03T21:37:37","modified_gmt":"2025-03-03T17:37:37","slug":"petite-maison-dodaq-n%c9%99ml%c9%99ndiricisi-12ml","status":"publish","type":"product","link":"https:\/\/axtarstore.com\/ru\/product\/petite-maison-dodaq-n%c9%99ml%c9%99ndiricisi-12ml\/","title":{"rendered":"Petite Maison Dodaq n\u0259ml\u0259ndiricisi 12ml"},"content":{"rendered":"<p>Petite Maison Lip Smoother 12 ml bax\u0131m m\u0259hsullar\u0131 aras\u0131nda yer alan d\u0259st\u0259kl\u0259yici dodaq n\u0259ml\u0259ndiricisidir. Dodaqlar\u0131n ehtiyac duydu\u011fu n\u0259mi t\u0259min etm\u0259y\u0259 k\u00f6m\u0259k edir. Yum\u015faq v\u0259 hamar bir g\u00f6r\u00fcn\u00fc\u015f verir. Dodaq bax\u0131m\u0131na f\u0259rqli bir \u00f6l\u00e7\u00fc qatan Petite Maison Lip Smoother t\u0259rkibind\u0259 12 ml Qreypfrut toxumu ya\u011f\u0131 var. Bu m\u0259zmunla dodaqlarda yax\u015f\u0131 soyma effektini d\u0259st\u0259kl\u0259yir. Dodaqlardak\u0131 \u00f6l\u00fc h\u00fcceyr\u0259l\u0259rin \u00e7\u0131xar\u0131lmas\u0131n\u0131 d\u0259st\u0259kl\u0259yir. Bu say\u0259d\u0259 p\u00fcr\u00fczl\u0259ri aradan qald\u0131raraq n\u0259m tarazl\u0131\u011f\u0131n\u0131 qoruyur. O, h\u0259m\u00e7inin d\u0259rinin elastikliyini qoruma\u011fa k\u00f6m\u0259k edir. T\u0259rkibind\u0259ki t\u0259bii madd\u0259l\u0259rl\u0259 dodaqlar\u0131n ehtiyac duydu\u011fu b\u00fct\u00fcn vitaminl\u0259ri ehtiva edir. Petite Maison Lip Smoother 12 ml t\u0259rkibind\u0259ki \u015ei Ya\u011f\u0131 d\u0259rinin r\u0259ngini tarazlama\u011fa k\u00f6m\u0259k edir. \u015ei ya\u011f\u0131 t\u0259rkibind\u0259 A, E v\u0259 F vitaminl\u0259ri var. Vitamin A elastikliyini itirmi\u015f dodaqlar\u0131n b\u0259rpas\u0131n\u0131 d\u0259st\u0259kl\u0259yir. Dodaqlardak\u0131 q\u0131r\u0131\u015flar\u0131 v\u0259 kobud g\u00f6r\u00fcn\u00fc\u015f\u00fc azaltmaqla dodaqlar\u0131n daha q\u00fcsursuz g\u00f6r\u00fcnm\u0259sin\u0259 k\u00f6m\u0259k edir. Vitamin ehtiyac\u0131n\u0131 \u00f6d\u0259m\u0259kl\u0259 yum\u015faq toxunu\u015f t\u0259min edir. E vitamini dodaqlarda n\u0259m saxlamaq qabiliyy\u0259tin\u0259 malikdir. Dodaqlar\u0131 g\u00fcn boyu n\u0259mli saxlay\u0131r. Dodaqlar\u0131n qurumas\u0131n\u0131 v\u0259 \u00e7atlamas\u0131n\u0131 qar\u015f\u0131s\u0131n\u0131 al\u0131r.<\/p>","protected":false},"excerpt":{"rendered":"<p>Petite Maison Lip Smoother 12 ml bax\u0131m m\u0259hsullar\u0131 aras\u0131nda yer alan d\u0259st\u0259kl\u0259yici dodaq n\u0259ml\u0259ndiricisidir. Dodaqlar\u0131n ehtiyac duydu\u011fu n\u0259mi t\u0259min etm\u0259y\u0259 k\u00f6m\u0259k edir. Yum\u015faq v\u0259 hamar bir g\u00f6r\u00fcn\u00fc\u015f verir. Dodaq bax\u0131m\u0131na f\u0259rqli bir \u00f6l\u00e7\u00fc qatan Petite Maison Lip Smoother t\u0259rkibind\u0259 12 ml Qreypfrut toxumu ya\u011f\u0131 var. Bu m\u0259zmunla dodaqlarda yax\u015f\u0131 soyma effektini d\u0259st\u0259kl\u0259yir. Dodaqlardak\u0131 \u00f6l\u00fc h\u00fcceyr\u0259l\u0259rin &hellip; <a href=\"https:\/\/axtarstore.com\/ru\/product\/petite-maison-dodaq-n%c9%99ml%c9%99ndiricisi-12ml\/\" class=\"more-link\">Continue reading <span class=\"screen-reader-text\">Petite Maison Dodaq n\u0259ml\u0259ndiricisi 12ml<\/span><\/a><\/p>","protected":false},"featured_media":9241,"comment_status":"open","ping_status":"closed","template":"","meta":[],"pwb-brand":[402],"product_cat":[129,408],"product_tag":[],"class_list":{"0":"post-9240","1":"product","2":"type-product","3":"status-publish","4":"has-post-thumbnail","6":"pwb-brand-petite-maison","7":"product_cat-beden-baximi","8":"product_cat-dodaq-baximi","9":"pa_size-12ml","12":"instock","13":"shipping-taxable","14":"purchasable","15":"product-type-simple"},"brands":[{"id":402,"name":"Petite Maison","slug":"petite-maison"}],"_links":{"self":[{"href":"https:\/\/axtarstore.com\/ru\/wp-json\/wp\/v2\/product\/9240"}],"collection":[{"href":"https:\/\/axtarstore.com\/ru\/wp-json\/wp\/v2\/product"}],"about":[{"href":"https:\/\/axtarstore.com\/ru\/wp-json\/wp\/v2\/types\/product"}],"replies":[{"embeddable":true,"href":"https:\/\/axtarstore.com\/ru\/wp-json\/wp\/v2\/comments?post=9240"}],"version-history":[{"count":1,"href":"https:\/\/axtarstore.com\/ru\/wp-json\/wp\/v2\/product\/9240\/revisions"}],"predecessor-version":[{"id":9246,"href":"https:\/\/axtarstore.com\/ru\/wp-json\/wp\/v2\/product\/9240\/revisions\/9246"}],"wp:featuredmedia":[{"embeddable":true,"href":"https:\/\/axtarstore.com\/ru\/wp-json\/wp\/v2\/media\/9241"}],"wp:attachment":[{"href":"https:\/\/axtarstore.com\/ru\/wp-json\/wp\/v2\/media?parent=9240"}],"wp:term":[{"taxonomy":"pwb-brand","embeddable":true,"href":"https:\/\/axtarstore.com\/ru\/wp-json\/wp\/v2\/pwb-brand?post=9240"},{"taxonomy":"product_cat","embeddable":true,"href":"https:\/\/axtarstore.com\/ru\/wp-json\/wp\/v2\/product_cat?post=9240"},{"taxonomy":"product_tag","embeddable":true,"href":"https:\/\/axtarstore.com\/ru\/wp-json\/wp\/v2\/product_tag?post=9240"}],"curies":[{"name":"wp","href":"https:\/\/api.w.org\/{rel}","templated":true}]}}