{"id":9229,"date":"2025-03-01T23:16:24","date_gmt":"2025-03-01T19:16:24","guid":{"rendered":"https:\/\/axtarstore.com\/?post_type=product&#038;p=9229"},"modified":"2025-03-03T21:28:39","modified_gmt":"2025-03-03T17:28:39","slug":"petite-maison-rub-cleanser-peeling-gel-100ml","status":"publish","type":"product","link":"https:\/\/axtarstore.com\/ru\/product\/petite-maison-rub-cleanser-peeling-gel-100ml\/","title":{"rendered":"Petite Maison Rub Cleanser Peeling gel 100ml"},"content":{"rendered":"<p>Petite Maison Rub Cleanser 100 ml g\u00fcnd\u0259lik d\u0259riy\u0259 qulluqda \u00fcst\u00fcnl\u00fck veril\u0259n bir pilinqdir. D\u0259riy\u0259 z\u0259r\u0259r verm\u0259d\u0259n d\u0259rini yum\u015faq bir \u015f\u0259kild\u0259 soyaraq t\u0259mizl\u0259m\u0259y\u0259 k\u00f6m\u0259k edir. D\u0259rinin d\u0259rinliyin\u0259 n\u00fcfuz ed\u0259r\u0259k onu kir, ya\u011f kimi probleml\u0259rd\u0259n t\u0259mizl\u0259yir. O, h\u0259m\u00e7inin d\u0259rini n\u0259m saxlay\u0131r. Petite Maison Rub Cleanser 100 ml t\u0259rkibind\u0259ki \u00e7\u0259hray\u0131 qreypfrut ekstrakt\u0131 sa\u011flam d\u0259rinin formala\u015fmas\u0131n\u0131 d\u0259st\u0259kl\u0259y\u0259n amin tur\u015fular\u0131n\u0131 ehtiva edir. Bu say\u0259d\u0259 d\u0259rini d\u00fcz\u0259ldir v\u0259 yenil\u0259nm\u0259 g\u00fcc\u00fcn\u0259 malikdir. Antioksidant x\u00fcsusiyy\u0259tl\u0259ri say\u0259sind\u0259 d\u0259rini \u0259traf m\u00fchitin m\u0259nfi t\u0259sirl\u0259rind\u0259n qoruyur. D\u0259rinin qidalanmas\u0131n\u0131 v\u0259 sa\u011flaml\u0131\u011f\u0131n\u0131 d\u0259st\u0259kl\u0259yir. Kollagen istehsal\u0131na k\u00f6m\u0259k ed\u0259r\u0259k ya\u015flanma \u0259leyhin\u0259 t\u0259sir g\u00f6st\u0259rm\u0259y\u0259 k\u00f6m\u0259k edir. G\u00fcnd\u0259lik d\u0259riy\u0259 qulluq rutinind\u0259 asan v\u0259 praktik istifad\u0259 effekti t\u0259qdim ed\u0259n Petite Maison Rub Cleanser 100 ml t\u0259rkibind\u0259ki E vitamini il\u0259 dig\u0259r pilinq m\u0259hsullar\u0131ndan f\u0259rqlidir. Vitamin E d\u0259rid\u0259n UV \u015f\u00fcalar\u0131n\u0131n z\u0259r\u0259rli t\u0259sirl\u0259rini aradan qald\u0131r\u0131r. D\u0259rid\u0259 s\u0131xl\u0131q itkisini minimuma endirir. D\u0259rinin tonunu a\u00e7\u0131r v\u0259 daha canl\u0131 v\u0259 parlaq g\u00f6r\u00fcn\u00fc\u015f \u0259ld\u0259 etm\u0259k \u00fc\u00e7\u00fcn onu d\u0259st\u0259kl\u0259yir. N\u0259m saxlama x\u00fcsusiyy\u0259ti il\u0259 d\u0259rinizin ehtiyac duydu\u011fu n\u0259min qorunmas\u0131nda t\u0259sirli bir d\u0259st\u0259k\u00e7idir.<\/p>","protected":false},"excerpt":{"rendered":"<p>Petite Maison Rub Cleanser 100 ml g\u00fcnd\u0259lik d\u0259riy\u0259 qulluqda \u00fcst\u00fcnl\u00fck veril\u0259n bir pilinqdir. D\u0259riy\u0259 z\u0259r\u0259r verm\u0259d\u0259n d\u0259rini yum\u015faq bir \u015f\u0259kild\u0259 soyaraq t\u0259mizl\u0259m\u0259y\u0259 k\u00f6m\u0259k edir. D\u0259rinin d\u0259rinliyin\u0259 n\u00fcfuz ed\u0259r\u0259k onu kir, ya\u011f kimi probleml\u0259rd\u0259n t\u0259mizl\u0259yir. O, h\u0259m\u00e7inin d\u0259rini n\u0259m saxlay\u0131r. Petite Maison Rub Cleanser 100 ml t\u0259rkibind\u0259ki \u00e7\u0259hray\u0131 qreypfrut ekstrakt\u0131 sa\u011flam d\u0259rinin formala\u015fmas\u0131n\u0131 d\u0259st\u0259kl\u0259y\u0259n amin tur\u015fular\u0131n\u0131 &hellip; <a href=\"https:\/\/axtarstore.com\/ru\/product\/petite-maison-rub-cleanser-peeling-gel-100ml\/\" class=\"more-link\">Continue reading <span class=\"screen-reader-text\">Petite Maison Rub Cleanser Peeling gel 100ml<\/span><\/a><\/p>","protected":false},"featured_media":9231,"comment_status":"open","ping_status":"closed","template":"","meta":[],"pwb-brand":[402],"product_cat":[129,157,383],"product_tag":[],"class_list":{"0":"post-9229","1":"product","2":"type-product","3":"status-publish","4":"has-post-thumbnail","6":"pwb-brand-petite-maison","7":"product_cat-beden-baximi","8":"product_cat-body-scrub","9":"product_cat-peeling","10":"pa_size-100ml","13":"instock","14":"shipping-taxable","15":"purchasable","16":"product-type-simple"},"brands":[{"id":402,"name":"Petite Maison","slug":"petite-maison"}],"_links":{"self":[{"href":"https:\/\/axtarstore.com\/ru\/wp-json\/wp\/v2\/product\/9229"}],"collection":[{"href":"https:\/\/axtarstore.com\/ru\/wp-json\/wp\/v2\/product"}],"about":[{"href":"https:\/\/axtarstore.com\/ru\/wp-json\/wp\/v2\/types\/product"}],"replies":[{"embeddable":true,"href":"https:\/\/axtarstore.com\/ru\/wp-json\/wp\/v2\/comments?post=9229"}],"version-history":[{"count":2,"href":"https:\/\/axtarstore.com\/ru\/wp-json\/wp\/v2\/product\/9229\/revisions"}],"predecessor-version":[{"id":9239,"href":"https:\/\/axtarstore.com\/ru\/wp-json\/wp\/v2\/product\/9229\/revisions\/9239"}],"wp:featuredmedia":[{"embeddable":true,"href":"https:\/\/axtarstore.com\/ru\/wp-json\/wp\/v2\/media\/9231"}],"wp:attachment":[{"href":"https:\/\/axtarstore.com\/ru\/wp-json\/wp\/v2\/media?parent=9229"}],"wp:term":[{"taxonomy":"pwb-brand","embeddable":true,"href":"https:\/\/axtarstore.com\/ru\/wp-json\/wp\/v2\/pwb-brand?post=9229"},{"taxonomy":"product_cat","embeddable":true,"href":"https:\/\/axtarstore.com\/ru\/wp-json\/wp\/v2\/product_cat?post=9229"},{"taxonomy":"product_tag","embeddable":true,"href":"https:\/\/axtarstore.com\/ru\/wp-json\/wp\/v2\/product_tag?post=9229"}],"curies":[{"name":"wp","href":"https:\/\/api.w.org\/{rel}","templated":true}]}}