{"id":9226,"date":"2025-03-01T23:13:31","date_gmt":"2025-03-01T19:13:31","guid":{"rendered":"https:\/\/axtarstore.com\/?post_type=product&#038;p=9226"},"modified":"2025-03-03T21:18:23","modified_gmt":"2025-03-03T17:18:23","slug":"petite-maison-body-lotion-peony-dream-255ml","status":"publish","type":"product","link":"https:\/\/axtarstore.com\/ru\/product\/petite-maison-body-lotion-peony-dream-255ml\/","title":{"rendered":"Petite Maison Body Lotion Peony Dream 255ml"},"content":{"rendered":"<p>Petite Maison B\u0259d\u0259n Losyonu 255 ml Peony Dream b\u0259d\u0259n bax\u0131m\u0131n\u0131 z\u0259rif \u015f\u0259kild\u0259 h\u0259yata ke\u00e7ir\u0259n b\u0259d\u0259n losyonudur. Z\u0259rif qulluq effekti verir v\u0259 d\u0259rini z\u0259rif \u015f\u0259kild\u0259 n\u0259ml\u0259ndirir. D\u0259riniz\u0259 ip\u0259k kimi toxunu\u015f b\u0259x\u015f edir. B\u0259d\u0259nin h\u0259r yerin\u0259 t\u0259tbiq olunma \u00fcst\u00fcnl\u00fcy\u00fcn\u00fc t\u0259qdim edir. B\u00fct\u00fcn d\u0259ri tipl\u0259ri \u00fc\u00e7\u00fcn m\u00f6vcuddur.<\/p>","protected":false},"excerpt":{"rendered":"<p>Petite Maison B\u0259d\u0259n Losyonu 255 ml Peony Dream b\u0259d\u0259n bax\u0131m\u0131n\u0131 z\u0259rif \u015f\u0259kild\u0259 h\u0259yata ke\u00e7ir\u0259n b\u0259d\u0259n losyonudur. Z\u0259rif qulluq effekti verir v\u0259 d\u0259rini z\u0259rif \u015f\u0259kild\u0259 n\u0259ml\u0259ndirir. D\u0259riniz\u0259 ip\u0259k kimi toxunu\u015f b\u0259x\u015f edir. B\u0259d\u0259nin h\u0259r yerin\u0259 t\u0259tbiq olunma \u00fcst\u00fcnl\u00fcy\u00fcn\u00fc t\u0259qdim edir. B\u00fct\u00fcn d\u0259ri tipl\u0259ri \u00fc\u00e7\u00fcn m\u00f6vcuddur.<\/p>","protected":false},"featured_media":9227,"comment_status":"open","ping_status":"closed","template":"","meta":[],"pwb-brand":[402],"product_cat":[129,158],"product_tag":[],"class_list":{"0":"post-9226","1":"product","2":"type-product","3":"status-publish","4":"has-post-thumbnail","6":"pwb-brand-petite-maison","7":"product_cat-beden-baximi","8":"product_cat-body-lotions","9":"pa_size-255ml","12":"instock","13":"shipping-taxable","14":"purchasable","15":"product-type-simple"},"brands":[{"id":402,"name":"Petite Maison","slug":"petite-maison"}],"_links":{"self":[{"href":"https:\/\/axtarstore.com\/ru\/wp-json\/wp\/v2\/product\/9226"}],"collection":[{"href":"https:\/\/axtarstore.com\/ru\/wp-json\/wp\/v2\/product"}],"about":[{"href":"https:\/\/axtarstore.com\/ru\/wp-json\/wp\/v2\/types\/product"}],"replies":[{"embeddable":true,"href":"https:\/\/axtarstore.com\/ru\/wp-json\/wp\/v2\/comments?post=9226"}],"version-history":[{"count":1,"href":"https:\/\/axtarstore.com\/ru\/wp-json\/wp\/v2\/product\/9226\/revisions"}],"predecessor-version":[{"id":9228,"href":"https:\/\/axtarstore.com\/ru\/wp-json\/wp\/v2\/product\/9226\/revisions\/9228"}],"wp:featuredmedia":[{"embeddable":true,"href":"https:\/\/axtarstore.com\/ru\/wp-json\/wp\/v2\/media\/9227"}],"wp:attachment":[{"href":"https:\/\/axtarstore.com\/ru\/wp-json\/wp\/v2\/media?parent=9226"}],"wp:term":[{"taxonomy":"pwb-brand","embeddable":true,"href":"https:\/\/axtarstore.com\/ru\/wp-json\/wp\/v2\/pwb-brand?post=9226"},{"taxonomy":"product_cat","embeddable":true,"href":"https:\/\/axtarstore.com\/ru\/wp-json\/wp\/v2\/product_cat?post=9226"},{"taxonomy":"product_tag","embeddable":true,"href":"https:\/\/axtarstore.com\/ru\/wp-json\/wp\/v2\/product_tag?post=9226"}],"curies":[{"name":"wp","href":"https:\/\/api.w.org\/{rel}","templated":true}]}}