{"id":9213,"date":"2025-03-01T23:04:42","date_gmt":"2025-03-01T19:04:42","guid":{"rendered":"https:\/\/axtarstore.com\/?post_type=product&#038;p=9213"},"modified":"2025-03-03T21:17:19","modified_gmt":"2025-03-03T17:17:19","slug":"petite-maison-peel-off-mask-sebum-control-120ml","status":"publish","type":"product","link":"https:\/\/axtarstore.com\/ru\/product\/petite-maison-peel-off-mask-sebum-control-120ml\/","title":{"rendered":"Petite Maison Peel Off Mask Sebum Control 120ml"},"content":{"rendered":"<p>Petite Maison Sebum Control Peel Off Mask 120 ml \u00fcz bax\u0131m\u0131 \u00fc\u00e7\u00fcn istifad\u0259 edil\u0259n soyulan ya\u015f\u0131l maskad\u0131r. D\u0259rid\u0259ki s\u0131x ya\u011fl\u0131l\u0131\u011fa balansla\u015fd\u0131r\u0131c\u0131 t\u0259sir g\u00f6st\u0259rir. M\u0259sam\u0259l\u0259rin g\u00f6r\u00fcn\u00fc\u015f\u00fcn\u00fc azaltma\u011fa k\u00f6m\u0259k edir v\u0259 d\u0259riy\u0259 hamarl\u0131q verir. Eyni zamanda d\u0259rinin canl\u0131l\u0131\u011f\u0131n\u0131 saxlamas\u0131na v\u0259 parlaq g\u00f6r\u00fcn\u00fc\u015f qazanmas\u0131na k\u00f6m\u0259k edir.<\/p>","protected":false},"excerpt":{"rendered":"<p>Petite Maison Sebum Control Peel Off Mask 120 ml \u00fcz bax\u0131m\u0131 \u00fc\u00e7\u00fcn istifad\u0259 edil\u0259n soyulan ya\u015f\u0131l maskad\u0131r. D\u0259rid\u0259ki s\u0131x ya\u011fl\u0131l\u0131\u011fa balansla\u015fd\u0131r\u0131c\u0131 t\u0259sir g\u00f6st\u0259rir. M\u0259sam\u0259l\u0259rin g\u00f6r\u00fcn\u00fc\u015f\u00fcn\u00fc azaltma\u011fa k\u00f6m\u0259k edir v\u0259 d\u0259riy\u0259 hamarl\u0131q verir. Eyni zamanda d\u0259rinin canl\u0131l\u0131\u011f\u0131n\u0131 saxlamas\u0131na v\u0259 parlaq g\u00f6r\u00fcn\u00fc\u015f qazanmas\u0131na k\u00f6m\u0259k edir.<\/p>","protected":false},"featured_media":9215,"comment_status":"open","ping_status":"closed","template":"","meta":[],"pwb-brand":[],"product_cat":[127,351],"product_tag":[],"class_list":{"0":"post-9213","1":"product","2":"type-product","3":"status-publish","4":"has-post-thumbnail","6":"product_cat-face-care","7":"product_cat-uz-peeling-gell","8":"pa_size-120ml","11":"instock","12":"shipping-taxable","13":"purchasable","14":"product-type-simple"},"brands":[],"_links":{"self":[{"href":"https:\/\/axtarstore.com\/ru\/wp-json\/wp\/v2\/product\/9213"}],"collection":[{"href":"https:\/\/axtarstore.com\/ru\/wp-json\/wp\/v2\/product"}],"about":[{"href":"https:\/\/axtarstore.com\/ru\/wp-json\/wp\/v2\/types\/product"}],"replies":[{"embeddable":true,"href":"https:\/\/axtarstore.com\/ru\/wp-json\/wp\/v2\/comments?post=9213"}],"version-history":[{"count":1,"href":"https:\/\/axtarstore.com\/ru\/wp-json\/wp\/v2\/product\/9213\/revisions"}],"predecessor-version":[{"id":9216,"href":"https:\/\/axtarstore.com\/ru\/wp-json\/wp\/v2\/product\/9213\/revisions\/9216"}],"wp:featuredmedia":[{"embeddable":true,"href":"https:\/\/axtarstore.com\/ru\/wp-json\/wp\/v2\/media\/9215"}],"wp:attachment":[{"href":"https:\/\/axtarstore.com\/ru\/wp-json\/wp\/v2\/media?parent=9213"}],"wp:term":[{"taxonomy":"pwb-brand","embeddable":true,"href":"https:\/\/axtarstore.com\/ru\/wp-json\/wp\/v2\/pwb-brand?post=9213"},{"taxonomy":"product_cat","embeddable":true,"href":"https:\/\/axtarstore.com\/ru\/wp-json\/wp\/v2\/product_cat?post=9213"},{"taxonomy":"product_tag","embeddable":true,"href":"https:\/\/axtarstore.com\/ru\/wp-json\/wp\/v2\/product_tag?post=9213"}],"curies":[{"name":"wp","href":"https:\/\/api.w.org\/{rel}","templated":true}]}}