{"id":9208,"date":"2025-03-01T23:01:16","date_gmt":"2025-03-01T19:01:16","guid":{"rendered":"https:\/\/axtarstore.com\/?post_type=product&#038;p=9208"},"modified":"2025-03-03T21:16:48","modified_gmt":"2025-03-03T17:16:48","slug":"petite-maison-facial-pink-clay-mask-80ml","status":"publish","type":"product","link":"https:\/\/axtarstore.com\/ru\/product\/petite-maison-facial-pink-clay-mask-80ml\/","title":{"rendered":"Petite Maison Facial Pink Clay Mask 80ml"},"content":{"rendered":"<p>Toksinl\u0259r \u00fc\u00e7\u00fcn bir maqnit olan Pink Clay qar\u0131\u015f\u0131q v\u0259 ya ya\u011fl\u0131 d\u0259ril\u0259r \u00fc\u00e7\u00fcn \u0259lad\u0131r, \u00e7\u00fcnki o, m\u0259sam\u0259l\u0259ri darald\u0131r v\u0259 d\u0259ri tonlar\u0131n\u0131 d\u00fcz\u0259ldir, d\u0259rid\u0259n art\u0131q ya\u011f\u0131 hopdurur.<\/p>","protected":false},"excerpt":{"rendered":"<p>Toksinl\u0259r \u00fc\u00e7\u00fcn bir maqnit olan Pink Clay qar\u0131\u015f\u0131q v\u0259 ya ya\u011fl\u0131 d\u0259ril\u0259r \u00fc\u00e7\u00fcn \u0259lad\u0131r, \u00e7\u00fcnki o, m\u0259sam\u0259l\u0259ri darald\u0131r v\u0259 d\u0259ri tonlar\u0131n\u0131 d\u00fcz\u0259ldir, d\u0259rid\u0259n art\u0131q ya\u011f\u0131 hopdurur.<\/p>","protected":false},"featured_media":9211,"comment_status":"open","ping_status":"closed","template":"","meta":[],"pwb-brand":[402],"product_cat":[127,145],"product_tag":[],"class_list":{"0":"post-9208","1":"product","2":"type-product","3":"status-publish","4":"has-post-thumbnail","6":"pwb-brand-petite-maison","7":"product_cat-face-care","8":"product_cat-face-masks","9":"pa_size-80ml","12":"instock","13":"shipping-taxable","14":"purchasable","15":"product-type-simple"},"brands":[{"id":402,"name":"Petite Maison","slug":"petite-maison"}],"_links":{"self":[{"href":"https:\/\/axtarstore.com\/ru\/wp-json\/wp\/v2\/product\/9208"}],"collection":[{"href":"https:\/\/axtarstore.com\/ru\/wp-json\/wp\/v2\/product"}],"about":[{"href":"https:\/\/axtarstore.com\/ru\/wp-json\/wp\/v2\/types\/product"}],"replies":[{"embeddable":true,"href":"https:\/\/axtarstore.com\/ru\/wp-json\/wp\/v2\/comments?post=9208"}],"version-history":[{"count":1,"href":"https:\/\/axtarstore.com\/ru\/wp-json\/wp\/v2\/product\/9208\/revisions"}],"predecessor-version":[{"id":9212,"href":"https:\/\/axtarstore.com\/ru\/wp-json\/wp\/v2\/product\/9208\/revisions\/9212"}],"wp:featuredmedia":[{"embeddable":true,"href":"https:\/\/axtarstore.com\/ru\/wp-json\/wp\/v2\/media\/9211"}],"wp:attachment":[{"href":"https:\/\/axtarstore.com\/ru\/wp-json\/wp\/v2\/media?parent=9208"}],"wp:term":[{"taxonomy":"pwb-brand","embeddable":true,"href":"https:\/\/axtarstore.com\/ru\/wp-json\/wp\/v2\/pwb-brand?post=9208"},{"taxonomy":"product_cat","embeddable":true,"href":"https:\/\/axtarstore.com\/ru\/wp-json\/wp\/v2\/product_cat?post=9208"},{"taxonomy":"product_tag","embeddable":true,"href":"https:\/\/axtarstore.com\/ru\/wp-json\/wp\/v2\/product_tag?post=9208"}],"curies":[{"name":"wp","href":"https:\/\/api.w.org\/{rel}","templated":true}]}}