{"id":9196,"date":"2025-03-01T22:48:58","date_gmt":"2025-03-01T18:48:58","guid":{"rendered":"https:\/\/axtarstore.com\/?post_type=product&#038;p=9196"},"modified":"2025-03-03T21:16:11","modified_gmt":"2025-03-03T17:16:11","slug":"petite-maison-b%c9%99d%c9%99n-spreyi-peony-dream-155ml","status":"publish","type":"product","link":"https:\/\/axtarstore.com\/ru\/product\/petite-maison-b%c9%99d%c9%99n-spreyi-peony-dream-155ml\/","title":{"rendered":"Petite Maison B\u0259d\u0259n Spreyi Peony Dream 155ml"},"content":{"rendered":"<p>Petite Maison Body Mist, b\u0259d\u0259n \u0259tri, 155 ml Peony Dream, g\u00fcn\u00fcn ist\u0259nil\u0259n vaxt\u0131nda istifad\u0259nin \u00fcst\u00fcnl\u00fcy\u00fcn\u00fc t\u0259qdim edir. \u00c7antan\u0131za asanl\u0131qla s\u0131\u011far. Petite Maison Body Mist 155 ml Peony Dream istifad\u0259 ed\u0259rk\u0259n \u00fcmumiyy\u0259tl\u0259 n\u0259bz n\u00f6qt\u0259l\u0259rin\u0259 \u00fcst\u00fcnl\u00fck verilm\u0259lidir.<\/p>","protected":false},"excerpt":{"rendered":"<p>Petite Maison Body Mist, b\u0259d\u0259n \u0259tri, 155 ml Peony Dream, g\u00fcn\u00fcn ist\u0259nil\u0259n vaxt\u0131nda istifad\u0259nin \u00fcst\u00fcnl\u00fcy\u00fcn\u00fc t\u0259qdim edir. \u00c7antan\u0131za asanl\u0131qla s\u0131\u011far. Petite Maison Body Mist 155 ml Peony Dream istifad\u0259 ed\u0259rk\u0259n \u00fcmumiyy\u0259tl\u0259 n\u0259bz n\u00f6qt\u0259l\u0259rin\u0259 \u00fcst\u00fcnl\u00fck verilm\u0259lidir.<\/p>","protected":false},"featured_media":9197,"comment_status":"open","ping_status":"closed","template":"","meta":[],"pwb-brand":[402],"product_cat":[129,404],"product_tag":[],"class_list":{"0":"post-9196","1":"product","2":"type-product","3":"status-publish","4":"has-post-thumbnail","6":"pwb-brand-petite-maison","7":"product_cat-beden-baximi","8":"product_cat-bdn-spreyi","11":"instock","12":"shipping-taxable","13":"purchasable","14":"product-type-simple"},"brands":[{"id":402,"name":"Petite Maison","slug":"petite-maison"}],"_links":{"self":[{"href":"https:\/\/axtarstore.com\/ru\/wp-json\/wp\/v2\/product\/9196"}],"collection":[{"href":"https:\/\/axtarstore.com\/ru\/wp-json\/wp\/v2\/product"}],"about":[{"href":"https:\/\/axtarstore.com\/ru\/wp-json\/wp\/v2\/types\/product"}],"replies":[{"embeddable":true,"href":"https:\/\/axtarstore.com\/ru\/wp-json\/wp\/v2\/comments?post=9196"}],"version-history":[{"count":1,"href":"https:\/\/axtarstore.com\/ru\/wp-json\/wp\/v2\/product\/9196\/revisions"}],"predecessor-version":[{"id":9199,"href":"https:\/\/axtarstore.com\/ru\/wp-json\/wp\/v2\/product\/9196\/revisions\/9199"}],"wp:featuredmedia":[{"embeddable":true,"href":"https:\/\/axtarstore.com\/ru\/wp-json\/wp\/v2\/media\/9197"}],"wp:attachment":[{"href":"https:\/\/axtarstore.com\/ru\/wp-json\/wp\/v2\/media?parent=9196"}],"wp:term":[{"taxonomy":"pwb-brand","embeddable":true,"href":"https:\/\/axtarstore.com\/ru\/wp-json\/wp\/v2\/pwb-brand?post=9196"},{"taxonomy":"product_cat","embeddable":true,"href":"https:\/\/axtarstore.com\/ru\/wp-json\/wp\/v2\/product_cat?post=9196"},{"taxonomy":"product_tag","embeddable":true,"href":"https:\/\/axtarstore.com\/ru\/wp-json\/wp\/v2\/product_tag?post=9196"}],"curies":[{"name":"wp","href":"https:\/\/api.w.org\/{rel}","templated":true}]}}