{"id":9190,"date":"2025-03-01T22:39:32","date_gmt":"2025-03-01T18:39:32","guid":{"rendered":"https:\/\/axtarstore.com\/?post_type=product&#038;p=9190"},"modified":"2025-03-03T21:15:58","modified_gmt":"2025-03-03T17:15:58","slug":"petite-maison-gun%c9%99s-kremi-200ml","status":"publish","type":"product","link":"https:\/\/axtarstore.com\/ru\/product\/petite-maison-gun%c9%99s-kremi-200ml\/","title":{"rendered":"Petite Maison G\u00fcn\u0259\u015f Kremi 200ml"},"content":{"rendered":"<p>M\u0259hsulun ad\u0131:Petite Maison Bronzing Sun Oil<br \/>\nM\u0259hsulun \u00f6l\u00e7\u00fcs\u00fc: 200ml<br \/>\nD\u0259ri Tipi:<br \/>\nH\u0259ssas d\u0259ri d\u0259 daxil olmaqla b\u00fct\u00fcn d\u0259ri tipl\u0259ri \u00fc\u00e7\u00fcn uy\u011fundur.<br \/>\n\u0130stifad\u0259si:<br \/>\nPetite Maison Bronzing Sun Oil 200 ml-d\u0259n kifay\u0259t q\u0259d\u0259r miqdarda b\u00fct\u00fcn b\u0259d\u0259niniz\u0259 b\u0259rab\u0259r \u015f\u0259kild\u0259 yayaraq istifad\u0259 ed\u0259 bil\u0259rsiniz.<br \/>\nD\u0259niz v\u0259 ya hovuzdan sonra t\u0259krar istifad\u0259 ed\u0259 bil\u0259rsiniz.<\/p>","protected":false},"excerpt":{"rendered":"<p>M\u0259hsulun ad\u0131:Petite Maison Bronzing Sun Oil M\u0259hsulun \u00f6l\u00e7\u00fcs\u00fc: 200ml D\u0259ri Tipi: H\u0259ssas d\u0259ri d\u0259 daxil olmaqla b\u00fct\u00fcn d\u0259ri tipl\u0259ri \u00fc\u00e7\u00fcn uy\u011fundur. \u0130stifad\u0259si: Petite Maison Bronzing Sun Oil 200 ml-d\u0259n kifay\u0259t q\u0259d\u0259r miqdarda b\u00fct\u00fcn b\u0259d\u0259niniz\u0259 b\u0259rab\u0259r \u015f\u0259kild\u0259 yayaraq istifad\u0259 ed\u0259 bil\u0259rsiniz. D\u0259niz v\u0259 ya hovuzdan sonra t\u0259krar istifad\u0259 ed\u0259 bil\u0259rsiniz.<\/p>","protected":false},"featured_media":9191,"comment_status":"open","ping_status":"closed","template":"","meta":[],"pwb-brand":[402],"product_cat":[129,151],"product_tag":[],"class_list":{"0":"post-9190","1":"product","2":"type-product","3":"status-publish","4":"has-post-thumbnail","6":"pwb-brand-petite-maison","7":"product_cat-beden-baximi","8":"product_cat-sun-block-cream","9":"pa_size-200ml","12":"instock","13":"shipping-taxable","14":"purchasable","15":"product-type-simple"},"brands":[{"id":402,"name":"Petite Maison","slug":"petite-maison"}],"_links":{"self":[{"href":"https:\/\/axtarstore.com\/ru\/wp-json\/wp\/v2\/product\/9190"}],"collection":[{"href":"https:\/\/axtarstore.com\/ru\/wp-json\/wp\/v2\/product"}],"about":[{"href":"https:\/\/axtarstore.com\/ru\/wp-json\/wp\/v2\/types\/product"}],"replies":[{"embeddable":true,"href":"https:\/\/axtarstore.com\/ru\/wp-json\/wp\/v2\/comments?post=9190"}],"version-history":[{"count":2,"href":"https:\/\/axtarstore.com\/ru\/wp-json\/wp\/v2\/product\/9190\/revisions"}],"predecessor-version":[{"id":9195,"href":"https:\/\/axtarstore.com\/ru\/wp-json\/wp\/v2\/product\/9190\/revisions\/9195"}],"wp:featuredmedia":[{"embeddable":true,"href":"https:\/\/axtarstore.com\/ru\/wp-json\/wp\/v2\/media\/9191"}],"wp:attachment":[{"href":"https:\/\/axtarstore.com\/ru\/wp-json\/wp\/v2\/media?parent=9190"}],"wp:term":[{"taxonomy":"pwb-brand","embeddable":true,"href":"https:\/\/axtarstore.com\/ru\/wp-json\/wp\/v2\/pwb-brand?post=9190"},{"taxonomy":"product_cat","embeddable":true,"href":"https:\/\/axtarstore.com\/ru\/wp-json\/wp\/v2\/product_cat?post=9190"},{"taxonomy":"product_tag","embeddable":true,"href":"https:\/\/axtarstore.com\/ru\/wp-json\/wp\/v2\/product_tag?post=9190"}],"curies":[{"name":"wp","href":"https:\/\/api.w.org\/{rel}","templated":true}]}}