{"id":9148,"date":"2025-02-22T00:49:18","date_gmt":"2025-02-21T20:49:18","guid":{"rendered":"https:\/\/axtarstore.com\/?post_type=product&#038;p=9148"},"modified":"2025-02-22T01:10:44","modified_gmt":"2025-02-21T21:10:44","slug":"enough-collagen-moisture-foundation-spf15-13","status":"publish","type":"product","link":"https:\/\/axtarstore.com\/ru\/product\/enough-collagen-moisture-foundation-spf15-13\/","title":{"rendered":"ENOUGH Collagen Moisture Foundation SPF15 #13"},"content":{"rendered":"<p>t\u0259bii \u00f6rt\u00fcy\u0259 malik y\u00fcng\u00fcl tonal kremdir, sizi a\u011f\u0131rla\u015fd\u0131rm\u0131r v\u0259 \u201cmaska\u201d effekti yaratm\u0131r. M\u0259hsul d\u0259rinin q\u00fcsurlar\u0131n\u0131 m\u00fck\u0259mm\u0259l \u015f\u0259kild\u0259 gizl\u0259dir, n\u0259ml\u0259ndirir, qurulu\u011fun yaranmas\u0131n\u0131n qar\u015f\u0131s\u0131n\u0131 al\u0131r v\u0259 d\u0259riy\u0259 sa\u011flam parlaql\u0131q verir. Tonal krem \u200b\u200bkifay\u0259t q\u0259d\u0259r y\u00fcng\u00fcl v\u0259 t\u0259bii \u00f6rt\u00fcy\u0259 malikdir, d\u0259rini qurutmur v\u0259 \u00fcz\u0259 sa\u011flam parlaql\u0131q verir. S\u0131zanaq, q\u0131zart\u0131, piqmentasiya v\u0259 geni\u015fl\u0259nmi\u015f m\u0259sam\u0259l\u0259r kimi q\u00fcsurlar\u0131 gizl\u0259tm\u0259y\u0259 k\u00f6m\u0259k edir. G\u00fcn\u0259\u015fd\u0259n qorunma d\u0259r\u0259c\u0259sin\u0259 malikdir. Tonal krem \u200b\u200bd\u0259ri tonuna asanl\u0131qla uy\u011funla\u015f\u0131r, ona t\u0259z\u0259, sa\u011flam g\u00f6r\u00fcn\u00fc\u015f v\u0259 t\u0259bii par\u0131lt\u0131 verir. M\u0259hsulun t\u0259rkibind\u0259 kollagen v\u0259 hialuron tur\u015fusu var, bu komponentl\u0259r d\u0259rini intensiv n\u0259ml\u0259ndirir, epidermisin elastikliyini darald\u0131r v\u0259 art\u0131r\u0131r, qurulu\u011fun v\u0259 qab\u0131qlanman\u0131n qar\u015f\u0131s\u0131n\u0131 al\u0131r.<\/p>\n<p>&nbsp;<\/p>\n<p>\u018fsas aktiv madd\u0259l\u0259r:<\/p>\n<p>Kollagen \u2013 d\u0259rinin \u00fcmumi v\u0259ziyy\u0259tini yax\u015f\u0131la\u015fd\u0131r\u0131r: onu hamarlay\u0131r v\u0259 b\u0259rab\u0259rl\u0259\u015fdirir, m\u00f6hk\u0259m v\u0259 elastik edir, inc\u0259 q\u0131r\u0131\u015flar\u0131 aradan qald\u0131r\u0131r v\u0259 t\u0259rav\u0259tl\u0259ndirir. Yara sa\u011fald\u0131c\u0131 v\u0259 sakitl\u0259\u015fdirici t\u0259sir\u0259 malikdir, d\u0259rinin d\u0259rin qatlar\u0131nda n\u0259m saxlay\u0131r. Yenil\u0259yici t\u0259sir\u0259 malikdir.<\/p>\n<p>Beta-ql\u00fckan, yulafdan \u00e7\u0131xar\u0131lan t\u0259bii immunostimulyator olan polisaxariddir. \u0130mmunomodulyator, antioksidant t\u0259sir g\u00f6st\u0259rir, z\u0259d\u0259l\u0259nmi\u015f d\u0259rini qoruyur v\u0259 b\u0259rpa edir, vaxt\u0131ndan \u0259vv\u0259l qocalman\u0131n qar\u015f\u0131s\u0131n\u0131 al\u0131r.<\/p>\n<p>Hialuron tur\u015fusu d\u0259rid\u0259 n\u0259min buxarlanmas\u0131n\u0131n qar\u015f\u0131s\u0131n\u0131 alan, d\u0259rinin strukturunu yax\u015f\u0131la\u015fd\u0131ran, d\u0259ri h\u00fcceyr\u0259l\u0259rinin yenil\u0259nm\u0259sini t\u0259\u015fviq ed\u0259n, inc\u0259 q\u0131r\u0131\u015flar\u0131 azaldan, d\u0259rini hamar v\u0259 yum\u015faq ed\u0259n g\u00f6r\u00fcnm\u0259z bir mane\u0259 yarad\u0131r.<\/p>\n<p>Centella asiatica ekstrakt\u0131 \u2013 iltihab\u0259leyhin\u0259 v\u0259 yara sa\u011fald\u0131c\u0131 t\u0259sir\u0259 malikdir, d\u0259rinin baryer x\u00fcsusiyy\u0259tl\u0259rini b\u0259rpa etm\u0259y\u0259 v\u0259 n\u0259m saxlama\u011fa k\u00f6m\u0259k edir, d\u0259rinin h\u0259ssasl\u0131\u011f\u0131n\u0131 azald\u0131r, \u015fi\u015fkinliyi azald\u0131r, vazokonstriktor t\u0259sir g\u00f6st\u0259rir v\u0259 kuperozu azald\u0131r.<\/p>\n<p>&nbsp;<\/p>\n<p>Nec\u0259 istifad\u0259 etm\u0259li:<\/p>\n<p>\u0130st\u0259diyiniz miqdarda tonal krem \u200b\u200b\u00e7\u0259kin v\u0259 x\u00fcsusi s\u00fcng\u0259r, f\u0131r\u00e7a v\u0259 ya barmaq yastiqciqlar\u0131ndan istifad\u0259 ed\u0259r\u0259k b\u0259rab\u0259r \u015f\u0259kild\u0259 qar\u0131\u015fd\u0131r\u0131n.<\/p>","protected":false},"excerpt":{"rendered":"<p>t\u0259bii \u00f6rt\u00fcy\u0259 malik y\u00fcng\u00fcl tonal kremdir, sizi a\u011f\u0131rla\u015fd\u0131rm\u0131r v\u0259 \u201cmaska\u201d effekti yaratm\u0131r. M\u0259hsul d\u0259rinin q\u00fcsurlar\u0131n\u0131 m\u00fck\u0259mm\u0259l \u015f\u0259kild\u0259 gizl\u0259dir, n\u0259ml\u0259ndirir, qurulu\u011fun yaranmas\u0131n\u0131n qar\u015f\u0131s\u0131n\u0131 al\u0131r v\u0259 d\u0259riy\u0259 sa\u011flam parlaql\u0131q verir. Tonal krem \u200b\u200bkifay\u0259t q\u0259d\u0259r y\u00fcng\u00fcl v\u0259 t\u0259bii \u00f6rt\u00fcy\u0259 malikdir, d\u0259rini qurutmur v\u0259 \u00fcz\u0259 sa\u011flam parlaql\u0131q verir. S\u0131zanaq, q\u0131zart\u0131, piqmentasiya v\u0259 geni\u015fl\u0259nmi\u015f m\u0259sam\u0259l\u0259r kimi q\u00fcsurlar\u0131 gizl\u0259tm\u0259y\u0259 k\u00f6m\u0259k edir. &hellip; <a href=\"https:\/\/axtarstore.com\/ru\/product\/enough-collagen-moisture-foundation-spf15-13\/\" class=\"more-link\">Continue reading <span class=\"screen-reader-text\">ENOUGH Collagen Moisture Foundation SPF15 #13<\/span><\/a><\/p>","protected":false},"featured_media":9149,"comment_status":"open","ping_status":"closed","template":"","meta":[],"pwb-brand":[192],"product_cat":[131],"product_tag":[293],"class_list":{"0":"post-9148","1":"product","2":"type-product","3":"status-publish","4":"has-post-thumbnail","6":"pwb-brand-enough","7":"product_cat-kosmetika","8":"product_tag-facecare","9":"pa_size-100ml","12":"instock","13":"shipping-taxable","14":"purchasable","15":"product-type-simple"},"brands":[{"id":192,"name":"Enough","slug":"enough"}],"_links":{"self":[{"href":"https:\/\/axtarstore.com\/ru\/wp-json\/wp\/v2\/product\/9148"}],"collection":[{"href":"https:\/\/axtarstore.com\/ru\/wp-json\/wp\/v2\/product"}],"about":[{"href":"https:\/\/axtarstore.com\/ru\/wp-json\/wp\/v2\/types\/product"}],"replies":[{"embeddable":true,"href":"https:\/\/axtarstore.com\/ru\/wp-json\/wp\/v2\/comments?post=9148"}],"version-history":[{"count":2,"href":"https:\/\/axtarstore.com\/ru\/wp-json\/wp\/v2\/product\/9148\/revisions"}],"predecessor-version":[{"id":9158,"href":"https:\/\/axtarstore.com\/ru\/wp-json\/wp\/v2\/product\/9148\/revisions\/9158"}],"wp:featuredmedia":[{"embeddable":true,"href":"https:\/\/axtarstore.com\/ru\/wp-json\/wp\/v2\/media\/9149"}],"wp:attachment":[{"href":"https:\/\/axtarstore.com\/ru\/wp-json\/wp\/v2\/media?parent=9148"}],"wp:term":[{"taxonomy":"pwb-brand","embeddable":true,"href":"https:\/\/axtarstore.com\/ru\/wp-json\/wp\/v2\/pwb-brand?post=9148"},{"taxonomy":"product_cat","embeddable":true,"href":"https:\/\/axtarstore.com\/ru\/wp-json\/wp\/v2\/product_cat?post=9148"},{"taxonomy":"product_tag","embeddable":true,"href":"https:\/\/axtarstore.com\/ru\/wp-json\/wp\/v2\/product_tag?post=9148"}],"curies":[{"name":"wp","href":"https:\/\/api.w.org\/{rel}","templated":true}]}}