{"id":9080,"date":"2025-01-23T22:20:58","date_gmt":"2025-01-23T18:20:58","guid":{"rendered":"https:\/\/axtarstore.com\/?post_type=product&#038;p=9080"},"modified":"2026-02-23T22:26:23","modified_gmt":"2026-02-23T18:26:23","slug":"neutrogena-parlama-qarsiti-uz-temizleme-jeli-200-ml","status":"publish","type":"product","link":"https:\/\/axtarstore.com\/ru\/product\/neutrogena-parlama-qarsiti-uz-temizleme-jeli-200-ml\/","title":{"rendered":"Neutrogena Parlama Kar\u015f\u0131t\u0131 Y\u00fcz Temizleme Jeli 200 ml"},"content":{"rendered":"<h2 data-start=\"1024\" data-end=\"1108\">Neutrogena Parlama Qar\u015f\u0131t\u0131 \u00dcz T\u0259mizl\u0259m\u0259 Jeli 200 ml \u2013 Ya\u011f N\u0259zar\u0259ti v\u0259 Mat G\u00f6r\u00fcn\u00fc\u015f<\/h2>\n<p data-start=\"1110\" data-end=\"1381\">Ya\u011fl\u0131 v\u0259 qar\u0131\u015f\u0131q d\u0259ri tipin\u0259 sahib olan \u015f\u0259xsl\u0259r \u00fc\u00e7\u00fcn \u0259n b\u00f6y\u00fck probleml\u0259rd\u0259n biri g\u00fcn \u0259rzind\u0259 yaranan parlaql\u0131qd\u0131r. X\u00fcsusil\u0259 T zonas\u0131nda (al\u0131n, burun, \u00e7\u0259n\u0259) art\u0131q sebum ifraz\u0131 d\u0259rinin parlaq g\u00f6r\u00fcnm\u0259sin\u0259, m\u0259sam\u0259l\u0259rin geni\u015fl\u0259nm\u0259sin\u0259 v\u0259 sivilc\u0259 riskinin artmas\u0131na s\u0259b\u0259b olur.<\/p>\n<p data-start=\"1383\" data-end=\"1608\">Neutrogena Parlama Qar\u015f\u0131t\u0131 \u00dcz T\u0259mizl\u0259m\u0259 Jeli 200 ml d\u0259rini d\u0259rind\u0259n t\u0259mizl\u0259y\u0259r\u0259k art\u0131q ya\u011f\u0131 azaltma\u011fa v\u0259 daha mat, balansl\u0131 g\u00f6r\u00fcn\u00fc\u015f \u0259ld\u0259 etm\u0259y\u0259 k\u00f6m\u0259k edir. Y\u00fcng\u00fcl v\u0259 effektiv formul g\u00fcnd\u0259lik istifad\u0259 \u00fc\u00e7\u00fcn uy\u011funla\u015fd\u0131r\u0131lm\u0131\u015fd\u0131r.<\/p>\n<hr data-start=\"1610\" data-end=\"1613\" \/>\n<h2 data-start=\"1615\" data-end=\"1625\">Problem<\/h2>\n<p data-start=\"1627\" data-end=\"1676\">Ya\u011fl\u0131 v\u0259 qar\u0131\u015f\u0131q d\u0259ri \u00fc\u00e7\u00fcn xarakterik probleml\u0259r:<\/p>\n<ul data-start=\"1678\" data-end=\"1815\">\n<li data-start=\"1678\" data-end=\"1712\">\n<p data-start=\"1680\" data-end=\"1712\">G\u00fcn \u0259rzind\u0259 intensiv parlaql\u0131q<\/p>\n<\/li>\n<li data-start=\"1713\" data-end=\"1755\">\n<p data-start=\"1715\" data-end=\"1755\">Geni\u015fl\u0259nmi\u015f v\u0259 tez \u00e7irkl\u0259n\u0259n m\u0259sam\u0259l\u0259r<\/p>\n<\/li>\n<li data-start=\"1756\" data-end=\"1787\">\n<p data-start=\"1758\" data-end=\"1787\">Sivilc\u0259 v\u0259 qara n\u00f6qt\u0259 riski<\/p>\n<\/li>\n<li data-start=\"1788\" data-end=\"1815\">\n<p data-start=\"1790\" data-end=\"1815\">Makiyaj\u0131n tez da\u011f\u0131lmas\u0131<\/p>\n<\/li>\n<\/ul>\n<p data-start=\"1817\" data-end=\"1957\">D\u0259rinin yaln\u0131z s\u0259thi t\u0259mizl\u0259ndikd\u0259 ya\u011flanma q\u0131sa m\u00fcdd\u0259t sonra yenid\u0259n ba\u015flay\u0131r. Bu s\u0259b\u0259bd\u0259n m\u0259sam\u0259 s\u0259viyy\u0259sind\u0259 effektiv t\u0259mizl\u0259m\u0259 vacibdir.<\/p>\n<hr data-start=\"1959\" data-end=\"1962\" \/>\n<h2 data-start=\"1964\" data-end=\"1971\">H\u0259ll<\/h2>\n<p data-start=\"1973\" data-end=\"2089\">Neutrogena Parlama Qar\u015f\u0131t\u0131 \u00dcz T\u0259mizl\u0259m\u0259 Jeli 200 ml x\u00fcsusi olaraq ya\u011f balans\u0131n\u0131 qorumaq \u00fc\u00e7\u00fcn haz\u0131rlanm\u0131\u015fd\u0131r. Formul:<\/p>\n<ul data-start=\"2091\" data-end=\"2289\">\n<li data-start=\"2091\" data-end=\"2125\">\n<p data-start=\"2093\" data-end=\"2125\">M\u0259sam\u0259l\u0259ri d\u0259rind\u0259n t\u0259mizl\u0259yir<\/p>\n<\/li>\n<li data-start=\"2126\" data-end=\"2165\">\n<p data-start=\"2128\" data-end=\"2165\">Art\u0131q ya\u011f\u0131 effektiv \u015f\u0259kild\u0259 azald\u0131r<\/p>\n<\/li>\n<li data-start=\"2166\" data-end=\"2202\">\n<p data-start=\"2168\" data-end=\"2202\">D\u0259rini qurutmadan balans yarad\u0131r<\/p>\n<\/li>\n<li data-start=\"2203\" data-end=\"2246\">\n<p data-start=\"2205\" data-end=\"2246\">Parlaql\u0131\u011f\u0131n qar\u015f\u0131s\u0131n\u0131 alma\u011fa k\u00f6m\u0259k edir<\/p>\n<\/li>\n<li data-start=\"2247\" data-end=\"2289\">\n<p data-start=\"2249\" data-end=\"2289\">D\u0259rini t\u0259rav\u0259tli v\u0259 rahat hiss etdirir<\/p>\n<\/li>\n<\/ul>\n<p data-start=\"2291\" data-end=\"2446\">T\u0259rkibi d\u0259rinin t\u0259bii baryerin\u0259 z\u0259r\u0259r verm\u0259d\u0259n t\u0259mizl\u0259m\u0259 t\u0259min edir. Y\u00fcng\u00fcl teksturas\u0131 k\u00f6p\u00fckl\u0259n\u0259r\u0259k d\u0259rid\u0259 xo\u015f t\u0259mizlik hissi yarad\u0131r v\u0259 asanl\u0131qla yuyulur.<\/p>\n<hr data-start=\"2448\" data-end=\"2451\" \/>\n<h2 data-start=\"2453\" data-end=\"2462\">N\u0259tic\u0259<\/h2>\n<p data-start=\"2464\" data-end=\"2489\">M\u00fcnt\u0259z\u0259m istifad\u0259 zaman\u0131:<\/p>\n<ul data-start=\"2491\" data-end=\"2677\">\n<li data-start=\"2491\" data-end=\"2516\">\n<p data-start=\"2493\" data-end=\"2516\">D\u0259ri daha mat g\u00f6r\u00fcn\u00fcr<\/p>\n<\/li>\n<li data-start=\"2517\" data-end=\"2551\">\n<p data-start=\"2519\" data-end=\"2551\">Ya\u011flanma n\u0259zar\u0259t alt\u0131na al\u0131n\u0131r<\/p>\n<\/li>\n<li data-start=\"2552\" data-end=\"2582\">\n<p data-start=\"2554\" data-end=\"2582\">M\u0259sam\u0259l\u0259r daha t\u0259miz qal\u0131r<\/p>\n<\/li>\n<li data-start=\"2583\" data-end=\"2636\">\n<p data-start=\"2585\" data-end=\"2636\">D\u0259ri s\u0259thi daha hamar v\u0259 bax\u0131ml\u0131 t\u0259sir ba\u011f\u0131\u015flay\u0131r<\/p>\n<\/li>\n<li data-start=\"2637\" data-end=\"2677\">\n<p data-start=\"2639\" data-end=\"2677\">Makiyaj daha uzun m\u00fcdd\u0259t qal\u0131c\u0131 olur<\/p>\n<\/li>\n<\/ul>\n<p data-start=\"2679\" data-end=\"2811\">Neutrogena Parlama Qar\u015f\u0131t\u0131 \u00dcz T\u0259mizl\u0259m\u0259 Jeli 200 ml g\u00fcnd\u0259lik s\u0259h\u0259r v\u0259 ax\u015fam d\u0259ri bax\u0131m\u0131n\u0131n \u0259sas m\u0259rh\u0259l\u0259si kimi istifad\u0259 oluna bil\u0259r.<\/p>\n<hr data-start=\"2813\" data-end=\"2816\" \/>\n<h2 data-start=\"2818\" data-end=\"2847\">Niy\u0259 bu m\u0259hsulu almal\u0131yam?<\/h2>\n<ul data-start=\"2849\" data-end=\"3041\">\n<li data-start=\"2849\" data-end=\"2893\">\n<p data-start=\"2851\" data-end=\"2893\">Ya\u011fl\u0131 v\u0259 qar\u0131\u015f\u0131q d\u0259ri \u00fc\u00e7\u00fcn x\u00fcsusi formul<\/p>\n<\/li>\n<li data-start=\"2894\" data-end=\"2921\">\n<p data-start=\"2896\" data-end=\"2921\">Uzunm\u00fcdd\u0259tli mat effekt<\/p>\n<\/li>\n<li data-start=\"2922\" data-end=\"2973\">\n<p data-start=\"2924\" data-end=\"2973\">200 ml h\u0259cm \u2013 iqtisadi v\u0259 uzunm\u00fcdd\u0259tli istifad\u0259<\/p>\n<\/li>\n<li data-start=\"2974\" data-end=\"3006\">\n<p data-start=\"2976\" data-end=\"3006\">D\u0259rini qurutmadan t\u0259mizl\u0259yir<\/p>\n<\/li>\n<li data-start=\"3007\" data-end=\"3041\">\n<p data-start=\"3009\" data-end=\"3041\">Etibarl\u0131 Neutrogena keyfiyy\u0259ti<\/p>\n<\/li>\n<\/ul>\n<p data-start=\"3043\" data-end=\"3197\">\u018fg\u0259r \u0259sas m\u0259qs\u0259diniz g\u00fcn boyu davam ed\u0259n parlaql\u0131\u011f\u0131 azaltmaq, d\u0259rini balansda saxlamaq v\u0259 daha s\u0259liq\u0259li g\u00f6r\u00fcn\u00fc\u015f \u0259ld\u0259 etm\u0259kdirs\u0259, bu m\u0259hsul uy\u011fun se\u00e7imdir.<\/p>\n<hr data-start=\"3199\" data-end=\"3202\" \/>\n<h2 data-start=\"3204\" data-end=\"3223\">\u0130stifad\u0259 qaydas\u0131<\/h2>\n<ol data-start=\"3225\" data-end=\"3417\">\n<li data-start=\"3225\" data-end=\"3254\">\n<p data-start=\"3228\" data-end=\"3254\">\u00dcz\u00fc il\u0131q su il\u0259 islad\u0131n.<\/p>\n<\/li>\n<li data-start=\"3255\" data-end=\"3306\">\n<p data-start=\"3258\" data-end=\"3306\">Kifay\u0259t q\u0259d\u0259r miqdarda jeli ovucunuza g\u00f6t\u00fcr\u00fcn.<\/p>\n<\/li>\n<li data-start=\"3307\" data-end=\"3349\">\n<p data-start=\"3310\" data-end=\"3349\">Dair\u0259vi h\u0259r\u0259k\u0259tl\u0259rl\u0259 \u00fcz\u0259 t\u0259tbiq edin.<\/p>\n<\/li>\n<li data-start=\"3350\" data-end=\"3390\">\n<p data-start=\"3353\" data-end=\"3390\">X\u00fcsusil\u0259 T zonas\u0131na diqq\u0259t yetirin.<\/p>\n<\/li>\n<li data-start=\"3391\" data-end=\"3417\">\n<p data-start=\"3394\" data-end=\"3417\">Bol su il\u0259 yaxalay\u0131n.<\/p>\n<\/li>\n<\/ol>\n<p data-start=\"3419\" data-end=\"3464\">G\u00fcnd\u0259 1\u20132 d\u0259f\u0259 istifad\u0259 etm\u0259k t\u00f6vsiy\u0259 olunur.<\/p>\n<hr data-start=\"3466\" data-end=\"3469\" \/>\n<h2 data-start=\"3471\" data-end=\"3478\">Qeyd<\/h2>\n<ul data-start=\"3480\" data-end=\"3634\">\n<li data-start=\"3480\" data-end=\"3516\">\n<p data-start=\"3482\" data-end=\"3516\">G\u00f6z \u0259traf\u0131 il\u0259 t\u0259masdan \u00e7\u0259kinin.<\/p>\n<\/li>\n<li data-start=\"3517\" data-end=\"3588\">\n<p data-start=\"3519\" data-end=\"3588\">H\u0259ssas d\u0259rid\u0259 istifad\u0259y\u0259 m\u0259rh\u0259l\u0259li \u015f\u0259kild\u0259 ba\u015flamaq t\u00f6vsiy\u0259 olunur.<\/p>\n<\/li>\n<li data-start=\"3589\" data-end=\"3634\">\n<p data-start=\"3591\" data-end=\"3634\">Q\u0131c\u0131qlanma hal\u0131nda istifad\u0259ni dayand\u0131r\u0131n.<\/p>\n<\/li>\n<\/ul>","protected":false},"excerpt":{"rendered":"<p>Neutrogena Parlama Qar\u015f\u0131t\u0131 \u00dcz T\u0259mizl\u0259m\u0259 Jeli 200 ml ya\u011fl\u0131 v\u0259 qar\u0131\u015f\u0131q d\u0259ri \u00fc\u00e7\u00fcn n\u0259z\u0259rd\u0259 tutulmu\u015f d\u0259rin t\u0259mizl\u0259yici formulad\u0131r. Art\u0131q ya\u011f\u0131 n\u0259zar\u0259t alt\u0131na al\u0131r, m\u0259sam\u0259l\u0259ri t\u0259mizl\u0259yir v\u0259 d\u0259rid\u0259 uzunm\u00fcdd\u0259tli mat effekt yarad\u0131r. G\u00fcnd\u0259lik istifad\u0259y\u0259 uy\u011fundur.<\/p>","protected":false},"featured_media":9081,"comment_status":"open","ping_status":"closed","template":"","meta":[],"pwb-brand":[397],"product_cat":[149,127,147],"product_tag":[294,323,293],"class_list":{"0":"post-9080","1":"product","2":"type-product","3":"status-publish","4":"has-post-thumbnail","6":"pwb-brand-neutrogena","7":"product_cat-makeup-remover","8":"product_cat-face-care","9":"product_cat-face-wash","10":"product_tag-face","11":"product_tag-face-wash","12":"product_tag-facecare","13":"pa_size-200ml","16":"instock","17":"shipping-taxable","18":"purchasable","19":"product-type-simple"},"brands":[{"id":397,"name":"Neutrogena","slug":"neutrogena"}],"_links":{"self":[{"href":"https:\/\/axtarstore.com\/ru\/wp-json\/wp\/v2\/product\/9080"}],"collection":[{"href":"https:\/\/axtarstore.com\/ru\/wp-json\/wp\/v2\/product"}],"about":[{"href":"https:\/\/axtarstore.com\/ru\/wp-json\/wp\/v2\/types\/product"}],"replies":[{"embeddable":true,"href":"https:\/\/axtarstore.com\/ru\/wp-json\/wp\/v2\/comments?post=9080"}],"version-history":[{"count":3,"href":"https:\/\/axtarstore.com\/ru\/wp-json\/wp\/v2\/product\/9080\/revisions"}],"predecessor-version":[{"id":11352,"href":"https:\/\/axtarstore.com\/ru\/wp-json\/wp\/v2\/product\/9080\/revisions\/11352"}],"wp:featuredmedia":[{"embeddable":true,"href":"https:\/\/axtarstore.com\/ru\/wp-json\/wp\/v2\/media\/9081"}],"wp:attachment":[{"href":"https:\/\/axtarstore.com\/ru\/wp-json\/wp\/v2\/media?parent=9080"}],"wp:term":[{"taxonomy":"pwb-brand","embeddable":true,"href":"https:\/\/axtarstore.com\/ru\/wp-json\/wp\/v2\/pwb-brand?post=9080"},{"taxonomy":"product_cat","embeddable":true,"href":"https:\/\/axtarstore.com\/ru\/wp-json\/wp\/v2\/product_cat?post=9080"},{"taxonomy":"product_tag","embeddable":true,"href":"https:\/\/axtarstore.com\/ru\/wp-json\/wp\/v2\/product_tag?post=9080"}],"curies":[{"name":"wp","href":"https:\/\/api.w.org\/{rel}","templated":true}]}}